{"id":4735,"date":"2019-04-22T02:22:04","date_gmt":"2019-04-22T02:22:04","guid":{"rendered":"https:\/\/www.stvvalves.com\/?post_type=product&#038;p=4735"},"modified":"2025-02-17T18:26:57","modified_gmt":"2025-02-17T10:26:57","slug":"bspt-full-coupling-3000lb-stainless-steel-316","status":"publish","type":"product","link":"https:\/\/www.stvvalves.com\/ro\/products\/bspt-full-coupling-3000lb-stainless-steel-316\/","title":{"rendered":"Cuplaj complet BSPT 3000LB o\u021bel inoxidabil 316"},"content":{"rendered":"<p>Cuplaj complet BSPT 3000LB o\u021bel inoxidabil 316<\/p>\n<p>\u3010Dimensiune\u3011\uff1a1\/8\u2033-4\u2033<br \/>\n\u3010Evaluare de clas\u0103\u3011\uff1a<br \/>\nFitinguri filetate-2000\/3000\/6000\/9000LB<br \/>\nFitinguri de sudura prin priz\u0103-3000\/6000\/9000LB<br \/>\nFitinguri pentru sudura cap la cap-SCH40\/SCH80\/SCH160\/XXS<br \/>\n\u3010Standard\u3011\uff1aASME B16.11\u3001GB\/T 7306\u300112716\u300114383\u3001MSS SP-79, 83, 95, 97 JIS B0203\u3001B2316.<br \/>\n\u3010Material\u3011:<br \/>\nA. O\u021bel inoxidabil: F304, F316L, F310S, F317L, F321, F347<br \/>\nB. O\u021bel carbon: A105, A106, A53, A234 WPB<br \/>\nC. O\u021bel aliat: LF2, F5, F9, F11, F22<br \/>\nD. O\u021bel duplex: F44, F51, F53, F55, F60<br \/>\nE. O\u021bel special: 904L, N04400, N08810, N08020, N08825, N06625, N06600<\/p>","protected":false},"excerpt":{"rendered":"<p>Presiune nominal\u0103 de 3000LB<br \/>\nO\u021bel inoxidabil ASTM A182 316\/L<br \/>\nFilet BSPT conform ISO 7-1<br \/>\nDimensiuni conform ANSI B16.11\/BS3799<\/p>\n<p>STV Valve Technology Group Co., Ltd este un lider profesionist China 3000LB Cuplaj complet, Cuplaj complet cu priz\u0103 complet\u0103, Cuplaj complet de \u00eenalt\u0103 presiune, Cuplaj complet NPT, Cuplaj complet cu sudur\u0103, produc\u0103tor de cuplaje complete din o\u021bel inoxidabil cu \u00eenalt\u0103 calitate \u0219i pre\u021b competitiv.<\/p>","protected":false},"featured_media":4737,"template":"","meta":[],"product_brand":[],"product_cat":[967,966],"product_tag":[796,797,798,767,766],"class_list":{"0":"post-4735","1":"product","2":"type-product","3":"status-publish","4":"has-post-thumbnail","6":"product_cat-high-pressure-3000lb6000lb-pipe-fitting","7":"product_cat-pipe-fitting","8":"product_tag-3000lb-full-coupling","9":"product_tag-full-socket-full-coupling","10":"product_tag-high-pressure-full-coupling","11":"product_tag-npt-full-coupling","12":"product_tag-stainless-steel-full-coupling","14":"first","15":"instock","16":"shipping-taxable","17":"product-type-simple"},"_links":{"self":[{"href":"https:\/\/www.stvvalves.com\/ro\/wp-json\/wp\/v2\/product\/4735","targetHints":{"allow":["GET"]}}],"collection":[{"href":"https:\/\/www.stvvalves.com\/ro\/wp-json\/wp\/v2\/product"}],"about":[{"href":"https:\/\/www.stvvalves.com\/ro\/wp-json\/wp\/v2\/types\/product"}],"wp:featuredmedia":[{"embeddable":true,"href":"https:\/\/www.stvvalves.com\/ro\/wp-json\/wp\/v2\/media\/4737"}],"wp:attachment":[{"href":"https:\/\/www.stvvalves.com\/ro\/wp-json\/wp\/v2\/media?parent=4735"}],"wp:term":[{"taxonomy":"product_brand","embeddable":true,"href":"https:\/\/www.stvvalves.com\/ro\/wp-json\/wp\/v2\/product_brand?post=4735"},{"taxonomy":"product_cat","embeddable":true,"href":"https:\/\/www.stvvalves.com\/ro\/wp-json\/wp\/v2\/product_cat?post=4735"},{"taxonomy":"product_tag","embeddable":true,"href":"https:\/\/www.stvvalves.com\/ro\/wp-json\/wp\/v2\/product_tag?post=4735"}],"curies":[{"name":"wp","href":"https:\/\/api.w.org\/{rel}","templated":true}]}}