{"id":4745,"date":"2019-04-22T02:43:40","date_gmt":"2019-04-22T02:43:40","guid":{"rendered":"https:\/\/www.stvvalves.com\/?post_type=product&#038;p=4745"},"modified":"2019-07-15T05:17:43","modified_gmt":"2019-07-15T05:17:43","slug":"reducing-bush-npt-bspp-3000lb-stainless-steel-316l","status":"publish","type":"product","link":"https:\/\/www.stvvalves.com\/ro\/products\/reducing-bush-npt-bspp-3000lb-stainless-steel-316l\/","title":{"rendered":"Buc\u0219\u0103 reduc\u0103toare NPT\/BSPP 3000LB o\u021bel inoxidabil 316L"},"content":{"rendered":"<p>Buc\u0219\u0103 reduc\u0103toare NPT\/BSPP 3000LB o\u021bel inoxidabil 316L<\/p>\n<p>\u3010Dimensiune\u3011\uff1a1\/8\u2033-4\u2033<br \/>\n\u3010Evaluare de clas\u0103\u3011\uff1a<br \/>\nFitinguri filetate-2000\/3000\/6000\/9000LB<br \/>\nFitinguri de sudura prin priz\u0103-3000\/6000\/9000LB<br \/>\nFitinguri pentru sudura cap la cap-SCH40\/SCH80\/SCH160\/XXS<br \/>\n\u3010Standard\u3011\uff1aASME B16.11\u3001GB\/T 7306\u300112716\u300114383\u3001MSS SP-79, 83, 95, 97 JIS B0203\u3001B2316.<br \/>\n\u3010Material\u3011:<br \/>\nA. O\u021bel inoxidabil: F304, F316L, F310S, F317L, F321, F347<br \/>\nB. O\u021bel carbon: A105, A106, A53, A234 WPB<br \/>\nC. O\u021bel aliat: LF2, F5, F9, F11, F22<br \/>\nD. O\u021bel duplex: F44, F51, F53, F55, F60<br \/>\nE. O\u021bel special: 904L, N04400, N08810, N08020, N08825, N06625, N06600<\/p>","protected":false},"excerpt":{"rendered":"<p>Presiune nominal\u0103 de 3000LB<br \/>\nO\u021bel inoxidabil ASTM A182 316\/L<br \/>\nFilet BSPT conform ISO 7-1<br \/>\nDimensiuni conform ANSI B16.11\/BS3799<\/p>\n<p>STV Valve Technology Group Co., Ltd este un lider profesionist din China 3000LB Reducing Bush, 6000LB Reducing Bush, BSPP Reducing Bush, Reducere de \u00eenalt\u0103 presiune, Reducing Bush NPT, produc\u0103tor de Reducing Bush din o\u021bel inoxidabil cu \u00eenalt\u0103 calitate \u0219i pre\u021b competitiv.<\/p>","protected":false},"featured_media":4746,"template":"","meta":[],"product_brand":[],"product_cat":[967,966],"product_tag":[803,804,805,806,807],"class_list":{"0":"post-4745","1":"product","2":"type-product","3":"status-publish","4":"has-post-thumbnail","6":"product_cat-high-pressure-3000lb6000lb-pipe-fitting","7":"product_cat-pipe-fitting","8":"product_tag-3000lb-reducing-bush","9":"product_tag-6000lb-reducing-bush","10":"product_tag-bspp-reducing-bush","11":"product_tag-high-pressure-reducing-bush","12":"product_tag-stainless-steel-reducing-bush","14":"first","15":"instock","16":"shipping-taxable","17":"product-type-simple"},"_links":{"self":[{"href":"https:\/\/www.stvvalves.com\/ro\/wp-json\/wp\/v2\/product\/4745","targetHints":{"allow":["GET"]}}],"collection":[{"href":"https:\/\/www.stvvalves.com\/ro\/wp-json\/wp\/v2\/product"}],"about":[{"href":"https:\/\/www.stvvalves.com\/ro\/wp-json\/wp\/v2\/types\/product"}],"wp:featuredmedia":[{"embeddable":true,"href":"https:\/\/www.stvvalves.com\/ro\/wp-json\/wp\/v2\/media\/4746"}],"wp:attachment":[{"href":"https:\/\/www.stvvalves.com\/ro\/wp-json\/wp\/v2\/media?parent=4745"}],"wp:term":[{"taxonomy":"product_brand","embeddable":true,"href":"https:\/\/www.stvvalves.com\/ro\/wp-json\/wp\/v2\/product_brand?post=4745"},{"taxonomy":"product_cat","embeddable":true,"href":"https:\/\/www.stvvalves.com\/ro\/wp-json\/wp\/v2\/product_cat?post=4745"},{"taxonomy":"product_tag","embeddable":true,"href":"https:\/\/www.stvvalves.com\/ro\/wp-json\/wp\/v2\/product_tag?post=4745"}],"curies":[{"name":"wp","href":"https:\/\/api.w.org\/{rel}","templated":true}]}}