{"id":4748,"date":"2019-04-22T02:51:21","date_gmt":"2019-04-22T02:51:21","guid":{"rendered":"https:\/\/www.stvvalves.com\/?post_type=product&#038;p=4748"},"modified":"2025-02-17T18:31:01","modified_gmt":"2025-02-17T10:31:01","slug":"3000lb-stainless-steel-316-sockolet","status":"publish","type":"product","link":"https:\/\/www.stvvalves.com\/ro\/products\/3000lb-stainless-steel-316-sockolet\/","title":{"rendered":"Sockolet din o\u021bel inoxidabil 3000LB"},"content":{"rendered":"<p>Sockolet din o\u021bel inoxidabil 3000LB<\/p>\n<p>\u3010Dimensiune\u3011\uff1a1\/8\u2033-4\u2033<br \/>\n\u3010Evaluare de clas\u0103\u3011\uff1a<br \/>\nFitinguri filetate-2000\/3000\/6000\/9000LB<br \/>\nFitinguri de sudura prin priz\u0103-3000\/6000\/9000LB<br \/>\nFitinguri pentru sudura cap la cap-SCH40\/SCH80\/SCH160\/XXS<br \/>\n\u3010Standard\u3011\uff1aASME B16.11\u3001GB\/T 7306\u300112716\u300114383\u3001MSS SP-79, 83, 95, 97 JIS B0203\u3001B2316.<br \/>\n\u3010Material\u3011:<br \/>\nA. O\u021bel inoxidabil: F304, F316L, F310S, F317L, F321, F347<br \/>\nB. O\u021bel carbon: A105, A106, A53, A234 WPB<br \/>\nC. O\u021bel aliat: LF2, F5, F9, F11, F22<br \/>\nD. O\u021bel duplex: F44, F51, F53, F55, F60<br \/>\nE. O\u021bel special: 904L, N04400, N08810, N08020, N08825, N06625, N06600<\/p>","protected":false},"excerpt":{"rendered":"<p>Presiune nominal\u0103 de 3000LB<br \/>\nO\u021bel inoxidabil ASTM A182 316\/L<br \/>\nFilet BSPT conform ISO 7-1<br \/>\nDimensiuni conform ANSI B16.11\/BS3799<\/p>\n<p>STV Valve Technology Group Co., Ltd este un lider profesionist China o\u021bel inoxidabil Sockolet, 3000LB Sockolet, High Pressure Sockolet, NPT Sockolet Produc\u0103tor cu \u00eenalt\u0103 calitate \u0219i pre\u021b competitiv.<\/p>","protected":false},"featured_media":4749,"template":"","meta":[],"product_brand":[],"product_cat":[967,966],"product_tag":[809,810,811,808],"class_list":{"0":"post-4748","1":"product","2":"type-product","3":"status-publish","4":"has-post-thumbnail","6":"product_cat-high-pressure-3000lb6000lb-pipe-fitting","7":"product_cat-pipe-fitting","8":"product_tag-3000lb-sockolet","9":"product_tag-high-pressure-sockolet","10":"product_tag-npt-sockolet","11":"product_tag-stainless-steel-sockolet","13":"first","14":"instock","15":"shipping-taxable","16":"product-type-simple"},"_links":{"self":[{"href":"https:\/\/www.stvvalves.com\/ro\/wp-json\/wp\/v2\/product\/4748","targetHints":{"allow":["GET"]}}],"collection":[{"href":"https:\/\/www.stvvalves.com\/ro\/wp-json\/wp\/v2\/product"}],"about":[{"href":"https:\/\/www.stvvalves.com\/ro\/wp-json\/wp\/v2\/types\/product"}],"wp:featuredmedia":[{"embeddable":true,"href":"https:\/\/www.stvvalves.com\/ro\/wp-json\/wp\/v2\/media\/4749"}],"wp:attachment":[{"href":"https:\/\/www.stvvalves.com\/ro\/wp-json\/wp\/v2\/media?parent=4748"}],"wp:term":[{"taxonomy":"product_brand","embeddable":true,"href":"https:\/\/www.stvvalves.com\/ro\/wp-json\/wp\/v2\/product_brand?post=4748"},{"taxonomy":"product_cat","embeddable":true,"href":"https:\/\/www.stvvalves.com\/ro\/wp-json\/wp\/v2\/product_cat?post=4748"},{"taxonomy":"product_tag","embeddable":true,"href":"https:\/\/www.stvvalves.com\/ro\/wp-json\/wp\/v2\/product_tag?post=4748"}],"curies":[{"name":"wp","href":"https:\/\/api.w.org\/{rel}","templated":true}]}}