{"id":4763,"date":"2019-04-22T07:23:22","date_gmt":"2019-04-22T07:23:22","guid":{"rendered":"https:\/\/www.stvvalves.com\/?post_type=product&#038;p=4763"},"modified":"2025-02-17T18:30:50","modified_gmt":"2025-02-17T10:30:50","slug":"stainless-steel-sanitary-welded-end-y-type-tee","status":"publish","type":"product","link":"https:\/\/www.stvvalves.com\/ro\/products\/stainless-steel-sanitary-welded-end-y-type-tee\/","title":{"rendered":"Tee de tip Y cu cap\u0103t sudat sanitar din o\u021bel inoxidabil"},"content":{"rendered":"<p>Tee de tip Y cu cap\u0103t sudat sanitar din o\u021bel inoxidabil<\/p>\n<p>Cap\u0103t de conectare: sudat, prins, filetat, tip \u00eembinare,<br \/>\nStandard: DIN, SMS, ISO, 3A, BPE, IDF, AS, BS<br \/>\nDimensiune: DN10-300, 1\/2\u201d-6\u201d<br \/>\nMaterial: SS304, SS304L, SS316, SS316L<br \/>\nFabricat din \u021beav\u0103 sudat\u0103 sau \u021beav\u0103 f\u0103r\u0103 sudur\u0103, conform cerin\u021belor<br \/>\nFinisaj de suprafa\u021b\u0103: oglind\u0103, tip mat conform cerin\u021belor<br \/>\n\u00cen interior Ra 0,4, \u00een exterior Ra 0,8<br \/>\nRotunzime, egalitate de grosime pentru a \u00eendeplini standardul interna\u021bional de calitate alimentar\u0103<br \/>\nAplica\u021bie: alimente, b\u0103uturi, produse lactate, farmacie, chimie sau orice alte industrii de prelucrare a alimentelor<\/p>\n<div id=\"attachment_4764\" style=\"width: 861px\" class=\"wp-caption alignleft\"><img loading=\"lazy\" decoding=\"async\" aria-describedby=\"caption-attachment-4764\" class=\"size-full wp-image-4764\" src=\"https:\/\/www.stvvalves.com\/wp-content\/uploads\/2019\/04\/stainless-steel-sanitary-welded-end-y-type-tee-catalog.jpg\" alt=\"\" width=\"851\" height=\"257\" srcset=\"https:\/\/www.stvvalves.com\/wp-content\/uploads\/2019\/04\/stainless-steel-sanitary-welded-end-y-type-tee-catalog.jpg 851w, https:\/\/www.stvvalves.com\/wp-content\/uploads\/2019\/04\/stainless-steel-sanitary-welded-end-y-type-tee-catalog-600x181.jpg 600w, https:\/\/www.stvvalves.com\/wp-content\/uploads\/2019\/04\/stainless-steel-sanitary-welded-end-y-type-tee-catalog-300x91.jpg 300w, https:\/\/www.stvvalves.com\/wp-content\/uploads\/2019\/04\/stainless-steel-sanitary-welded-end-y-type-tee-catalog-768x232.jpg 768w, https:\/\/www.stvvalves.com\/wp-content\/uploads\/2019\/04\/stainless-steel-sanitary-welded-end-y-type-tee-catalog-705x213.jpg 705w\" sizes=\"auto, (max-width: 851px) 100vw, 851px\" \/><p id=\"caption-attachment-4764\" class=\"wp-caption-text\">China Stainless Steel Welded End Tee, Sanitary Welded End Tee, Stainless Steel Y-Type Tee,Y-Type Tee,Sanitary Stainless Steel Tee Manufacturer<\/p><\/div>","protected":false},"excerpt":{"rendered":"<div class=\"woocommerce-product-details__short-description\">\n<div class=\"woocommerce-product-details__short-description\">\n<p><!--StartFragment --><\/p>\n<div>Stainless steel sanitary weld tees are used on permanent installations where process piping and equipment can be cleaned in place (CIP) and removal from the system is not required. Shaw<br \/>\nTypes: Adapters &#8211; Caps &#8211; Crosses &#8211; Elbows &#8211; Laterals &#8211; Reducers &#8211; Stub Ends &#8211; Tees &#8211; True Wyes &#8211; U-Bends<br \/>\nSe aplic\u0103 sistemului de conducte din o\u021bel inoxidabil, care este folosit pentru lapte, m\u00e2ncare, suc, bere, phramcy, etc.<br \/>\nAccesoriile rezervorului sunt u\u0219or de instalat.<br \/>\nSudare \u0219i asamblare f\u0103r\u0103 probleme \u0219i cea mai mare rezisten\u021b\u0103 posibil\u0103.<br \/>\nCerin\u021be de sudare: con\u0219tien\u021bi de cerin\u021bele \u00een continu\u0103 cre\u0219tere pentru calitatea sudurii. \u00cen conformitate cu aceste cerin\u021be, toate sudurile \u0219i fitingurile noastre \u00eendeplinesc cele mai \u00eenalte standarde. Reductoarele au capete de sudur\u0103 cilindrice \u0219i sunt disponibile pentru toate combina\u021biile de tuburi, asigur\u00e2ndu-v\u0103 c\u0103 diametrul \u0219i grosimea peretelui potrivite pentru procesul dumneavoastr\u0103.<\/p>\n<\/div>\n<p>STV Valve Technology Group Co., Ltd is a professional leader China Stainless Steel Welded End Tee, Sanitary Welded End Tee, Stainless Steel Y-Type Tee,Y-Type Tee,Sanitary Stainless Steel Tee Manufacturer with high quality and competitive price.<\/p>\n<\/div>\n<\/div>","protected":false},"featured_media":4766,"template":"","meta":[],"product_brand":[],"product_cat":[966,969],"product_tag":[823,822,824,825],"class_list":{"0":"post-4763","1":"product","2":"type-product","3":"status-publish","4":"has-post-thumbnail","6":"product_cat-pipe-fitting","7":"product_cat-sanitary-pipe-fitting-and-valves","8":"product_tag-sanitary-welded-end-tee","9":"product_tag-stainless-steel-welded-end-tee","10":"product_tag-stainless-steel-y-type-tee","11":"product_tag-y-type-tee","13":"first","14":"instock","15":"shipping-taxable","16":"product-type-simple"},"_links":{"self":[{"href":"https:\/\/www.stvvalves.com\/ro\/wp-json\/wp\/v2\/product\/4763","targetHints":{"allow":["GET"]}}],"collection":[{"href":"https:\/\/www.stvvalves.com\/ro\/wp-json\/wp\/v2\/product"}],"about":[{"href":"https:\/\/www.stvvalves.com\/ro\/wp-json\/wp\/v2\/types\/product"}],"wp:featuredmedia":[{"embeddable":true,"href":"https:\/\/www.stvvalves.com\/ro\/wp-json\/wp\/v2\/media\/4766"}],"wp:attachment":[{"href":"https:\/\/www.stvvalves.com\/ro\/wp-json\/wp\/v2\/media?parent=4763"}],"wp:term":[{"taxonomy":"product_brand","embeddable":true,"href":"https:\/\/www.stvvalves.com\/ro\/wp-json\/wp\/v2\/product_brand?post=4763"},{"taxonomy":"product_cat","embeddable":true,"href":"https:\/\/www.stvvalves.com\/ro\/wp-json\/wp\/v2\/product_cat?post=4763"},{"taxonomy":"product_tag","embeddable":true,"href":"https:\/\/www.stvvalves.com\/ro\/wp-json\/wp\/v2\/product_tag?post=4763"}],"curies":[{"name":"wp","href":"https:\/\/api.w.org\/{rel}","templated":true}]}}