{"id":4803,"date":"2019-04-24T01:34:57","date_gmt":"2019-04-24T01:34:57","guid":{"rendered":"https:\/\/www.stvvalves.com\/?post_type=product&#038;p=4803"},"modified":"2025-02-19T19:48:41","modified_gmt":"2025-02-19T11:48:41","slug":"stainless-steel-mini-ball-valve-with-ss-handle","status":"publish","type":"product","link":"https:\/\/www.stvvalves.com\/ro\/products\/stainless-steel-mini-ball-valve-with-ss-handle\/","title":{"rendered":"Mini supap\u0103 cu bil\u0103 din o\u021bel inoxidabil cu m\u00e2ner din inox"},"content":{"rendered":"<p>Mini supap\u0103 cu bil\u0103 din o\u021bel inoxidabil cu m\u00e2ner din inox<\/p>\n<p>Corp \u0219i bil\u0103 din SS 316 (CF8M) \u2013 pentru rezisten\u021b\u0103 suplimentar\u0103 \u0219i rezisten\u021b\u0103 la coroziune<br \/>\nInterval de temperatur\u0103: -29\u00b0C p\u00e2n\u0103 la 150\u00b0C<br \/>\nPresiune de lucru de 1000 psi<br \/>\nSistemul dublu de etan\u0219are permite fluxului s\u0103 poat\u0103 merge \u00een orice direc\u021bie<br \/>\nM\u00e2nere rezistente din aliaj de zinc (vopsite \u00een albastru)<br \/>\nFunc\u021bionare rapid\u0103 cu 1\/4 de tur\u0103 deschis\u0103 sau \u00eenchis\u0103<br \/>\nFiecare supap\u0103 este testat\u0103 individual pentru siguran\u021b\u0103 maxim\u0103<br \/>\nConexiuni NPT (FxF, FxM \u0219i MxM)<\/p>\n<p>Denumire \u2013 Material<\/p>\n<p>Caroseria \u2013 SS 316 (CF8M)<\/p>\n<p>Minge \u2013 SS 316 (CF8M)<\/p>\n<p>Capota \u2013 SS 316 (CF8M)<\/p>\n<p>Scaun cu bile \u2013 RPTFE<\/p>\n<p>Tija supapei \u2013 SS 304\/ SS 316<\/p>\n<p>P\u00e2rghie \u2013 SS<\/p>\n<table>\n<tbody>\n<tr>\n<td width=\"200\"><strong>numele produsului<\/strong><\/td>\n<td width=\"481\">Mini supap\u0103 cu bil\u0103 din o\u021bel inoxidabil cu m\u00e2ner din inox<\/td>\n<\/tr>\n<tr>\n<td width=\"200\">1. Material<\/td>\n<td width=\"481\">316<\/td>\n<\/tr>\n<tr>\n<td width=\"200\">2. Dimensiunea<\/td>\n<td width=\"481\">1\u201d<\/td>\n<\/tr>\n<tr>\n<td width=\"200\">4. Port<\/td>\n<td width=\"481\">Port reductor<\/td>\n<\/tr>\n<tr>\n<td width=\"200\">5. Presiunea de lucru<\/td>\n<td width=\"481\">1000 WOG<\/td>\n<\/tr>\n<tr>\n<td width=\"200\">6. Conexiunea se termin\u0103<\/td>\n<td width=\"481\">NPT<\/td>\n<\/tr>\n<tr>\n<td width=\"200\">7. Temp. de lucru.<\/td>\n<td width=\"481\">-29~120\u00baC,<\/td>\n<\/tr>\n<tr>\n<td width=\"200\">8. Mediu potrivit<\/td>\n<td width=\"481\">Ap\u0103, gaze naturale, ulei \u0219i ceva lichid coroziv<\/td>\n<\/tr>\n<tr>\n<td width=\"200\">9. Operat<\/td>\n<td width=\"481\">Roat\u0103 de m\u00e2n\u0103<\/td>\n<\/tr>\n<tr>\n<td width=\"200\">10. Inspec\u021bie \u0219i testare<\/td>\n<td width=\"481\">Conform API598<\/td>\n<\/tr>\n<tr>\n<td width=\"200\"><strong>Expediere<\/strong><\/td>\n<td width=\"481\"><\/td>\n<\/tr>\n<tr>\n<td width=\"200\">Timpul de livrare<\/td>\n<td width=\"481\">30 de zile<\/td>\n<\/tr>\n<tr>\n<td width=\"200\">Pachet<\/td>\n<td width=\"481\">Carcas\u0103 standard de export de placaj<\/td>\n<\/tr>\n<tr>\n<td width=\"200\">Portul de expediere<\/td>\n<td width=\"481\">Ningbo\/Shanghai, China<\/td>\n<\/tr>\n<tr>\n<td width=\"200\">Termeni de livrare<\/td>\n<td width=\"481\">Exw, FOB, CFR, CIF etc.<\/td>\n<\/tr>\n<tr>\n<td width=\"200\">Termeni de plat\u0103<\/td>\n<td width=\"481\">T\/T, Western Union, PayPal etc.<\/td>\n<\/tr>\n<tr>\n<td width=\"200\"><\/td>\n<td width=\"481\">Plat\u0103 anticipat\u0103 30%, sold 70% pl\u0103tit \u00eenainte de expediere<\/td>\n<\/tr>\n<tr>\n<td width=\"200\">\u021aara de origine<\/td>\n<td width=\"481\">Ora\u0219ul Wenzhou, China<\/td>\n<\/tr>\n<tr>\n<td width=\"200\">Capacitatea de produc\u021bie<\/td>\n<td width=\"481\">6000 tone\/an<\/td>\n<\/tr>\n<tr>\n<td width=\"200\">MOQ<\/td>\n<td width=\"481\">1 buc\/dimensiune<\/td>\n<\/tr>\n<\/tbody>\n<\/table>\n<p>&nbsp;<\/p>","protected":false},"excerpt":{"rendered":"<p>STV Valve Technology Group Co., Ltd este un lider profesionist din China, supape cu bil\u0103 din o\u021bel inoxidabil, supape cu bil\u0103 din o\u021bel inoxidabil PN63 MiNi cu m\u00e2ner SS, robinete cu sfer\u0103 mini, mini supape cu bil\u0103 din o\u021bel inoxidabil 1\/4\u2033 Produc\u0103tori cu \u00eenalt\u0103 calitate \u0219i pre\u021b competitiv.<\/p>\n<p>V\u0103 rug\u0103m s\u0103 contacta\u021bi sales@stvvalve.com pentru alte materiale \u0219i detalii.<\/p>\n<p>Fi\u0219\u0103 de date: <a href=\"https:\/\/www.stvvalves.com\/wp-content\/uploads\/2018\/11\/Screwed-Stainless-Steel-Mini-Ball-Valve-FM.pdf\">Mini supap\u0103 cu bil\u0103 din o\u021bel inoxidabil cu m\u00e2ner din inox<\/a><\/p>","protected":false},"featured_media":4806,"template":"","meta":[],"product_brand":[],"product_cat":[43,79],"product_tag":[202,855,853,854],"class_list":{"0":"post-4803","1":"product","2":"type-product","3":"status-publish","4":"has-post-thumbnail","6":"product_cat-ball-valve","7":"product_cat-threaded-ball-valve","8":"product_tag-mini-ball-valve","9":"product_tag-stainless-steel-mini-ball-valve-1-4","10":"product_tag-stainless-steel-mini-ball-valves","11":"product_tag-stainless-steel-pn63-mini-ball-valve-with-ss-handle","13":"first","14":"instock","15":"shipping-taxable","16":"product-type-simple"},"_links":{"self":[{"href":"https:\/\/www.stvvalves.com\/ro\/wp-json\/wp\/v2\/product\/4803","targetHints":{"allow":["GET"]}}],"collection":[{"href":"https:\/\/www.stvvalves.com\/ro\/wp-json\/wp\/v2\/product"}],"about":[{"href":"https:\/\/www.stvvalves.com\/ro\/wp-json\/wp\/v2\/types\/product"}],"wp:featuredmedia":[{"embeddable":true,"href":"https:\/\/www.stvvalves.com\/ro\/wp-json\/wp\/v2\/media\/4806"}],"wp:attachment":[{"href":"https:\/\/www.stvvalves.com\/ro\/wp-json\/wp\/v2\/media?parent=4803"}],"wp:term":[{"taxonomy":"product_brand","embeddable":true,"href":"https:\/\/www.stvvalves.com\/ro\/wp-json\/wp\/v2\/product_brand?post=4803"},{"taxonomy":"product_cat","embeddable":true,"href":"https:\/\/www.stvvalves.com\/ro\/wp-json\/wp\/v2\/product_cat?post=4803"},{"taxonomy":"product_tag","embeddable":true,"href":"https:\/\/www.stvvalves.com\/ro\/wp-json\/wp\/v2\/product_tag?post=4803"}],"curies":[{"name":"wp","href":"https:\/\/api.w.org\/{rel}","templated":true}]}}