{"id":4816,"date":"2019-04-26T03:09:31","date_gmt":"2019-04-26T03:09:31","guid":{"rendered":"https:\/\/www.stvvalves.com\/?post_type=product&#038;p=4816"},"modified":"2025-02-17T18:30:29","modified_gmt":"2025-02-17T10:30:29","slug":"sanitary-316-butterfly-valve-with-flange","status":"publish","type":"product","link":"https:\/\/www.stvvalves.com\/ro\/products\/sanitary-316-butterfly-valve-with-flange\/","title":{"rendered":"Van\u0103 fluture sanitar\u0103 316 cu flan\u0219\u0103"},"content":{"rendered":"<p>Van\u0103 fluture sanitar\u0103 316 cu flan\u0219\u0103<\/p>\n<p>Caracteristici:<br \/>\nRezisten\u021b\u0103 mai bun\u0103 la acizi, la alcali \u0219i la temperaturi ridicate<br \/>\nTemperatura: -10 grade ~ ~ 120 grade<br \/>\nPeste treizeci de mii de teste de siguran\u021b\u0103<br \/>\nFinisarea suprafe\u021bei exterioare: Ra 1.2<br \/>\nDesign special al garniturii, fluid f\u0103r\u0103 reziduuri<br \/>\nDiscul supapei este fabricat din forjare.<br \/>\nCorpul supapei este fabricat din forjare.<br \/>\nM\u00e2ner manual: m\u00e2ner de tragere, m\u00e2ner de prindere din plastic sau m\u00e2ner de prindere din o\u021bel inoxidabil<br \/>\nGarnitura: EPDM, silicon sau Viton<br \/>\nToate garniturile sunt aprobate de FDA<br \/>\nMax. Presiune: 16BAR pentru conexiuni de sudare; 10BAR pentru alte conexiuni<br \/>\nMin. Presiune: 0,2 BAR<br \/>\nDesign compact, \u00eentre\u021binere u\u0219oar\u0103 \u0219i cuplu ridicat<\/p>\n<p>Cap\u0103t de conectare: sudur\u0103, tri-clemat\u0103, \u00eembinare, flan\u0219\u0103, filetare tat\u0103, filetare mam\u0103<br \/>\nStandard: DIN, SMS, ISO, 3A, IDF<br \/>\nMaterial: SS304, SS316L<br \/>\nFinisarea suprafe\u021bei interioare: Ra0.4<br \/>\nDimensiune: DN20-DN300, 3\/4\u2033-10\u2033<br \/>\nStandard: m\u00e2ner de tragere \u00een mod normal cu 3 pozi\u021bii (4 pozi\u021bii pot fi personalizate)<br \/>\nM\u00e2ner de prindere \u00een mod normal cu 13 pozi\u021bii.<\/p>\n<p>Aplica\u021bie: alimente, b\u0103uturi, produse lactate, farmacie, chimie sau orice alte industrii de prelucrare a alimentelor<\/p>\n<div id=\"attachment_4817\" style=\"width: 871px\" class=\"wp-caption alignleft\"><img loading=\"lazy\" decoding=\"async\" aria-describedby=\"caption-attachment-4817\" class=\"size-full wp-image-4817\" src=\"https:\/\/www.stvvalves.com\/wp-content\/uploads\/2019\/04\/sanitary-316-butterfly-valve-with-flange-catalog.jpg\" alt=\"\" width=\"861\" height=\"316\" srcset=\"https:\/\/www.stvvalves.com\/wp-content\/uploads\/2019\/04\/sanitary-316-butterfly-valve-with-flange-catalog.jpg 861w, https:\/\/www.stvvalves.com\/wp-content\/uploads\/2019\/04\/sanitary-316-butterfly-valve-with-flange-catalog-600x220.jpg 600w, https:\/\/www.stvvalves.com\/wp-content\/uploads\/2019\/04\/sanitary-316-butterfly-valve-with-flange-catalog-300x110.jpg 300w, https:\/\/www.stvvalves.com\/wp-content\/uploads\/2019\/04\/sanitary-316-butterfly-valve-with-flange-catalog-768x282.jpg 768w, https:\/\/www.stvvalves.com\/wp-content\/uploads\/2019\/04\/sanitary-316-butterfly-valve-with-flange-catalog-705x259.jpg 705w\" sizes=\"auto, (max-width: 861px) 100vw, 861px\" \/><p id=\"caption-attachment-4817\" class=\"wp-caption-text\">China Sanitary Butterfly Valve, Sanitary Stainless Steel Butterfly Valve with Flange Flange Ends, Hygienic Butterfly Valve,Sanitary Manual Butterfly Valve with Clamping Ends,Sanitary Flange Tri Clamp Butterfly Valve, Sanitary Butterfly Valve Flange Manufacturers<\/p><\/div>","protected":false},"excerpt":{"rendered":"<div class=\"woocommerce-product-details__short-description\">\n<p>STV Valve Technology Group Co., Ltd is a professional leader China Sanitary Butterfly Valve, Sanitary Stainless Steel Butterfly Valve with Flange Flange Ends, Hygienic Butterfly Valve,Sanitary Manual Butterfly Valve with Clamping Ends,Sanitary Flange Tri Clamp Butterfly Valve, Sanitary Butterfly Valve Flange Manufacturers with high quality and competitive price.<\/p>\n<p>Corpul nostru de supap\u0103 fluture poate fi oferit cu cap\u0103t sudat, cap\u0103t tat\u0103, cap\u0103t femel \u0219i cap\u0103t cu clem\u0103. Robinetele noastre fluture pot fi instalate cu m\u00e2nere de diferite tipuri, cum ar fi m\u00e2ner de tragere cu 4 pozi\u021bii, m\u00e2ner de prindere cu 12 pozi\u021bii \u0219i alte 10 tipuri sau instalate cu actuator pentru control automat pentru utilizarea pe scar\u0103 larg\u0103.<br \/>\nCorpul \u0219i discul supapei fluture sunt toate realizate din prelucrare complet CNC, lustruire de \u00eenalt\u0103 calitate.<br \/>\nToate produsele au fost testate cu 100 de{8141c64f649aa10a30e48bdb99fa3eccf7af065b4b625c7c4d110ee570dfa2a6} \u00eenainte de expediere.<br \/>\nEste necesar s\u0103 specifica\u021bi \u00een momentul \u00een care vor fi plasate comenzile dac\u0103 sunt necesare numere de c\u0103ldur\u0103 \u0219i MTR-uri.<br \/>\nScaunele EPDM, Silicon \u0219i Viton sunt disponibile pentru instalare \u00een supapele noastre fluture, care sunt potrivite pentru multe aplica\u021bii, cum ar fi industria alimentar\u0103, lactate, b\u0103uturi, prelucrarea c\u0103rnii, chimie \u0219i multe alte industrii.<\/p>\n<\/div>\n<form class=\"cart\" action=\"https:\/\/www.stvvalves.com\/ro\/product\/sanitary-stainless-steel-3pcs-butterfly-valve-with-ss-handle\/\" enctype=\"multipart\/form-data\" method=\"post\" data-trp-original-action=\"https:\/\/www.stvvalves.com\/product\/sanitary-stainless-steel-3pcs-butterfly-valve-with-ss-handle\/\">\n<div class=\"wcpa_form_outer\"><\/div>\n<div class=\"quantity\"><\/div>\n<div class=\"addquotelistlink\">\n<div class=\"quotelistadd_prodpage\"><\/div>\n<\/div>\n<input type=\"hidden\" name=\"trp-form-language\" value=\"ro\"\/><\/form>","protected":false},"featured_media":4818,"template":"","meta":[],"product_brand":[],"product_cat":[966,969],"product_tag":[859,847,862,861,860,858],"class_list":{"0":"post-4816","1":"product","2":"type-product","3":"status-publish","4":"has-post-thumbnail","6":"product_cat-pipe-fitting","7":"product_cat-sanitary-pipe-fitting-and-valves","8":"product_tag-china-sanitary-butterfly-valve","9":"product_tag-hygienic-butterfly-valve","10":"product_tag-sanitary-butterfly-valve-flange-manufacturers","11":"product_tag-sanitary-flange-tri-clamp-butterfly-valve","12":"product_tag-sanitary-manual-butterfly-valve-with-clamping-ends","13":"product_tag-sanitary-stainless-steel-butterfly-valve-with-flange-flange-ends","15":"first","16":"instock","17":"shipping-taxable","18":"product-type-simple"},"_links":{"self":[{"href":"https:\/\/www.stvvalves.com\/ro\/wp-json\/wp\/v2\/product\/4816","targetHints":{"allow":["GET"]}}],"collection":[{"href":"https:\/\/www.stvvalves.com\/ro\/wp-json\/wp\/v2\/product"}],"about":[{"href":"https:\/\/www.stvvalves.com\/ro\/wp-json\/wp\/v2\/types\/product"}],"wp:featuredmedia":[{"embeddable":true,"href":"https:\/\/www.stvvalves.com\/ro\/wp-json\/wp\/v2\/media\/4818"}],"wp:attachment":[{"href":"https:\/\/www.stvvalves.com\/ro\/wp-json\/wp\/v2\/media?parent=4816"}],"wp:term":[{"taxonomy":"product_brand","embeddable":true,"href":"https:\/\/www.stvvalves.com\/ro\/wp-json\/wp\/v2\/product_brand?post=4816"},{"taxonomy":"product_cat","embeddable":true,"href":"https:\/\/www.stvvalves.com\/ro\/wp-json\/wp\/v2\/product_cat?post=4816"},{"taxonomy":"product_tag","embeddable":true,"href":"https:\/\/www.stvvalves.com\/ro\/wp-json\/wp\/v2\/product_tag?post=4816"}],"curies":[{"name":"wp","href":"https:\/\/api.w.org\/{rel}","templated":true}]}}