{"id":4824,"date":"2019-04-29T07:07:10","date_gmt":"2019-04-29T07:07:10","guid":{"rendered":"https:\/\/www.stvvalves.com\/?post_type=product&#038;p=4824"},"modified":"2025-02-17T18:29:41","modified_gmt":"2025-02-17T10:29:41","slug":"sanitary-stainless-steel-13mhh-mini-type-clamp-tube-pipe","status":"publish","type":"product","link":"https:\/\/www.stvvalves.com\/ro\/products\/sanitary-stainless-steel-13mhh-mini-type-clamp-tube-pipe\/","title":{"rendered":"Conduct\u0103 sanitar\u0103 din o\u021bel inoxidabil 13MHH tip mini \u021beav\u0103"},"content":{"rendered":"<p>Conduct\u0103 sanitar\u0103 din o\u021bel inoxidabil 13MHH tip mini \u021beav\u0103<\/p>\n<p>Fabricat din forjare<br \/>\nPrelucrat de o ma\u0219in\u0103 CNC de \u00eenalt\u0103 precizie<br \/>\nDup\u0103 prelucrare, interiorul Ra 0,5<br \/>\nStandard: DIN, SMS, ISO, 3A, BPE, IDF, AS, BS, RJT<br \/>\nDimensiune: DN10-300, 1\/2\u201d-10\u201d<br \/>\nMaterial: SS304, SS316L<br \/>\nGarnitura: EPDM, SILICON, PFTE, NBR<br \/>\nFinisarea suprafe\u021bei: f\u0103r\u0103 lustruire, suprafa\u021ba brut\u0103 dup\u0103 prelucrare<br \/>\nRotunzimea, egalitatea grosimii \u0219i valoarea Ra pentru a \u00eendeplini standardul interna\u021bional de calitate alimentar\u0103<br \/>\nAplica\u021bie: alimente, b\u0103uturi, produse lactate, farmacie, chimie sau orice alte industrii de prelucrare a alimentelor<\/p>\n<p>&nbsp;<\/p>\n<div id=\"attachment_4826\" style=\"width: 869px\" class=\"wp-caption alignleft\"><img loading=\"lazy\" decoding=\"async\" aria-describedby=\"caption-attachment-4826\" class=\"size-full wp-image-4826\" src=\"https:\/\/www.stvvalves.com\/wp-content\/uploads\/2019\/04\/sanitary-stainless-steel-13mhh-mini-type-clamp-tube-pipe-catalog.jpg\" alt=\"\" width=\"859\" height=\"297\" srcset=\"https:\/\/www.stvvalves.com\/wp-content\/uploads\/2019\/04\/sanitary-stainless-steel-13mhh-mini-type-clamp-tube-pipe-catalog.jpg 859w, https:\/\/www.stvvalves.com\/wp-content\/uploads\/2019\/04\/sanitary-stainless-steel-13mhh-mini-type-clamp-tube-pipe-catalog-600x207.jpg 600w, https:\/\/www.stvvalves.com\/wp-content\/uploads\/2019\/04\/sanitary-stainless-steel-13mhh-mini-type-clamp-tube-pipe-catalog-300x104.jpg 300w, https:\/\/www.stvvalves.com\/wp-content\/uploads\/2019\/04\/sanitary-stainless-steel-13mhh-mini-type-clamp-tube-pipe-catalog-768x266.jpg 768w, https:\/\/www.stvvalves.com\/wp-content\/uploads\/2019\/04\/sanitary-stainless-steel-13mhh-mini-type-clamp-tube-pipe-catalog-705x244.jpg 705w\" sizes=\"auto, (max-width: 859px) 100vw, 859px\" \/><p id=\"caption-attachment-4826\" class=\"wp-caption-text\">China Fiting pentru \u021bevi din o\u021bel inoxidabil, clem\u0103 sanitar\u0103, clem\u0103 sanitar\u0103 din o\u021bel inoxidabil, clem\u0103 de 13 mhh, produc\u0103tor de mini cleme sanitare 13MHH<\/p><\/div>","protected":false},"excerpt":{"rendered":"<p>STV Valve Technology Group Co., Ltd este un lider profesionist din China, produc\u0103tor de fitinguri din o\u021bel inoxidabil, clem\u0103 sanitar\u0103, clem\u0103 sanitar\u0103 din o\u021bel inoxidabil, clem\u0103 de 13 mhh, mini clem\u0103 sanitar\u0103 13MHH, cu \u00eenalt\u0103 calitate \u0219i pre\u021b competitiv.<\/p>\n<p>Conduct\u0103 sanitar\u0103 din o\u021bel inoxidabil 13MHH tip mini \u021beav\u0103. Dimensiune de la 1\/2\u2033 la 12\u2033, Toate ferulele noastre de fitinguri sanitare sunt produse de o ma\u0219in\u0103 de strung CNC, av\u00e2nd o suprafa\u021b\u0103 de \u00eenalt\u0103 puritate \u0219i \u00eendeplinesc cerin\u021bele industriilor alimentare, b\u0103uturi, lactate, farmacie etc. Lungimea standard a virolei fitingurilor sanitare este de 12,7 mm sau 21,5 mm.<\/p>","protected":false},"featured_media":4825,"template":"","meta":[],"product_brand":[],"product_cat":[966,969],"product_tag":[869,870,867,868,866],"class_list":{"0":"post-4824","1":"product","2":"type-product","3":"status-publish","4":"has-post-thumbnail","6":"product_cat-pipe-fitting","7":"product_cat-sanitary-pipe-fitting-and-valves","8":"product_tag-13mhh-clamp","9":"product_tag-sanitary-13mhh-mini-clamp","10":"product_tag-sanitary-clamp","11":"product_tag-sanitary-stainless-steel-clamp","12":"product_tag-stainless-steel-pipe-fitting","14":"first","15":"instock","16":"shipping-taxable","17":"product-type-simple"},"_links":{"self":[{"href":"https:\/\/www.stvvalves.com\/ro\/wp-json\/wp\/v2\/product\/4824","targetHints":{"allow":["GET"]}}],"collection":[{"href":"https:\/\/www.stvvalves.com\/ro\/wp-json\/wp\/v2\/product"}],"about":[{"href":"https:\/\/www.stvvalves.com\/ro\/wp-json\/wp\/v2\/types\/product"}],"wp:featuredmedia":[{"embeddable":true,"href":"https:\/\/www.stvvalves.com\/ro\/wp-json\/wp\/v2\/media\/4825"}],"wp:attachment":[{"href":"https:\/\/www.stvvalves.com\/ro\/wp-json\/wp\/v2\/media?parent=4824"}],"wp:term":[{"taxonomy":"product_brand","embeddable":true,"href":"https:\/\/www.stvvalves.com\/ro\/wp-json\/wp\/v2\/product_brand?post=4824"},{"taxonomy":"product_cat","embeddable":true,"href":"https:\/\/www.stvvalves.com\/ro\/wp-json\/wp\/v2\/product_cat?post=4824"},{"taxonomy":"product_tag","embeddable":true,"href":"https:\/\/www.stvvalves.com\/ro\/wp-json\/wp\/v2\/product_tag?post=4824"}],"curies":[{"name":"wp","href":"https:\/\/api.w.org\/{rel}","templated":true}]}}