{"id":4837,"date":"2019-05-06T01:13:40","date_gmt":"2019-05-06T01:13:40","guid":{"rendered":"https:\/\/www.stvvalves.com\/?post_type=product&#038;p=4837"},"modified":"2025-02-17T18:29:38","modified_gmt":"2025-02-17T10:29:38","slug":"jis-10k-flanged-ball-valve-iso-5211-mounting-pad-scs14-50a","status":"publish","type":"product","link":"https:\/\/www.stvvalves.com\/ro\/products\/jis-10k-flanged-ball-valve-iso-5211-mounting-pad-scs14-50a\/","title":{"rendered":"Supap\u0103 cu bil\u0103 cu flan\u0219\u0103 JIS 10K, suport de montare ISO5211, SCS14,50A"},"content":{"rendered":"<p>Standard de proiectare: JIS B2071.<br \/>\nMaterial caroserie: SCS14.<br \/>\nDiametru nominal: 2 inch.<br \/>\nPresiune: JIS10K.<br \/>\nTermina\u021bi conexiunea;FF.<br \/>\nFa\u021b\u0103 \u00een fa\u021b\u0103: JIS B2002.<br \/>\nTemperatura de lucru: -29\u00b0C~+200\u00b0C.<br \/>\nTest \u0219i inspec\u021bie: JIS B2003.<br \/>\nGam\u0103 de produse<br \/>\nMaterial corp: o\u021bel carbon, o\u021bel inoxidabil, o\u021bel aliat.<br \/>\nDiametru normal: 1\/2\u2033~8\u2033 (DN15~DN200).<br \/>\nConexiune final\u0103: JIS B2220<br \/>\nInterval de presiune: JIS10K-JIS20K<br \/>\nFunc\u021bionare: p\u00e2rghie, cutie de viteze, actuator electric, pneumatic, electrohidraulic, actuator cu gaz peste ulei.<br \/>\nTemperatura de lucru: -46\u00b0C~+200\u00b0C.<br \/>\nDispozitiv antistatic \u0219i dispozitiv rezistent la foc (op\u021bional)<br \/>\nCu suport de montare ISO 5211 (op\u021bional)<\/p>\n<table>\n<tbody>\n<tr>\n<td width=\"200\"><strong><b>numele produsului<\/b><\/strong><\/td>\n<td width=\"481\">Supap\u0103 cu bil\u0103 cu flan\u0219\u0103 JIS 10K, suport de montare ISO5211, SCS14,50A<\/td>\n<\/tr>\n<tr>\n<td width=\"200\">1. Material<\/td>\n<td width=\"481\">SS304\/316\/304L\/316L ( CF8\/CF8M\/CF3\/CF3M), WCB etc.<\/td>\n<\/tr>\n<tr>\n<td width=\"200\">2. Dimensiunea<\/td>\n<td width=\"481\">1\/2\u2033~8\u2033 &#039; (15A~200A)<\/td>\n<\/tr>\n<tr>\n<td width=\"200\">4. Port<\/td>\n<td width=\"481\">Port complet<\/td>\n<\/tr>\n<tr>\n<td width=\"200\">5. Presiunea de lucru<\/td>\n<td width=\"481\">JIS10K~20K<\/td>\n<\/tr>\n<tr>\n<td width=\"200\">6. Conexiunea se termin\u0103<\/td>\n<td width=\"481\">FF<\/td>\n<\/tr>\n<tr>\n<td width=\"200\">7. Temp. de lucru.<\/td>\n<td width=\"481\">-29~180\u00baC,<\/td>\n<\/tr>\n<tr>\n<td width=\"200\">8. Mediu potrivit<\/td>\n<td width=\"481\">Ap\u0103, gaze naturale, ulei \u0219i ceva lichid coroziv<\/td>\n<\/tr>\n<tr>\n<td width=\"200\">9. Operat<\/td>\n<td width=\"481\">Roat\u0103 de m\u00e2n\u0103<\/td>\n<\/tr>\n<tr>\n<td width=\"200\">10. Inspec\u021bie \u0219i testare<\/td>\n<td width=\"481\">Conform JIS B2003<\/td>\n<\/tr>\n<tr>\n<td width=\"200\"><strong><b>Expediere<\/b><\/strong><\/td>\n<td width=\"481\"><\/td>\n<\/tr>\n<tr>\n<td width=\"200\">Timpul de livrare<\/td>\n<td width=\"481\">30 de zile<\/td>\n<\/tr>\n<tr>\n<td width=\"200\">Pachet<\/td>\n<td width=\"481\">Carcas\u0103 standard de export de placaj<\/td>\n<\/tr>\n<tr>\n<td width=\"200\">Portul de expediere<\/td>\n<td width=\"481\">Ningbo\/Shanghai, China<\/td>\n<\/tr>\n<tr>\n<td width=\"200\">Termeni de livrare<\/td>\n<td width=\"481\">Exw, FOB, CFR, CIF etc.<\/td>\n<\/tr>\n<tr>\n<td width=\"200\">Termeni de plat\u0103<\/td>\n<td width=\"481\">T\/T, Western Union, PayPal etc.<\/td>\n<\/tr>\n<tr>\n<td width=\"200\"><\/td>\n<td width=\"481\">Plat\u0103 anticipat\u0103 30%, sold 70% pl\u0103tit \u00eenainte de expediere<\/td>\n<\/tr>\n<tr>\n<td width=\"200\">\u021aara de origine<\/td>\n<td width=\"481\">Ora\u0219ul Wenzhou, China<\/td>\n<\/tr>\n<tr>\n<td width=\"200\">Capacitatea de produc\u021bie<\/td>\n<td width=\"481\">6000 tone\/an<\/td>\n<\/tr>\n<tr>\n<td width=\"200\">MOQ<\/td>\n<td width=\"481\">10 buc\/dimensiune<\/td>\n<\/tr>\n<\/tbody>\n<\/table>","protected":false},"excerpt":{"rendered":"<p>Model: STV-Q41F-JIS10K-DN50-SCS14<\/p>\n<p>Supapa noastr\u0103 cu bil\u0103 cu flan\u0219\u0103 JIS 10K cu monturi directe prezint\u0103 un corp \u0219i un cap\u0103t turnat de \u00eenalt\u0103 calitate. sunt disponibile \u00een 1\/2\u201d p\u00e2n\u0103 la 8\u201d \u0219i sunt port obi\u0219nuit. Protec\u021bia superioar\u0103 \u00eempotriva scurgerilor este realizat\u0103 prin utilizarea sistemului nostru patentat de etan\u0219are a tijei \u201epiramidale\u201d, prezentat \u00een graficul de mai jos. Acest sistem avansat protejeaz\u0103 \u00eempotriva uzurii \u0219i scurgerilor suferite de supapele cu bil\u0103 obi\u0219nuite.<\/p>\n<p>Disponibil cu op\u021biuni de flan\u0219\u0103 PN16\/40 \u0219i ANSI 150 \u0219i \u00een dimensiuni de la 1\/2\u2033 la 8\u2033.<br \/>\nCu un suport de ac\u0163ionare cu montare direct\u0103 ISO 5211, aceste supape sunt u\u015for de ac\u0163ionat.<\/p>\n<p>STV Valve Technology Group Co., Ltd este un lider profesionist din China JIS 10K robinet cu bil\u0103 cu flan\u0219\u0103, supap\u0103 cu bil\u0103 ISO5211, supap\u0103 cu bil\u0103 50A, robinet cu bil\u0103 SCS14 cu \u00eenalt\u0103 calitate \u0219i pre\u021b competitiv.<\/p>\n<p>V\u0103 rug\u0103m s\u0103 contacta\u021bi sales@stvvalve.com pentru alte materiale \u0219i detalii.<\/p>\n<p>Fi\u0219\u0103 de date: <a href=\"https:\/\/www.stvvalves.com\/wp-content\/uploads\/2019\/05\/JIS-10K-Flanged-Ball-Valve-ISO5211-Mounting-Pad-SCS14-50A-Drawing.pdf\">Supap\u0103 cu bil\u0103 cu flan\u0219\u0103 JIS 10K, suport de montare ISO5211, SCS14,50A<\/a><\/p>\n<p>&nbsp;<\/p>","protected":false},"featured_media":4839,"template":"","meta":[],"product_brand":[],"product_cat":[43,80,78,53],"product_tag":[879,877,878,880],"class_list":{"0":"post-4837","1":"product","2":"type-product","3":"status-publish","4":"has-post-thumbnail","6":"product_cat-ball-valve","7":"product_cat-flange-ball-valve","8":"product_cat-floating-ball-valve","9":"product_cat-stainless-steel-ball-valve","10":"product_tag-50a-ball-valve","11":"product_tag-china-jis-10k-flanged-ball-valve","12":"product_tag-iso5211-mounting-pad-ball-valve","13":"product_tag-scs14-ball-valve-manufacture","15":"first","16":"instock","17":"shipping-taxable","18":"product-type-simple"},"_links":{"self":[{"href":"https:\/\/www.stvvalves.com\/ro\/wp-json\/wp\/v2\/product\/4837","targetHints":{"allow":["GET"]}}],"collection":[{"href":"https:\/\/www.stvvalves.com\/ro\/wp-json\/wp\/v2\/product"}],"about":[{"href":"https:\/\/www.stvvalves.com\/ro\/wp-json\/wp\/v2\/types\/product"}],"wp:featuredmedia":[{"embeddable":true,"href":"https:\/\/www.stvvalves.com\/ro\/wp-json\/wp\/v2\/media\/4839"}],"wp:attachment":[{"href":"https:\/\/www.stvvalves.com\/ro\/wp-json\/wp\/v2\/media?parent=4837"}],"wp:term":[{"taxonomy":"product_brand","embeddable":true,"href":"https:\/\/www.stvvalves.com\/ro\/wp-json\/wp\/v2\/product_brand?post=4837"},{"taxonomy":"product_cat","embeddable":true,"href":"https:\/\/www.stvvalves.com\/ro\/wp-json\/wp\/v2\/product_cat?post=4837"},{"taxonomy":"product_tag","embeddable":true,"href":"https:\/\/www.stvvalves.com\/ro\/wp-json\/wp\/v2\/product_tag?post=4837"}],"curies":[{"name":"wp","href":"https:\/\/api.w.org\/{rel}","templated":true}]}}