{"id":4846,"date":"2019-05-06T03:29:17","date_gmt":"2019-05-06T03:29:17","guid":{"rendered":"https:\/\/www.stvvalves.com\/?post_type=product&#038;p=4846"},"modified":"2025-02-17T18:32:02","modified_gmt":"2025-02-17T10:32:02","slug":"300lb-bellow-seal-globe-valve-wcb-body-316-bellow-dn50-rf-end","status":"publish","type":"product","link":"https:\/\/www.stvvalves.com\/ro\/products\/300lb-bellow-seal-globe-valve-wcb-body-316-bellow-dn50-rf-end\/","title":{"rendered":"Supap\u0103 cu etan\u0219are \u00een burduf de 300 lb, corp WCB, burduf 316, DN50, cap\u0103t RF"},"content":{"rendered":"<p>1. Acest produs are structur\u0103 logic\u0103, etan\u0219are fiabil\u0103, performan\u021b\u0103 excelent\u0103 \u0219i design frumos.<br \/>\n2. Suprafa\u021ba de etan\u0219are este sudat\u0103 prin acumulare cu aliaj dur Co, care este rezistent la uzur\u0103, rezistent la coroziune, are o bun\u0103 rezisten\u021b\u0103 la frecare \u0219i o via\u021b\u0103 lung\u0103.<br \/>\n3. Tija este stins\u0103 \u0219i c\u0103lit\u0103, iar suprafa\u021ba sa este tratat\u0103 prin tratament cu azot, astfel \u00eenc\u00e2t are o bun\u0103 rezisten\u021b\u0103 la coroziune \u0219i la frecare.<br \/>\n4. Are capacitate de etan\u0219are dubl\u0103, astfel este mai fiabil\u0103.<br \/>\n5. Tija poate ar\u0103ta pozi\u021bia de ridicare, astfel este mai clar\u0103.<br \/>\n6. Materialul piesei, flan\u0219a \u0219i dimensiunea cap\u0103tului de sudur\u0103 cap la cap pot fi selectate \u00een func\u021bie de condi\u021biile actuale de func\u021bionare \u0219i de cerin\u021bele utilizatorilor, astfel \u00eenc\u00e2t s\u0103 \u00eendeplineasc\u0103 cerin\u021bele diferitelor inginerie.<br \/>\nFormare structural\u0103: BB-BG-OS&amp;Y<br \/>\n7, Materiale: WCB, WC6, SS304, SS316<br \/>\n8, Materiale burduf: SS304, SS316, SS316L, SS310, Hastelly C.<br \/>\n9, Interval de dimensiuni: 2\u2033-16\u2033<br \/>\n10, Presiune: 150LB-900LB<br \/>\n11. Mod de conducere: ac\u021bionat manual, ac\u021bionat electric<\/p>\n<p>Specifica\u021bii<\/p>\n<p>Design: AP1600,AP16D<br \/>\nFa\u021b\u0103 \u00een fa\u021b\u0103: ASME B16.10<br \/>\nCapetele flan\u0219elor: ASME B16.5<br \/>\nTest \u0219i inspec\u021bie: AP1598,AP16D<\/p>\n<table>\n<tbody>\n<tr>\n<td width=\"200\"><strong>numele produsului<\/strong><\/td>\n<td width=\"481\">Supap\u0103 cu etan\u0219are \u00een burduf de 300 lb, corp WCB, burduf 316, DN50, cap\u0103t RF<\/td>\n<\/tr>\n<tr>\n<td width=\"200\">1. Material<\/td>\n<td width=\"481\">WCB<\/td>\n<\/tr>\n<tr>\n<td width=\"200\">2. Dimensiunea<\/td>\n<td width=\"481\">2\u201d<\/td>\n<\/tr>\n<tr>\n<td width=\"200\">4. Port<\/td>\n<td width=\"481\">Port complet<\/td>\n<\/tr>\n<tr>\n<td width=\"200\">5. Presiunea de lucru<\/td>\n<td width=\"481\">300 lb<\/td>\n<\/tr>\n<tr>\n<td width=\"200\">6. Conexiunea se termin\u0103<\/td>\n<td width=\"481\">RF<\/td>\n<\/tr>\n<tr>\n<td width=\"200\">7. Temp. de lucru.<\/td>\n<td width=\"481\">-29~425\u00baC,<\/td>\n<\/tr>\n<tr>\n<td width=\"200\">8. Mediu potrivit<\/td>\n<td width=\"481\">Ap\u0103, gaze naturale, ulei \u0219i ceva lichid coroziv<\/td>\n<\/tr>\n<tr>\n<td width=\"200\">9. Operat<\/td>\n<td width=\"481\">Roat\u0103 de m\u00e2n\u0103<\/td>\n<\/tr>\n<tr>\n<td width=\"200\">10. Inspec\u021bie \u0219i testare<\/td>\n<td width=\"481\">Conform API598<\/td>\n<\/tr>\n<tr>\n<td width=\"200\"><strong>Expediere<\/strong><\/td>\n<td width=\"481\"><\/td>\n<\/tr>\n<tr>\n<td width=\"200\">Timpul de livrare<\/td>\n<td width=\"481\">30 de zile<\/td>\n<\/tr>\n<tr>\n<td width=\"200\">Pachet<\/td>\n<td width=\"481\">Carcas\u0103 standard de export de placaj<\/td>\n<\/tr>\n<tr>\n<td width=\"200\">Portul de expediere<\/td>\n<td width=\"481\">Ningbo\/Shanghai, China<\/td>\n<\/tr>\n<tr>\n<td width=\"200\">Termeni de livrare<\/td>\n<td width=\"481\">Exw, FOB, CFR, CIF etc.<\/td>\n<\/tr>\n<tr>\n<td width=\"200\">Termeni de plat\u0103<\/td>\n<td width=\"481\">T\/T, Western Union, PayPal etc.<\/td>\n<\/tr>\n<tr>\n<td width=\"200\"><\/td>\n<td width=\"481\">Plat\u0103 anticipat\u0103 30%, sold 70% pl\u0103tit \u00eenainte de expediere<\/td>\n<\/tr>\n<tr>\n<td width=\"200\">\u021aara de origine<\/td>\n<td width=\"481\">Ora\u0219ul Wenzhou, China<\/td>\n<\/tr>\n<tr>\n<td width=\"200\">Capacitatea de produc\u021bie<\/td>\n<td width=\"481\">6000 tone\/an<\/td>\n<\/tr>\n<tr>\n<td width=\"200\">MOQ<\/td>\n<td width=\"481\">1 buc\/dimensiune<\/td>\n<\/tr>\n<\/tbody>\n<\/table>","protected":false},"excerpt":{"rendered":"<p>Model: STV-WJ41H-300LB-DN50-WCB<\/p>\n<p>Supapa cu etan\u0219are \u00een burduf de 300 LB cu etan\u0219are \u00een burduf conform ANSI este aplicabil\u0103 pentru t\u0103ierea, comutarea \u0219i reglarea fluidului. Mediu care este utilizat \u00een diverse industrii, cum ar fi petrol, industria chimic\u0103, farmacie, \u00eengr\u0103\u0219\u0103minte chimice, industria energiei electrice etc. sub presiune nominal\u0103 de CLASS150-900LBS \u0219i temperatur\u0103 de lucru de -29~350\u00b0C<br \/>\nEste disponibil dop parabolic pentru comutator \u0219i reglarea fluidului.<\/p>\n<p>STV Valve Technology Group Co., Ltd este un lider profesionist din China Supape de etan\u0219are cu burduf, supap\u0103 de etan\u0219are de etan\u0219are de 300LB, supap\u0103 de etan\u0219are de etan\u0219are WCB, supap\u0103 de etan\u0219are 316 de etan\u0219are, produc\u0103tor de supape de etan\u0219are de burduf din China cu \u00eenalt\u0103 calitate \u0219i pre\u021b competitiv.<\/p>\n<p>V\u0103 rug\u0103m s\u0103 contacta\u021bi sales@stvvalve.com pentru alte materiale \u0219i detalii.<\/p>\n<p>Fi\u0219\u0103 de date:<a href=\"https:\/\/www.stvvalves.com\/wp-content\/uploads\/2019\/05\/300lb-bellow-seal-globe-valve-wcb-body-316-bellow-dn50-rf-end-drawing.pdf\">Supap\u0103 cu etan\u0219are \u00een burduf de 300 lb, corp WCB, burduf 316, DN50, cap\u0103t RF<\/a><\/p>","protected":false},"featured_media":4849,"template":"","meta":[],"product_brand":[],"product_cat":[65,45],"product_tag":[885,886,357,887,375],"class_list":{"0":"post-4846","1":"product","2":"type-product","3":"status-publish","4":"has-post-thumbnail","6":"product_cat-bellow-seal-globe-valve","7":"product_cat-globe-valve","8":"product_tag-300lb-bellow-seal-globe-valve","9":"product_tag-316-bellow-seal-globe-valve","10":"product_tag-bellows-seal-valves","11":"product_tag-cast-bellows-seal-globe-valve","12":"product_tag-wcb-bellow-seal-globe-valve","14":"first","15":"instock","16":"shipping-taxable","17":"product-type-simple"},"_links":{"self":[{"href":"https:\/\/www.stvvalves.com\/ro\/wp-json\/wp\/v2\/product\/4846","targetHints":{"allow":["GET"]}}],"collection":[{"href":"https:\/\/www.stvvalves.com\/ro\/wp-json\/wp\/v2\/product"}],"about":[{"href":"https:\/\/www.stvvalves.com\/ro\/wp-json\/wp\/v2\/types\/product"}],"wp:featuredmedia":[{"embeddable":true,"href":"https:\/\/www.stvvalves.com\/ro\/wp-json\/wp\/v2\/media\/4849"}],"wp:attachment":[{"href":"https:\/\/www.stvvalves.com\/ro\/wp-json\/wp\/v2\/media?parent=4846"}],"wp:term":[{"taxonomy":"product_brand","embeddable":true,"href":"https:\/\/www.stvvalves.com\/ro\/wp-json\/wp\/v2\/product_brand?post=4846"},{"taxonomy":"product_cat","embeddable":true,"href":"https:\/\/www.stvvalves.com\/ro\/wp-json\/wp\/v2\/product_cat?post=4846"},{"taxonomy":"product_tag","embeddable":true,"href":"https:\/\/www.stvvalves.com\/ro\/wp-json\/wp\/v2\/product_tag?post=4846"}],"curies":[{"name":"wp","href":"https:\/\/api.w.org\/{rel}","templated":true}]}}