{"id":4852,"date":"2019-05-07T03:22:03","date_gmt":"2019-05-07T03:22:03","guid":{"rendered":"https:\/\/www.stvvalves.com\/?post_type=product&#038;p=4852"},"modified":"2025-02-17T18:32:01","modified_gmt":"2025-02-17T10:32:01","slug":"forged-steel-flange-y-strainer-pn40-a105n-body-dn50","status":"publish","type":"product","link":"https:\/\/www.stvvalves.com\/ro\/products\/forged-steel-flange-y-strainer-pn40-a105n-body-dn50\/","title":{"rendered":"Filtru Y cu flan\u0219\u0103 din o\u021bel forjat, PN40, corp A105N, DN50"},"content":{"rendered":"<p>Filtru de tip Y din o\u021bel forjat, clasa Ansi 800LBS, SW, NPT, capete BW, capot\u0103 cu \u0219uruburi, capot\u0103 sudat\u0103, o\u021bel carbon, o\u021bel inoxidabil, o\u021bel duplex, furnizor \u0219i produc\u0103tor de sit\u0103ri de tip Y din o\u021bel aliat. Specifica\u021bii pentru sita forjat\u0103 de tip Y 800LBS<br \/>\n1. Dimensiuni: 1\/2\u2033 -2\u2033<br \/>\n2. Presiune nominal\u0103: ANSI 800Lbs-2500LB<br \/>\n3. Mediu potrivit: ap\u0103, gaz, ulei, abur etc<br \/>\n4. Material caroserie: A105, LF2, SS304, SS316, SS304L, SS316L, F51, F53, Alloy 20 etc.<br \/>\n5. Ecran: o\u021bel inoxidabil (304SS, 316SS)<br \/>\n6. Conexiune final\u0103: Flan\u0219\u0103, BW, SW, NPT (Filetat, \u00ceNSURUBAT)<br \/>\n7. Altele la cerere<\/p>\n<div id=\"attachment_4853\" style=\"width: 2525px\" class=\"wp-caption alignleft\"><img loading=\"lazy\" decoding=\"async\" aria-describedby=\"caption-attachment-4853\" class=\"size-full wp-image-4853\" src=\"https:\/\/www.stvvalves.com\/wp-content\/uploads\/2019\/05\/forged-steel-flange-y-strainer-pn40-a105n-body-dn50-catalog.jpg\" alt=\"\" width=\"2515\" height=\"1718\" srcset=\"https:\/\/www.stvvalves.com\/wp-content\/uploads\/2019\/05\/forged-steel-flange-y-strainer-pn40-a105n-body-dn50-catalog.jpg 2515w, https:\/\/www.stvvalves.com\/wp-content\/uploads\/2019\/05\/forged-steel-flange-y-strainer-pn40-a105n-body-dn50-catalog-600x410.jpg 600w, https:\/\/www.stvvalves.com\/wp-content\/uploads\/2019\/05\/forged-steel-flange-y-strainer-pn40-a105n-body-dn50-catalog-300x205.jpg 300w, https:\/\/www.stvvalves.com\/wp-content\/uploads\/2019\/05\/forged-steel-flange-y-strainer-pn40-a105n-body-dn50-catalog-768x525.jpg 768w, https:\/\/www.stvvalves.com\/wp-content\/uploads\/2019\/05\/forged-steel-flange-y-strainer-pn40-a105n-body-dn50-catalog-1030x704.jpg 1030w, https:\/\/www.stvvalves.com\/wp-content\/uploads\/2019\/05\/forged-steel-flange-y-strainer-pn40-a105n-body-dn50-catalog-1500x1025.jpg 1500w, https:\/\/www.stvvalves.com\/wp-content\/uploads\/2019\/05\/forged-steel-flange-y-strainer-pn40-a105n-body-dn50-catalog-705x482.jpg 705w\" sizes=\"auto, (max-width: 2515px) 100vw, 2515px\" \/><p id=\"caption-attachment-4853\" class=\"wp-caption-text\">Sita de tip Y din o\u021bel forjat din China, sit\u0103 tip Y din o\u021bel turnat. Sita Y cu cap\u0103t cu flan\u0219\u0103 API, Sit\u0103 Y cu cap\u0103t cu flan\u0219\u0103 PN40, Filtru tip Y DN50, Produc\u0103tor de sit\u0103 tip Y Corp A105N<\/p><\/div>","protected":false},"excerpt":{"rendered":"<p>Model: STV-GL41H-PN40-DN50<\/p>\n<p>Filtrul nostru cu flan\u0219\u0103 Y din o\u021bel forjat utiliz\u00e2nd metode de forjare pentru a produce o varietate de piese forjate \u0219i forjate. Calitatea pieselor din o\u021bel forjat este mai mare dec\u00e2t cea a turn\u0103rii din o\u021bel, poate rezista la for\u021be mari de impact \u0219i la temperaturi ridicate \u0219i presiune ridicat\u0103, iar plasticitatea, tenacitatea \u0219i alte propriet\u0103\u021bi mecanice sunt, de asemenea, mai mari dec\u00e2t filtrele de tip o\u021bel turnat, deci unele utilaje importante \u0219i echipament Cel mai bine este s\u0103 folosi\u021bi un filtru de tip o\u021bel forjat ca dispozitiv de filtrare \u00een condi\u021bii de lucru importante \u0219i complicate. Acest produs nu va avea scurgeri externe cauzate de manipularea coliziunii \u0219i turnarea g\u0103urilor de nisip.<\/p>\n<p>Sita de tip Y forjat\u0103 (Sita Y forjat\u0103) este proiectat\u0103 pentru dimensiuni ale alezajului de la 1\/2 inch p\u00e2n\u0103 la 2 inch, at\u00e2t pentru capete sudate prin muf\u0103, c\u00e2t \u0219i pentru capete filetate; materialele sunt din o\u021bel carbon forjat \u0219i o\u021bel inoxidabil; intervalul de presiune de la 150LBS la 2500LBS.<\/p>\n<div class=\"woocommerce-product-details__short-description\">\n<p>STV Valve Technology Group Co., Ltd este un lider profesionist China Forged<em>\u00a0O\u0163el<\/em> Sita de tip Y, sita de tip Y din otel turnat. Filtru Y cu flan\u0219\u0103 API, Filtru Y cu flan\u0219\u0103 PN40, Filtru tip Y DN50, Produc\u0103tor de sit\u0103 tip Y Corp A105N cu \u00eenalt\u0103 calitate \u0219i pre\u021b competitiv.<\/p>\n<p>V\u0103 rug\u0103m s\u0103 contacta\u021bi sales@stvvalve.com pentru alte materiale \u0219i detalii.<\/p>\n<p>Fi\u0219\u0103 de date:<a href=\"https:\/\/www.stvvalves.com\/wp-content\/uploads\/2019\/05\/forged-steel-flange-y-strainer-pn40-a105n-body-dn50-catalog.jpg\">Filtru Y cu flan\u0219\u0103 din o\u021bel forjat, PN40, corp A105N, DN50<\/a><\/p>\n<\/div>","protected":false},"featured_media":4854,"template":"","meta":[],"product_brand":[],"product_cat":[964,48],"product_tag":[891,888,233,890,284,889],"class_list":{"0":"post-4852","1":"product","2":"type-product","3":"status-publish","4":"has-post-thumbnail","6":"product_cat-forged-steel-y-type-strainer","7":"product_cat-y-strainer","8":"product_tag-a105n-body-y-type-strainer","9":"product_tag-api-flanged-end-y-strainer","10":"product_tag-cast-steel-y-type-strainer","11":"product_tag-dn50-y-type-strainer","12":"product_tag-forged-steel-y-type-strainer","13":"product_tag-pn40-flanged-end-y-strainer","15":"first","16":"instock","17":"shipping-taxable","18":"product-type-simple"},"_links":{"self":[{"href":"https:\/\/www.stvvalves.com\/ro\/wp-json\/wp\/v2\/product\/4852","targetHints":{"allow":["GET"]}}],"collection":[{"href":"https:\/\/www.stvvalves.com\/ro\/wp-json\/wp\/v2\/product"}],"about":[{"href":"https:\/\/www.stvvalves.com\/ro\/wp-json\/wp\/v2\/types\/product"}],"wp:featuredmedia":[{"embeddable":true,"href":"https:\/\/www.stvvalves.com\/ro\/wp-json\/wp\/v2\/media\/4854"}],"wp:attachment":[{"href":"https:\/\/www.stvvalves.com\/ro\/wp-json\/wp\/v2\/media?parent=4852"}],"wp:term":[{"taxonomy":"product_brand","embeddable":true,"href":"https:\/\/www.stvvalves.com\/ro\/wp-json\/wp\/v2\/product_brand?post=4852"},{"taxonomy":"product_cat","embeddable":true,"href":"https:\/\/www.stvvalves.com\/ro\/wp-json\/wp\/v2\/product_cat?post=4852"},{"taxonomy":"product_tag","embeddable":true,"href":"https:\/\/www.stvvalves.com\/ro\/wp-json\/wp\/v2\/product_tag?post=4852"}],"curies":[{"name":"wp","href":"https:\/\/api.w.org\/{rel}","templated":true}]}}