{"id":4867,"date":"2019-05-08T02:10:55","date_gmt":"2019-05-08T02:10:55","guid":{"rendered":"https:\/\/www.stvvalves.com\/?post_type=product&#038;p=4867"},"modified":"2025-02-17T18:31:57","modified_gmt":"2025-02-17T10:31:57","slug":"ggg40-knife-gate-valve-wafer-type-dn80-pn10-handwheel-operator","status":"publish","type":"product","link":"https:\/\/www.stvvalves.com\/ro\/products\/ggg40-knife-gate-valve-wafer-type-dn80-pn10-handwheel-operator\/","title":{"rendered":"Supap\u0103 cu\u021bit GGG40, tip wafer, DN80, PN10, operator cu roat\u0103 de m\u00e2n\u0103"},"content":{"rendered":"<p>Supap\u0103 cu\u021bit GGG40, tip wafer, DN80, PN10, operator cu roat\u0103 de m\u00e2n\u0103<br \/>\nTarif: PN10<\/p>\n<p>Dimensiune: NPS2-48 (DN50-DN1200)<\/p>\n<p>Conexiune: tip wafer, tip flan\u0219\u0103, tip ureche, tip sudat<\/p>\n<p>Tip de etan\u0219are: moale sau metalic\u0103<\/p>\n<p>Material: GGG40-A356, CF8-A351, CF8M-A351<\/p>\n<p>Tip de ac\u021bionare: roat\u0103 de m\u00e2n\u0103, roat\u0103 de lan\u021b, angrenaj conic, electric, pneumatic.<\/p>\n<p>1. Supapa adopt\u0103 un design integral, cu rezisten\u021b\u0103 mic\u0103 la fluid \u0219i func\u021bionare flexibil\u0103.<\/p>\n<p>2. Ac\u021bionarea cu \u0219urub a ventilului manual cu cu\u021bit adopt\u0103 designul rulmentului dublu plan, ceea ce face ca for\u021ba de frecare a transmisiei s\u0103 fie mult redus\u0103, astfel \u00eenc\u00e2t supapa s\u0103 poat\u0103 fi deschis\u0103 u\u0219or \u0219i u\u0219or.<\/p>\n<p>3, folosind etan\u0219area scaunului de etan\u0219are a supapei cu cu\u021bit de tip cu\u021bit \u0219i UTILIZA\u021aI inelul O pre\u00eenc\u0103rcat cu for\u021b\u0103 de pre-str\u00e2ngere face scaunul de etan\u0219are aproape de disc, cantitatea de scurgere este mult redus\u0103, uzura perechii de etan\u0219are \u00een utilizarea pe termen lung a func\u021bie de compensare automat\u0103 pentru a \u00eembun\u0103t\u0103\u021bi durata de via\u021b\u0103.<\/p>\n<p>4. Ghear\u0103 de ghidare fix\u0103, design f\u0103r\u0103 canelur\u0103, nu este u\u0219or de cauzat acumularea de suporturi sau rezisten\u021ba cardului.<\/p>\n<p>5. scaunul poate fi \u00een func\u021bie de nevoile de mediu \u0219i condi\u021bii, alege\u021bi etan\u0219are tare din metal sau etan\u0219are moale: berbec adopt\u0103 suprafa\u021ba placat\u0103 cu crom sau tratament cu nitrurare ionic\u0103, face ca berbecul s\u0103 reziste mai mult la uzur\u0103, durata de via\u021b\u0103 mai lung\u0103 a fe\u021bei de etan\u0219are; moale etan\u0219are op\u021bional scaun PTFE sau scaun PTFE \u00eembun\u0103t\u0103\u021bit sau tri-propilen\u0103, cauciuc butilic, etan\u0219are bun\u0103, rezistent la coroziune.<\/p>\n<p>6. Gam\u0103 larg\u0103 de adaptare a mediului: performan\u021b\u0103 bun\u0103 de etan\u0219are \u0219i practicabilitate economic\u0103, func\u021bionare<\/p>\n<table>\n<tbody>\n<tr>\n<td width=\"200\"><strong>numele produsului<\/strong><\/td>\n<td width=\"481\">Supap\u0103 cu\u021bit GGG40, tip wafer, DN80, PN10, operator cu roat\u0103 de m\u00e2n\u0103<\/td>\n<\/tr>\n<tr>\n<td width=\"200\">1. Material<\/td>\n<td width=\"481\">DI<\/td>\n<\/tr>\n<tr>\n<td width=\"200\">2. Dimensiunea<\/td>\n<td width=\"481\">3\u201d<\/td>\n<\/tr>\n<tr>\n<td width=\"200\">4. Port<\/td>\n<td width=\"481\">Port complet<\/td>\n<\/tr>\n<tr>\n<td width=\"200\">5. Presiunea de lucru<\/td>\n<td width=\"481\">PN10<\/td>\n<\/tr>\n<tr>\n<td width=\"200\">6. Conexiunea se termin\u0103<\/td>\n<td width=\"481\">napolitana<\/td>\n<\/tr>\n<tr>\n<td width=\"200\">7. Temp. de lucru.<\/td>\n<td width=\"481\">-29~120\u00baC,<\/td>\n<\/tr>\n<tr>\n<td width=\"200\">8. Mediu potrivit<\/td>\n<td width=\"481\">Ap\u0103, gaze naturale, ulei \u0219i ceva lichid coroziv<\/td>\n<\/tr>\n<tr>\n<td width=\"200\">9. Operat<\/td>\n<td width=\"481\">Roat\u0103 de m\u00e2n\u0103<\/td>\n<\/tr>\n<tr>\n<td width=\"200\">10. Inspec\u021bie \u0219i testare<\/td>\n<td width=\"481\">Conform API598<\/td>\n<\/tr>\n<tr>\n<td width=\"200\"><strong>Expediere<\/strong><\/td>\n<td width=\"481\"><\/td>\n<\/tr>\n<tr>\n<td width=\"200\">Timpul de livrare<\/td>\n<td width=\"481\">30 de zile<\/td>\n<\/tr>\n<tr>\n<td width=\"200\">Pachet<\/td>\n<td width=\"481\">Carcas\u0103 standard de export de placaj<\/td>\n<\/tr>\n<tr>\n<td width=\"200\">Portul de expediere<\/td>\n<td width=\"481\">Ningbo\/Shanghai, China<\/td>\n<\/tr>\n<tr>\n<td width=\"200\">Termeni de livrare<\/td>\n<td width=\"481\">Exw, FOB, CFR, CIF etc.<\/td>\n<\/tr>\n<tr>\n<td width=\"200\">Termeni de plat\u0103<\/td>\n<td width=\"481\">T\/T, Western Union, PayPal etc.<\/td>\n<\/tr>\n<tr>\n<td width=\"200\"><\/td>\n<td width=\"481\">Plat\u0103 anticipat\u0103 30%, sold 70% pl\u0103tit \u00eenainte de expediere<\/td>\n<\/tr>\n<tr>\n<td width=\"200\">\u021aara de origine<\/td>\n<td width=\"481\">Ora\u0219ul Wenzhou, China<\/td>\n<\/tr>\n<tr>\n<td width=\"200\">Capacitatea de produc\u021bie<\/td>\n<td width=\"481\">6000 tone\/an<\/td>\n<\/tr>\n<tr>\n<td width=\"200\">MOQ<\/td>\n<td width=\"481\">1 buc\/dimensiune<\/td>\n<\/tr>\n<\/tbody>\n<\/table>\n<p>&nbsp;<\/p>","protected":false},"excerpt":{"rendered":"<p>Model: STV-PZ73X-PN10-GGG40-DN80<\/p>\n<p>Valvele GGG40 Knife Gate sunt disponibile \u00een diferite modele, corp dintr-o singur\u0103 pies\u0103 \u0219i corpuri din dou\u0103 piese, tij\u0103 \u00een sus \u0219i tij\u0103 ne\u00een\u0103l\u021bat\u0103, structuri unidirec\u021bionale \u0219i bidirec\u021bionale, inele metalice \u0219i elastice, modele de capot\u0103 f\u0103r\u0103 capot\u0103 \u0219i cu \u0219uruburi. Pentru modelele op\u021bionale, conul de deviere ar putea devia fluxul de n\u0103moluri abrazive \u0219i poate proteja scaunul supapei de abraziune, discul cu orificiul \u00een V \u0219i designul conductei de trecere sunt utilizate pentru serviciul de reglare, conform cerin\u021belor clien\u021bilor<\/p>\n<p>Industriile noastre de servicii Knife Gate Valve includ: energie, petrochimie, metalurgic\u0103, chimic\u0103, minerit, fabricarea h\u00e2rtiei, protec\u021bia mediului, biochimic, farmaceutic, petrol, electricitate, imprimare \u0219i vopsire, industria u\u0219oar\u0103, alimentar\u0103, tutun, zah\u0103r, b\u0103uturi \u0219i alte domenii.<\/p>\n<p>STV Valve Technology Group Co., Ltd este un lider profesionist din China Ductile Iron GGG40 Supap\u0103 cu\u021bit, supap\u0103 cu\u021bit GGG40\/GGG50, supap\u0103 cu\u021bit cu\u021bit cu scaun EPDM pn10, supap\u0103 cu\u021bit cu\u021bit DN80 GGG40, valv\u0103 GGG40 Knife DN80 , PN10 GGG40 Supap\u0103 cu\u021bit, Operator roat\u0103 Produc\u0103tor supap\u0103 cu\u021bit cu \u00eenalt\u0103 calitate \u0219i pre\u021b sc\u0103zut.<br \/>\nPentru a afla mai multe despre aceste supape Bine a\u021bi venit s\u0103 contacta\u021bi sales@stvvalve.com<br \/>\nFoaie de date: Supap\u0103 GGG40 cu\u021bit, tip wafer, DN80, PN10, operator cu roat\u0103 de m\u00e2n\u0103<\/p>\n<p>&nbsp;<\/p>","protected":false},"featured_media":4869,"template":"","meta":[],"product_brand":[],"product_cat":[44,62],"product_tag":[903,900,902,901,904,905,146],"class_list":{"0":"post-4867","1":"product","2":"type-product","3":"status-publish","4":"has-post-thumbnail","6":"product_cat-gate-valve","7":"product_cat-knife-gate-valve","8":"product_tag-dn80-ggg40-knife-gate-valve","9":"product_tag-ductile-iron-ggg40-knife-gate-valve","10":"product_tag-epdm-seat-knife-gate-valve-pn10","11":"product_tag-ggg40-ggg50-knife-gate-valve","12":"product_tag-handwheel-operator-knife-gate-valve-manufacturer","13":"product_tag-pn10-ggg40-knife-gate-valve","14":"product_tag-wafer-knife-gate-valve","16":"first","17":"instock","18":"shipping-taxable","19":"product-type-simple"},"_links":{"self":[{"href":"https:\/\/www.stvvalves.com\/ro\/wp-json\/wp\/v2\/product\/4867","targetHints":{"allow":["GET"]}}],"collection":[{"href":"https:\/\/www.stvvalves.com\/ro\/wp-json\/wp\/v2\/product"}],"about":[{"href":"https:\/\/www.stvvalves.com\/ro\/wp-json\/wp\/v2\/types\/product"}],"wp:featuredmedia":[{"embeddable":true,"href":"https:\/\/www.stvvalves.com\/ro\/wp-json\/wp\/v2\/media\/4869"}],"wp:attachment":[{"href":"https:\/\/www.stvvalves.com\/ro\/wp-json\/wp\/v2\/media?parent=4867"}],"wp:term":[{"taxonomy":"product_brand","embeddable":true,"href":"https:\/\/www.stvvalves.com\/ro\/wp-json\/wp\/v2\/product_brand?post=4867"},{"taxonomy":"product_cat","embeddable":true,"href":"https:\/\/www.stvvalves.com\/ro\/wp-json\/wp\/v2\/product_cat?post=4867"},{"taxonomy":"product_tag","embeddable":true,"href":"https:\/\/www.stvvalves.com\/ro\/wp-json\/wp\/v2\/product_tag?post=4867"}],"curies":[{"name":"wp","href":"https:\/\/api.w.org\/{rel}","templated":true}]}}