{"id":4874,"date":"2019-05-17T02:58:23","date_gmt":"2019-05-17T02:58:23","guid":{"rendered":"https:\/\/www.stvvalves.com\/?post_type=product&#038;p=4874"},"modified":"2025-02-17T18:31:55","modified_gmt":"2025-02-17T10:31:55","slug":"api-602-2500lb-globe-valve-a105n-body-dn50-bw-end","status":"publish","type":"product","link":"https:\/\/www.stvvalves.com\/ro\/products\/api-602-2500lb-globe-valve-a105n-body-dn50-bw-end\/","title":{"rendered":"Supap\u0103 cu glob API 602 2500LB, corp A105N, DN50, cap\u0103t BW"},"content":{"rendered":"<p>Proiectarea \u0219i fabricarea sunt conforme cu BS 5352, ANSI B16.34<\/p>\n<p>Capetele de conectare sunt conforme cu:<\/p>\n<p>1. Capetele sudate cu muf\u0103 sunt conforme cu ANSI B16.11<\/p>\n<p>2. Capetele \u0219uruburilor sunt conforme cu ANSI B1.20.1<\/p>\n<p>3..Capetele sudate cap la cap sunt conforme cu ANSI B16.25<\/p>\n<p>Testarea \u0219i inspec\u021bia sunt conforme cu: API 598<\/p>\n<p>1) Informa\u021bii despre produs: supapele furnizate sunt utilizate \u00een principal pentru ap\u0103, aer, ulei, gaz<br \/>\n2) Tip de conexiune: tip flan\u0219, tip de sudare cu priz\u0103, tip de sudare cap la cap, tip \u0219urub<br \/>\n3) Material:<br \/>\na) Caroseria: A105, LCB, F11, F22, F304, F316, F304L, F316L<br \/>\nb) Disc: A105, LCB, F11, F22, F304, F316, F304L, F316L<br \/>\nc) Tij\u0103: F6a, F11, F22, F304, F316, F304L, F316L<br \/>\nd) Capot\u0103: A105, LCB, F11, F22, F304, F316, F304L, F316L<br \/>\n4) Dimensiune: 15-50mm\/1\/2\u2033 \u2013 2\u2033<br \/>\n5) Gradul de presiune: PN16~PN100, 150Lb~2500Lb<br \/>\n6) Acoperire: Acoperire conform cerin\u021belor clien\u021bilor<br \/>\n7) Pachet: Cutii de lemn<\/p>\n<p>&nbsp;<\/p>\n<table>\n<tbody>\n<tr>\n<td width=\"200\"><strong>numele produsului<\/strong><\/td>\n<td width=\"481\">Supap\u0103 cu glob API 602 2500LB, corp A105N, DN50, cap\u0103t BW<\/td>\n<\/tr>\n<tr>\n<td width=\"200\">1. Material<\/td>\n<td width=\"481\">A105N<\/td>\n<\/tr>\n<tr>\n<td width=\"200\">2. Dimensiunea<\/td>\n<td width=\"481\">2\u201d<\/td>\n<\/tr>\n<tr>\n<td width=\"200\">4. Port<\/td>\n<td width=\"481\">Port reductor<\/td>\n<\/tr>\n<tr>\n<td width=\"200\">5. Presiunea de lucru<\/td>\n<td width=\"481\">2500 lb<\/td>\n<\/tr>\n<tr>\n<td width=\"200\">6. Conexiunea se termin\u0103<\/td>\n<td width=\"481\">BW<\/td>\n<\/tr>\n<tr>\n<td width=\"200\">7. Temp. de lucru.<\/td>\n<td width=\"481\">-29~425\u00baC,<\/td>\n<\/tr>\n<tr>\n<td width=\"200\">8. Mediu potrivit<\/td>\n<td width=\"481\">Ap\u0103, gaze naturale, ulei \u0219i ceva lichid coroziv<\/td>\n<\/tr>\n<tr>\n<td width=\"200\">9. Operat<\/td>\n<td width=\"481\">Roat\u0103 de m\u00e2n\u0103<\/td>\n<\/tr>\n<tr>\n<td width=\"200\">10. Inspec\u021bie \u0219i testare<\/td>\n<td width=\"481\">Conform API598<\/td>\n<\/tr>\n<tr>\n<td width=\"200\"><strong>Expediere<\/strong><\/td>\n<td width=\"481\"><\/td>\n<\/tr>\n<tr>\n<td width=\"200\">Timpul de livrare<\/td>\n<td width=\"481\">30 de zile<\/td>\n<\/tr>\n<tr>\n<td width=\"200\">Pachet<\/td>\n<td width=\"481\">Carcas\u0103 standard de export de placaj<\/td>\n<\/tr>\n<tr>\n<td width=\"200\">Portul de expediere<\/td>\n<td width=\"481\">Ningbo\/Shanghai, China<\/td>\n<\/tr>\n<tr>\n<td width=\"200\">Termeni de livrare<\/td>\n<td width=\"481\">Exw, FOB, CFR, CIF etc.<\/td>\n<\/tr>\n<tr>\n<td width=\"200\">Termeni de plat\u0103<\/td>\n<td width=\"481\">T\/T, Western Union, PayPal etc.<\/td>\n<\/tr>\n<tr>\n<td width=\"200\"><\/td>\n<td width=\"481\">Plat\u0103 anticipat\u0103 30%, sold 70% pl\u0103tit \u00eenainte de expediere<\/td>\n<\/tr>\n<tr>\n<td width=\"200\">\u021aara de origine<\/td>\n<td width=\"481\">Ora\u0219ul Wenzhou, China<\/td>\n<\/tr>\n<tr>\n<td width=\"200\">Capacitatea de produc\u021bie<\/td>\n<td width=\"481\">6000 tone\/an<\/td>\n<\/tr>\n<tr>\n<td width=\"200\">MOQ<\/td>\n<td width=\"481\">1 buc\/dimensiune<\/td>\n<\/tr>\n<\/tbody>\n<\/table>","protected":false},"excerpt":{"rendered":"<h1 class=\"product_title entry-title\">Supap\u0103 cu glob API 602 2500LB, corp A105N, DN50, cap\u0103t BW<\/h1>\n<div class=\"woocommerce-product-details__short-description\">\n<p>Model: STV-PJ61Y-2500LB-DN50-A105N<\/p>\n<p>Supapa cu glob din o\u021bel forjat este supapa care mi\u0219c\u0103 elementul de \u00eenchidere (supapa) de-a lungul liniei centrale a scaunului. \u00cen func\u021bie de forma de mi\u0219care a clapetei, modificarea deschiderii scaunului este propor\u021bional\u0103 cu cursa clapetei. Datorit\u0103 cursei relativ scurte de deschidere sau \u00eenchidere a supapei cu glob din o\u021bel forjat \u0219i a func\u021biei de \u00eenchidere foarte fiabile, supapa cu glob din o\u021bel forjat este potrivit\u0103 \u0219i pentru debitul datorit\u0103 modific\u0103rii deschiderii scaunului supapei \u0219i a cursei clapeta supapei. Ajustare. Prin urmare, supapele de \u00eenchidere din o\u021bel forjat sunt ideale pentru a fi utilizate ca decuplare sau reglare \u0219i clasificare. Cel mai evident avantaj al supapei de oprire din o\u021bel forjat este c\u0103 supapa de oprire din o\u021bel forjat este rezistent\u0103 la uzur\u0103 \u00een timpul procesului de deschidere \u0219i \u00eenchidere, deoarece frecarea dintre clapeta supapei \u0219i suprafa\u021ba de etan\u0219are a corpului supapei este mai mic\u0103 dec\u00e2t cea a supapei cu gur\u0103. . \u00cen\u0103l\u021bimea deschiderii este, \u00een general, de numai 1\/4 din diametrul canalului scaunului \u0219i, prin urmare, mult mai mic\u0103 dec\u00e2t supapa de deschidere. De obicei, exist\u0103 o singur\u0103 suprafa\u021b\u0103 de etan\u0219are pe corpul supapei \u0219i pe clapeta supapei, astfel \u00eenc\u00e2t procesul de fabrica\u021bie este mai bun \u0219i u\u0219or de reparat.<\/p>\n<p>STV Valve Technology Group Co., Ltd este un lider profesionist China API 602 2500LB Supap\u0103 Globe, Supap\u0103 Glob Capot\u0103 Sigiliu Presiune, Supap\u0103 Glob Capot\u0103 Sigiliu Presiune DN50, Supap\u0103 Glob Capot\u0103 Sigiliu Capot\u0103 din o\u021bel forjat, Supap\u0103 Glob Capot\u0103 Sigiliu Presiune A105N, Presiune final\u0103 BW Seal Bonnet Globe valve Produc\u0103tor de \u00eenalt\u0103 calitate \u0219i pre\u021b competitiv.<\/p>\n<p>V\u0103 rug\u0103m s\u0103 contacta\u021bi sales@stvvalve.com pentru alte materiale \u0219i detalii.<\/p>\n<p>Fi\u0219\u0103 de date:<a href=\"https:\/\/www.stvvalves.com\/wp-content\/uploads\/2019\/05\/api-602-2500lb-globe-valve-a105n-body-dn50-bw-end-draqing.pdf\">Supap\u0103 cu glob API 602 2500LB, corp A105N, DN50, cap\u0103t BW<\/a><\/p>\n<\/div>","protected":false},"featured_media":4881,"template":"","meta":[],"product_brand":[],"product_cat":[64,45],"product_tag":[909,906,908,910,907],"class_list":{"0":"post-4874","1":"product","2":"type-product","3":"status-publish","4":"has-post-thumbnail","6":"product_cat-foreged-steel-globe-valve","7":"product_cat-globe-valve","8":"product_tag-a105n-pressure-seal-bonnet-globe-valve","9":"product_tag-api-602-2500lb-globe-valve","10":"product_tag-bw-end-pressure-seal-bonnet-globe-valve","11":"product_tag-forged-steel-pressure-seal-bonnet-globe-valve","12":"product_tag-pressure-seal-bonnet-globe-valve","14":"first","15":"instock","16":"shipping-taxable","17":"product-type-simple"},"_links":{"self":[{"href":"https:\/\/www.stvvalves.com\/ro\/wp-json\/wp\/v2\/product\/4874","targetHints":{"allow":["GET"]}}],"collection":[{"href":"https:\/\/www.stvvalves.com\/ro\/wp-json\/wp\/v2\/product"}],"about":[{"href":"https:\/\/www.stvvalves.com\/ro\/wp-json\/wp\/v2\/types\/product"}],"wp:featuredmedia":[{"embeddable":true,"href":"https:\/\/www.stvvalves.com\/ro\/wp-json\/wp\/v2\/media\/4881"}],"wp:attachment":[{"href":"https:\/\/www.stvvalves.com\/ro\/wp-json\/wp\/v2\/media?parent=4874"}],"wp:term":[{"taxonomy":"product_brand","embeddable":true,"href":"https:\/\/www.stvvalves.com\/ro\/wp-json\/wp\/v2\/product_brand?post=4874"},{"taxonomy":"product_cat","embeddable":true,"href":"https:\/\/www.stvvalves.com\/ro\/wp-json\/wp\/v2\/product_cat?post=4874"},{"taxonomy":"product_tag","embeddable":true,"href":"https:\/\/www.stvvalves.com\/ro\/wp-json\/wp\/v2\/product_tag?post=4874"}],"curies":[{"name":"wp","href":"https:\/\/api.w.org\/{rel}","templated":true}]}}