{"id":4898,"date":"2019-05-26T15:16:36","date_gmt":"2019-05-26T15:16:36","guid":{"rendered":"https:\/\/www.stvvalves.com\/?post_type=product&#038;p=4898"},"modified":"2025-02-17T18:31:54","modified_gmt":"2025-02-17T10:31:54","slug":"din-bellows-seal-globe-valves-gg25-body-pn16-dn250","status":"publish","type":"product","link":"https:\/\/www.stvvalves.com\/ro\/products\/din-bellows-seal-globe-valves-gg25-body-pn16-dn250\/","title":{"rendered":"Supape cu etan\u0219are cu burduf DIN, corp GG25, PN16, DN250"},"content":{"rendered":"<p class=\"p0\">Caracteristicile supapelor de etan\u0219are cu burduf:<br \/>\n\u25cf Garnitura burduf cu perete dublu standard.<br \/>\n\u25cfDop cu scaun marginal<br \/>\n\u25cf Garnitura cu burduf sudata pe capota<br \/>\n\u25cfScaun sudat<br \/>\n\u25cf Burduful etan\u0219eaz\u0103 10.000 de cicluri de \u00eenc\u0103rcare<br \/>\n\u25cf Filet exterior al tijei<br \/>\n\u25cf Etan\u0219are secundar\u0103: etan\u0219are a glandei (cu punte)<br \/>\n\u25cf Garnitura spate a tijei<br \/>\n\u25cf Garnitur\u0103 jug, cu dubl\u0103 camer\u0103<br \/>\n\u25cf Tij\u0103 cu fir \u00eent\u0103rit \u00een rol\u0103<br \/>\nSpecifica\u021bie tehnic\u0103<br \/>\nStandard de proiectare: DIN 3356<br \/>\nDimensiune fa\u021b\u0103 \u00een fa\u021b\u0103: DIN 3202<br \/>\nCapetele flan\u0219e: DIN 2543-2545<br \/>\nTest \u0219i inspec\u021bie: DIN 3230<\/p>\n<p>Aplica\u021bie: sistem de ulei cald, sistem de abur, sistem de ap\u0103 cald\u0103 \u0219i rece etc.<br \/>\nMediu: abur, gaze, ap\u0103 cald\u0103, ulei termic, amoniac etc.<br \/>\nMateriale: GG25(EN-GJL-250),GGG40,1.0619+N(GS-C25),1.4308(CF8), 1.4408(CF8M)<br \/>\nMateriale burduf: SS304, SS316, SS316L, SS 310S, Hasstelly C<br \/>\nGama de dimensiuni: DN15-DN400<br \/>\nPresiune: PN16-PN40<br \/>\nTemperatura: \u2264600 \u2103<\/p>\n<table>\n<tbody>\n<tr>\n<td width=\"200\"><strong>numele produsului<\/strong><\/td>\n<td width=\"481\">Supape cu etan\u0219are cu burduf DIN, corp GG25, PN16, DN250<\/td>\n<\/tr>\n<tr>\n<td width=\"200\">1. Material<\/td>\n<td width=\"481\">GG25<\/td>\n<\/tr>\n<tr>\n<td width=\"200\">2. Dimensiunea<\/td>\n<td width=\"481\">10\u201d<\/td>\n<\/tr>\n<tr>\n<td width=\"200\">4. Port<\/td>\n<td width=\"481\">Port complet<\/td>\n<\/tr>\n<tr>\n<td width=\"200\">5. Presiunea de lucru<\/td>\n<td width=\"481\">PN16<\/td>\n<\/tr>\n<tr>\n<td width=\"200\">6. Conexiunea se termin\u0103<\/td>\n<td width=\"481\">RF<\/td>\n<\/tr>\n<tr>\n<td width=\"200\">7. Temp. de lucru.<\/td>\n<td width=\"481\">-29~425\u00baC,<\/td>\n<\/tr>\n<tr>\n<td width=\"200\">8. Mediu potrivit<\/td>\n<td width=\"481\">Ap\u0103, gaze naturale, ulei \u0219i ceva lichid coroziv<\/td>\n<\/tr>\n<tr>\n<td width=\"200\">9. Operat<\/td>\n<td width=\"481\">Roat\u0103 de m\u00e2n\u0103<\/td>\n<\/tr>\n<tr>\n<td width=\"200\">10. Inspec\u021bie \u0219i testare<\/td>\n<td width=\"481\">Conform DIN 3230<\/td>\n<\/tr>\n<tr>\n<td width=\"200\"><strong>Expediere<\/strong><\/td>\n<td width=\"481\"><\/td>\n<\/tr>\n<tr>\n<td width=\"200\">Timpul de livrare<\/td>\n<td width=\"481\">30 de zile<\/td>\n<\/tr>\n<tr>\n<td width=\"200\">Pachet<\/td>\n<td width=\"481\">Carcas\u0103 standard de export de placaj<\/td>\n<\/tr>\n<tr>\n<td width=\"200\">Portul de expediere<\/td>\n<td width=\"481\">Ningbo\/Shanghai, China<\/td>\n<\/tr>\n<tr>\n<td width=\"200\">Termeni de livrare<\/td>\n<td width=\"481\">Exw, FOB, CFR, CIF etc.<\/td>\n<\/tr>\n<tr>\n<td width=\"200\">Termeni de plat\u0103<\/td>\n<td width=\"481\">T\/T, Western Union, PayPal etc.<\/td>\n<\/tr>\n<tr>\n<td width=\"200\"><\/td>\n<td width=\"481\">Plat\u0103 anticipat\u0103 30%, sold 70% pl\u0103tit \u00eenainte de expediere<\/td>\n<\/tr>\n<tr>\n<td width=\"200\">\u021aara de origine<\/td>\n<td width=\"481\">Ora\u0219ul Wenzhou, China<\/td>\n<\/tr>\n<tr>\n<td width=\"200\">Capacitatea de produc\u021bie<\/td>\n<td width=\"481\">6000 tone\/an<\/td>\n<\/tr>\n<tr>\n<td width=\"200\">MOQ<\/td>\n<td width=\"481\">1 buc\/dimensiune<\/td>\n<\/tr>\n<\/tbody>\n<\/table>","protected":false},"excerpt":{"rendered":"<p>Model: STV-WJ41Y-PN40-WCB-DN100<\/p>\n<p>Supapa de etan\u0219are cu burduf DIN conform DIN EN este aplicabil\u0103 pentru t\u0103ierea \u0219i conectarea conductelor medii care sunt utilizate \u00een diverse industrii, cum ar fi industria chimic\u0103 petrolier\u0103, farmacie, \u00eengr\u0103\u0219\u0103minte chimice, industria energiei electrice etc. la presiune nominal\u0103 de PN1.6-16MPa \u0219i de lucru. temperatura de -29\u00b0C \u2013 350\u00b0C<\/p>\n<div class=\"woocommerce-product-details__short-description\">\n<p>STV Valve Technology Group Co., Ltd este un lider profesionist din China, supap\u0103 de etan\u0219are cu burduf, supap\u0103 de etan\u0219are cu burduf standard DIN, supap\u0103 de etan\u0219are cu burduf GG25, supap\u0103 de oprire cu burduf DIN, supap\u0103 cu etan\u0219are cu burduf Ansi 150LB cu \u00eenalt\u0103 calitate \u0219i pre\u021b competitiv.<\/p>\n<p>V\u0103 rug\u0103m s\u0103 contacta\u021bi sales@stvvalve.com pentru alte materiale \u0219i detalii.<\/p>\n<p>Fi\u0219\u0103 de date:<a href=\"https:\/\/www.stvvalves.com\/wp-content\/uploads\/2019\/05\/DIN-Bellows-Seal-Globe-Valves-GG25-Body-PN16-DN250-drawing.pdf\">Supape cu etan\u0219are cu burduf DIN, corp GG25, PN16, DN250<\/a><\/p>\n<\/div>\n<form class=\"cart\" action=\"https:\/\/www.stvvalves.com\/ro\/product\/1500lb-forged-steel-weld-bonnet-gate-valvea105n-bodydn50socket-weld-end\/\" enctype=\"multipart\/form-data\" method=\"post\" data-trp-original-action=\"https:\/\/www.stvvalves.com\/product\/1500lb-forged-steel-weld-bonnet-gate-valvea105n-bodydn50socket-weld-end\/\">\n<div class=\"wcpa_form_outer\"><\/div>\n<div class=\"quantity\"><\/div>\n<div class=\"addquotelistlink\">\n<div class=\"quotelistadd_prodpage\"><\/div>\n<\/div>\n<input type=\"hidden\" name=\"trp-form-language\" value=\"ro\"\/><\/form>","protected":false},"featured_media":4901,"template":"","meta":[],"product_brand":[],"product_cat":[65,45],"product_tag":[1011,915,1010,914,916],"class_list":{"0":"post-4898","1":"product","2":"type-product","3":"status-publish","4":"has-post-thumbnail","6":"product_cat-bellow-seal-globe-valve","7":"product_cat-globe-valve","8":"product_tag-ansi-150lb-bellow-sealed-globe-valve","9":"product_tag-bellows-seal-globe-valve","10":"product_tag-din-bellow-stop-valve","11":"product_tag-din-standard-bellows-seal-globe-valve","12":"product_tag-gg25-bellow-globe-valve","14":"first","15":"instock","16":"shipping-taxable","17":"product-type-simple"},"_links":{"self":[{"href":"https:\/\/www.stvvalves.com\/ro\/wp-json\/wp\/v2\/product\/4898","targetHints":{"allow":["GET"]}}],"collection":[{"href":"https:\/\/www.stvvalves.com\/ro\/wp-json\/wp\/v2\/product"}],"about":[{"href":"https:\/\/www.stvvalves.com\/ro\/wp-json\/wp\/v2\/types\/product"}],"wp:featuredmedia":[{"embeddable":true,"href":"https:\/\/www.stvvalves.com\/ro\/wp-json\/wp\/v2\/media\/4901"}],"wp:attachment":[{"href":"https:\/\/www.stvvalves.com\/ro\/wp-json\/wp\/v2\/media?parent=4898"}],"wp:term":[{"taxonomy":"product_brand","embeddable":true,"href":"https:\/\/www.stvvalves.com\/ro\/wp-json\/wp\/v2\/product_brand?post=4898"},{"taxonomy":"product_cat","embeddable":true,"href":"https:\/\/www.stvvalves.com\/ro\/wp-json\/wp\/v2\/product_cat?post=4898"},{"taxonomy":"product_tag","embeddable":true,"href":"https:\/\/www.stvvalves.com\/ro\/wp-json\/wp\/v2\/product_tag?post=4898"}],"curies":[{"name":"wp","href":"https:\/\/api.w.org\/{rel}","templated":true}]}}