{"id":4942,"date":"2019-06-10T07:38:56","date_gmt":"2019-06-10T07:38:56","guid":{"rendered":"https:\/\/www.stvvalves.com\/?post_type=product&#038;p=4942"},"modified":"2026-01-17T20:46:07","modified_gmt":"2026-01-17T12:46:07","slug":"single-check-valve-pn16-f316-body-316-ptfe-trim-wafer-type","status":"publish","type":"product","link":"https:\/\/www.stvvalves.com\/ro\/products\/single-check-valve-pn16-f316-body-316-ptfe-trim-wafer-type\/","title":{"rendered":"Supap\u0103 de re\u021binere unic\u0103 PN16 , corp F316 , 316 , garnitur\u0103 PTFE , tip wafer"},"content":{"rendered":"<p>Proiectare \u0219i fabrica\u021bie:API594,API 6D<br \/>\nFa\u021b\u0103 \u00een fa\u021b\u0103 \u0219i cap\u0103t la cap\u0103t: API594, API6D, DIN3202<br \/>\nEvaluare presiune-temperatura: ASME B16.34, DIN2410<br \/>\nInspec\u021bie \u0219i testare: API598<br \/>\nFlan\u0219\u0103 de \u021beav\u0103: ASME B16.5,DIN2543~2548,GB\/T13402,API605,ASME B16.47.<\/p>\n<p>Gam\u0103 de produse<\/p>\n<p>Material corpului: o\u021bel carbon, o\u021bel inoxidabil, o\u021bel aliat, bronz<\/p>\n<p>Diametru nominal: 1\/2\u2033~48\u2033(DN15~DN1200)<\/p>\n<p>Termina\u021bi conexiunea: RF,RTJ<\/p>\n<p>Interval de presiune: Class150~900(PN16~PN150)<\/p>\n<p>Temperatura de lucru: -196\u2103~+560\u2103<\/p>\n<p>V\u0103 rug\u0103m s\u0103 contacta\u021bi v\u00e2nz\u0103rile noastre pentru alte materiale \u0219i detalii.<\/p>\n<table>\n<tbody>\n<tr>\n<td width=\"200\"><strong>numele produsului<\/strong><\/td>\n<td width=\"481\">Supap\u0103 de re\u021binere unic\u0103 PN16 , corp F316 , 316 , garnitur\u0103 PTFE , tip wafer<\/td>\n<\/tr>\n<tr>\n<td width=\"200\">1. Material<\/td>\n<td width=\"481\">F316<\/td>\n<\/tr>\n<tr>\n<td width=\"200\">2. Dimensiunea<\/td>\n<td width=\"481\">4\u201d<\/td>\n<\/tr>\n<tr>\n<td width=\"200\">4. Port<\/td>\n<td width=\"481\">Port complet<\/td>\n<\/tr>\n<tr>\n<td width=\"200\">5. Presiunea de lucru<\/td>\n<td width=\"481\">PN16<\/td>\n<\/tr>\n<tr>\n<td width=\"200\">6. Conexiunea se termin\u0103<\/td>\n<td width=\"481\">RF<\/td>\n<\/tr>\n<tr>\n<td width=\"200\">7. Temp. de lucru.<\/td>\n<td width=\"481\">-29~120\u00baC,<\/td>\n<\/tr>\n<tr>\n<td width=\"200\">8. Mediu potrivit<\/td>\n<td width=\"481\">Ap\u0103, gaze naturale, ulei \u0219i ceva lichid coroziv<\/td>\n<\/tr>\n<tr>\n<td width=\"200\">9. Operat<\/td>\n<td width=\"481\">\/<\/td>\n<\/tr>\n<tr>\n<td width=\"200\">10. Inspec\u021bie \u0219i testare<\/td>\n<td width=\"481\">Conform API598<\/td>\n<\/tr>\n<tr>\n<td width=\"200\"><strong>Expediere<\/strong><\/td>\n<td width=\"481\"><\/td>\n<\/tr>\n<tr>\n<td width=\"200\">Timpul de livrare<\/td>\n<td width=\"481\">30 de zile<\/td>\n<\/tr>\n<tr>\n<td width=\"200\">Pachet<\/td>\n<td width=\"481\">Carcas\u0103 standard de export de placaj<\/td>\n<\/tr>\n<tr>\n<td width=\"200\">Portul de expediere<\/td>\n<td width=\"481\">Ningbo\/Shanghai, China<\/td>\n<\/tr>\n<tr>\n<td width=\"200\">Termeni de livrare<\/td>\n<td width=\"481\">Exw, FOB, CFR, CIF etc.<\/td>\n<\/tr>\n<tr>\n<td width=\"200\">Termeni de plat\u0103<\/td>\n<td width=\"481\">T\/T, Western Union, PayPal etc.<\/td>\n<\/tr>\n<tr>\n<td width=\"200\"><\/td>\n<td width=\"481\">Plat\u0103 anticipat\u0103 30%, sold 70% pl\u0103tit \u00eenainte de expediere<\/td>\n<\/tr>\n<tr>\n<td width=\"200\">\u021aara de origine<\/td>\n<td width=\"481\">Ora\u0219ul Wenzhou, China<\/td>\n<\/tr>\n<tr>\n<td width=\"200\">Capacitatea de produc\u021bie<\/td>\n<td width=\"481\">6000 tone\/an<\/td>\n<\/tr>\n<tr>\n<td width=\"200\">MOQ<\/td>\n<td width=\"481\">1 buc\/dimensiune<\/td>\n<\/tr>\n<\/tbody>\n<\/table>","protected":false},"excerpt":{"rendered":"<h1 class=\"product_title entry-title\">Model: STV-H74S-PN16-F316-3\u2033<\/h1>\n<div class=\"woocommerce-product-details__short-description\">\n<p>Supapa noastr\u0103 de re\u021binere unic\u0103 PN16 este o supap\u0103 de re\u021binere ultra-sub\u021bire, care are avantajele unei structuri simple, aspect frumos, greutate u\u0219oar\u0103 \u0219i instalare convenabil\u0103. Supapele de re\u021binere sub\u021biri sunt potrivite \u00een principal pentru sistemele de alimentare cu ap\u0103, petrol, chimie, metalurgie \u0219i alte sectoare industriale, unde spa\u021biul de instalare este limitat.<\/p>\n<p>STV Valve Technology Group Co., Ltd este un lider profesionist din China Supap\u0103 de re\u021binere unic\u0103 sub\u021bire, supap\u0103 de re\u021binere cu un singur disc, supap\u0103 de re\u021binere unic\u0103 sub\u021bire din o\u021bel forjat, supap\u0103 de re\u021binere pentru napolitan\u0103, supap\u0103 de re\u021binere unic\u0103 sub\u021bire PN16, supap\u0103 de re\u021binere din o\u021bel inoxidabil. Produc\u0103tor de supap\u0103 de re\u021binere dual\u0103 cu \u00eenalt\u0103 calitate \u0219i pre\u021b competitiv.<\/p>\n<p>V\u0103 rug\u0103m s\u0103 contacta\u021bi sales@stvvalve.com pentru alte materiale \u0219i detalii.<\/p>\n<p>Fi\u0219\u0103 de date:\u00a0<a href=\"https:\/\/www.stvvalves.com\/wp-content\/uploads\/2019\/06\/Single-Check-Valve-PN16-F316-Body-316-PTFE-Trim-Wafer-Type-Drawing.pdf\">Supap\u0103 de re\u021binere unic\u0103 PN16 , corp F316 , 316 , garnitur\u0103 PTFE , tip wafer<\/a><\/p>\n<\/div>","protected":false},"featured_media":4943,"template":"","meta":[],"product_brand":[],"product_cat":[46,84],"product_tag":[226,932,933,330,931,633,225],"class_list":{"0":"post-4942","1":"product","2":"type-product","3":"status-publish","4":"has-post-thumbnail","6":"product_cat-check-valves","7":"product_cat-wafer-check-valve","8":"product_tag-dual-check-valve","9":"product_tag-forged-steel-single-thin-check-valve","10":"product_tag-pn16-single-thin-check-valve","11":"product_tag-single-disc-swing-check-valve","12":"product_tag-single-thin-check-valve","13":"product_tag-stainless-steel-check-valve","14":"product_tag-wafer-check-valve","16":"first","17":"instock","18":"shipping-taxable","19":"product-type-simple"},"_links":{"self":[{"href":"https:\/\/www.stvvalves.com\/ro\/wp-json\/wp\/v2\/product\/4942","targetHints":{"allow":["GET"]}}],"collection":[{"href":"https:\/\/www.stvvalves.com\/ro\/wp-json\/wp\/v2\/product"}],"about":[{"href":"https:\/\/www.stvvalves.com\/ro\/wp-json\/wp\/v2\/types\/product"}],"wp:featuredmedia":[{"embeddable":true,"href":"https:\/\/www.stvvalves.com\/ro\/wp-json\/wp\/v2\/media\/4943"}],"wp:attachment":[{"href":"https:\/\/www.stvvalves.com\/ro\/wp-json\/wp\/v2\/media?parent=4942"}],"wp:term":[{"taxonomy":"product_brand","embeddable":true,"href":"https:\/\/www.stvvalves.com\/ro\/wp-json\/wp\/v2\/product_brand?post=4942"},{"taxonomy":"product_cat","embeddable":true,"href":"https:\/\/www.stvvalves.com\/ro\/wp-json\/wp\/v2\/product_cat?post=4942"},{"taxonomy":"product_tag","embeddable":true,"href":"https:\/\/www.stvvalves.com\/ro\/wp-json\/wp\/v2\/product_tag?post=4942"}],"curies":[{"name":"wp","href":"https:\/\/api.w.org\/{rel}","templated":true}]}}