{"id":4955,"date":"2019-06-11T02:01:26","date_gmt":"2019-06-11T02:01:26","guid":{"rendered":"https:\/\/www.stvvalves.com\/?post_type=product&#038;p=4955"},"modified":"2025-02-17T18:31:49","modified_gmt":"2025-02-17T10:31:49","slug":"y-strainer-stainless-steel-304-ansi-150lb-14-inch-flange-end","status":"publish","type":"product","link":"https:\/\/www.stvvalves.com\/ro\/products\/y-strainer-stainless-steel-304-ansi-150lb-14-inch-flange-end\/","title":{"rendered":"Filtru Y din o\u021bel inoxidabil 304, ANSI 150LB, 14 inch, cap\u0103t cu flan\u0219\u0103"},"content":{"rendered":"<p>Design: ANSI B16.34<br \/>\nFa\u021b\u0103 \u00een fa\u021b\u0103: ANSI B 16.1<br \/>\nConexiune flan\u0219\u0103: ASME B16.5<br \/>\nConexiune sudare cap la cap: ASME B16.25<br \/>\nInspec\u021bie \u0219i testare, API 598<br \/>\nDimensiune: 1\/2\u2033 p\u00e2n\u0103 la 32\u2033<br \/>\nPresiune: 150lb p\u00e2n\u0103 la 1500lb<br \/>\nMaterial: otel forjat,<br \/>\nO\u021bel turnat, o\u021bel inoxidabil<br \/>\nDescrierea designului:<br \/>\nDesign complet portului<br \/>\ntip Y<br \/>\nEcran din o\u021bel inoxidabil<br \/>\nCapac cu \u0219uruburi cu dop de scurgere<\/p>\n<table>\n<tbody>\n<tr>\n<td width=\"200\"><strong>numele produsului<\/strong><\/td>\n<td width=\"481\">Filtru Y din o\u021bel inoxidabil 304, ANSI 150LB, 14 inch, cap\u0103t cu flan\u0219\u0103<\/td>\n<\/tr>\n<tr>\n<td width=\"200\">1. Material<\/td>\n<td width=\"481\">304<\/td>\n<\/tr>\n<tr>\n<td width=\"200\">2. Dimensiunea<\/td>\n<td width=\"481\">14\u201d<\/td>\n<\/tr>\n<tr>\n<td width=\"200\">4. Port<\/td>\n<td width=\"481\">Port complet<\/td>\n<\/tr>\n<tr>\n<td width=\"200\">5. Presiunea de lucru<\/td>\n<td width=\"481\">150 lb<\/td>\n<\/tr>\n<tr>\n<td width=\"200\">6. Conexiunea se termin\u0103<\/td>\n<td width=\"481\">RF<\/td>\n<\/tr>\n<tr>\n<td width=\"200\">7. Temp. de lucru.<\/td>\n<td width=\"481\">-29~425\u00baC,<\/td>\n<\/tr>\n<tr>\n<td width=\"200\">8. Mediu potrivit<\/td>\n<td width=\"481\">Ap\u0103, gaze naturale, ulei \u0219i ceva lichid coroziv<\/td>\n<\/tr>\n<tr>\n<td width=\"200\">9. Operat<\/td>\n<td width=\"481\">\/<\/td>\n<\/tr>\n<tr>\n<td width=\"200\">10. Inspec\u021bie \u0219i testare<\/td>\n<td width=\"481\">Conform API598<\/td>\n<\/tr>\n<tr>\n<td width=\"200\"><strong>Expediere<\/strong><\/td>\n<td width=\"481\"><\/td>\n<\/tr>\n<tr>\n<td width=\"200\">Timpul de livrare<\/td>\n<td width=\"481\">30 de zile<\/td>\n<\/tr>\n<tr>\n<td width=\"200\">Pachet<\/td>\n<td width=\"481\">Carcas\u0103 standard de export de placaj<\/td>\n<\/tr>\n<tr>\n<td width=\"200\">Portul de expediere<\/td>\n<td width=\"481\">Ningbo\/Shanghai, China<\/td>\n<\/tr>\n<tr>\n<td width=\"200\">Termeni de livrare<\/td>\n<td width=\"481\">Exw, FOB, CFR, CIF etc.<\/td>\n<\/tr>\n<tr>\n<td width=\"200\">Termeni de plat\u0103<\/td>\n<td width=\"481\">T\/T, Western Union, PayPal etc.<\/td>\n<\/tr>\n<tr>\n<td width=\"200\"><\/td>\n<td width=\"481\">Plat\u0103 anticipat\u0103 30%, sold 70% pl\u0103tit \u00eenainte de expediere<\/td>\n<\/tr>\n<tr>\n<td width=\"200\">\u021aara de origine<\/td>\n<td width=\"481\">Ora\u0219ul Wenzhou, China<\/td>\n<\/tr>\n<tr>\n<td width=\"200\">Capacitatea de produc\u021bie<\/td>\n<td width=\"481\">6000 tone\/an<\/td>\n<\/tr>\n<tr>\n<td width=\"200\">MOQ<\/td>\n<td width=\"481\">1 buc\/dimensiune<\/td>\n<\/tr>\n<\/tbody>\n<\/table>","protected":false},"excerpt":{"rendered":"<p>Model: GL41H-ANSI 150LB-CF8-14\u2033<\/p>\n<p>Y-Strainer Stainless Steel 304 este un dispozitiv indispensabil \u00een conductele medii. De obicei, este instalat la intrarea supapei de limitare a presiunii, supapei de limitare a presiunii, supapei fixe de nivel a apei sau alte echipamente pentru a elimina impurit\u0103\u021bile din mediu, pentru a proteja utilizarea normal\u0103 a supapelor \u0219i echipamentelor.<\/p>\n<p>Y-Strainer Stainless Steel 304 sunt utilizate \u00een principal pentru filtrarea impurit\u0103\u021bilor din conducte. Materialele din o\u021bel inoxidabil sunt folosite pentru anticoroziune \u0219i antirugin\u0103. O\u021belul inoxidabil este utilizat pe scar\u0103 larg\u0103 \u00een industria chimic\u0103, ap\u0103 de la robinet, alimente \u0219i alte conducte anticorozive \u0219i antirugin\u0103<\/p>\n<p>STV Valve Technology Group Co., Ltd este un lider profesionist din China, sita Y de 150 lb, sita tip Y cu flansa, sita Y cu flansa ANSI 304, producator de supape cu sita din otel inoxidabil de 14 inchi cu o calitate ridicata si un pret competitiv.<\/p>\n<p>V\u0103 rug\u0103m s\u0103 contacta\u021bi sales@stvvalve.com pentru alte materiale \u0219i mai multe detalii.<\/p>\n<p>Fi\u0219\u0103 de date:<a href=\"https:\/\/www.stvvalves.com\/wp-content\/uploads\/2019\/06\/Y-Strainer-Stainless-Steel-304-ANSI-150LB-14-Inch-Flange-End-Drawing.pdf\">Filtru Y din o\u021bel inoxidabil 304, ANSI 150LB, 14 inch, cap\u0103t cu flan\u0219\u0103<\/a><\/p>","protected":false},"featured_media":4956,"template":"","meta":[],"product_brand":[],"product_cat":[85,48],"product_tag":[941,938,939,940],"class_list":{"0":"post-4955","1":"product","2":"type-product","3":"status-publish","4":"has-post-thumbnail","6":"product_cat-stainless-steel-y-type-strainer","7":"product_cat-y-strainer","8":"product_tag-14-inch-stainless-steel-strainer-valve-manufacturer","9":"product_tag-150lb-y-strainer","10":"product_tag-ansi-304-flanged-y-strainer","11":"product_tag-flange-y-type-strainer","13":"first","14":"instock","15":"shipping-taxable","16":"product-type-simple"},"_links":{"self":[{"href":"https:\/\/www.stvvalves.com\/ro\/wp-json\/wp\/v2\/product\/4955","targetHints":{"allow":["GET"]}}],"collection":[{"href":"https:\/\/www.stvvalves.com\/ro\/wp-json\/wp\/v2\/product"}],"about":[{"href":"https:\/\/www.stvvalves.com\/ro\/wp-json\/wp\/v2\/types\/product"}],"wp:featuredmedia":[{"embeddable":true,"href":"https:\/\/www.stvvalves.com\/ro\/wp-json\/wp\/v2\/media\/4956"}],"wp:attachment":[{"href":"https:\/\/www.stvvalves.com\/ro\/wp-json\/wp\/v2\/media?parent=4955"}],"wp:term":[{"taxonomy":"product_brand","embeddable":true,"href":"https:\/\/www.stvvalves.com\/ro\/wp-json\/wp\/v2\/product_brand?post=4955"},{"taxonomy":"product_cat","embeddable":true,"href":"https:\/\/www.stvvalves.com\/ro\/wp-json\/wp\/v2\/product_cat?post=4955"},{"taxonomy":"product_tag","embeddable":true,"href":"https:\/\/www.stvvalves.com\/ro\/wp-json\/wp\/v2\/product_tag?post=4955"}],"curies":[{"name":"wp","href":"https:\/\/api.w.org\/{rel}","templated":true}]}}