{"id":4959,"date":"2019-06-11T02:45:26","date_gmt":"2019-06-11T02:45:26","guid":{"rendered":"https:\/\/www.stvvalves.com\/?post_type=product&#038;p=4959"},"modified":"2025-02-17T18:31:48","modified_gmt":"2025-02-17T10:31:48","slug":"pn16-cast-iron-y-strainer-bs-en-1092-2-flanged-end","status":"publish","type":"product","link":"https:\/\/www.stvvalves.com\/ro\/products\/pn16-cast-iron-y-strainer-bs-en-1092-2-flanged-end\/","title":{"rendered":"Sita Y din font\u0103 PN16, BS EN 1092-2, cap\u0103t cu flan\u0219\u0103"},"content":{"rendered":"<p>Sita Y din font\u0103 PN16, BS EN 1092-2, cap\u0103t cu flan\u0219\u0103<br \/>\nDimensiune: 1\/2 p\u00e2n\u0103 la 12 inci<br \/>\nStandard de testare: API 598<br \/>\nCaroseria si capota: fonta<br \/>\nEcran plas\u0103: o\u021bel inoxidabil<br \/>\nPresiune nominal\u0103: PN1.0\/1.6mPa<br \/>\nDisc: font\u0103, font\u0103 ductil\u0103 \u0219i cauciuc<br \/>\nAp\u0103, abur \u0219i ulei ca mediu adecvat<br \/>\n\u0218urub \u0219i piuli\u021b\u0103: o\u021bel carbon zincat<br \/>\nStandard: ANSI, DIN3202-F1 \u0219i BS2080<br \/>\nSit\u0103 tip Y din font\u0103, sit\u0103re Y din font\u0103<br \/>\nDimensiune: ANSI B16.1, DIN3202-F1 \u0219i BS2080<br \/>\nFlan\u0219a forat\u0103 este conform ANSI B16.1, ANSI B16.5, DIN 2501 \u0219i BS4504<\/p>\n<table>\n<tbody>\n<tr>\n<td width=\"200\"><strong>numele produsului<\/strong><\/td>\n<td width=\"481\">Sita Y din font\u0103 PN16, BS EN 1092-2, cap\u0103t cu flan\u0219\u0103<\/td>\n<\/tr>\n<tr>\n<td width=\"200\">1. Material<\/td>\n<td width=\"481\">CI<\/td>\n<\/tr>\n<tr>\n<td width=\"200\">2. Dimensiunea<\/td>\n<td width=\"481\">3\u201d<\/td>\n<\/tr>\n<tr>\n<td width=\"200\">4. Port<\/td>\n<td width=\"481\">Port complet<\/td>\n<\/tr>\n<tr>\n<td width=\"200\">5. Presiunea de lucru<\/td>\n<td width=\"481\">PN16<\/td>\n<\/tr>\n<tr>\n<td width=\"200\">6. Conexiunea se termin\u0103<\/td>\n<td width=\"481\">RF<\/td>\n<\/tr>\n<tr>\n<td width=\"200\">7. Temp. de lucru.<\/td>\n<td width=\"481\">-29~200\u00baC,<\/td>\n<\/tr>\n<tr>\n<td width=\"200\">8. Mediu potrivit<\/td>\n<td width=\"481\">Ap\u0103, gaze naturale, ulei \u0219i ceva lichid coroziv<\/td>\n<\/tr>\n<tr>\n<td width=\"200\">9. Operat<\/td>\n<td width=\"481\">\/<\/td>\n<\/tr>\n<tr>\n<td width=\"200\">10. Inspec\u021bie \u0219i testare<\/td>\n<td width=\"481\">Conform API598<\/td>\n<\/tr>\n<tr>\n<td width=\"200\"><strong>Expediere<\/strong><\/td>\n<td width=\"481\"><\/td>\n<\/tr>\n<tr>\n<td width=\"200\">Timpul de livrare<\/td>\n<td width=\"481\">30 de zile<\/td>\n<\/tr>\n<tr>\n<td width=\"200\">Pachet<\/td>\n<td width=\"481\">Carcas\u0103 standard de export de placaj<\/td>\n<\/tr>\n<tr>\n<td width=\"200\">Portul de expediere<\/td>\n<td width=\"481\">Ningbo\/Shanghai, China<\/td>\n<\/tr>\n<tr>\n<td width=\"200\">Termeni de livrare<\/td>\n<td width=\"481\">Exw, FOB, CFR, CIF etc.<\/td>\n<\/tr>\n<tr>\n<td width=\"200\">Termeni de plat\u0103<\/td>\n<td width=\"481\">T\/T, Western Union, PayPal etc.<\/td>\n<\/tr>\n<tr>\n<td width=\"200\"><\/td>\n<td width=\"481\">Plat\u0103 anticipat\u0103 30%, sold 70% pl\u0103tit \u00eenainte de expediere<\/td>\n<\/tr>\n<tr>\n<td width=\"200\">\u021aara de origine<\/td>\n<td width=\"481\">Ora\u0219ul Wenzhou, China<\/td>\n<\/tr>\n<tr>\n<td width=\"200\">Capacitatea de produc\u021bie<\/td>\n<td width=\"481\">6000 tone\/an<\/td>\n<\/tr>\n<tr>\n<td width=\"200\">MOQ<\/td>\n<td width=\"481\">1 buc\/dimensiune<\/td>\n<\/tr>\n<\/tbody>\n<\/table>","protected":false},"excerpt":{"rendered":"<p>Model: GL41H-PN16-DI-4\u2033<\/p>\n<p>Sita Y din font\u0103 PN16, materialul corpului filtrului de tip Y din font\u0103 este font\u0103 gri, potrivit pentru ap\u0103, abur, produse petroliere, dimensiune nominal\u0103 DN32-DN500, utilizat pentru presiunea de lucru 1,0 MPa conduct\u0103, murd\u0103rie medie filtrabil\u0103, rugin\u0103 \u0219i alte impurit\u0103\u021bi. C\u00e2nd filtrul din font\u0103 necesit\u0103 cur\u0103\u021bare, at\u00e2ta timp c\u00e2t cartu\u015ful filtrului deta\u0219abil este scos, impurit\u0103\u021bile filtrate sunt \u00eendep\u0103rtate \u0219i re\u00eenc\u0103rcate, utilizarea \u0219i \u00eentre\u021binerea sunt foarte convenabile. Filtrul este de dimensiuni mici, de dimensiuni mici, de rezisten\u021b\u0103 mic\u0103, de mare efect, u\u0219or de instalat \u0219i reparat, cost redus \u0219i timp de drenaj scurt. Dureaz\u0103 doar 5-10 minute pentru filtrele de dimensiuni mici. Re\u021beaua general\u0103 de alimentare cu ap\u0103 este de 18-30 ochiuri\/cm2, re\u021beaua de ventila\u021bie este de 40-100 ochiuri\/cm2, iar re\u021beaua de alimentare cu ulei este de 100-300 ochiuri\/cm2.<\/p>\n<p>STV Valve Technology Group Co., Ltd este un lider profesionist din China, sita tip Y din font\u0103 cu flan\u0219\u0103 PN16, sit\u0103 tip Y cu flan\u0219\u0103, sit\u0103 Y din font\u0103, sit\u0103 DIN Y, produc\u0103tor de font\u0103 cu flan\u0219\u0103 Y-Strainer cu \u00eenalt\u0103 calitate \u0219i pre\u021b competitiv.<\/p>\n<p>V\u0103 rug\u0103m s\u0103 contacta\u021bi sales@stvvalve.com pentru alte materiale \u0219i mai multe detalii.<\/p>\n<p>Fi\u0219\u0103 de date:<a href=\"https:\/\/www.stvvalves.com\/wp-content\/uploads\/2019\/06\/pn16-cast-iron-y-strainer-bs-en-1092-2-flanged-end-drawing.pdf\">Sita Y din font\u0103 PN16, BS EN 1092-2, cap\u0103t cu flan\u0219\u0103<\/a><\/p>","protected":false},"featured_media":4961,"template":"","meta":[],"product_brand":[],"product_cat":[72,48],"product_tag":[943,942,944,945],"class_list":{"0":"post-4959","1":"product","2":"type-product","3":"status-publish","4":"has-post-thumbnail","6":"product_cat-cast-steel-y-type-strainer","7":"product_cat-y-strainer","8":"product_tag-cast-iron-y-strainer","9":"product_tag-cast-iron-y-type-strainer-flanged-pn16","10":"product_tag-din-y-strainer","11":"product_tag-y-strainer-flange-cast-iron","13":"first","14":"instock","15":"shipping-taxable","16":"product-type-simple"},"_links":{"self":[{"href":"https:\/\/www.stvvalves.com\/ro\/wp-json\/wp\/v2\/product\/4959","targetHints":{"allow":["GET"]}}],"collection":[{"href":"https:\/\/www.stvvalves.com\/ro\/wp-json\/wp\/v2\/product"}],"about":[{"href":"https:\/\/www.stvvalves.com\/ro\/wp-json\/wp\/v2\/types\/product"}],"wp:featuredmedia":[{"embeddable":true,"href":"https:\/\/www.stvvalves.com\/ro\/wp-json\/wp\/v2\/media\/4961"}],"wp:attachment":[{"href":"https:\/\/www.stvvalves.com\/ro\/wp-json\/wp\/v2\/media?parent=4959"}],"wp:term":[{"taxonomy":"product_brand","embeddable":true,"href":"https:\/\/www.stvvalves.com\/ro\/wp-json\/wp\/v2\/product_brand?post=4959"},{"taxonomy":"product_cat","embeddable":true,"href":"https:\/\/www.stvvalves.com\/ro\/wp-json\/wp\/v2\/product_cat?post=4959"},{"taxonomy":"product_tag","embeddable":true,"href":"https:\/\/www.stvvalves.com\/ro\/wp-json\/wp\/v2\/product_tag?post=4959"}],"curies":[{"name":"wp","href":"https:\/\/api.w.org\/{rel}","templated":true}]}}