{"id":4976,"date":"2019-06-26T07:55:08","date_gmt":"2019-06-26T07:55:08","guid":{"rendered":"https:\/\/www.stvvalves.com\/?post_type=product&#038;p=4976"},"modified":"2025-02-17T18:31:38","modified_gmt":"2025-02-17T10:31:38","slug":"astm-a217-wc6-globe-valve-600lb-dn100-rtj-flange-end","status":"publish","type":"product","link":"https:\/\/www.stvvalves.com\/ro\/products\/astm-a217-wc6-globe-valve-600lb-dn100-rtj-flange-end\/","title":{"rendered":"Supap\u0103 cu glob ASTM A217 WC6, 600 LB, DN100, cap\u0103t flan\u0219\u0103 RTJ"},"content":{"rendered":"<p>Proiectare conform ASME B16.34<br \/>\nFa\u021b\u0103 \u00een fa\u021b\u0103\/Cap la cap\u0103t: ASME B16.10<br \/>\nDimensiuni flansa: ASME B16.5<br \/>\nCap\u0103t sudat: ASME B.16.25<br \/>\nDesign de baz\u0103: BS 1873<br \/>\nTestare la API 598<\/p>\n<p>Dimensiune: 2\u2033~60\u201d<\/p>\n<p>Presiune nominal\u0103: clasa 150-2500LB<\/p>\n<p>Material caroserie: ASTM A216 WCB, A217 WC6, A351 CF8, A351 CF8M,<\/p>\n<p>A351 CF3, A351 CF3M, A351 CN7M etc.<\/p>\n<p>Conexiunea final\u0103: RF, RTJ, BW<\/p>\n<p>Temperatura de lucru: -29\u2103~650\u2103<\/p>\n<p>Func\u021bionare: roat\u0103 de m\u00e2n\u0103, cutie de viteze, electric\u0103 etc.<\/p>\n<div id=\"attachment_4977\" style=\"width: 2209px\" class=\"wp-caption alignleft\"><img loading=\"lazy\" decoding=\"async\" aria-describedby=\"caption-attachment-4977\" class=\"size-full wp-image-4977\" src=\"https:\/\/www.stvvalves.com\/wp-content\/uploads\/2019\/06\/ASTM-A217-WC6-Globe-Valve-600LB-DN100-RTJ-Flange-End-Drawing.jpg\" alt=\"\" width=\"2199\" height=\"1700\" srcset=\"https:\/\/www.stvvalves.com\/wp-content\/uploads\/2019\/06\/ASTM-A217-WC6-Globe-Valve-600LB-DN100-RTJ-Flange-End-Drawing.jpg 2199w, https:\/\/www.stvvalves.com\/wp-content\/uploads\/2019\/06\/ASTM-A217-WC6-Globe-Valve-600LB-DN100-RTJ-Flange-End-Drawing-600x464.jpg 600w, https:\/\/www.stvvalves.com\/wp-content\/uploads\/2019\/06\/ASTM-A217-WC6-Globe-Valve-600LB-DN100-RTJ-Flange-End-Drawing-300x232.jpg 300w, https:\/\/www.stvvalves.com\/wp-content\/uploads\/2019\/06\/ASTM-A217-WC6-Globe-Valve-600LB-DN100-RTJ-Flange-End-Drawing-768x594.jpg 768w, https:\/\/www.stvvalves.com\/wp-content\/uploads\/2019\/06\/ASTM-A217-WC6-Globe-Valve-600LB-DN100-RTJ-Flange-End-Drawing-1030x796.jpg 1030w, https:\/\/www.stvvalves.com\/wp-content\/uploads\/2019\/06\/ASTM-A217-WC6-Globe-Valve-600LB-DN100-RTJ-Flange-End-Drawing-1500x1160.jpg 1500w, https:\/\/www.stvvalves.com\/wp-content\/uploads\/2019\/06\/ASTM-A217-WC6-Globe-Valve-600LB-DN100-RTJ-Flange-End-Drawing-705x545.jpg 705w\" sizes=\"auto, (max-width: 2199px) 100vw, 2199px\" \/><p id=\"caption-attachment-4977\" class=\"wp-caption-text\">Supape cu glob Astm A217 Wc6 din China, supap\u0103 cu glob din o\u021bel turnat BS1873 API 600, supap\u0103 cu glob pentru cap\u0103tul flan\u0219ei RTJ, supap\u0103 cu glob WC6 de 600LB, produc\u0103tor cu robinet cu flan\u0219\u0103<\/p><\/div>","protected":false},"excerpt":{"rendered":"<p>Model: STV-J41H-600LB-4\u2033-WC6<br \/>\nSupapa cu glob ASTM A217 WC6 este potrivit\u0103 pentru t\u0103ierea sau conectarea mediului pe conduct\u0103 \u00een diferite condi\u021bii de lucru, cum ar fi industria petrolier\u0103, chimic\u0103, farmaceutic\u0103, \u00eengr\u0103\u0219\u0103minte \u0219i energie electric\u0103, cu presiune nominal\u0103 PN1.6~16.0Mpa \u0219i temperatura de lucru -29~550\u00b0 C. Mediu aplicabil: ap\u0103, ulei, abur, mediu acid etc. Modurile de func\u021bionare sunt: manual\u0103, transmisie cu viteze, electric, pneumatic \u0219i a\u0219a mai departe.<\/p>\n<p>STV Valve Technology Group Co., Ltd este un lider profesionist China Astm A217 Wc6 Supape Globe, Supape Globe BS1873 API 600 din o\u021bel turnat, Supap\u0103 Glob Cap Flange RTJ, Supap\u0103 Globe WC6 600LB, Produc\u0103tor de Supape Globe cu flan\u0219\u0103 cu \u00eenalt\u0103 calitate \u0219i pre\u021b competitiv.<\/p>\n<p>V\u0103 rug\u0103m s\u0103 contacta\u021bi sales@stvvalve.com pentru alte materiale \u0219i detalii.<\/p>\n<p>Fi\u0219\u0103 de date:<a href=\"https:\/\/www.stvvalves.com\/wp-content\/uploads\/2019\/06\/ASTM-A217-WC6-Globe-Valve-600LB-DN100-RTJ-Flange-End-Drawing.pdf\">Supap\u0103 cu glob ASTM A217 WC6, 600 LB, DN100, cap\u0103t flan\u0219\u0103 RTJ<\/a><\/p>","protected":false},"featured_media":4979,"template":"","meta":[],"product_brand":[],"product_cat":[48],"product_tag":[959,956,957,960,958],"class_list":{"0":"post-4976","1":"product","2":"type-product","3":"status-publish","4":"has-post-thumbnail","6":"product_cat-y-strainer","7":"product_tag-600lb-wc6-globe-valve","8":"product_tag-astm-a217-wc6-globe-valves","9":"product_tag-bs1873-api-600-cast-steel-globe-valve","10":"product_tag-flanged-globe-valve-manufacturer","11":"product_tag-rtj-flange-end-globe-valve","13":"first","14":"instock","15":"shipping-taxable","16":"product-type-simple"},"_links":{"self":[{"href":"https:\/\/www.stvvalves.com\/ro\/wp-json\/wp\/v2\/product\/4976","targetHints":{"allow":["GET"]}}],"collection":[{"href":"https:\/\/www.stvvalves.com\/ro\/wp-json\/wp\/v2\/product"}],"about":[{"href":"https:\/\/www.stvvalves.com\/ro\/wp-json\/wp\/v2\/types\/product"}],"wp:featuredmedia":[{"embeddable":true,"href":"https:\/\/www.stvvalves.com\/ro\/wp-json\/wp\/v2\/media\/4979"}],"wp:attachment":[{"href":"https:\/\/www.stvvalves.com\/ro\/wp-json\/wp\/v2\/media?parent=4976"}],"wp:term":[{"taxonomy":"product_brand","embeddable":true,"href":"https:\/\/www.stvvalves.com\/ro\/wp-json\/wp\/v2\/product_brand?post=4976"},{"taxonomy":"product_cat","embeddable":true,"href":"https:\/\/www.stvvalves.com\/ro\/wp-json\/wp\/v2\/product_cat?post=4976"},{"taxonomy":"product_tag","embeddable":true,"href":"https:\/\/www.stvvalves.com\/ro\/wp-json\/wp\/v2\/product_tag?post=4976"}],"curies":[{"name":"wp","href":"https:\/\/api.w.org\/{rel}","templated":true}]}}