{"id":5098,"date":"2019-07-15T06:39:02","date_gmt":"2019-07-15T06:39:02","guid":{"rendered":"https:\/\/www.stvvalves.com\/?post_type=product&#038;p=5098"},"modified":"2025-02-17T18:31:37","modified_gmt":"2025-02-17T10:31:37","slug":"astm-a192-seamless-steel-pipe","status":"publish","type":"product","link":"https:\/\/www.stvvalves.com\/ro\/products\/astm-a192-seamless-steel-pipe\/","title":{"rendered":"ASTM A192 Seamless Steel Pipe"},"content":{"rendered":"<p>\u021aeav\u0103 f\u0103r\u0103 sudur\u0103, o\u021bel carbon, lungime fix\u0103 de 6 metri. OD60.3mm x 3.4mm x 12m.<\/p>\n<p>Grosime: 38 \u2013 38,1 mm<\/p>\n<p>Forma sec\u021biunii: rotund\u0103<\/p>\n<p>Diametru exterior (rotund): 228,5 \u2013 228,6 mm<\/p>\n<p>Locul de origine: China<\/p>\n<p>Aplica\u021bie: \u021beav\u0103 de ulei<\/p>\n<p>Tehnica: laminat la cald<\/p>\n<p>Certificare: API<\/p>\n<p>Tratament de suprafa\u021b\u0103: galvanizat<\/p>\n<p>Lungime: 6 m, 5,8 m, 11,8 m, 12 m sau dup\u0103 cum este necesar<\/p>\n<p>Detalii de ambalare: Pachet standard pentru export sau dup\u0103 cum este necesar.<\/p>\n<p>Grosimea peretelui: 1,5 inch<\/p>","protected":false},"excerpt":{"rendered":"<p>China\u00a0<a href=\"https:\/\/www.stvvalves.com\/ro\/wholesale\/carbon-steel-pipe-and-stainless-steel-pipe\/\">Teava din otel carbon<\/a> Supapa STV de produc\u0103tor ofer\u0103 ASTM A192, \u021beav\u0103 din o\u021bel f\u0103r\u0103 sudur\u0103, cap\u0103t PE, OD60,3 mm x 3,4 mm x 12 m..<\/p>","protected":false},"featured_media":5099,"template":"","meta":[],"product_brand":[],"product_cat":[42],"product_tag":[979,977,983,984,975,974,982,976,986,981,985,973,978,980],"class_list":{"0":"post-5098","1":"product","2":"type-product","3":"status-publish","4":"has-post-thumbnail","6":"product_cat-carbon-steel-pipe-and-stainless-steel-pipe","7":"product_tag-alloy-steel","8":"product_tag-carbon-steel","9":"product_tag-carbon-steel-pipes","10":"product_tag-cs-pipe","11":"product_tag-galvanized-pipe","12":"product_tag-iron-pipes","13":"product_tag-pipes","14":"product_tag-piping-system-in-ductile-iron","15":"product_tag-plain-end","16":"product_tag-seamless-pipe","17":"product_tag-seamless-steel-pipe","18":"product_tag-seamless-welded-steel-pipes","19":"product_tag-stainless-steel","20":"product_tag-steel-pipes","22":"first","23":"instock","24":"shipping-taxable","25":"product-type-simple"},"_links":{"self":[{"href":"https:\/\/www.stvvalves.com\/ro\/wp-json\/wp\/v2\/product\/5098","targetHints":{"allow":["GET"]}}],"collection":[{"href":"https:\/\/www.stvvalves.com\/ro\/wp-json\/wp\/v2\/product"}],"about":[{"href":"https:\/\/www.stvvalves.com\/ro\/wp-json\/wp\/v2\/types\/product"}],"wp:featuredmedia":[{"embeddable":true,"href":"https:\/\/www.stvvalves.com\/ro\/wp-json\/wp\/v2\/media\/5099"}],"wp:attachment":[{"href":"https:\/\/www.stvvalves.com\/ro\/wp-json\/wp\/v2\/media?parent=5098"}],"wp:term":[{"taxonomy":"product_brand","embeddable":true,"href":"https:\/\/www.stvvalves.com\/ro\/wp-json\/wp\/v2\/product_brand?post=5098"},{"taxonomy":"product_cat","embeddable":true,"href":"https:\/\/www.stvvalves.com\/ro\/wp-json\/wp\/v2\/product_cat?post=5098"},{"taxonomy":"product_tag","embeddable":true,"href":"https:\/\/www.stvvalves.com\/ro\/wp-json\/wp\/v2\/product_tag?post=5098"}],"curies":[{"name":"wp","href":"https:\/\/api.w.org\/{rel}","templated":true}]}}