{"id":5100,"date":"2019-07-15T06:51:28","date_gmt":"2019-07-15T06:51:28","guid":{"rendered":"https:\/\/www.stvvalves.com\/?post_type=product&#038;p=5100"},"modified":"2025-02-17T18:31:20","modified_gmt":"2025-02-17T10:31:20","slug":"astm-a106-a53-api-5l-gr-b-smls-steel-pipe","status":"publish","type":"product","link":"https:\/\/www.stvvalves.com\/ro\/products\/astm-a106-a53-api-5l-gr-b-smls-steel-pipe\/","title":{"rendered":"ASTM A106\/A53 API 5L GR.B SMLS Teava de otel"},"content":{"rendered":"<p>ASTM A106\/A53 API 5L GR.B SMLS Teava de otel<\/p>\n<p>Standard: ASTM, DIN, GB, JIS<\/p>\n<p>Grup de calitate: A53-A369, aliaj Cr-Mo<\/p>\n<p>Grosime: 1 \u2013 120 mm<\/p>\n<p>Forma sec\u021biunii: rotund\u0103<\/p>\n<p>Diametru exterior (rotund): 6 \u2013 2500 mm<\/p>\n<p>Locul de origine: China<\/p>\n<p>Aplica\u021bie: industrie, industrie chimic\u0103<\/p>\n<p>Tehnica: laminat la cald<\/p>\n<p>Certificare: BV,TUV<\/p>\n<p>Tratament de suprafa\u021b\u0103: vopsit, zinc<\/p>\n<p>Secundar sau nu: non-secundar<\/p>\n<p>Suprafa\u021b\u0103: vopsit \u00een negru, acoperit cu PE<\/p>\n<p>Lungime: 6 m, 5,8 m, 11,8 m, 12 m sau dup\u0103 cum este necesar<\/p>\n<p>Detalii de ambalare: Pachet standard pentru export sau dup\u0103 cum este necesar.<\/p>\n<p>Port: Portul Tianjin<\/p>","protected":false},"excerpt":{"rendered":"<p>China\u00a0<a href=\"https:\/\/www.stvvalves.com\/ro\/wholesale\/carbon-steel-pipe-and-stainless-steel-pipe\/\">Teava din otel carbon<\/a> Produc\u0103torul STV Valve ofer\u0103 \u021bevi din o\u021bel f\u0103r\u0103 sudur\u0103 din carbon, \u021bevi din o\u021bel f\u0103r\u0103 sudur\u0103, ASTM A106 Gr.B \u021bevi din o\u021bel f\u0103r\u0103 sudur\u0103 de carbon de \u00eenalt\u0103 calitate.<\/p>","protected":false},"featured_media":5101,"template":"","meta":[],"product_brand":[],"product_cat":[42],"product_tag":[988,987,985],"class_list":{"0":"post-5100","1":"product","2":"type-product","3":"status-publish","4":"has-post-thumbnail","6":"product_cat-carbon-steel-pipe-and-stainless-steel-pipe","7":"product_tag-astm-a106-gr-b-high-quality-carbon-seamless-steel-pipe","8":"product_tag-carbon-seamless-steel-pipe","9":"product_tag-seamless-steel-pipe","11":"first","12":"instock","13":"shipping-taxable","14":"product-type-simple"},"_links":{"self":[{"href":"https:\/\/www.stvvalves.com\/ro\/wp-json\/wp\/v2\/product\/5100","targetHints":{"allow":["GET"]}}],"collection":[{"href":"https:\/\/www.stvvalves.com\/ro\/wp-json\/wp\/v2\/product"}],"about":[{"href":"https:\/\/www.stvvalves.com\/ro\/wp-json\/wp\/v2\/types\/product"}],"wp:featuredmedia":[{"embeddable":true,"href":"https:\/\/www.stvvalves.com\/ro\/wp-json\/wp\/v2\/media\/5101"}],"wp:attachment":[{"href":"https:\/\/www.stvvalves.com\/ro\/wp-json\/wp\/v2\/media?parent=5100"}],"wp:term":[{"taxonomy":"product_brand","embeddable":true,"href":"https:\/\/www.stvvalves.com\/ro\/wp-json\/wp\/v2\/product_brand?post=5100"},{"taxonomy":"product_cat","embeddable":true,"href":"https:\/\/www.stvvalves.com\/ro\/wp-json\/wp\/v2\/product_cat?post=5100"},{"taxonomy":"product_tag","embeddable":true,"href":"https:\/\/www.stvvalves.com\/ro\/wp-json\/wp\/v2\/product_tag?post=5100"}],"curies":[{"name":"wp","href":"https:\/\/api.w.org\/{rel}","templated":true}]}}