{"id":5112,"date":"2019-07-17T03:19:05","date_gmt":"2019-07-17T03:19:05","guid":{"rendered":"https:\/\/www.stvvalves.com\/?post_type=product&#038;p=5112"},"modified":"2025-02-17T18:31:17","modified_gmt":"2025-02-17T10:31:17","slug":"2500-lb-swing-check-valve-wcb-body-8-inch-butt-weld-end","status":"publish","type":"product","link":"https:\/\/www.stvvalves.com\/ro\/products\/2500-lb-swing-check-valve-wcb-body-8-inch-butt-weld-end\/","title":{"rendered":"Supap\u0103 de re\u021binere oscilant\u0103 de 2500 LB, corp WCB, 8 inchi, cap\u0103t cu sudur\u0103 cap la cap"},"content":{"rendered":"<p>Proiectare \u0219i fabrica\u021bie: E101, BS1868, API594, API6D, ASME B16.34, API603<\/p>\n<p>Inspec\u021bie \u0219i testare: API598, API600 sau API 6D<br \/>\nASME B16.5(pentru NPS\u226424,ASME B 16.47 seria B,API 605,ASME B16.47A seria,MSS SP-44(pentru NPS\uff1e24)<\/p>\n<p>Dimensiune final\u0103 BW: ASME B16.25<\/p>\n<p>Fa\u021b\u0103 \u00een fa\u021b\u0103 \u0219i cap\u0103t la cap\u0103t: ASME B16.10<\/p>\n<p>Evalu\u0103ri presiune-temperatura: ASME B16.34<\/p>\n<p>Gam\u0103 de produse<\/p>\n<p>Material corp: o\u021bel carbon, o\u021bel inoxidabil, o\u021bel aliat<\/p>\n<p>Diametru nominal: 2\u2033~36\u2033(DN50~DN900)<\/p>\n<p>Termina\u021bi conexiunea: RF,RTJ, BW<\/p>\n<p>Interval de presiune: Class150~2500(PN16~PN420)<\/p>\n<p>Temperatura de lucru: -29\u2103~+560\u2103<\/p>\n<table style=\"height: 1089px;\" width=\"751\">\n<tbody>\n<tr>\n<td>Numele produsului:<\/td>\n<td>Supap\u0103 de re\u021binere oscilant\u0103 de 2500 LB, corp WCB, 8 inchi, cap\u0103t cu sudur\u0103 cap la cap<\/td>\n<\/tr>\n<tr>\n<td>1.Material:<\/td>\n<td>WCB<\/td>\n<\/tr>\n<tr>\n<td>2. Dimensiune:<\/td>\n<td>8&#8243;<\/td>\n<\/tr>\n<tr>\n<td>3.Port:<\/td>\n<td>DEPLIN<\/td>\n<\/tr>\n<tr>\n<td>4. Temperatura de lucru:<\/td>\n<td>-29 \u00b0C-425 \u00b0C<\/td>\n<\/tr>\n<tr>\n<td>5. Sf\u00e2r\u0219itul conexiunii:<\/td>\n<td>BW<\/td>\n<\/tr>\n<tr>\n<td>6. Presiune de lucru:<\/td>\n<td>2500 LB<\/td>\n<\/tr>\n<tr>\n<td>7. Mediu potrivit:<\/td>\n<td>Ap\u0103, gaze naturale, ulei \u0219i ceva lichid coroziv<\/td>\n<\/tr>\n<tr>\n<td>8. Operat:<\/td>\n<td>\/<\/td>\n<\/tr>\n<tr>\n<td>9. Inspec\u021bie \u0219i testare<\/td>\n<td>Conform API 598<\/td>\n<\/tr>\n<tr>\n<td>Certificat:<\/td>\n<td>ISO, CE\/API 6D<\/td>\n<\/tr>\n<tr>\n<td><strong>Expediere<\/strong><\/td>\n<td>&nbsp;<\/td>\n<\/tr>\n<tr>\n<td>Timpul de livrare<\/td>\n<td>30 de zile<\/td>\n<\/tr>\n<tr>\n<td>Pachet<\/td>\n<td>Carcas\u0103 standard de export de placaj<\/td>\n<\/tr>\n<tr>\n<td>Portul de expediere<\/td>\n<td>Ningbo\/Shanghai, China<\/td>\n<\/tr>\n<tr>\n<td>Termeni de livrare<\/td>\n<td>Exw, FOB, CFR, CIF etc.<\/td>\n<\/tr>\n<tr>\n<td>Termeni de plat\u0103<\/td>\n<td>T\/T, Western Union, PayPal etc.<\/td>\n<\/tr>\n<tr>\n<td>&nbsp;<\/td>\n<td>Plat\u0103 anticipat\u0103 30%, sold 70% pl\u0103tit \u00eenainte de expediere<\/td>\n<\/tr>\n<tr>\n<td>\u021aara de origine<\/td>\n<td>Ora\u0219ul Wenzhou, China<\/td>\n<\/tr>\n<tr>\n<td>Capacitatea de produc\u021bie<\/td>\n<td>6000 tone\/an<\/td>\n<\/tr>\n<tr>\n<td>MOQ<\/td>\n<td>10 buc\/dimensiune<\/td>\n<\/tr>\n<\/tbody>\n<\/table>","protected":false},"excerpt":{"rendered":"<p>Model: STV-H64Y-2500LB-8\u2033-WCB<\/p>\n<p>Supap\u0103 de re\u021binere oscilant\u0103 la cap\u0103t de sudare cap la cap pentru Class1500 ~ 2500Lb, diferite temperaturi de lucru ale conductei de la -29 la 570 grade C pentru industria petrolier\u0103 \u0219i chimic\u0103, centrale electrice \u0219i a\u0219a mai departe.<\/p>\n<div class=\"woocommerce-product-details__short-description\">\n<p>STV Valve Technology Group Co., Ltd este un lider profesionist China WCB Supap\u0103 de re\u021binere oscilant\u0103, Supap\u0103 de re\u021binere BS 1868, Supap\u0103 de re\u021binere API 6D, Supap\u0103 de re\u021binere 8 IN, Supap\u0103 de re\u021binere clasa 2500, Supap\u0103 de re\u021binere sudata cap la cap, Central\u0103 electric\u0103 Supap\u0103 de re\u021binere oscilant\u0103, Produc\u0103tor de supape de re\u021binere a sta\u021biei de alimentare cu \u00eenalt\u0103 calitate \u0219i pre\u021b competitiv.<\/p>\n<p>V\u0103 rug\u0103m s\u0103 contacta\u021bi sales@stvvalve.com pentru alte materiale \u0219i detalii.<\/p>\n<p>Fi\u0219\u0103 de date:<a href=\"https:\/\/www.stvvalves.com\/wp-content\/uploads\/2019\/07\/2500-lb-swing-check-valve-wcb-body-8-inch-butt-weld-end-DRAWING.pdf\">Supap\u0103 de re\u021binere oscilant\u0103 de 2500 LB, corp WCB, 8 inchi, cap\u0103t cu sudur\u0103 cap la cap<\/a><\/p>\n<\/div>\n<form class=\"cart\" action=\"https:\/\/www.stvvalves.com\/ro\/product\/1500lb-pressure-seal-gate-valve-wc6-body-dn250-flange-end\/\" enctype=\"multipart\/form-data\" method=\"post\" data-trp-original-action=\"https:\/\/www.stvvalves.com\/product\/1500lb-pressure-seal-gate-valve-wc6-body-dn250-flange-end\/\">\n<div class=\"wcpa_form_outer\"><\/div>\n<div class=\"quantity\"><\/div>\n<div class=\"addquotelistlink\">\n<div class=\"quotelistadd_prodpage\"><\/div>\n<\/div>\n<input type=\"hidden\" name=\"trp-form-language\" value=\"ro\"\/><\/form>","protected":false},"featured_media":5113,"template":"","meta":[],"product_brand":[],"product_cat":[83,46],"product_tag":[1038,1034,1033,1036,1035,1037,336],"class_list":{"0":"post-5112","1":"product","2":"type-product","3":"status-publish","4":"has-post-thumbnail","6":"product_cat-cast-steel-check-valve","7":"product_cat-check-valves","8":"product_tag-8-in-swing-check-valve","9":"product_tag-api-6d-swing-check-valve","10":"product_tag-bs-1868-swing-check-valve","11":"product_tag-butt-welded-swing-check-valve","12":"product_tag-class-2500-swing-check-valve","13":"product_tag-power-station-swing-check-valve","14":"product_tag-wcb-swing-check-valve","16":"first","17":"instock","18":"shipping-taxable","19":"product-type-simple"},"_links":{"self":[{"href":"https:\/\/www.stvvalves.com\/ro\/wp-json\/wp\/v2\/product\/5112","targetHints":{"allow":["GET"]}}],"collection":[{"href":"https:\/\/www.stvvalves.com\/ro\/wp-json\/wp\/v2\/product"}],"about":[{"href":"https:\/\/www.stvvalves.com\/ro\/wp-json\/wp\/v2\/types\/product"}],"wp:featuredmedia":[{"embeddable":true,"href":"https:\/\/www.stvvalves.com\/ro\/wp-json\/wp\/v2\/media\/5113"}],"wp:attachment":[{"href":"https:\/\/www.stvvalves.com\/ro\/wp-json\/wp\/v2\/media?parent=5112"}],"wp:term":[{"taxonomy":"product_brand","embeddable":true,"href":"https:\/\/www.stvvalves.com\/ro\/wp-json\/wp\/v2\/product_brand?post=5112"},{"taxonomy":"product_cat","embeddable":true,"href":"https:\/\/www.stvvalves.com\/ro\/wp-json\/wp\/v2\/product_cat?post=5112"},{"taxonomy":"product_tag","embeddable":true,"href":"https:\/\/www.stvvalves.com\/ro\/wp-json\/wp\/v2\/product_tag?post=5112"}],"curies":[{"name":"wp","href":"https:\/\/api.w.org\/{rel}","templated":true}]}}