{"id":5121,"date":"2019-07-17T05:54:57","date_gmt":"2019-07-17T05:54:57","guid":{"rendered":"https:\/\/www.stvvalves.com\/?post_type=product&#038;p=5121"},"modified":"2025-02-17T18:31:15","modified_gmt":"2025-02-17T10:31:15","slug":"pressure-seal-swing-check-valve-a217-wc6-4-inch-1500lb-trim-8","status":"publish","type":"product","link":"https:\/\/www.stvvalves.com\/ro\/products\/pressure-seal-swing-check-valve-a217-wc6-4-inch-1500lb-trim-8\/","title":{"rendered":"Supap\u0103 de re\u021binere a etan\u0219\u0103rii de presiune, A217 WC6,4 inch, 1500LB, Trim 8"},"content":{"rendered":"<p>Proiectare \u0219i fabrica\u021bie: E101, BS1868, API594, API6D, ASME B16.34, API603<\/p>\n<p>Inspec\u021bie \u0219i testare: API598, API600 sau API 6D<br \/>\nASME B16.5(pentru NPS\u226424,ASME B 16.47 seria B,API 605,ASME B16.47A seria,MSS SP-44(pentru NPS\uff1e24)<\/p>\n<p>Dimensiune final\u0103 BW: ASME B16.25<\/p>\n<p>Fa\u021b\u0103 \u00een fa\u021b\u0103 \u0219i cap\u0103t la cap\u0103t: ASME B16.10<\/p>\n<p>Evalu\u0103ri presiune-temperatura: ASME B16.34<\/p>\n<p>Gam\u0103 de produse<\/p>\n<p>Material corp: o\u021bel carbon, o\u021bel inoxidabil, o\u021bel aliat<\/p>\n<p>Diametru nominal: 2\u2033~36\u2033(DN50~DN900)<\/p>\n<p>Termina\u021bi conexiunea: RF,RTJ, BW<\/p>\n<p>Interval de presiune: Class150~2500(PN16~PN420)<\/p>\n<p>Temperatura de lucru: -29\u2103~+560\u2103<\/p>\n<table>\n<tbody>\n<tr>\n<td width=\"200\"><strong>numele produsului<\/strong><\/td>\n<td width=\"481\">Supap\u0103 de re\u021binere a etan\u0219\u0103rii de presiune, A217 WC6,4 inch, 1500LB, Trim 8<\/td>\n<\/tr>\n<tr>\n<td width=\"200\">1. Material<\/td>\n<td width=\"481\">WC6<\/td>\n<\/tr>\n<tr>\n<td width=\"200\">2. Dimensiunea<\/td>\n<td width=\"481\">4\u201d<\/td>\n<\/tr>\n<tr>\n<td width=\"200\">4. Port<\/td>\n<td width=\"481\">Port complet<\/td>\n<\/tr>\n<tr>\n<td width=\"200\">5. Presiunea de lucru<\/td>\n<td width=\"481\">1500 LB<\/td>\n<\/tr>\n<tr>\n<td width=\"200\">6. Conexiunea se termin\u0103<\/td>\n<td width=\"481\">Sudura cap la cap<\/td>\n<\/tr>\n<tr>\n<td width=\"200\">7. Temp. de lucru.<\/td>\n<td width=\"481\">-29~425\u00baC,<\/td>\n<\/tr>\n<tr>\n<td width=\"200\">8. Mediu potrivit<\/td>\n<td width=\"481\">Ap\u0103, gaze naturale, ulei \u0219i ceva lichid coroziv<\/td>\n<\/tr>\n<tr>\n<td width=\"200\">9. Operat<\/td>\n<td width=\"481\">\/<\/td>\n<\/tr>\n<tr>\n<td width=\"200\">10. Inspec\u021bie \u0219i testare<\/td>\n<td width=\"481\">Conform API 598<\/td>\n<\/tr>\n<tr>\n<td width=\"200\"><strong>Expediere<\/strong><\/td>\n<td width=\"481\">&nbsp;<\/td>\n<\/tr>\n<tr>\n<td width=\"200\">Timpul de livrare<\/td>\n<td width=\"481\">30 de zile<\/td>\n<\/tr>\n<tr>\n<td width=\"200\">Pachet<\/td>\n<td width=\"481\">Carcas\u0103 standard de export de placaj<\/td>\n<\/tr>\n<tr>\n<td width=\"200\">Portul de expediere<\/td>\n<td width=\"481\">Ningbo\/Shanghai, China<\/td>\n<\/tr>\n<tr>\n<td width=\"200\">Termeni de livrare<\/td>\n<td width=\"481\">Exw, FOB, CFR, CIF etc.<\/td>\n<\/tr>\n<tr>\n<td width=\"200\">Termeni de plat\u0103<\/td>\n<td width=\"481\">T\/T, Western Union, PayPal etc.<\/td>\n<\/tr>\n<tr>\n<td width=\"200\">&nbsp;<\/td>\n<td width=\"481\">Plat\u0103 anticipat\u0103 30%, sold 70% pl\u0103tit \u00eenainte de expediere<\/td>\n<\/tr>\n<tr>\n<td width=\"200\">\u021aara de origine<\/td>\n<td width=\"481\">Ora\u0219ul Wenzhou, China<\/td>\n<\/tr>\n<tr>\n<td width=\"200\">Capacitatea de produc\u021bie<\/td>\n<td width=\"481\">6000 tone\/an<\/td>\n<\/tr>\n<tr>\n<td width=\"200\">MOQ<\/td>\n<td width=\"481\">10 buc\/dimensiune<\/td>\n<\/tr>\n<\/tbody>\n<\/table>\n<p>&nbsp;<\/p>","protected":false},"excerpt":{"rendered":"<p>Model: STV-H64Y-1500LB-4\u2033-WC6<\/p>\n<div class=\"woocommerce-product-details__short-description\">\n<p>STV Valve Technology Group Co., Ltd este un lider profesionist China WC6 Supap\u0103 de re\u021binere oscilant\u0103, Supap\u0103 de re\u021binere BS 1868, Supap\u0103 de re\u021binere API 6D, Supap\u0103 de re\u021binere 4 IN, Supap\u0103 de re\u021binere clasa 1500, Supap\u0103 de re\u021binere sudata cap la cap, Central\u0103 electric\u0103 Supap\u0103 de re\u021binere oscilant\u0103, Supap\u0103 de re\u021binere oscilant\u0103 pentru central\u0103 electric\u0103, etan\u0219are de presiune Produc\u0103tor de supape de re\u021binere oscilante cu \u00eenalt\u0103 calitate \u0219i pre\u021b competitiv.<\/p>\n<p>V\u0103 rug\u0103m s\u0103 contacta\u021bi sales@stvvalve.com pentru alte materiale \u0219i detalii.<\/p>\n<p>Fi\u0219\u0103 de date:<a href=\"https:\/\/www.stvvalves.com\/wp-content\/uploads\/2019\/07\/Pressure-Seal-Swing-Check-Valve-A217-WC6-4-Inch-1500LB-Trim-8-drawing.pdf\">Supap\u0103 de re\u021binere a etan\u0219\u0103rii de presiune, A217 WC6,4 inch, 1500LB, Trim 8<\/a><\/p>\n<\/div>","protected":false},"featured_media":5123,"template":"","meta":[],"product_brand":[],"product_cat":[83,46],"product_tag":[1043,1034,1033,1036,1044,1037,1045,1042],"class_list":{"0":"post-5121","1":"product","2":"type-product","3":"status-publish","4":"has-post-thumbnail","6":"product_cat-cast-steel-check-valve","7":"product_cat-check-valves","8":"product_tag-4-in-swing-check-valve","9":"product_tag-api-6d-swing-check-valve","10":"product_tag-bs-1868-swing-check-valve","11":"product_tag-butt-welded-swing-check-valve","12":"product_tag-class-1500-swing-check-valve","13":"product_tag-power-station-swing-check-valve","14":"product_tag-power-station-swing-check-valve8141c64f649aa10a30e48bdb99fa3eccf7af065b4b625c7c4d110ee570dfa2a6ef8141c64f649aa10a30e48bdb99fa3eccf7af065b4b625c7c4d110ee570dfa2a6bc8141c64f649aa10a30e48bdb99fa3ecc","15":"product_tag-wc6-swing-check-valve","17":"first","18":"instock","19":"shipping-taxable","20":"product-type-simple"},"_links":{"self":[{"href":"https:\/\/www.stvvalves.com\/ro\/wp-json\/wp\/v2\/product\/5121","targetHints":{"allow":["GET"]}}],"collection":[{"href":"https:\/\/www.stvvalves.com\/ro\/wp-json\/wp\/v2\/product"}],"about":[{"href":"https:\/\/www.stvvalves.com\/ro\/wp-json\/wp\/v2\/types\/product"}],"wp:featuredmedia":[{"embeddable":true,"href":"https:\/\/www.stvvalves.com\/ro\/wp-json\/wp\/v2\/media\/5123"}],"wp:attachment":[{"href":"https:\/\/www.stvvalves.com\/ro\/wp-json\/wp\/v2\/media?parent=5121"}],"wp:term":[{"taxonomy":"product_brand","embeddable":true,"href":"https:\/\/www.stvvalves.com\/ro\/wp-json\/wp\/v2\/product_brand?post=5121"},{"taxonomy":"product_cat","embeddable":true,"href":"https:\/\/www.stvvalves.com\/ro\/wp-json\/wp\/v2\/product_cat?post=5121"},{"taxonomy":"product_tag","embeddable":true,"href":"https:\/\/www.stvvalves.com\/ro\/wp-json\/wp\/v2\/product_tag?post=5121"}],"curies":[{"name":"wp","href":"https:\/\/api.w.org\/{rel}","templated":true}]}}