{"id":5129,"date":"2019-07-17T06:44:20","date_gmt":"2019-07-17T06:44:20","guid":{"rendered":"https:\/\/www.stvvalves.com\/?post_type=product&#038;p=5129"},"modified":"2025-05-20T20:29:22","modified_gmt":"2025-05-20T12:29:22","slug":"wcb-din-lift-check-valve-dn250-pn100-flange-end","status":"publish","type":"product","link":"https:\/\/www.stvvalves.com\/ro\/products\/wcb-din-lift-check-valve-dn250-pn100-flange-end\/","title":{"rendered":"Supap\u0103 de re\u021binere WCB DIN, DN250, PN100, cap\u0103t cu flan\u0219\u0103"},"content":{"rendered":"<p>Proiectare \u0219i fabrica\u021bie: DIN 3840 \/ BS EN 1868<br \/>\nFa\u021b\u0103 \u00een fa\u021b\u0103: DIN 3202\/BS EN558-1<br \/>\nCapetele cu flan\u0219\u0103: DIN 2543\/BS EN1092-1<br \/>\nInspec\u021bie \u0219i testare: DIN 3230\/BS EN12569<\/p>\n<p>Presiune: PN10~PN160<br \/>\nDimensiune: DN40~DN900<br \/>\nMaterial: GS-C25,1.0619,1.4803,1.4408,WCB,LCB,CF8,CF8M,CF3,CF3M,CF8C etc.<\/p>\n<table width=\"751\">\n<tbody>\n<tr>\n<td>Numele produsului:<\/td>\n<td>Supap\u0103 de re\u021binere WCB DIN, DN250, PN100, cap\u0103t cu flan\u0219\u0103<\/td>\n<\/tr>\n<tr>\n<td>1.Material:<\/td>\n<td>WCB<\/td>\n<\/tr>\n<tr>\n<td>2. Dimensiune:<\/td>\n<td>4\u2033<\/td>\n<\/tr>\n<tr>\n<td>3.Port:<\/td>\n<td>DEPLIN<\/td>\n<\/tr>\n<tr>\n<td>4. Temperatura de lucru:<\/td>\n<td>-29 \u00b0C-425 \u00b0C<\/td>\n<\/tr>\n<tr>\n<td>5. Sf\u00e2r\u0219itul conexiunii:<\/td>\n<td>RF<\/td>\n<\/tr>\n<tr>\n<td>6. Presiune de lucru:<\/td>\n<td>PN100<\/td>\n<\/tr>\n<tr>\n<td>7. Mediu potrivit:<\/td>\n<td>Ap\u0103, gaze naturale, ulei \u0219i ceva lichid coroziv<\/td>\n<\/tr>\n<tr>\n<td>8. Operat:<\/td>\n<td>\/<\/td>\n<\/tr>\n<tr>\n<td>9. Inspec\u021bie \u0219i testare<\/td>\n<td>Conform DIN 3230<\/td>\n<\/tr>\n<tr>\n<td>Certificat:<\/td>\n<td>ISO, CE\/API 6D<\/td>\n<\/tr>\n<tr>\n<td><strong>Expediere<\/strong><\/td>\n<td><\/td>\n<\/tr>\n<tr>\n<td>Timpul de livrare<\/td>\n<td>30 de zile<\/td>\n<\/tr>\n<tr>\n<td>Pachet<\/td>\n<td>Carcas\u0103 standard de export de placaj<\/td>\n<\/tr>\n<tr>\n<td>Portul de expediere<\/td>\n<td>Ningbo\/Shanghai, China<\/td>\n<\/tr>\n<tr>\n<td>Termeni de livrare<\/td>\n<td>Exw, FOB, CFR, CIF etc.<\/td>\n<\/tr>\n<tr>\n<td>Termeni de plat\u0103<\/td>\n<td>T\/T, Western Union, PayPal etc.<\/td>\n<\/tr>\n<tr>\n<td><\/td>\n<td>Plat\u0103 anticipat\u0103 30%, sold 70% pl\u0103tit \u00eenainte de expediere<\/td>\n<\/tr>\n<tr>\n<td>\u021aara de origine<\/td>\n<td>Ora\u0219ul Wenzhou, China<\/td>\n<\/tr>\n<tr>\n<td>Capacitatea de produc\u021bie<\/td>\n<td>6000 tone\/an<\/td>\n<\/tr>\n<tr>\n<td>MOQ<\/td>\n<td>10 buc\/dimensiune<\/td>\n<\/tr>\n<\/tbody>\n<\/table>\n<p>&nbsp;<\/p>","protected":false},"excerpt":{"rendered":"<div class=\"woocommerce-product-details__short-description\">\n<p>Model: H44Y-PN100-DN250-WCB<\/p>\n<p>STV Valve Technology Group Co., Ltd este un lider profesionist China Supap\u0103 de re\u021binere pentru ridicare flan\u0219\u0103, Supap\u0103 de re\u021binere de ridicare DIN, Supap\u0103 de re\u021binere de ridicare EN, Supap\u0103 de re\u021binere DIN, Supap\u0103 de re\u021binere de ridicare WCB, Supap\u0103 de re\u021binere de ridicare PN 100, Supap\u0103 de re\u021binere de ridicare DN250, produc\u0103tor cu de \u00eenalt\u0103 calitate \u0219i pre\u021b competitiv.<\/p>\n<p>Pentru a afla mai multe despre aceste supape Bine a\u021bi venit s\u0103 contacta\u021bi sales@stvvalve.com<br \/>\nFi\u0219\u0103 de date:<a href=\"https:\/\/www.stvvalves.com\/wp-content\/uploads\/2019\/07\/wcb-din-lift-check-valve-dn250-pn100-flange-end-drawing.pdf\">Supap\u0103 de re\u021binere WCB DIN, DN250, PN100, cap\u0103t cu flan\u0219\u0103<\/a><\/p>\n<\/div>","protected":false},"featured_media":5132,"template":"","meta":[],"product_brand":[],"product_cat":[83,46],"product_tag":[1051,1049,1054,1050,1048,1053,1052],"class_list":{"0":"post-5129","1":"product","2":"type-product","3":"status-publish","4":"has-post-thumbnail","6":"product_cat-cast-steel-check-valve","7":"product_cat-check-valves","8":"product_tag-din-check-valve","9":"product_tag-din-lift-check-valve","10":"product_tag-dn250-lift-check-valve","11":"product_tag-en-lift-check-valve","12":"product_tag-flange-lift-check-valve","13":"product_tag-pn-100-lift-check-valve","14":"product_tag-wcb-lift-check-valve","16":"first","17":"instock","18":"shipping-taxable","19":"product-type-simple"},"_links":{"self":[{"href":"https:\/\/www.stvvalves.com\/ro\/wp-json\/wp\/v2\/product\/5129","targetHints":{"allow":["GET"]}}],"collection":[{"href":"https:\/\/www.stvvalves.com\/ro\/wp-json\/wp\/v2\/product"}],"about":[{"href":"https:\/\/www.stvvalves.com\/ro\/wp-json\/wp\/v2\/types\/product"}],"wp:featuredmedia":[{"embeddable":true,"href":"https:\/\/www.stvvalves.com\/ro\/wp-json\/wp\/v2\/media\/5132"}],"wp:attachment":[{"href":"https:\/\/www.stvvalves.com\/ro\/wp-json\/wp\/v2\/media?parent=5129"}],"wp:term":[{"taxonomy":"product_brand","embeddable":true,"href":"https:\/\/www.stvvalves.com\/ro\/wp-json\/wp\/v2\/product_brand?post=5129"},{"taxonomy":"product_cat","embeddable":true,"href":"https:\/\/www.stvvalves.com\/ro\/wp-json\/wp\/v2\/product_cat?post=5129"},{"taxonomy":"product_tag","embeddable":true,"href":"https:\/\/www.stvvalves.com\/ro\/wp-json\/wp\/v2\/product_tag?post=5129"}],"curies":[{"name":"wp","href":"https:\/\/api.w.org\/{rel}","templated":true}]}}