{"id":5133,"date":"2019-07-17T08:55:48","date_gmt":"2019-07-17T08:55:48","guid":{"rendered":"https:\/\/www.stvvalves.com\/?post_type=product&#038;p=5133"},"modified":"2024-12-24T22:47:20","modified_gmt":"2024-12-24T14:47:20","slug":"din-lift-check-valvedn125wcbpn250weld-end","status":"publish","type":"product","link":"https:\/\/www.stvvalves.com\/ro\/products\/din-lift-check-valvedn125wcbpn250weld-end\/","title":{"rendered":"Supap\u0103 de re\u021binere de ridicare DIN, DN125, WCB, PN250, cap\u0103t sudat"},"content":{"rendered":"<p>Proiectare \u0219i fabrica\u021bie: DIN 3840 \/ BS EN 1868<br \/>\nFa\u021b\u0103 \u00een fa\u021b\u0103: DIN 3202\/BS EN558-1<br \/>\nCapetele cu flan\u0219\u0103: DIN 2543\/BS EN1092-1<br \/>\nInspec\u021bie \u0219i testare: DIN 3230\/BS EN12569<\/p>\n<p>Presiune: PN10~PN420<br \/>\nDimensiune: DN40~DN900<br \/>\nMaterial: GS-C25,1.0619,1.4803,1.4408,WCB,LCB,CF8,CF8M,CF3,CF3M,CF8C etc.<\/p>\n<table width=\"751\">\n<tbody>\n<tr>\n<td>Numele produsului:<\/td>\n<td>Supap\u0103 de re\u021binere de ridicare DIN, DN125, WCB, PN250, cap\u0103t sudat<\/td>\n<\/tr>\n<tr>\n<td>1.Material:<\/td>\n<td>WCB<\/td>\n<\/tr>\n<tr>\n<td>2. Dimensiune:<\/td>\n<td>5\u2033<\/td>\n<\/tr>\n<tr>\n<td>3.Port:<\/td>\n<td>DEPLIN<\/td>\n<\/tr>\n<tr>\n<td>4. Temperatura de lucru:<\/td>\n<td>-29 \u00b0C-425 \u00b0C<\/td>\n<\/tr>\n<tr>\n<td>5. Sf\u00e2r\u0219itul conexiunii:<\/td>\n<td>BW<\/td>\n<\/tr>\n<tr>\n<td>6. Presiune de lucru:<\/td>\n<td>PN250<\/td>\n<\/tr>\n<tr>\n<td>7. Mediu potrivit:<\/td>\n<td>Ap\u0103, gaze naturale, ulei \u0219i ceva lichid coroziv<\/td>\n<\/tr>\n<tr>\n<td>8. Operat:<\/td>\n<td>\/<\/td>\n<\/tr>\n<tr>\n<td>9. Inspec\u021bie \u0219i testare<\/td>\n<td>Conform DIN 3230<\/td>\n<\/tr>\n<tr>\n<td>Certificat:<\/td>\n<td>ISO, CE\/API 6D<\/td>\n<\/tr>\n<tr>\n<td><strong>Expediere<\/strong><\/td>\n<td><\/td>\n<\/tr>\n<tr>\n<td>Timpul de livrare<\/td>\n<td>30 de zile<\/td>\n<\/tr>\n<tr>\n<td>Pachet<\/td>\n<td>Carcas\u0103 standard de export de placaj<\/td>\n<\/tr>\n<tr>\n<td>Portul de expediere<\/td>\n<td>Ningbo\/Shanghai, China<\/td>\n<\/tr>\n<tr>\n<td>Termeni de livrare<\/td>\n<td>Exw, FOB, CFR, CIF etc.<\/td>\n<\/tr>\n<tr>\n<td>Termeni de plat\u0103<\/td>\n<td>T\/T, Western Union, PayPal etc.<\/td>\n<\/tr>\n<tr>\n<td><\/td>\n<td>Plat\u0103 anticipat\u0103 30%, sold 70% pl\u0103tit \u00eenainte de expediere<\/td>\n<\/tr>\n<tr>\n<td>\u021aara de origine<\/td>\n<td>Ora\u0219ul Wenzhou, China<\/td>\n<\/tr>\n<tr>\n<td>Capacitatea de produc\u021bie<\/td>\n<td>6000 tone\/an<\/td>\n<\/tr>\n<tr>\n<td>MOQ<\/td>\n<td>10 buc\/dimensiune<\/td>\n<\/tr>\n<\/tbody>\n<\/table>","protected":false},"excerpt":{"rendered":"<div class=\"woocommerce-product-details__short-description\">\n<div class=\"woocommerce-product-details__short-description\">\n<p>Model: H61Y-PN250-DN125-WCB<\/p>\n<p>STV Valve Technology Group Co., Ltd este un lider profesionist din China, supap\u0103 de re\u021binere de ridicare de tip piston DIN, supap\u0103 de re\u021binere de ridicare DIN, supap\u0103 de re\u021binere de ridicare DIN PN250, supap\u0103 de re\u021binere de ridicare din o\u021bel turnat, supap\u0103 de re\u021binere de ridicare DIN 3845, supap\u0103 de re\u021binere de ridicare BW, supap\u0103 de re\u021binere de ridicare DN125 Produc\u0103tor de supape de \u00eenalt\u0103 calitate \u0219i pre\u021b competitiv.<\/p>\n<p>Pentru a afla mai multe despre aceste supape Bine a\u021bi venit s\u0103 contacta\u021bi sales@stvvalve.com<br \/>\nFi\u0219\u0103 de date:<a href=\"https:\/\/www.stvvalves.com\/wp-content\/uploads\/2019\/07\/DIN-Lift-Check-Valve-DN125-WCB-PN250-Weld-End-Drawing.pdf\">Supap\u0103 de re\u021binere de ridicare DIN, DN125, WCB, PN250, cap\u0103t sudat<\/a><\/p>\n<\/div>\n<\/div>\n<form class=\"cart\" action=\"https:\/\/www.stvvalves.com\/ro\/product\/wcb-din-lift-check-valve-dn250-pn100-flange-end\/\" enctype=\"multipart\/form-data\" method=\"post\" data-trp-original-action=\"https:\/\/www.stvvalves.com\/product\/wcb-din-lift-check-valve-dn250-pn100-flange-end\/\">\n<div class=\"wcpa_form_outer\"><\/div>\n<div class=\"quantity\"><\/div>\n<div class=\"addquotelistlink\">\n<div class=\"quotelistadd_prodpage\"><\/div>\n<\/div>\n<input type=\"hidden\" name=\"trp-form-language\" value=\"ro\"\/><\/form>","protected":false},"featured_media":5134,"template":"","meta":[],"product_brand":[],"product_cat":[83,46],"product_tag":[1059,1057,1058,1049,1055,1060,1056],"class_list":{"0":"post-5133","1":"product","2":"type-product","3":"status-publish","4":"has-post-thumbnail","6":"product_cat-cast-steel-check-valve","7":"product_cat-check-valves","8":"product_tag-bw-lift-check-valve","9":"product_tag-cast-steel-lift-check","10":"product_tag-din-3845-lift-check-valve","11":"product_tag-din-lift-check-valve","12":"product_tag-din-piston-type-lift-check-valve","13":"product_tag-dn125-lift-check-valve","14":"product_tag-lift-check-valve-din-pn250","16":"first","17":"instock","18":"shipping-taxable","19":"product-type-simple"},"_links":{"self":[{"href":"https:\/\/www.stvvalves.com\/ro\/wp-json\/wp\/v2\/product\/5133","targetHints":{"allow":["GET"]}}],"collection":[{"href":"https:\/\/www.stvvalves.com\/ro\/wp-json\/wp\/v2\/product"}],"about":[{"href":"https:\/\/www.stvvalves.com\/ro\/wp-json\/wp\/v2\/types\/product"}],"wp:featuredmedia":[{"embeddable":true,"href":"https:\/\/www.stvvalves.com\/ro\/wp-json\/wp\/v2\/media\/5134"}],"wp:attachment":[{"href":"https:\/\/www.stvvalves.com\/ro\/wp-json\/wp\/v2\/media?parent=5133"}],"wp:term":[{"taxonomy":"product_brand","embeddable":true,"href":"https:\/\/www.stvvalves.com\/ro\/wp-json\/wp\/v2\/product_brand?post=5133"},{"taxonomy":"product_cat","embeddable":true,"href":"https:\/\/www.stvvalves.com\/ro\/wp-json\/wp\/v2\/product_cat?post=5133"},{"taxonomy":"product_tag","embeddable":true,"href":"https:\/\/www.stvvalves.com\/ro\/wp-json\/wp\/v2\/product_tag?post=5133"}],"curies":[{"name":"wp","href":"https:\/\/api.w.org\/{rel}","templated":true}]}}