{"id":5155,"date":"2019-07-18T06:45:13","date_gmt":"2019-07-18T06:45:13","guid":{"rendered":"https:\/\/www.stvvalves.com\/?post_type=product&#038;p=5155"},"modified":"2024-12-25T15:01:17","modified_gmt":"2024-12-25T07:01:17","slug":"stainless-steel-globe-valve-150lb-dn65-flange-end","status":"publish","type":"product","link":"https:\/\/www.stvvalves.com\/ro\/products\/stainless-steel-globe-valve-150lb-dn65-flange-end\/","title":{"rendered":"Supap\u0103 cu glob din o\u021bel inoxidabil, 150 LB, DN65, cap\u0103t cu flan\u0219\u0103"},"content":{"rendered":"<p>Proiectare \u0219i fabrica\u021bie: API 603\u3001ASME B16.34<br \/>\nFa\u021b\u0103 \u00een fa\u021b\u0103 (cap\u0103t la cap\u0103t): ANSI B16.10, API 6D, etc.<br \/>\nConexiune cu flan\u0219\u0103: ANSI B16.5, ASME B16.47 etc<br \/>\nCapat sudat cap la cap: ANSI B16.25, etc<br \/>\nTestare \u0219i inspec\u021bie: API 598, API 6D, etc<\/p>\n<p>Dimensiune: 1\/2\u2033-30\u2033<br \/>\nPresiune: 150LB ~ 1500LB<br \/>\nMaterial caroserie: O\u021bel carbon A216 WCB WCC, LCB, LCC, WC6, WC9, C5, C12, A351 CF8, CF8M, CF3, CF3M, CF8C, o\u021bel duplex A890 GR.4A GR.5A, etc.<\/p>\n<p>Material de finisare: 13Cr, SS304, SS316, SS304L, SS316L, F11, F22 etc.<br \/>\nTip: Rising Stem, BB, FB, OS&amp;Y<br \/>\nFunc\u021bionare: roat\u0103 de m\u00e2n\u0103. Dispozitive angrenaje, electricitate, etc<br \/>\nCap\u0103t: RF\/RTJ\/FM\/FF cu flan\u0219\u0103, sudare cap la cap (BW)<\/p>\n<p>&nbsp;<\/p>\n<table>\n<tbody>\n<tr>\n<td width=\"200\"><strong>numele produsului<\/strong><\/td>\n<td width=\"481\">Supap\u0103 cu glob din o\u021bel inoxidabil, 150 LB, DN65, cap\u0103t cu flan\u0219\u0103<\/td>\n<\/tr>\n<tr>\n<td width=\"200\">1. Material<\/td>\n<td width=\"481\">316<\/td>\n<\/tr>\n<tr>\n<td width=\"200\">2. Dimensiunea<\/td>\n<td width=\"481\">21\/2\u201d<\/td>\n<\/tr>\n<tr>\n<td width=\"200\">4. Port<\/td>\n<td width=\"481\">Port complet<\/td>\n<\/tr>\n<tr>\n<td width=\"200\">5. Presiunea de lucru<\/td>\n<td width=\"481\">150 lb<\/td>\n<\/tr>\n<tr>\n<td width=\"200\">6. Conexiunea se termin\u0103<\/td>\n<td width=\"481\">RF<\/td>\n<\/tr>\n<tr>\n<td width=\"200\">7. Temp. de lucru.<\/td>\n<td width=\"481\">-29~425\u00baC,<\/td>\n<\/tr>\n<tr>\n<td width=\"200\">8. Mediu potrivit<\/td>\n<td width=\"481\">Ap\u0103, gaze naturale, ulei \u0219i ceva lichid coroziv<\/td>\n<\/tr>\n<tr>\n<td width=\"200\">9. Operat<\/td>\n<td width=\"481\">Roat\u0103 de m\u00e2n\u0103<\/td>\n<\/tr>\n<tr>\n<td width=\"200\">10. Inspec\u021bie \u0219i testare<\/td>\n<td width=\"481\">Conform API598<\/td>\n<\/tr>\n<tr>\n<td width=\"200\"><strong>Expediere<\/strong><\/td>\n<td width=\"481\"><\/td>\n<\/tr>\n<tr>\n<td width=\"200\">Timpul de livrare<\/td>\n<td width=\"481\">30 de zile<\/td>\n<\/tr>\n<tr>\n<td width=\"200\">Pachet<\/td>\n<td width=\"481\">Carcas\u0103 standard de export de placaj<\/td>\n<\/tr>\n<tr>\n<td width=\"200\">Portul de expediere<\/td>\n<td width=\"481\">Ningbo\/Shanghai, China<\/td>\n<\/tr>\n<tr>\n<td width=\"200\">Termeni de livrare<\/td>\n<td width=\"481\">Exw, FOB, CFR, CIF etc.<\/td>\n<\/tr>\n<tr>\n<td width=\"200\">Termeni de plat\u0103<\/td>\n<td width=\"481\">T\/T, Western Union, PayPal etc.<\/td>\n<\/tr>\n<tr>\n<td width=\"200\"><\/td>\n<td width=\"481\">Plat\u0103 anticipat\u0103 30%, sold 70% pl\u0103tit \u00eenainte de expediere<\/td>\n<\/tr>\n<tr>\n<td width=\"200\">\u021aara de origine<\/td>\n<td width=\"481\">Ora\u0219ul Wenzhou, China<\/td>\n<\/tr>\n<tr>\n<td width=\"200\">Capacitatea de produc\u021bie<\/td>\n<td width=\"481\">6000 tone\/an<\/td>\n<\/tr>\n<tr>\n<td width=\"200\">MOQ<\/td>\n<td width=\"481\">1 buc\/dimensiune<\/td>\n<\/tr>\n<\/tbody>\n<\/table>\n<p>&nbsp;<\/p>","protected":false},"excerpt":{"rendered":"<p>Model: STV-J41Y-150LB-CF8M-21\/2\u2033<\/p>\n<p>STV Valve Technology Group Co., Ltd este un lider profesionist din China A351 CF8M Supape cu glob din o\u021bel inoxidabil, Supape cu glob BS 1873, Supape cu glob ASME B16.34, Supape cu glob A351 CF3M, Supape cu glob din o\u021bel inoxidabil. Produc\u0103tor de supape cu glob din o\u021bel inoxidabil DN65 cu \u00eenalt\u0103 calitate si pret competitiv.<\/p>\n<p>V\u0103 rug\u0103m s\u0103 contacta\u021bi sales@stvvalve.com pentru alte materiale \u0219i detalii.<\/p>\n<p>Fi\u0219\u0103 de date:<br \/>\n<a href=\"https:\/\/www.stvvalves.com\/wp-content\/uploads\/2019\/07\/stainless-steel-globe-valve-150lb-dn65-flange-end-drawing.pdf\">Supap\u0103 cu glob din o\u021bel inoxidabil, 150 LB, DN65, cap\u0103t cu flan\u0219\u0103<\/a><\/p>","protected":false},"featured_media":5158,"template":"","meta":[],"product_brand":[],"product_cat":[45,189],"product_tag":[1085,1084,1075,1014,1086],"class_list":{"0":"post-5155","1":"product","2":"type-product","3":"status-publish","4":"has-post-thumbnail","6":"product_cat-globe-valve","7":"product_cat-stainless-steel-globe-valve","8":"product_tag-a351-cf3m-globe-valves","9":"product_tag-a351-cf8m-stainless-steel-globe-valve","10":"product_tag-asme-b16-34-globe-valve","11":"product_tag-bs-1873-globe-valve","12":"product_tag-stainless-steel-globe-valves-dn65-stainless-steel-globe-valve","14":"first","15":"instock","16":"shipping-taxable","17":"product-type-simple"},"_links":{"self":[{"href":"https:\/\/www.stvvalves.com\/ro\/wp-json\/wp\/v2\/product\/5155","targetHints":{"allow":["GET"]}}],"collection":[{"href":"https:\/\/www.stvvalves.com\/ro\/wp-json\/wp\/v2\/product"}],"about":[{"href":"https:\/\/www.stvvalves.com\/ro\/wp-json\/wp\/v2\/types\/product"}],"wp:featuredmedia":[{"embeddable":true,"href":"https:\/\/www.stvvalves.com\/ro\/wp-json\/wp\/v2\/media\/5158"}],"wp:attachment":[{"href":"https:\/\/www.stvvalves.com\/ro\/wp-json\/wp\/v2\/media?parent=5155"}],"wp:term":[{"taxonomy":"product_brand","embeddable":true,"href":"https:\/\/www.stvvalves.com\/ro\/wp-json\/wp\/v2\/product_brand?post=5155"},{"taxonomy":"product_cat","embeddable":true,"href":"https:\/\/www.stvvalves.com\/ro\/wp-json\/wp\/v2\/product_cat?post=5155"},{"taxonomy":"product_tag","embeddable":true,"href":"https:\/\/www.stvvalves.com\/ro\/wp-json\/wp\/v2\/product_tag?post=5155"}],"curies":[{"name":"wp","href":"https:\/\/api.w.org\/{rel}","templated":true}]}}