{"id":5161,"date":"2019-07-18T07:04:43","date_gmt":"2019-07-18T07:04:43","guid":{"rendered":"https:\/\/www.stvvalves.com\/?post_type=product&#038;p=5161"},"modified":"2025-02-17T18:32:50","modified_gmt":"2025-02-17T10:32:50","slug":"300lb-cast-steel-globe-valve-dn400-316-trim-flange-end","status":"publish","type":"product","link":"https:\/\/www.stvvalves.com\/ro\/products\/300lb-cast-steel-globe-valve-dn400-316-trim-flange-end\/","title":{"rendered":"Supap\u0103 cu glob din o\u021bel turnat de 300 lb, garnitur\u0103 DN400,316, cap\u0103t cu flan\u0219\u0103"},"content":{"rendered":"<div><\/div>\n<p>&nbsp;<\/p>\n<p><img loading=\"lazy\" decoding=\"async\" class=\"alignleft size-full wp-image-6135\" src=\"https:\/\/www.stvvalves.com\/wp-content\/uploads\/2019\/07\/GLOBE-CATALOG.jpg\" alt=\"\" width=\"517\" height=\"644\" srcset=\"https:\/\/www.stvvalves.com\/wp-content\/uploads\/2019\/07\/GLOBE-CATALOG.jpg 517w, https:\/\/www.stvvalves.com\/wp-content\/uploads\/2019\/07\/GLOBE-CATALOG-241x300.jpg 241w\" sizes=\"auto, (max-width: 517px) 100vw, 517px\" \/><\/p>\n<p>&nbsp;<\/p>\n<p>&nbsp;<\/p>\n<p>&nbsp;<\/p>\n<p>&nbsp;<\/p>\n<p>&nbsp;<\/p>\n<p>&nbsp;<\/p>\n<p>&nbsp;<\/p>\n<p>&nbsp;<\/p>\n<p>&nbsp;<\/p>\n<p>&nbsp;<\/p>\n<p>&nbsp;<\/p>\n<p>&nbsp;<\/p>\n<p>&nbsp;<\/p>\n<p>&nbsp;<\/p>\n<p>&nbsp;<\/p>\n<p>&nbsp;<\/p>\n<p>&nbsp;<\/p>\n<p>Principalele p\u0103r\u021bi \u0219i material:<\/p>\n<table style=\"height: 1207px;\" width=\"1056\">\n<tbody>\n<tr>\n<td>NU.<\/td>\n<td>Numele piesei<\/td>\n<td>Material<\/td>\n<\/tr>\n<tr>\n<td>1<\/td>\n<td>Corp<\/td>\n<td>A216 WCB<\/td>\n<\/tr>\n<tr>\n<td>2<\/td>\n<td>Disc<\/td>\n<td>A105+13Cr<\/td>\n<\/tr>\n<tr>\n<td>3<\/td>\n<td>Scaun<\/td>\n<td>A182 F6<\/td>\n<\/tr>\n<tr>\n<td>4<\/td>\n<td>Tulpina<\/td>\n<td>A182 F6<\/td>\n<\/tr>\n<tr>\n<td>5<\/td>\n<td>Piuli\u021b\u0103 disc<\/td>\n<td>A182 F6<\/td>\n<\/tr>\n<tr>\n<td>6<\/td>\n<td>Garnitur\u0103<\/td>\n<td>304+grafit<\/td>\n<\/tr>\n<tr>\n<td>7<\/td>\n<td>Locul din spate<\/td>\n<td>A182 F6<\/td>\n<\/tr>\n<tr>\n<td>8<\/td>\n<td>\u0218urub capota<\/td>\n<td>A193 B7<\/td>\n<\/tr>\n<tr>\n<td>9<\/td>\n<td>Piuli\u021b\u0103 de capot\u0103<\/td>\n<td>A194 2H<\/td>\n<\/tr>\n<tr>\n<td>10<\/td>\n<td>Capota<\/td>\n<td>A216 W<\/td>\n<\/tr>\n<tr>\n<td>11<\/td>\n<td>Ambalare a tulpinii<\/td>\n<td>Grafit flexibil<\/td>\n<\/tr>\n<tr>\n<td>12<\/td>\n<td>Gland\u0103<\/td>\n<td>A182 F6<\/td>\n<\/tr>\n<tr>\n<td>13<\/td>\n<td>Flan\u0219\u0103 Gland<\/td>\n<td>A216 WCB<\/td>\n<\/tr>\n<tr>\n<td>14<\/td>\n<td>Pin<\/td>\n<td>O\u021bel carbon sau o\u021bel aliat<\/td>\n<\/tr>\n<tr>\n<td>15<\/td>\n<td>Piuli\u021b\u0103 de glande<\/td>\n<td>A193 B7<\/td>\n<\/tr>\n<tr>\n<td>16<\/td>\n<td>\u0218urub cu ochi gland\u0103<\/td>\n<td>A194 2H<\/td>\n<\/tr>\n<tr>\n<td>17<\/td>\n<td>Nuca tulpina<\/td>\n<td>ZCuAi10Fe3<\/td>\n<\/tr>\n<tr>\n<td>18<\/td>\n<td>Roata de m\u00e2n\u0103<\/td>\n<td>KTH300-06<\/td>\n<\/tr>\n<\/tbody>\n<\/table>\n<p>Dimensiune \u0219i greutate:<\/p>\n<table>\n<tbody>\n<tr>\n<td width=\"78\">m\u0103rimea<\/td>\n<td width=\"44\">d<\/td>\n<td width=\"55\">L<\/td>\n<td width=\"51\">H<\/td>\n<td width=\"57\">W<\/td>\n<td width=\"61\">O<\/td>\n<td width=\"77\">C<\/td>\n<td width=\"55\">g<\/td>\n<td width=\"51\">t<\/td>\n<td width=\"108\">z-d1<\/td>\n<td width=\"149\">Greutate (KG)<\/td>\n<\/tr>\n<tr>\n<td colspan=\"11\" width=\"788\"><strong><b>300 LBS<\/b><\/strong><\/td>\n<\/tr>\n<tr>\n<td width=\"78\">2\u2033<\/td>\n<td width=\"44\">51<\/td>\n<td width=\"55\">267<\/td>\n<td width=\"51\">390<\/td>\n<td width=\"57\">200<\/td>\n<td width=\"61\">165<\/td>\n<td width=\"77\">127<\/td>\n<td width=\"55\">92<\/td>\n<td width=\"51\">23<\/td>\n<td width=\"108\">8-\u03c619<\/td>\n<td width=\"149\">31<\/td>\n<\/tr>\n<tr>\n<td width=\"78\">2 1\/2 inchi<\/td>\n<td width=\"44\">64<\/td>\n<td width=\"55\">292<\/td>\n<td width=\"51\">425<\/td>\n<td width=\"57\">250<\/td>\n<td width=\"61\">190<\/td>\n<td width=\"77\">1479<\/td>\n<td width=\"55\">105<\/td>\n<td width=\"51\">26<\/td>\n<td width=\"108\">8-\u03c622<\/td>\n<td width=\"149\">43<\/td>\n<\/tr>\n<tr>\n<td width=\"78\">3\u2033<\/td>\n<td width=\"44\">76<\/td>\n<td width=\"55\">318<\/td>\n<td width=\"51\">450<\/td>\n<td width=\"57\">250<\/td>\n<td width=\"61\">210<\/td>\n<td width=\"77\">168.5<\/td>\n<td width=\"55\">127<\/td>\n<td width=\"51\">29<\/td>\n<td width=\"108\">8-\u03c622<\/td>\n<td width=\"149\">57<\/td>\n<\/tr>\n<tr>\n<td width=\"78\">4\u2033<\/td>\n<td width=\"44\">102<\/td>\n<td width=\"55\">356<\/td>\n<td width=\"51\">565<\/td>\n<td width=\"57\">350<\/td>\n<td width=\"61\">254<\/td>\n<td width=\"77\">200<\/td>\n<td width=\"55\">157<\/td>\n<td width=\"51\">32<\/td>\n<td width=\"108\">8-\u03c622<\/td>\n<td width=\"149\">86<\/td>\n<\/tr>\n<tr>\n<td width=\"78\">5\u2033<\/td>\n<td width=\"44\">127<\/td>\n<td width=\"55\">400<\/td>\n<td width=\"51\">673<\/td>\n<td width=\"57\">450<\/td>\n<td width=\"61\">279<\/td>\n<td width=\"77\">235<\/td>\n<td width=\"55\">186<\/td>\n<td width=\"51\">35<\/td>\n<td width=\"108\">8-\u03c622<\/td>\n<td width=\"149\">130<\/td>\n<\/tr>\n<tr>\n<td width=\"78\">6 inchi<\/td>\n<td width=\"44\">152<\/td>\n<td width=\"55\">444<\/td>\n<td width=\"51\">710<\/td>\n<td width=\"57\">450<\/td>\n<td width=\"61\">318<\/td>\n<td width=\"77\">270<\/td>\n<td width=\"55\">216<\/td>\n<td width=\"51\">37<\/td>\n<td width=\"108\">12-\u03c622<\/td>\n<td width=\"149\">168<\/td>\n<\/tr>\n<tr>\n<td width=\"78\">8 inchi<\/td>\n<td width=\"44\">203<\/td>\n<td width=\"55\">559<\/td>\n<td width=\"51\">860<\/td>\n<td width=\"57\">550<\/td>\n<td width=\"61\">381<\/td>\n<td width=\"77\">330<\/td>\n<td width=\"55\">270<\/td>\n<td width=\"51\">42<\/td>\n<td width=\"108\">12-\u03c625<\/td>\n<td width=\"149\">280<\/td>\n<\/tr>\n<tr>\n<td width=\"78\">10 inchi<\/td>\n<td width=\"44\">254<\/td>\n<td width=\"55\">622<\/td>\n<td width=\"51\">1100<\/td>\n<td width=\"57\">640<\/td>\n<td width=\"61\">445<\/td>\n<td width=\"77\">387.5<\/td>\n<td width=\"55\">324<\/td>\n<td width=\"51\">48<\/td>\n<td width=\"108\">16-\u03c629<\/td>\n<td width=\"149\">385<\/td>\n<\/tr>\n<tr>\n<td width=\"78\">12 inchi<\/td>\n<td width=\"44\">305<\/td>\n<td width=\"55\">711<\/td>\n<td width=\"51\">1320<\/td>\n<td width=\"57\">640<\/td>\n<td width=\"61\">521<\/td>\n<td width=\"77\">451<\/td>\n<td width=\"55\">381<\/td>\n<td width=\"51\">51<\/td>\n<td width=\"108\">16-\u03c632<\/td>\n<td width=\"149\">724<\/td>\n<\/tr>\n<tr>\n<td width=\"78\">10 inchi<\/td>\n<td width=\"44\">248<\/td>\n<td width=\"55\">787<\/td>\n<td width=\"51\">1340<\/td>\n<td width=\"57\"><\/td>\n<td width=\"61\">508<\/td>\n<td width=\"77\">432<\/td>\n<td width=\"55\">324<\/td>\n<td width=\"51\">64<\/td>\n<td width=\"108\">16-\u03c635<\/td>\n<td width=\"149\">700<\/td>\n<\/tr>\n<tr>\n<td width=\"78\">12 inchi<\/td>\n<td width=\"44\">298<\/td>\n<td width=\"55\">838<\/td>\n<td width=\"51\">1520<\/td>\n<td width=\"57\"><\/td>\n<td width=\"61\">559<\/td>\n<td width=\"77\">489<\/td>\n<td width=\"55\">381<\/td>\n<td width=\"51\">67<\/td>\n<td width=\"108\">20-\u03c635<\/td>\n<td width=\"149\">900<\/td>\n<\/tr>\n<\/tbody>\n<\/table>","protected":false},"excerpt":{"rendered":"<p>Model: STV-J541H-300LB-16\u2033-WCB<\/p>\n<p>STV Valve Technology Group Co., Ltd este un lider profesionist China Supape cu glob cu capot\u0103 cu \u0219uruburi, supape cu glob de 16 inch, supape cu glob cu capetele RF cu flan\u0219\u0103, supape cu glob WCB, supape cu glob 1873, supape cu glob 150 LB, supape cu glob API 598, valve cu glob API 600 Supape, supape cu glob din o\u021bel turnat, supape cu glob din o\u021bel carbon Produc\u0103tor de \u00eenalt\u0103 calitate \u0219i pre\u021b competitiv.<\/p>\n<p>V\u0103 rug\u0103m s\u0103 contacta\u021bi sales@stvvalve.com pentru alte materiale \u0219i detalii.<\/p>\n<p><strong><b>Supap\u0103 cu cap\u0103t cu flan\u0219\u0103 din o\u021bel turnat<\/b><\/strong><\/p>\n<p>Supapele cu glob cu flan\u0219\u0103 sunt supape sigilate for\u021bat. Deci, atunci c\u00e2nd \u00eenchide\u021bi supapa, trebuie s\u0103 exercita\u021bi presiune pe disc pentru a v\u0103 asigura c\u0103 suprafa\u021ba de etan\u0219are nu se scurge. C\u00e2nd mediul intr\u0103 \u00een supap\u0103 de sub supap\u0103, for\u021ba de func\u021bionare necesar\u0103 pentru a dep\u0103\u0219i rezisten\u021ba, care este for\u021ba creat\u0103 de frecarea tijei \u0219i a garniturii \u0219i presiunea mediului. La \u00eenchiderea supapei, for\u021ba este mai mare dec\u00e2t cea de deschidere a supapei, deci diametrul tijei supapei ar trebui s\u0103 fie mare, altfel apar \u00eendoirea tijei.<\/p>\n<p>Design Feature+<\/p>\n<ul>\n<li>Tij\u0103 antic\u0103 cu explozie<\/li>\n<li>Disc pivotant<\/li>\n<li>Tip priz\u0103<\/li>\n<li>Capot\u0103 cu \u0219uruburi<\/li>\n<li>Tulpina \u00een cre\u0219tere<\/li>\n<li>\u00cen\u0219urubat pe bancheta din spate<\/li>\n<li>Scurgere zero<\/li>\n<\/ul>\n<p>Design Standard+<\/p>\n<ul>\n<li>Design: BS1873\/ ASME B16.34<\/li>\n<li>Fa\u021b\u0103 \u00een fa\u021b\u0103: ASME16.10<\/li>\n<li>Conexiune final\u0103: ASME:16.5\/ ASME B16.25<\/li>\n<li>Test: API598<\/li>\n<li>Protec\u021bie \u00eempotriva incendiilor: API607<\/li>\n<\/ul>\n<p>Specificatii tehnice+<\/p>\n<ul>\n<li>Dimensiune: 2\u2033~40\u2033<\/li>\n<li>Clasa: 150#~2500#<\/li>\n<li>Conexiune: flan\u0219\u0103 dubl\u0103 \/ sudare cap la cap<\/li>\n<li>Func\u021bionare: roat\u0103 \/ cutie de viteze conice \/ actuator electric<\/li>\n<li>Temperatura: de la -60\u00b0C la +550\u00b0C<\/li>\n<li>Aplica\u021bie: Conduct\u0103\/petrol offshore\/chimic\/ap\u0103\/central\u0103 electric\u0103\/<br \/>\nIndustria siderurgic\u0103<\/li>\n<li>Corp: o\u021bel carbon (WCB,LCB,WC6,WC9,C5) \/ o\u021bel inoxidabil (CF8,CF8M,CF3,CF3M) \/<br \/>\nO\u021bel inoxidabil duplex (4A, 5A, 6A) \/<br \/>\nAliaj Hastelloy (N-12MV, CW-12MW, CW-2M) \/<br \/>\nAliaj Inconel (CY-40,CW-6MC) \/<br \/>\nAliaj de monel (M35-1) \/<br \/>\nAliaj aluminiu bronz (C95400, C95500, C95800, AB2C)<\/li>\n<li>Disc: O\u021bel carbon (WCB+13Cr,WCB+STL,LCB+STL,WC6+STL,WC9+STL,C5+STL) O\u021bel inoxidabil (CF8,CF8M,CF3,CF3M) \/<br \/>\nO\u021bel inoxidabil duplex (4A, 5A, 6A) \/<br \/>\nAliaj Hastelloy (N-12MV, CW-12MW, CW-2M) \/<br \/>\nAliaj Inconel (CY-40,CW-6MC) \/<br \/>\nAliaj de monel (M35-1) \/<br \/>\nAliaj aluminiu bronz (C95400, C95500, C95800, AB2C)<\/li>\n<li>Tij\u0103: SS420 \/ 17-4PH \/ F53 \/ XM-19 \/ Monel-K500 \/ Inconel-625 \/<br \/>\nHastelloy-276<\/li>\n<\/ul>\n<p>&nbsp;<\/p>\n<p>Fi\u0219\u0103 de date:<a href=\"https:\/\/www.stvvalves.com\/wp-content\/uploads\/2019\/07\/300LB-Cast-Steel-Globe-Valve-DN400-316-Trim-Flange-End-DRAWING.pdf\">Supap\u0103 cu glob din o\u021bel turnat de 300 lb, garnitur\u0103 DN400,316, cap\u0103t cu flan\u0219\u0103<\/a><\/p>","protected":false},"featured_media":5164,"template":"","meta":[],"product_brand":[],"product_cat":[63,45],"product_tag":[1089,1087,1090,1091,946,1083,1015,323,1088,367],"class_list":{"0":"post-5161","1":"product","2":"type-product","3":"status-publish","4":"has-post-thumbnail","6":"product_cat-cast-steel-globe-valve","7":"product_cat-globe-valve","8":"product_tag-150-lb-globe-valves","9":"product_tag-16-inch-globe-valves","10":"product_tag-api-598-globe-valves","11":"product_tag-api-600-globe-valves","12":"product_tag-bolted-bonnet-globe-valves","13":"product_tag-bs-1873-globe-valves","14":"product_tag-carbon-steel-globe-valve","15":"product_tag-cast-steel-globe-valve","16":"product_tag-flanged-rf-ends-globe-valves","17":"product_tag-wcb-globe-valve","19":"first","20":"instock","21":"shipping-taxable","22":"product-type-simple"},"_links":{"self":[{"href":"https:\/\/www.stvvalves.com\/ro\/wp-json\/wp\/v2\/product\/5161","targetHints":{"allow":["GET"]}}],"collection":[{"href":"https:\/\/www.stvvalves.com\/ro\/wp-json\/wp\/v2\/product"}],"about":[{"href":"https:\/\/www.stvvalves.com\/ro\/wp-json\/wp\/v2\/types\/product"}],"wp:featuredmedia":[{"embeddable":true,"href":"https:\/\/www.stvvalves.com\/ro\/wp-json\/wp\/v2\/media\/5164"}],"wp:attachment":[{"href":"https:\/\/www.stvvalves.com\/ro\/wp-json\/wp\/v2\/media?parent=5161"}],"wp:term":[{"taxonomy":"product_brand","embeddable":true,"href":"https:\/\/www.stvvalves.com\/ro\/wp-json\/wp\/v2\/product_brand?post=5161"},{"taxonomy":"product_cat","embeddable":true,"href":"https:\/\/www.stvvalves.com\/ro\/wp-json\/wp\/v2\/product_cat?post=5161"},{"taxonomy":"product_tag","embeddable":true,"href":"https:\/\/www.stvvalves.com\/ro\/wp-json\/wp\/v2\/product_tag?post=5161"}],"curies":[{"name":"wp","href":"https:\/\/api.w.org\/{rel}","templated":true}]}}