{"id":5165,"date":"2019-07-18T07:22:35","date_gmt":"2019-07-18T07:22:35","guid":{"rendered":"https:\/\/www.stvvalves.com\/?post_type=product&#038;p=5165"},"modified":"2024-12-25T14:58:29","modified_gmt":"2024-12-25T06:58:29","slug":"stainless-steel-globe-valve-cf8-3-inch-200-wog-npt-end","status":"publish","type":"product","link":"https:\/\/www.stvvalves.com\/ro\/products\/stainless-steel-globe-valve-cf8-3-inch-200-wog-npt-end\/","title":{"rendered":"Supap\u0103 cu glob din o\u021bel inoxidabil, CF8,3 inch, 200 WOG, cap\u0103t NPT"},"content":{"rendered":"<p>Capat filetat: ANSI B2.1,BS 21:1973,<br \/>\nDIN 259\/2999, ISO 228<br \/>\nStructura: supap\u0103 glob<br \/>\nPresiune: 200PSI<br \/>\nDimensiunea portului: standard<br \/>\nMaterial: WCB,304,316<br \/>\nDimensiune: 1\/2\u2033-4\u2033<br \/>\nManer roata<\/p>\n<table>\n<tbody>\n<tr>\n<td width=\"200\"><strong>numele produsului<\/strong><\/td>\n<td width=\"481\">Supap\u0103 cu glob din o\u021bel inoxidabil, CF8,3 inch, 200 WOG, cap\u0103t NPT<\/td>\n<\/tr>\n<tr>\n<td width=\"200\">1. Material<\/td>\n<td width=\"481\">CF8M<\/td>\n<\/tr>\n<tr>\n<td width=\"200\">2. Dimensiunea<\/td>\n<td width=\"481\">3\u201d<\/td>\n<\/tr>\n<tr>\n<td width=\"200\">4. Port<\/td>\n<td width=\"481\">Port complet<\/td>\n<\/tr>\n<tr>\n<td width=\"200\">5. Presiunea de lucru<\/td>\n<td width=\"481\">200WOG<\/td>\n<\/tr>\n<tr>\n<td width=\"200\">6. Conexiunea se termin\u0103<\/td>\n<td width=\"481\">NPT<\/td>\n<\/tr>\n<tr>\n<td width=\"200\">7. Temp. de lucru.<\/td>\n<td width=\"481\">-29~120\u00baC,<\/td>\n<\/tr>\n<tr>\n<td width=\"200\">8. Mediu potrivit<\/td>\n<td width=\"481\">Ap\u0103, gaze naturale, ulei \u0219i ceva lichid coroziv<\/td>\n<\/tr>\n<tr>\n<td width=\"200\">9. Operat<\/td>\n<td width=\"481\">Roat\u0103 de m\u00e2n\u0103<\/td>\n<\/tr>\n<tr>\n<td width=\"200\">10. Inspec\u021bie \u0219i testare<\/td>\n<td width=\"481\">Conform API598<\/td>\n<\/tr>\n<tr>\n<td width=\"200\"><strong>Expediere<\/strong><\/td>\n<td width=\"481\"><\/td>\n<\/tr>\n<tr>\n<td width=\"200\">Timpul de livrare<\/td>\n<td width=\"481\">30 de zile<\/td>\n<\/tr>\n<tr>\n<td width=\"200\">Pachet<\/td>\n<td width=\"481\">Carcas\u0103 standard de export de placaj<\/td>\n<\/tr>\n<tr>\n<td width=\"200\">Portul de expediere<\/td>\n<td width=\"481\">Ningbo\/Shanghai, China<\/td>\n<\/tr>\n<tr>\n<td width=\"200\">Termeni de livrare<\/td>\n<td width=\"481\">Exw, FOB, CFR, CIF etc.<\/td>\n<\/tr>\n<tr>\n<td width=\"200\">Termeni de plat\u0103<\/td>\n<td width=\"481\">T\/T, Western Union, PayPal etc.<\/td>\n<\/tr>\n<tr>\n<td width=\"200\"><\/td>\n<td width=\"481\">Plat\u0103 anticipat\u0103 30%, sold 70% pl\u0103tit \u00eenainte de expediere<\/td>\n<\/tr>\n<tr>\n<td width=\"200\">\u021aara de origine<\/td>\n<td width=\"481\">Ora\u0219ul Wenzhou, China<\/td>\n<\/tr>\n<tr>\n<td width=\"200\">Capacitatea de produc\u021bie<\/td>\n<td width=\"481\">6000 tone\/an<\/td>\n<\/tr>\n<tr>\n<td width=\"200\">MOQ<\/td>\n<td width=\"481\">1 buc\/dimensiune<\/td>\n<\/tr>\n<\/tbody>\n<\/table>","protected":false},"excerpt":{"rendered":"<p>Model: J11H-200WOG-CF8-3\u2033<\/p>\n<p>STV Valve Technology Group Co., Ltd este un lider profesionist \u00een China, supap\u0103 cu glob de 3 inchi, supap\u0103 cu glob de 200 PSI, supap\u0103 cu glob 316 NPT, supap\u0103 cu glob NPT, supap\u0103 cu glob, supap\u0103 cu glob de 1 inch, supap\u0103 cu glob \u00een\u0219urubat, supap\u0103 cu glob din o\u021bel inoxidabil, Produc\u0103tor de supape cu glob BSPP cu \u00eenalt\u0103 calitate \u0219i pre\u021b competitiv.<\/p>\n<p>V\u0103 rug\u0103m s\u0103 contacta\u021bi sales@stvvalve.com pentru alte materiale \u0219i detalii.<\/p>\n<p>Fi\u0219\u0103 de date:<br \/>\n<a href=\"https:\/\/www.stvvalves.com\/wp-content\/uploads\/2019\/07\/stainless-steel-globe-valve-cf8-3-inch-200-wog-npt-end-drawing.pdf\">Supap\u0103 cu glob din o\u021bel inoxidabil, CF8,3 inch, 200 WOG, cap\u0103t NPT<\/a><\/p>","protected":false},"featured_media":5166,"template":"","meta":[],"product_brand":[],"product_cat":[45,189],"product_tag":[193,1021,1092,1093,1019,190,1020,191,192],"class_list":{"0":"post-5165","1":"product","2":"type-product","3":"status-publish","4":"has-post-thumbnail","6":"product_cat-globe-valve","7":"product_cat-stainless-steel-globe-valve","8":"product_tag-200-psi-globe-valve","9":"product_tag-316-npt-globe-valve","10":"product_tag-3inch-globe-valve","11":"product_tag-bspp-globe-valve","12":"product_tag-female-npt-globe-valve","13":"product_tag-globe-valve","14":"product_tag-i-inch-globe-valve","15":"product_tag-screwed-globe-valve","16":"product_tag-stainless-steel-globe-valve","18":"first","19":"instock","20":"shipping-taxable","21":"product-type-simple"},"_links":{"self":[{"href":"https:\/\/www.stvvalves.com\/ro\/wp-json\/wp\/v2\/product\/5165","targetHints":{"allow":["GET"]}}],"collection":[{"href":"https:\/\/www.stvvalves.com\/ro\/wp-json\/wp\/v2\/product"}],"about":[{"href":"https:\/\/www.stvvalves.com\/ro\/wp-json\/wp\/v2\/types\/product"}],"wp:featuredmedia":[{"embeddable":true,"href":"https:\/\/www.stvvalves.com\/ro\/wp-json\/wp\/v2\/media\/5166"}],"wp:attachment":[{"href":"https:\/\/www.stvvalves.com\/ro\/wp-json\/wp\/v2\/media?parent=5165"}],"wp:term":[{"taxonomy":"product_brand","embeddable":true,"href":"https:\/\/www.stvvalves.com\/ro\/wp-json\/wp\/v2\/product_brand?post=5165"},{"taxonomy":"product_cat","embeddable":true,"href":"https:\/\/www.stvvalves.com\/ro\/wp-json\/wp\/v2\/product_cat?post=5165"},{"taxonomy":"product_tag","embeddable":true,"href":"https:\/\/www.stvvalves.com\/ro\/wp-json\/wp\/v2\/product_tag?post=5165"}],"curies":[{"name":"wp","href":"https:\/\/api.w.org\/{rel}","templated":true}]}}