{"id":5169,"date":"2019-07-18T08:28:58","date_gmt":"2019-07-18T08:28:58","guid":{"rendered":"https:\/\/www.stvvalves.com\/?post_type=product&#038;p=5169"},"modified":"2025-02-17T18:32:49","modified_gmt":"2025-02-17T10:32:49","slug":"jis-20k-globe-valve-12-inch-wcb-body-flange-end","status":"publish","type":"product","link":"https:\/\/www.stvvalves.com\/ro\/products\/jis-20k-globe-valve-12-inch-wcb-body-flange-end\/","title":{"rendered":"Supap\u0103 cu glob Jis 20K, 12 inch, corp WCB, cap\u0103t cu flan\u0219\u0103"},"content":{"rendered":"<p>Design: JIS B2071 B2081<br \/>\nInspec\u021bie \u0219i testare: JIS B2003<br \/>\nDimensiunea flan\u0219ei de cap\u0103t: JIS B2212 B2214<br \/>\nFa\u021b\u0103 \u00een fa\u021b\u0103: JIS B2002<br \/>\nEvaluare presiune-temperatura: JIS B2071 B2081<\/p>\n<p>Dimensiune: DN15-DN600<br \/>\nMaterial: o\u021bel carbon, o\u021bel inoxidabil<br \/>\nPresiune: 10K,20K,40K<br \/>\nCertificare: ISO9001, API600, CE0036<br \/>\nGarantie: 18 luni; Oferta OEM<br \/>\nMediu potrivit: ap\u0103, ulei, gaz etc<\/p>\n<p>&nbsp;<\/p>\n<table>\n<tbody>\n<tr>\n<td width=\"200\"><strong>numele produsului<\/strong><\/td>\n<td width=\"481\">Supap\u0103 cu glob Jis 20K, 12 inch, corp WCB, cap\u0103t cu flan\u0219\u0103<\/td>\n<\/tr>\n<tr>\n<td width=\"200\">1. Material<\/td>\n<td width=\"481\">WCB<\/td>\n<\/tr>\n<tr>\n<td width=\"200\">2. Dimensiunea<\/td>\n<td width=\"481\">12\u201d<\/td>\n<\/tr>\n<tr>\n<td width=\"200\">4. Port<\/td>\n<td width=\"481\">Port complet<\/td>\n<\/tr>\n<tr>\n<td width=\"200\">5. Presiunea de lucru<\/td>\n<td width=\"481\">JIS20K<\/td>\n<\/tr>\n<tr>\n<td width=\"200\">6. Conexiunea se termin\u0103<\/td>\n<td width=\"481\">RF<\/td>\n<\/tr>\n<tr>\n<td width=\"200\">7. Temp. de lucru.<\/td>\n<td width=\"481\">-29~425\u00baC,<\/td>\n<\/tr>\n<tr>\n<td width=\"200\">8. Mediu potrivit<\/td>\n<td width=\"481\">Ap\u0103, gaze naturale, ulei \u0219i ceva lichid coroziv<\/td>\n<\/tr>\n<tr>\n<td width=\"200\">9. Operat<\/td>\n<td width=\"481\">Cutie de viteze<\/td>\n<\/tr>\n<tr>\n<td width=\"200\">10. Inspec\u021bie \u0219i testare<\/td>\n<td width=\"481\">Conform JIS B2003<\/td>\n<\/tr>\n<tr>\n<td width=\"200\"><strong>Expediere<\/strong><\/td>\n<td width=\"481\">&nbsp;<\/td>\n<\/tr>\n<tr>\n<td width=\"200\">Timpul de livrare<\/td>\n<td width=\"481\">30 de zile<\/td>\n<\/tr>\n<tr>\n<td width=\"200\">Pachet<\/td>\n<td width=\"481\">Carcas\u0103 standard de export de placaj<\/td>\n<\/tr>\n<tr>\n<td width=\"200\">Portul de expediere<\/td>\n<td width=\"481\">Ningbo\/Shanghai, China<\/td>\n<\/tr>\n<tr>\n<td width=\"200\">Termeni de livrare<\/td>\n<td width=\"481\">Exw, FOB, CFR, CIF etc.<\/td>\n<\/tr>\n<tr>\n<td width=\"200\">Termeni de plat\u0103<\/td>\n<td width=\"481\">T\/T, Western Union, PayPal etc.<\/td>\n<\/tr>\n<tr>\n<td width=\"200\">&nbsp;<\/td>\n<td width=\"481\">Plat\u0103 anticipat\u0103 30%, sold 70% pl\u0103tit \u00eenainte de expediere<\/td>\n<\/tr>\n<tr>\n<td width=\"200\">\u021aara de origine<\/td>\n<td width=\"481\">Ora\u0219ul Wenzhou, China<\/td>\n<\/tr>\n<tr>\n<td width=\"200\">Capacitatea de produc\u021bie<\/td>\n<td width=\"481\">6000 tone\/an<\/td>\n<\/tr>\n<tr>\n<td width=\"200\">MOQ<\/td>\n<td width=\"481\">1 buc\/dimensiune<\/td>\n<\/tr>\n<\/tbody>\n<\/table>\n<p><span style=\"font-weight: 400;\">\u200b<\/span><\/p>\n<p>&nbsp;<\/p>","protected":false},"excerpt":{"rendered":"<div class=\"woocommerce-product-details__short-description\">\n<p>Model: STV-J541H-JIS 20K-16\u2033-WCB<\/p>\n<p>Vanele cu glob pentru cap\u0103tul flan\u0219ei JIS20K sunt supape cu glob fabricate \u00een conformitate cu ASME B16.10. Supapa cu glob de conectare cu flan\u0219\u0103 const\u0103 dintr-un element disc conectat la o tij\u0103 care se ridic\u0103 \u00een sus \u0219i \u00een jos pentru reglarea debitului \u00een conduct\u0103.<\/p>\n<p>STV Valve Technology Group Co., Ltd este un lider profesionist China Jis 20K Globe Valve, 12 inch Globe Valve, WCB Body Globe Supape, Flan\u0219\u0103 Capat Globe Supap\u0103, B2071 Globe Supape, JIS B2002 Globe Valve, JIS 10K Globe Supape, Capot\u0103 cu \u0219uruburi Supape, supape cu glob de 16 inch, supape cu glob cu flan\u0219\u0103 RF, supape cu glob 1873, supape cu glob din o\u021bel turnat, supape cu glob din o\u021bel carbon Produc\u0103tor de \u00eenalt\u0103 calitate \u0219i pre\u021b competitiv.<\/p>\n<p>V\u0103 rug\u0103m s\u0103 contacta\u021bi sales@stvvalve.com pentru alte materiale \u0219i detalii.<\/p>\n<p>Fi\u0219\u0103 de date:<a href=\"https:\/\/www.stvvalves.com\/wp-content\/uploads\/2019\/07\/jis-20k-globe-valve-12-inch-wcb-body-flange-end-drawing.pdf\">Supap\u0103 cu glob Jis 20K, 12 inch, corp WCB, cap\u0103t cu flan\u0219\u0103<\/a><\/p>\n<\/div>\n<form class=\"cart\" action=\"https:\/\/www.stvvalves.com\/ro\/product\/300lb-cast-steel-globe-valvedn400316-trimflange-end\/\" enctype=\"multipart\/form-data\" method=\"post\" data-trp-original-action=\"https:\/\/www.stvvalves.com\/product\/300lb-cast-steel-globe-valvedn400316-trimflange-end\/\">\n<div class=\"wcpa_form_outer\"><\/div>\n<div class=\"quantity\"><\/div>\n<div class=\"addquotelistlink\">\n<div class=\"quotelistadd_prodpage\"><\/div>\n<\/div>\n<input type=\"hidden\" name=\"trp-form-language\" value=\"ro\"\/><\/form>","protected":false},"featured_media":5170,"template":"","meta":[],"product_brand":[],"product_cat":[63,45],"product_tag":[1095,1098,323,1097,1100,1094,1099,1096],"class_list":{"0":"post-5169","1":"product","2":"type-product","3":"status-publish","4":"has-post-thumbnail","6":"product_cat-cast-steel-globe-valve","7":"product_cat-globe-valve","8":"product_tag-12-inch-globe-valve","9":"product_tag-b2071-globe-valve","10":"product_tag-cast-steel-globe-valve","11":"product_tag-flange-end-globe-valve","12":"product_tag-jis-10k-globe-valve","13":"product_tag-jis-20k-globe-valve","14":"product_tag-jis-b2002-globe-valve","15":"product_tag-wcb-body-globe-valve","17":"first","18":"instock","19":"shipping-taxable","20":"product-type-simple"},"_links":{"self":[{"href":"https:\/\/www.stvvalves.com\/ro\/wp-json\/wp\/v2\/product\/5169","targetHints":{"allow":["GET"]}}],"collection":[{"href":"https:\/\/www.stvvalves.com\/ro\/wp-json\/wp\/v2\/product"}],"about":[{"href":"https:\/\/www.stvvalves.com\/ro\/wp-json\/wp\/v2\/types\/product"}],"wp:featuredmedia":[{"embeddable":true,"href":"https:\/\/www.stvvalves.com\/ro\/wp-json\/wp\/v2\/media\/5170"}],"wp:attachment":[{"href":"https:\/\/www.stvvalves.com\/ro\/wp-json\/wp\/v2\/media?parent=5169"}],"wp:term":[{"taxonomy":"product_brand","embeddable":true,"href":"https:\/\/www.stvvalves.com\/ro\/wp-json\/wp\/v2\/product_brand?post=5169"},{"taxonomy":"product_cat","embeddable":true,"href":"https:\/\/www.stvvalves.com\/ro\/wp-json\/wp\/v2\/product_cat?post=5169"},{"taxonomy":"product_tag","embeddable":true,"href":"https:\/\/www.stvvalves.com\/ro\/wp-json\/wp\/v2\/product_tag?post=5169"}],"curies":[{"name":"wp","href":"https:\/\/api.w.org\/{rel}","templated":true}]}}