{"id":5175,"date":"2019-07-18T09:47:14","date_gmt":"2019-07-18T09:47:14","guid":{"rendered":"https:\/\/www.stvvalves.com\/?post_type=product&#038;p=5175"},"modified":"2025-02-17T18:32:48","modified_gmt":"2025-02-17T10:32:48","slug":"gate-valve-jis-40k-a105n-body-13cr-seat-stellite-trim-weld-flange","status":"publish","type":"product","link":"https:\/\/www.stvvalves.com\/ro\/products\/gate-valve-jis-40k-a105n-body-13cr-seat-stellite-trim-weld-flange\/","title":{"rendered":"Supap\u0103 JIS 40K, corp A105N, garnitur\u0103 din stellit cu scaun 13cr, flan\u0219\u0103 de sudur\u0103"},"content":{"rendered":"<p>. Proiectare \u0219i fabrica\u021bie: API 602<br \/>\n2. Construc\u021bii: OS&amp;Y, Capot\u0103 cu \u0219uruburi, Capot\u0103 sudat\u0103 \u0219i Capot\u0103 etan\u0219at\u0103 la presiune;<br \/>\n3. Tip alezaj: Port complet<br \/>\n4. Interval de dimensiuni: 1\/2\u2033 p\u00e2n\u0103 la 2\u2033.<br \/>\n5. Presiune nominal\u0103: ANSI 150, 300, 600, 900, 1500 \u0219i 2500LBS<br \/>\n6. Conexiuni la cap\u0103t: cu flan\u0219\u0103 (RF, RTJ)<br \/>\nAlte capete disponibile, de asemenea: filetat (\u00een\u0219urubat, NPT), sudare cap la cap (BW), sudare prin soclu (SW).<br \/>\n7. Materiale disponibile \u00een: A105 (N), LF2, F5, F11, F22, F304, F316, F51, F53 sau Echivalent;<br \/>\n8. Sunt disponibile diverse materiale de finisare pentru a se potrivi diferitelor condi\u021bii de service<br \/>\n9. NACE MR 0175 la cerere<br \/>\n10.Test \u0219i inspec\u021bie: API598<\/p>\n<table>\n<tbody>\n<tr>\n<td width=\"200\"><strong><b>numele produsului<\/b><\/strong><\/td>\n<td width=\"481\">Supap\u0103 JIS 40K, corp A105N, garnitur\u0103 din stellit cu scaun 13cr, flan\u0219\u0103 de sudur\u0103<\/td>\n<\/tr>\n<tr>\n<td width=\"200\">1. Material<\/td>\n<td width=\"481\">A105 (N), LF2, F5, F11, F22, F304, F316, F51, F53 sau echivalent;<\/td>\n<\/tr>\n<tr>\n<td width=\"200\">2. Dimensiunea<\/td>\n<td width=\"481\">1\/2&#8243;~2&#8243; &#8216; (\u00a015~50)<\/td>\n<\/tr>\n<tr>\n<td width=\"200\">4. Port<\/td>\n<td width=\"481\">Port reductor sau Port complet<\/td>\n<\/tr>\n<tr>\n<td width=\"200\">5. Presiunea de lucru<\/td>\n<td width=\"481\">JIS10K-JIS40K<\/td>\n<\/tr>\n<tr>\n<td width=\"200\">6. Conexiunea se termin\u0103<\/td>\n<td width=\"481\">FF,RF.RTJ<\/td>\n<\/tr>\n<tr>\n<td width=\"200\">7. Temp. de lucru.<\/td>\n<td width=\"481\">-29~600\u00baC,<\/td>\n<\/tr>\n<tr>\n<td width=\"200\">8. Mediu potrivit<\/td>\n<td width=\"481\">Ap\u0103, gaze naturale, ulei \u0219i ceva lichid coroziv<\/td>\n<\/tr>\n<tr>\n<td width=\"200\">9. Operat<\/td>\n<td width=\"481\">Roat\u0103 de m\u00e2n\u0103<\/td>\n<\/tr>\n<tr>\n<td width=\"200\">10. Inspec\u021bie \u0219i testare<\/td>\n<td width=\"481\">Conform JIS B2003<\/td>\n<\/tr>\n<tr>\n<td width=\"200\"><strong><b>Expediere<\/b><\/strong><\/td>\n<td width=\"481\">&nbsp;<\/td>\n<\/tr>\n<tr>\n<td width=\"200\">Timpul de livrare<\/td>\n<td width=\"481\">30 de zile<\/td>\n<\/tr>\n<tr>\n<td width=\"200\">Pachet<\/td>\n<td width=\"481\">Carcas\u0103 standard de export de placaj<\/td>\n<\/tr>\n<tr>\n<td width=\"200\">Portul de expediere<\/td>\n<td width=\"481\">Ningbo\/Shanghai, China<\/td>\n<\/tr>\n<tr>\n<td width=\"200\">Termeni de livrare<\/td>\n<td width=\"481\">Exw, FOB, CFR, CIF etc.<\/td>\n<\/tr>\n<tr>\n<td width=\"200\">Termeni de plat\u0103<\/td>\n<td width=\"481\">T\/T, Western Union, PayPal etc.<\/td>\n<\/tr>\n<tr>\n<td width=\"200\">&nbsp;<\/td>\n<td width=\"481\">Plat\u0103 anticipat\u0103 30%, sold 70% pl\u0103tit \u00eenainte de expediere<\/td>\n<\/tr>\n<tr>\n<td width=\"200\">\u021aara de origine<\/td>\n<td width=\"481\">Ora\u0219ul Wenzhou, China<\/td>\n<\/tr>\n<tr>\n<td width=\"200\">Capacitatea de produc\u021bie<\/td>\n<td width=\"481\">6000 tone\/an<\/td>\n<\/tr>\n<tr>\n<td width=\"200\">MOQ<\/td>\n<td width=\"481\">10 buc\/dimensiune<\/td>\n<\/tr>\n<\/tbody>\n<\/table>","protected":false},"excerpt":{"rendered":"<div class=\"woocommerce-product-details__short-description\">\n<p>Model: STV-Z41H-600LB-A105N-DN20<\/p>\n<p>STV Valve Technology Group Co., Ltd este un lider profesionist din China Supap\u0103 de gur\u0103 JIS 40K, Supap\u0103 de gur\u0103 de corp A105N, Supap\u0103 de blocare 13cr, Supap\u0103 de blocare cu scaun stellit, Supap\u0103 de blocare cu flan\u0219\u0103 de sudur\u0103, Supap\u0103 de blocare din o\u021bel forjat, Produc\u0103tor de valve de blocare 25A de \u00eenalt\u0103 calitate si pret competitiv.<\/p>\n<p>V\u0103 rug\u0103m s\u0103 contacta\u021bi sales@stvvalve.com pentru alte materiale \u0219i detalii.<\/p>\n<p>Fi\u0219\u0103 de date:<a href=\"https:\/\/www.stvvalves.com\/wp-content\/uploads\/2019\/07\/gate-valve-jis-40k-a105n-body-13cr-seat-stellite-trim-weld-flange-drawing.pdf\">Supap\u0103 JIS 40K, corp A105N, garnitur\u0103 din stellit 13cr\/sediu, flan\u0219\u0103 de sudur\u0103<\/a><\/p>\n<\/div>\n<form class=\"cart\" action=\"https:\/\/www.stvvalves.com\/ro\/product\/api-602-integral-flange-gate-valve-600lb-a105n-body-dn-20-rtj-end\/\" enctype=\"multipart\/form-data\" method=\"post\" data-trp-original-action=\"https:\/\/www.stvvalves.com\/product\/api-602-integral-flange-gate-valve-600lb-a105n-body-dn-20-rtj-end\/\">\n<div class=\"wcpa_form_outer\"><\/div>\n<div class=\"quantity\"><\/div>\n<div class=\"addquotelistlink\">\n<div class=\"quotelistadd_prodpage\"><\/div>\n<\/div>\n<input type=\"hidden\" name=\"trp-form-language\" value=\"ro\"\/><\/form>","protected":false},"featured_media":5179,"template":"","meta":[],"product_brand":[],"product_cat":[59,44],"product_tag":[1106,1102,194,1101,1104,1105],"class_list":{"0":"post-5175","1":"product","2":"type-product","3":"status-publish","4":"has-post-thumbnail","6":"product_cat-forged-steel-gate-valve","7":"product_cat-gate-valve","8":"product_tag-25a-gate-valve","9":"product_tag-a105n-body-gate-valve","10":"product_tag-forged-steel-gate-valve","11":"product_tag-gate-valve-jis-40k","12":"product_tag-seat-stellite-trim-gate-valve","13":"product_tag-weld-flange-gate-valve","15":"first","16":"instock","17":"shipping-taxable","18":"product-type-simple"},"_links":{"self":[{"href":"https:\/\/www.stvvalves.com\/ro\/wp-json\/wp\/v2\/product\/5175","targetHints":{"allow":["GET"]}}],"collection":[{"href":"https:\/\/www.stvvalves.com\/ro\/wp-json\/wp\/v2\/product"}],"about":[{"href":"https:\/\/www.stvvalves.com\/ro\/wp-json\/wp\/v2\/types\/product"}],"wp:featuredmedia":[{"embeddable":true,"href":"https:\/\/www.stvvalves.com\/ro\/wp-json\/wp\/v2\/media\/5179"}],"wp:attachment":[{"href":"https:\/\/www.stvvalves.com\/ro\/wp-json\/wp\/v2\/media?parent=5175"}],"wp:term":[{"taxonomy":"product_brand","embeddable":true,"href":"https:\/\/www.stvvalves.com\/ro\/wp-json\/wp\/v2\/product_brand?post=5175"},{"taxonomy":"product_cat","embeddable":true,"href":"https:\/\/www.stvvalves.com\/ro\/wp-json\/wp\/v2\/product_cat?post=5175"},{"taxonomy":"product_tag","embeddable":true,"href":"https:\/\/www.stvvalves.com\/ro\/wp-json\/wp\/v2\/product_tag?post=5175"}],"curies":[{"name":"wp","href":"https:\/\/api.w.org\/{rel}","templated":true}]}}