{"id":5204,"date":"2019-07-22T14:48:55","date_gmt":"2019-07-22T14:48:55","guid":{"rendered":"https:\/\/www.stvvalves.com\/?post_type=product&#038;p=5204"},"modified":"2025-02-17T18:32:39","modified_gmt":"2025-02-17T10:32:39","slug":"api-609-lug-type-butterfly-valve-150lb-10-inch-cf8m","status":"publish","type":"product","link":"https:\/\/www.stvvalves.com\/ro\/products\/api-609-lug-type-butterfly-valve-150lb-10-inch-cf8m\/","title":{"rendered":"Supap\u0103 tip fluture API 609, 150 LB, 10 inchi, CF8M"},"content":{"rendered":"<p>Proiectare \u0219i fabrica\u021bie: API 609<\/p>\n<p>Dimensiune fa\u021b\u0103 \u00een fa\u021b\u0103: API609, ISO5752, ASME B16.10<\/p>\n<p>Dimensiunea conexiunii flan\u0219ei: ASME B16.5, ASME B16.47<\/p>\n<p>Test \u0219i inspec\u021bie: API 598<\/p>\n<p>Evaluare de temperatur\u0103 a presiunii: API 609, ASME B16.34<br \/>\nGam\u0103 de produse<\/p>\n<p>Material corpului: o\u021bel turnat, o\u021bel inoxidabil, monel<\/p>\n<p>Diametru nominal: 2\u2033~120\u2033 (DN50~DN3000)<\/p>\n<p>Conexiune final\u0103: flan\u0219\u0103 dubl\u0103, napolitan\u0103, umplutur\u0103, etc<\/p>\n<p>Interval de presiune: Clasa 150 ~ 600 (PN16 ~ PN100)<\/p>\n<p>Temperatura de lucru: -46\u2103 ~ +550\u2103<\/p>\n<p>Func\u021bionare: m\u00e2ner, angrenaj, actuator electric etc<\/p>\n<p>Structura de etan\u0219are, Etan\u0219are moale,<br \/>\nStopper Driver<br \/>\nISO 5211 PAD de montare<br \/>\nConexiune, Flan\u0219\u0103, Wafer Lug-wafer<br \/>\nOperare,Tip,Manual,Angrenaj melcat,Electric,<br \/>\nPneumatic, Hidraulic<br \/>\nStructur\u0103 excentric\u0103, centrat\u0103<\/p>","protected":false},"excerpt":{"rendered":"<p>Model:STV-LD373F-150LB-CF8M-10\u2033<\/p>\n<p>STV Valve Technology Group Co., Ltd is a professional leader China stainless steel butterfly valve,double eccentric butterfly valve\uff0cflanged butterfly valve,flanged butterfly valve,pneumatic butterfly valve,wafer butterfly valve,lug butterfly valve,triple offset butterfly valve,4 inch butterfly valve,6 inch butterfly valve,3 inch butterfly valve,8 inch butterfly valve,2 inch butterfly valve Manufacture with high quality and competitive price.<\/p>\n<p>V\u0103 rug\u0103m s\u0103 contacta\u021bi sales@stvvalve.com pentru alte materiale \u0219i detalii.<\/p>\n<p>Fi\u0219\u0103 de date:<a href=\"https:\/\/www.stvvalves.com\/wp-content\/uploads\/2019\/07\/API-609-Lug-Type-Butterfly-Valve-150LB-10-Inch-CF8M-drawing.pdf\">Supap\u0103 tip fluture API 609, 150 LB, 10 inchi, CF8M<\/a><\/p>","protected":false},"featured_media":5207,"template":"","meta":[],"product_brand":[],"product_cat":[965,971],"product_tag":[1132,1130,1128,1129,1131,1124,1126,1125,1123,1127,731],"class_list":{"0":"post-5204","1":"product","2":"type-product","3":"status-publish","4":"has-post-thumbnail","6":"product_cat-butterfly-valve","7":"product_cat-wafer-butterfly-valve","8":"product_tag-2-inch-butterfly-valve","9":"product_tag-3-inch-butterfly-valve","10":"product_tag-4-inch-butterfly-valve","11":"product_tag-6-inch-butterfly-valve","12":"product_tag-8-inch-butterfly-valve","13":"product_tag-double-eccentric-butterfly-valve8141c64f649aa10a30e48bdb99fa3eccf7af065b4b625c7c4d110ee570dfa2a6ef8141c64f649aa10a30e48bdb99fa3eccf7af065b4b625c7c4d110ee570dfa2a6bc8141c64f649aa10a30e48bdb99fa3ec","14":"product_tag-lug-butterfly-valve","15":"product_tag-pneumatic-butterfly-valve","16":"product_tag-stainless-steel-butterfly-valve","17":"product_tag-triple-offset-butterfly-valve","18":"product_tag-wafer-butterfly-valve","20":"first","21":"instock","22":"shipping-taxable","23":"product-type-simple"},"_links":{"self":[{"href":"https:\/\/www.stvvalves.com\/ro\/wp-json\/wp\/v2\/product\/5204","targetHints":{"allow":["GET"]}}],"collection":[{"href":"https:\/\/www.stvvalves.com\/ro\/wp-json\/wp\/v2\/product"}],"about":[{"href":"https:\/\/www.stvvalves.com\/ro\/wp-json\/wp\/v2\/types\/product"}],"wp:featuredmedia":[{"embeddable":true,"href":"https:\/\/www.stvvalves.com\/ro\/wp-json\/wp\/v2\/media\/5207"}],"wp:attachment":[{"href":"https:\/\/www.stvvalves.com\/ro\/wp-json\/wp\/v2\/media?parent=5204"}],"wp:term":[{"taxonomy":"product_brand","embeddable":true,"href":"https:\/\/www.stvvalves.com\/ro\/wp-json\/wp\/v2\/product_brand?post=5204"},{"taxonomy":"product_cat","embeddable":true,"href":"https:\/\/www.stvvalves.com\/ro\/wp-json\/wp\/v2\/product_cat?post=5204"},{"taxonomy":"product_tag","embeddable":true,"href":"https:\/\/www.stvvalves.com\/ro\/wp-json\/wp\/v2\/product_tag?post=5204"}],"curies":[{"name":"wp","href":"https:\/\/api.w.org\/{rel}","templated":true}]}}