{"id":5208,"date":"2019-07-22T15:09:39","date_gmt":"2019-07-22T15:09:39","guid":{"rendered":"https:\/\/www.stvvalves.com\/?post_type=product&#038;p=5208"},"modified":"2025-02-17T18:32:37","modified_gmt":"2025-02-17T10:32:37","slug":"triple-offset-butterfly-valve-4-inch-metal-seat-wcb","status":"publish","type":"product","link":"https:\/\/www.stvvalves.com\/ro\/products\/triple-offset-butterfly-valve-4-inch-metal-seat-wcb\/","title":{"rendered":"Supap\u0103 fluture cu compensare tripl\u0103, 4 inci, scaun metalic, WCB"},"content":{"rendered":"<p>Proiectare \u0219i fabrica\u021bie: API 609<\/p>\n<p>Dimensiune fa\u021b\u0103 \u00een fa\u021b\u0103: API609, ISO5752, ASME B16.10<\/p>\n<p>Dimensiunea conexiunii flan\u0219ei: ASME B16.5, ASME B16.47<\/p>\n<p>Test \u0219i inspec\u021bie: API 598<\/p>\n<p>Evaluare de temperatur\u0103 a presiunii: API 609, ASME B16.34<br \/>\nGam\u0103 de produse<\/p>\n<p>Material corpului: o\u021bel turnat, o\u021bel inoxidabil, monel<\/p>\n<p>Diametru nominal: 2\u2033~120\u2033 (DN50~DN3000)<\/p>\n<p>Conexiune final\u0103: flan\u0219\u0103 dubl\u0103, napolitan\u0103, umplutur\u0103, etc<\/p>\n<p>Interval de presiune: Clasa 150 ~ 600 (PN16 ~ PN100)<\/p>\n<p>Temperatura de lucru: -46\u2103 ~ +550\u2103<\/p>\n<p>Func\u021bionare: m\u00e2ner, angrenaj, actuator electric etc<\/p>\n<table style=\"height: 1238px;\" width=\"1041\">\n<tbody>\n<tr>\n<td width=\"200\"><strong><b>numele produsului<\/b><\/strong><\/td>\n<td width=\"481\">Supap\u0103 fluture cu compensare tripl\u0103, 4 inci, scaun metalic, WCB<\/td>\n<\/tr>\n<tr>\n<td width=\"200\">1. Material<\/td>\n<td width=\"481\">WCB<\/td>\n<\/tr>\n<tr>\n<td width=\"200\">2. Dimensiunea<\/td>\n<td width=\"481\">4\u201d<\/td>\n<\/tr>\n<tr>\n<td width=\"200\">4. Port<\/td>\n<td width=\"481\">Port complet<\/td>\n<\/tr>\n<tr>\n<td width=\"200\">5. Presiunea de lucru<\/td>\n<td width=\"481\">150 lb<\/td>\n<\/tr>\n<tr>\n<td width=\"200\">6. Conexiunea se termin\u0103<\/td>\n<td width=\"481\">napolitana<\/td>\n<\/tr>\n<tr>\n<td width=\"200\">7. Temp. de lucru.<\/td>\n<td width=\"481\">-29~425\u00baC,<\/td>\n<\/tr>\n<tr>\n<td width=\"200\">8. Mediu potrivit<\/td>\n<td width=\"481\">Ap\u0103, gaze naturale, ulei \u0219i ceva lichid coroziv<\/td>\n<\/tr>\n<tr>\n<td width=\"200\">9. Operat<\/td>\n<td width=\"481\">Cutie de viteze<\/td>\n<\/tr>\n<tr>\n<td width=\"200\">10. Inspec\u021bie \u0219i testare<\/td>\n<td width=\"481\">Conform API 598<\/td>\n<\/tr>\n<tr>\n<td width=\"200\"><strong><b>Expediere<\/b><\/strong><\/td>\n<td width=\"481\">&nbsp;<\/td>\n<\/tr>\n<tr>\n<td width=\"200\">Timpul de livrare<\/td>\n<td width=\"481\">30 de zile<\/td>\n<\/tr>\n<tr>\n<td width=\"200\">Pachet<\/td>\n<td width=\"481\">Carcas\u0103 standard de export de placaj<\/td>\n<\/tr>\n<tr>\n<td width=\"200\">Portul de expediere<\/td>\n<td width=\"481\">Ningbo\/Shanghai, China<\/td>\n<\/tr>\n<tr>\n<td width=\"200\">Termeni de livrare<\/td>\n<td width=\"481\">Exw, FOB, CFR, CIF etc.<\/td>\n<\/tr>\n<tr>\n<td width=\"200\">Termeni de plat\u0103<\/td>\n<td width=\"481\">T\/T, Western Union, PayPal etc.<\/td>\n<\/tr>\n<tr>\n<td width=\"200\">&nbsp;<\/td>\n<td width=\"481\">Plat\u0103 anticipat\u0103 30%, sold 70% pl\u0103tit \u00eenainte de expediere<\/td>\n<\/tr>\n<tr>\n<td width=\"200\">\u021aara de origine<\/td>\n<td width=\"481\">Ora\u0219ul Wenzhou, China<\/td>\n<\/tr>\n<tr>\n<td width=\"200\">Capacitatea de produc\u021bie<\/td>\n<td width=\"481\">6000 tone\/an<\/td>\n<\/tr>\n<tr>\n<td width=\"200\">MOQ<\/td>\n<td width=\"481\">10 buc\/dimensiune<\/td>\n<\/tr>\n<\/tbody>\n<\/table>","protected":false},"excerpt":{"rendered":"<p>Model: STV-D373F-150LB-WCB-4\u2033<\/p>\n<p>STV Valve Technology Group Co., Ltd este un lider profesionist din China WCB supap\u0103 fluture, supap\u0103 fluture dubl\u0103 excentric\u0103, supap\u0103 fluture napolitan\u0103, supap\u0103 fluture API 609, supap\u0103 fluture triplu offset, supap\u0103 fluture EN 593 inch, supap\u0103 fluture 4 inch, buton cu scaun metalic Fabricare de supape cu \u00eenalt\u0103 calitate \u0219i pre\u021b competitiv.<\/p>\n<p>V\u0103 rug\u0103m s\u0103 contacta\u021bi sales@stvvalve.com pentru alte materiale \u0219i detalii.<\/p>\n<p>Fi\u0219\u0103 de date:<a href=\"https:\/\/www.stvvalves.com\/wp-content\/uploads\/2019\/07\/Triple-Offset-Butterfly-Valve-4-Inch-Metal-Seat-WCB-drawing.pdf\">Supap\u0103 fluture cu compensare tripl\u0103, 4 inci, scaun metalic, WCB<\/a><\/p>","protected":false},"featured_media":5212,"template":"","meta":[],"product_brand":[],"product_cat":[965,971],"product_tag":[1128,1135,1134,1136,1137,1127,731,1133],"class_list":{"0":"post-5208","1":"product","2":"type-product","3":"status-publish","4":"has-post-thumbnail","6":"product_cat-butterfly-valve","7":"product_cat-wafer-butterfly-valve","8":"product_tag-4-inch-butterfly-valve","9":"product_tag-api-609-butterfly-valve","10":"product_tag-double-eccentric-butterfly-valve","11":"product_tag-en-593-inch-butterfly-valve","12":"product_tag-metal-seat-butterfly-valve","13":"product_tag-triple-offset-butterfly-valve","14":"product_tag-wafer-butterfly-valve","15":"product_tag-wcb-butterfly-valve","17":"first","18":"instock","19":"shipping-taxable","20":"product-type-simple"},"_links":{"self":[{"href":"https:\/\/www.stvvalves.com\/ro\/wp-json\/wp\/v2\/product\/5208","targetHints":{"allow":["GET"]}}],"collection":[{"href":"https:\/\/www.stvvalves.com\/ro\/wp-json\/wp\/v2\/product"}],"about":[{"href":"https:\/\/www.stvvalves.com\/ro\/wp-json\/wp\/v2\/types\/product"}],"wp:featuredmedia":[{"embeddable":true,"href":"https:\/\/www.stvvalves.com\/ro\/wp-json\/wp\/v2\/media\/5212"}],"wp:attachment":[{"href":"https:\/\/www.stvvalves.com\/ro\/wp-json\/wp\/v2\/media?parent=5208"}],"wp:term":[{"taxonomy":"product_brand","embeddable":true,"href":"https:\/\/www.stvvalves.com\/ro\/wp-json\/wp\/v2\/product_brand?post=5208"},{"taxonomy":"product_cat","embeddable":true,"href":"https:\/\/www.stvvalves.com\/ro\/wp-json\/wp\/v2\/product_cat?post=5208"},{"taxonomy":"product_tag","embeddable":true,"href":"https:\/\/www.stvvalves.com\/ro\/wp-json\/wp\/v2\/product_tag?post=5208"}],"curies":[{"name":"wp","href":"https:\/\/api.w.org\/{rel}","templated":true}]}}