{"id":5287,"date":"2019-08-07T08:14:01","date_gmt":"2019-08-07T08:14:01","guid":{"rendered":"https:\/\/www.stvvalves.com\/?post_type=product&#038;p=5287"},"modified":"2025-02-17T18:32:37","modified_gmt":"2025-02-17T10:32:37","slug":"wafer-butterfly-valve-pn25-wcb-body-316-trim-ptfe-seat-gear-op","status":"publish","type":"product","link":"https:\/\/www.stvvalves.com\/ro\/products\/wafer-butterfly-valve-pn25-wcb-body-316-trim-ptfe-seat-gear-op\/","title":{"rendered":"Supap\u0103 fluture Wafer PN25, Corp WCB, Trim 316, Scaun PTFE, Gear OP"},"content":{"rendered":"<p>Design: DIN EN 593<br \/>\nEvaluare: PN25<br \/>\nFa\u021b\u0103 \u00een fa\u021b\u0103: DIN EN 558<br \/>\nFlan\u0219\u0103 de cap\u0103t: DIN EN 1092-1<br \/>\nInspec\u021bie \u0219i testare: EN 12266<br \/>\nGrosimea peretelui: EN 12516-1<br \/>\nTemperatura: -196\u2103 ~ +560\u2103<br \/>\nDN50\u2033~ DN600<\/p>\n<p>Material corpului: o\u021bel carbon, o\u021bel inoxidabil, o\u021bel aliat, bronz<\/p>\n<p>Termina\u021bi conexiunea: RF,RTJ, BW<\/p>\n<p>Interval de presiune: Class150~2500(PN16~PN420)<\/p>\n<table>\n<tbody>\n<tr>\n<td width=\"200\"><strong><b>numele produsului<\/b><\/strong><\/td>\n<td width=\"481\">Supap\u0103 fluture Wafer PN25, Corp WCB, Trim 316, Scaun PTFE, Gear OP<\/td>\n<\/tr>\n<tr>\n<td width=\"200\">1. Material<\/td>\n<td width=\"481\">Fier ductil<\/td>\n<\/tr>\n<tr>\n<td width=\"200\">2. Dimensiunea<\/td>\n<td width=\"481\">5\u201d<\/td>\n<\/tr>\n<tr>\n<td width=\"200\">4. Port<\/td>\n<td width=\"481\">Port complet<\/td>\n<\/tr>\n<tr>\n<td width=\"200\">5. Presiunea de lucru<\/td>\n<td width=\"481\">PN25<\/td>\n<\/tr>\n<tr>\n<td width=\"200\">6. Conexiunea se termin\u0103<\/td>\n<td width=\"481\">Cap\u0103t de sudur\u0103 priz\u0103<\/td>\n<\/tr>\n<tr>\n<td width=\"200\">7. Temp. de lucru.<\/td>\n<td width=\"481\">-29~120\u00baC,<\/td>\n<\/tr>\n<tr>\n<td width=\"200\">8. Mediu potrivit<\/td>\n<td width=\"481\">Ap\u0103, gaze naturale, ulei \u0219i ceva lichid coroziv<\/td>\n<\/tr>\n<tr>\n<td width=\"200\">9. Operat<\/td>\n<td width=\"481\">Cutie de viteze<\/td>\n<\/tr>\n<tr>\n<td width=\"200\">10. Inspec\u021bie \u0219i testare<\/td>\n<td width=\"481\">Conform API 598<\/td>\n<\/tr>\n<tr>\n<td width=\"200\"><strong><b>Expediere<\/b><\/strong><\/td>\n<td width=\"481\"><\/td>\n<\/tr>\n<tr>\n<td width=\"200\">Timpul de livrare<\/td>\n<td width=\"481\">30 de zile<\/td>\n<\/tr>\n<tr>\n<td width=\"200\">Pachet<\/td>\n<td width=\"481\">Carcas\u0103 standard de export de placaj<\/td>\n<\/tr>\n<tr>\n<td width=\"200\">Portul de expediere<\/td>\n<td width=\"481\">Ningbo\/Shanghai, China<\/td>\n<\/tr>\n<tr>\n<td width=\"200\">Termeni de livrare<\/td>\n<td width=\"481\">Exw, FOB, CFR, CIF etc.<\/td>\n<\/tr>\n<tr>\n<td width=\"200\">Termeni de plat\u0103<\/td>\n<td width=\"481\">T\/T, Western Union, PayPal etc.<\/td>\n<\/tr>\n<tr>\n<td width=\"200\"><\/td>\n<td width=\"481\">Plat\u0103 anticipat\u0103 30%, sold 70% pl\u0103tit \u00eenainte de expediere<\/td>\n<\/tr>\n<tr>\n<td width=\"200\">\u021aara de origine<\/td>\n<td width=\"481\">Ora\u0219ul Wenzhou, China<\/td>\n<\/tr>\n<tr>\n<td width=\"200\">Capacitatea de produc\u021bie<\/td>\n<td width=\"481\">6000 tone\/an<\/td>\n<\/tr>\n<tr>\n<td width=\"200\">MOQ<\/td>\n<td width=\"481\">10 buc\/dimensiune<\/td>\n<\/tr>\n<\/tbody>\n<\/table>\n<p>&nbsp;<\/p>\n<p>&nbsp;<\/p>","protected":false},"excerpt":{"rendered":"<p>Model: STV-D373F-25C-DN100-WCB<\/p>\n<p>STV Valve Technology Group Co., Ltd este un lider profesionist China Wafer Butterfly Valve Manufacture, supap\u0103 fluture din o\u021bel inoxidabil, supap\u0103 fluture excentric\u0103 dubl\u0103, supap\u0103 fluture cu flan\u0219\u0103, supap\u0103 fluture pneumatic\u0103, supap\u0103 fluture napolitan\u0103, supap\u0103 fluture cu triplu decalaj,4 supap\u0103 fluture inch, supap\u0103 fluture 6 inch, supap\u0103 fluture 3 inch, supap\u0103 fluture 8 inch, supap\u0103 fluture 2 inch.<\/p>\n<p>V\u0103 rug\u0103m s\u0103 contacta\u021bi sales@stvvalve.com pentru alte materiale \u0219i detalii.<\/p>\n<p>Fi\u0219\u0103 de date:<a href=\"https:\/\/www.stvvalves.com\/wp-content\/uploads\/2019\/08\/Wafer-Butterfly-Valve-PN25-WCB-Body-316-Trim-PTFE-Seat-Gear-OP-drawing.pdf\">Supap\u0103 fluture Wafer PN25, Corp WCB, Trim 316, Scaun PTFE, Gear OP<\/a><\/p>","protected":false},"featured_media":5288,"template":"","meta":[],"product_brand":[],"product_cat":[965,971],"product_tag":[1132,1130,1128,1129,1131,1252,1134,1253,1126,1125,1123,1127,731],"class_list":{"0":"post-5287","1":"product","2":"type-product","3":"status-publish","4":"has-post-thumbnail","6":"product_cat-butterfly-valve","7":"product_cat-wafer-butterfly-valve","8":"product_tag-2-inch-butterfly-valve","9":"product_tag-3-inch-butterfly-valve","10":"product_tag-4-inch-butterfly-valve","11":"product_tag-6-inch-butterfly-valve","12":"product_tag-8-inch-butterfly-valve","13":"product_tag-china-wafer-butterfly-valve-manufacture","14":"product_tag-double-eccentric-butterfly-valve","15":"product_tag-flanged-butterfly-valve","16":"product_tag-lug-butterfly-valve","17":"product_tag-pneumatic-butterfly-valve","18":"product_tag-stainless-steel-butterfly-valve","19":"product_tag-triple-offset-butterfly-valve","20":"product_tag-wafer-butterfly-valve","22":"first","23":"instock","24":"shipping-taxable","25":"product-type-simple"},"_links":{"self":[{"href":"https:\/\/www.stvvalves.com\/ro\/wp-json\/wp\/v2\/product\/5287","targetHints":{"allow":["GET"]}}],"collection":[{"href":"https:\/\/www.stvvalves.com\/ro\/wp-json\/wp\/v2\/product"}],"about":[{"href":"https:\/\/www.stvvalves.com\/ro\/wp-json\/wp\/v2\/types\/product"}],"wp:featuredmedia":[{"embeddable":true,"href":"https:\/\/www.stvvalves.com\/ro\/wp-json\/wp\/v2\/media\/5288"}],"wp:attachment":[{"href":"https:\/\/www.stvvalves.com\/ro\/wp-json\/wp\/v2\/media?parent=5287"}],"wp:term":[{"taxonomy":"product_brand","embeddable":true,"href":"https:\/\/www.stvvalves.com\/ro\/wp-json\/wp\/v2\/product_brand?post=5287"},{"taxonomy":"product_cat","embeddable":true,"href":"https:\/\/www.stvvalves.com\/ro\/wp-json\/wp\/v2\/product_cat?post=5287"},{"taxonomy":"product_tag","embeddable":true,"href":"https:\/\/www.stvvalves.com\/ro\/wp-json\/wp\/v2\/product_tag?post=5287"}],"curies":[{"name":"wp","href":"https:\/\/api.w.org\/{rel}","templated":true}]}}