{"id":5521,"date":"2019-12-09T01:49:28","date_gmt":"2019-12-09T01:49:28","guid":{"rendered":"https:\/\/www.stvvalves.com\/?post_type=product&#038;p=5521"},"modified":"2025-02-17T18:32:31","modified_gmt":"2025-02-17T10:32:31","slug":"sanitary-3-way-valve-3-port-ball-valve-with-pneumatic-actuator","status":"publish","type":"product","link":"https:\/\/www.stvvalves.com\/ro\/products\/sanitary-3-way-valve-3-port-ball-valve-with-pneumatic-actuator\/","title":{"rendered":"Supap\u0103 sanitar\u0103 cu 3 c\u0103i, supap\u0103 cu bil\u0103 cu 3 porturi, cu actuator pneumatic"},"content":{"rendered":"<p>Referin\u021b\u0103: ST-V1053-ST-V1054<br \/>\nDimensiuni disponibile: 1\u2033 la 4\u2033, DN25 la DN100<br \/>\nConexiune final\u0103: tri-clamp \/ tri-clamp<br \/>\nCorp \u0219i disc: AISI 304 sau 316L, (EN1.4301\/EN1.4404)<br \/>\nScaun: teflon (PTFE)<br \/>\nPlan de flux cu 3 c\u0103i: tip T sau tip L disponibil pentru alegere<br \/>\nMax. presiune de lucru: 145 psi (10 bar)<br \/>\nFunc\u021bionare: actuator vertical, material 304, NC\/NO\/AA<br \/>\nPresiunea aerului actuatorului: 58 ~ 102 psi (4 ~ 7 bar)<br \/>\nInterval de temperatur\u0103: 14\u00b0F ~ 248\u00b0F (-10\u00b0C ~ 120\u00b0C) implicit, mai mare disponibil la cerere.<br \/>\nTratamentul suprafe\u021bei: Ra 32\u03bcin (0,8\u03bcm) implicit, Ra 16\u03bcin (0,4\u03bcm) cel mai bun.<\/p>\n<p><img loading=\"lazy\" decoding=\"async\" class=\"alignleft size-full wp-image-5527\" src=\"https:\/\/www.stvvalves.com\/wp-content\/uploads\/2019\/12\/Sanitary-3-Way-Valve-3-Port-Ball-Valve-With-Pneumatic-Actuator-catalog.jpg\" alt=\"\" width=\"675\" height=\"817\" srcset=\"https:\/\/www.stvvalves.com\/wp-content\/uploads\/2019\/12\/Sanitary-3-Way-Valve-3-Port-Ball-Valve-With-Pneumatic-Actuator-catalog.jpg 675w, https:\/\/www.stvvalves.com\/wp-content\/uploads\/2019\/12\/Sanitary-3-Way-Valve-3-Port-Ball-Valve-With-Pneumatic-Actuator-catalog-600x726.jpg 600w, https:\/\/www.stvvalves.com\/wp-content\/uploads\/2019\/12\/Sanitary-3-Way-Valve-3-Port-Ball-Valve-With-Pneumatic-Actuator-catalog-248x300.jpg 248w, https:\/\/www.stvvalves.com\/wp-content\/uploads\/2019\/12\/Sanitary-3-Way-Valve-3-Port-Ball-Valve-With-Pneumatic-Actuator-catalog-582x705.jpg 582w\" sizes=\"auto, (max-width: 675px) 100vw, 675px\" \/><\/p>","protected":false},"excerpt":{"rendered":"<p>Seria ST-V1053 este o supap\u0103 cu bil\u0103 sanitar\u0103 cu 3 c\u0103i de tip pneumatic, cu capete cu trei cleme\/tri-cleme \u0219i un actuator vertical, care este utilizat\u0103 pe scar\u0103 larg\u0103 \u00een industria alimentar\u0103 \u0219i a b\u0103uturilor, fabricarea berii, rafin\u0103ria de petrol, industria cosmetic\u0103, farmaceutic\u0103 \u0219i chimic\u0103 pentru controleaz\u0103 debitul mediu. Designul cu orificiu complet cu restric\u021bie zero \u00eel face o alegere optim\u0103 pentru lichide v\u00e2scoase \u0219i sub form\u0103 de particule, supapa cu bil\u0103 ST-V1053 func\u021bioneaz\u0103 automat prin actuatoare verticale.<\/p>\n<p>STV Valve Technology Group Co., Ltd este un lider profesionist din China, supap\u0103 pneumatic\u0103 cu bil\u0103 p\u0103trat\u0103, supap\u0103 cu bil\u0103 sanitar\u0103 din o\u021bel inoxidabil, supap\u0103 cu sfer\u0103 sanitar\u0103 cu 3 c\u0103i, supap\u0103 cu bil\u0103 pneumatic\u0103 cu 3 c\u0103i, supap\u0103 cu bil\u0103 cu 3 c\u0103i, supap\u0103 cu bil\u0103 pneumatic\u0103 cu 3 c\u0103i sanitar\u0103. calitate si pret competitiv<\/p>","protected":false},"featured_media":5522,"template":"","meta":[],"product_brand":[],"product_cat":[966,969],"product_tag":[171,1338,1339,391,1340,1334],"class_list":{"0":"post-5521","1":"product","2":"type-product","3":"status-publish","4":"has-post-thumbnail","6":"product_cat-pipe-fitting","7":"product_cat-sanitary-pipe-fitting-and-valves","8":"product_tag-3-way-ball-valve","9":"product_tag-china-square-pneumatic-ball-valve","10":"product_tag-pneumatic-3-way-ball-valve","11":"product_tag-sanitary-3-way-ball-valve","12":"product_tag-sanitary-pneumatic-3-way-ball-valve-manufacturer","13":"product_tag-sanitary-stainless-steel-ball-valve","15":"first","16":"instock","17":"shipping-taxable","18":"product-type-simple"},"_links":{"self":[{"href":"https:\/\/www.stvvalves.com\/ro\/wp-json\/wp\/v2\/product\/5521","targetHints":{"allow":["GET"]}}],"collection":[{"href":"https:\/\/www.stvvalves.com\/ro\/wp-json\/wp\/v2\/product"}],"about":[{"href":"https:\/\/www.stvvalves.com\/ro\/wp-json\/wp\/v2\/types\/product"}],"wp:featuredmedia":[{"embeddable":true,"href":"https:\/\/www.stvvalves.com\/ro\/wp-json\/wp\/v2\/media\/5522"}],"wp:attachment":[{"href":"https:\/\/www.stvvalves.com\/ro\/wp-json\/wp\/v2\/media?parent=5521"}],"wp:term":[{"taxonomy":"product_brand","embeddable":true,"href":"https:\/\/www.stvvalves.com\/ro\/wp-json\/wp\/v2\/product_brand?post=5521"},{"taxonomy":"product_cat","embeddable":true,"href":"https:\/\/www.stvvalves.com\/ro\/wp-json\/wp\/v2\/product_cat?post=5521"},{"taxonomy":"product_tag","embeddable":true,"href":"https:\/\/www.stvvalves.com\/ro\/wp-json\/wp\/v2\/product_tag?post=5521"}],"curies":[{"name":"wp","href":"https:\/\/api.w.org\/{rel}","templated":true}]}}