{"id":5528,"date":"2019-12-09T02:15:23","date_gmt":"2019-12-09T02:15:23","guid":{"rendered":"https:\/\/www.stvvalves.com\/?post_type=product&#038;p=5528"},"modified":"2025-08-01T14:37:17","modified_gmt":"2025-08-01T06:37:17","slug":"pneumatic-sanitary-316-ball-valvetri-clamp-end","status":"publish","type":"product","link":"https:\/\/www.stvvalves.com\/ro\/products\/pneumatic-sanitary-316-ball-valvetri-clamp-end\/","title":{"rendered":"Supap\u0103 cu bil\u0103 pneumatic\u0103 sanitar\u0103 316, cap\u0103t cu trei cleme"},"content":{"rendered":"<p>Referin\u021b\u0103: ST-V1047<br \/>\nDimensiuni disponibile: 1\/2\u2033 la 4\u2033, DN15 la DN100<br \/>\nConexiune final\u0103: tri-clamp \/ tri-clamp<br \/>\nCorp \u0219i disc: AISI 304 sau 316L, (EN1.4301\/EN1.4404)<br \/>\nScaun: teflon (PTFE)<br \/>\nMax. presiune de lucru: 145 psi (10 bar)<br \/>\nFunc\u021bionare: actuator orizontal, material aluminiu, NC\/NO\/AA<br \/>\nPresiunea aerului actuatorului: 58 ~ 102 psi (4 ~ 7 bar)<br \/>\nInterval de temperatur\u0103: 14\u00b0F ~ 248\u00b0F (-10\u00b0C ~ 120\u00b0C) implicit, mai mare disponibil la cerere.<br \/>\nTratamentul suprafe\u021bei: Ra 32\u03bcin (0,8\u03bcm) implicit, Ra 16\u03bcin (0,4\u03bcm) cel mai bun.<\/p>\n<div id=\"attachment_8225\" style=\"width: 732px\" class=\"wp-caption alignnone\"><img loading=\"lazy\" decoding=\"async\" aria-describedby=\"caption-attachment-8225\" class=\"wp-image-8225 size-full\" src=\"https:\/\/www.stvvalves.com\/wp-content\/uploads\/2019\/12\/sanitary-stainless-steel-welding-2-way-ball-valve-catalog.jpg\" alt=\"sanitary stainless steel welding 2 way ball valve catalog\" width=\"722\" height=\"641\" srcset=\"https:\/\/www.stvvalves.com\/wp-content\/uploads\/2019\/12\/sanitary-stainless-steel-welding-2-way-ball-valve-catalog.jpg 722w, https:\/\/www.stvvalves.com\/wp-content\/uploads\/2019\/12\/sanitary-stainless-steel-welding-2-way-ball-valve-catalog-300x266.jpg 300w, https:\/\/www.stvvalves.com\/wp-content\/uploads\/2019\/12\/sanitary-stainless-steel-welding-2-way-ball-valve-catalog-14x12.jpg 14w, https:\/\/www.stvvalves.com\/wp-content\/uploads\/2019\/12\/sanitary-stainless-steel-welding-2-way-ball-valve-catalog-705x626.jpg 705w, https:\/\/www.stvvalves.com\/wp-content\/uploads\/2019\/12\/sanitary-stainless-steel-welding-2-way-ball-valve-catalog-450x400.jpg 450w, https:\/\/www.stvvalves.com\/wp-content\/uploads\/2019\/12\/sanitary-stainless-steel-welding-2-way-ball-valve-catalog-600x533.jpg 600w\" sizes=\"auto, (max-width: 722px) 100vw, 722px\" \/><p id=\"caption-attachment-8225\" class=\"wp-caption-text\">sanitary stainless steel welding 2 way ball valve catalog<\/p><\/div>","protected":false},"excerpt":{"rendered":"<p>Valva pneumatic\u0103 sanitar\u0103 316 cu bil\u0103 ST-V1047, Tri Clamp End este o supap\u0103 cu bil\u0103 sanitar\u0103 de tip pneumatic cu capete cu trei cleme\/tri-cleme \u0219i actuator orizontal, care este utilizat pe scar\u0103 larg\u0103 \u00een procesarea alimentelor \u0219i a b\u0103uturilor, fabricarea berii, rafin\u0103ria de petrol, cosmetic\u0103, farmaceutic\u0103 , \u0219i industriile chimice pentru a controla debitul mediu. Designul cu orificiu complet cu restric\u021bie zero \u00eel face o alegere optim\u0103 pentru lichide v\u00e2scoase \u0219i sub form\u0103 de particule, supapa cu bil\u0103 ST-V1047 func\u021bioneaz\u0103 automat prin actuatoare orizontale din aluminiu.<\/p>\n<p>STV Valve Technology Group Co., Ltd este un lider profesionist din China Van\u0103 cu bil\u0103 cu 2 c\u0103i, supap\u0103 cu bil\u0103 sanitar\u0103, supap\u0103 cu bil\u0103 sanitar\u0103 din o\u021bel inoxidabil, supap\u0103 cu bil\u0103 din o\u021bel inoxidabil, supap\u0103 cu bil\u0103 sanitar\u0103, supap\u0103 cu bil\u0103 pneumatic\u0103, supap\u0103 cu bil\u0103 din o\u021bel inoxidabil, supap\u0103 cu bil\u0103 direct\u0103 Produc\u0103tor de \u00eenalt\u0103 calitate \u0219i pre\u021b competitiv.<\/p>","protected":false},"featured_media":5529,"template":"","meta":[],"product_brand":[],"product_cat":[966,969],"product_tag":[1332,1342,1341,1333,1334,686],"class_list":{"0":"post-5528","1":"product","2":"type-product","3":"status-publish","4":"has-post-thumbnail","6":"product_cat-pipe-fitting","7":"product_cat-sanitary-pipe-fitting-and-valves","8":"product_tag-china-2-way-ball-valve","9":"product_tag-direct-way-ball-valve-manufacturer","10":"product_tag-pneumatic-ball-valve","11":"product_tag-sanitary-ball-valve","12":"product_tag-sanitary-stainless-steel-ball-valve","13":"product_tag-stainless-steel-ball-valve","15":"first","16":"instock","17":"shipping-taxable","18":"product-type-simple"},"_links":{"self":[{"href":"https:\/\/www.stvvalves.com\/ro\/wp-json\/wp\/v2\/product\/5528","targetHints":{"allow":["GET"]}}],"collection":[{"href":"https:\/\/www.stvvalves.com\/ro\/wp-json\/wp\/v2\/product"}],"about":[{"href":"https:\/\/www.stvvalves.com\/ro\/wp-json\/wp\/v2\/types\/product"}],"wp:featuredmedia":[{"embeddable":true,"href":"https:\/\/www.stvvalves.com\/ro\/wp-json\/wp\/v2\/media\/5529"}],"wp:attachment":[{"href":"https:\/\/www.stvvalves.com\/ro\/wp-json\/wp\/v2\/media?parent=5528"}],"wp:term":[{"taxonomy":"product_brand","embeddable":true,"href":"https:\/\/www.stvvalves.com\/ro\/wp-json\/wp\/v2\/product_brand?post=5528"},{"taxonomy":"product_cat","embeddable":true,"href":"https:\/\/www.stvvalves.com\/ro\/wp-json\/wp\/v2\/product_cat?post=5528"},{"taxonomy":"product_tag","embeddable":true,"href":"https:\/\/www.stvvalves.com\/ro\/wp-json\/wp\/v2\/product_tag?post=5528"}],"curies":[{"name":"wp","href":"https:\/\/api.w.org\/{rel}","templated":true}]}}