{"id":5546,"date":"2019-12-09T06:54:04","date_gmt":"2019-12-09T06:54:04","guid":{"rendered":"https:\/\/www.stvvalves.com\/?post_type=product&#038;p=5546"},"modified":"2025-02-18T13:59:49","modified_gmt":"2025-02-18T05:59:49","slug":"sanitary-304-y-type-strainerdn50clamp-end","status":"publish","type":"product","link":"https:\/\/www.stvvalves.com\/ro\/products\/sanitary-304-y-type-strainerdn50clamp-end\/","title":{"rendered":"Filtru sanitar de tip 304 Y, DN50, cap\u0103t cu clem\u0103"},"content":{"rendered":"<p>Referin\u021b\u0103: ST-V1087<br \/>\nDimensiuni disponibile: 1\u2033-6\u2033 (DN25-DN150)<br \/>\nMaterial carcasa: AISI 304 sau AISI 316L<br \/>\nMaterial garnituri: EPDM, silicon, Viton (FPM)<br \/>\nConexiuni de cap\u0103t: sudur\u0103 cap la cap, cu trei cleme, filetate<br \/>\nDimensiuni ochiuri: de la 0,5 mm la 2,0 mm<br \/>\nEcran: de la 30 mesh la 300 mesh<br \/>\nMax. presiune de lucru: 145 psi (10 bar)<br \/>\nInterval de temperatur\u0103: 14\u00b0F ~ 248\u00b0F (-10\u00b0C ~ 120\u00b0C)<br \/>\nTratamentul suprafe\u021bei: Ra 16 ~ 32\u00b5in (0,4 ~ 0,8\u00b5m), Ra 32\u00b5in implicit<br \/>\nFiltru de tip Y: nu este nevoie s\u0103 dezasambla\u021bi de pe conduct\u0103, doar sl\u0103bi\u021bi clema sau piuli\u021ba, apoi plasa poate fi scoas\u0103 cu u\u0219urin\u021b\u0103.<\/p>\n<p><img loading=\"lazy\" decoding=\"async\" class=\"alignleft size-full wp-image-5547\" src=\"https:\/\/www.stvvalves.com\/wp-content\/uploads\/2019\/12\/Sanitary-304-Y-Type-Strainer-DN50-Clamp-End-Catalog.jpg\" alt=\"\" width=\"701\" height=\"613\" srcset=\"https:\/\/www.stvvalves.com\/wp-content\/uploads\/2019\/12\/Sanitary-304-Y-Type-Strainer-DN50-Clamp-End-Catalog.jpg 701w, https:\/\/www.stvvalves.com\/wp-content\/uploads\/2019\/12\/Sanitary-304-Y-Type-Strainer-DN50-Clamp-End-Catalog-600x525.jpg 600w, https:\/\/www.stvvalves.com\/wp-content\/uploads\/2019\/12\/Sanitary-304-Y-Type-Strainer-DN50-Clamp-End-Catalog-300x262.jpg 300w\" sizes=\"auto, (max-width: 701px) 100vw, 701px\" \/><\/p>\n<p>&nbsp;<\/p>","protected":false},"excerpt":{"rendered":"<p>Filtrul Y sanitar ST-V1087 este folosit pentru a elimina particulele mici din compresoare, pompe, contoare \u0219i alte echipamente. C\u00e2nd lichidele curg prin ecran, impurit\u0103\u021bile pot fi re\u021binute, apoi lichidele pure ies prin orificiu de evacuare. Dac\u0103 este nevoie de cur\u0103\u021bare, scoate\u021bi cartu\u0219ul \u0219i pune\u021bi-l \u00eenapoi dup\u0103 cur\u0103\u021bare, este foarte convenabil pentru utilizare \u0219i \u00eentre\u021binere.<\/p>\n<p>Filtrele au un design compact, putere de filtrare puternic\u0103, daune mici \u0219i pre\u021buri favorabile, sunt utilizate pe scar\u0103 larg\u0103 \u00een industria alimentar\u0103, a b\u0103uturilor, a produselor lactate \u0219i \u00een industria farmaceutic\u0103.<\/p>\n<p>STV Valve Technology Group Co., Ltd este un lider profesionist din China Produc\u0103tori de sit\u0103 sanitar\u0103, sit\u0103 sanitar\u0103 cu clem\u0103, sit\u0103 din o\u021bel inoxidabil, sit\u0103 sanitar\u0103 tip Y, produc\u0103tori de sit\u0103 de tip clem\u0103 Y cu \u00eenalt\u0103 calitate \u0219i pre\u021b competitiv.<\/p>","protected":false},"featured_media":5548,"template":"","meta":[],"product_brand":[],"product_cat":[966,969],"product_tag":[1350,1353,1351,1352,255],"class_list":{"0":"post-5546","1":"product","2":"type-product","3":"status-publish","4":"has-post-thumbnail","6":"product_cat-pipe-fitting","7":"product_cat-sanitary-pipe-fitting-and-valves","8":"product_tag-china-sanitary-strainer","9":"product_tag-clamp-y-type-strainer-manufacturers","10":"product_tag-sanitary-clamp-strainer","11":"product_tag-sanitary-y-type-strainer","12":"product_tag-stainless-steel-strainer","14":"first","15":"instock","16":"shipping-taxable","17":"product-type-simple"},"_links":{"self":[{"href":"https:\/\/www.stvvalves.com\/ro\/wp-json\/wp\/v2\/product\/5546","targetHints":{"allow":["GET"]}}],"collection":[{"href":"https:\/\/www.stvvalves.com\/ro\/wp-json\/wp\/v2\/product"}],"about":[{"href":"https:\/\/www.stvvalves.com\/ro\/wp-json\/wp\/v2\/types\/product"}],"wp:featuredmedia":[{"embeddable":true,"href":"https:\/\/www.stvvalves.com\/ro\/wp-json\/wp\/v2\/media\/5548"}],"wp:attachment":[{"href":"https:\/\/www.stvvalves.com\/ro\/wp-json\/wp\/v2\/media?parent=5546"}],"wp:term":[{"taxonomy":"product_brand","embeddable":true,"href":"https:\/\/www.stvvalves.com\/ro\/wp-json\/wp\/v2\/product_brand?post=5546"},{"taxonomy":"product_cat","embeddable":true,"href":"https:\/\/www.stvvalves.com\/ro\/wp-json\/wp\/v2\/product_cat?post=5546"},{"taxonomy":"product_tag","embeddable":true,"href":"https:\/\/www.stvvalves.com\/ro\/wp-json\/wp\/v2\/product_tag?post=5546"}],"curies":[{"name":"wp","href":"https:\/\/api.w.org\/{rel}","templated":true}]}}