{"id":5560,"date":"2020-03-05T02:58:31","date_gmt":"2020-03-05T02:58:31","guid":{"rendered":"https:\/\/www.stvvalves.com\/?post_type=product&#038;p=5560"},"modified":"2024-12-25T14:58:28","modified_gmt":"2024-12-25T06:58:28","slug":"pneumatic-angle-seat-valve-cf8m-bspt-end","status":"publish","type":"product","link":"https:\/\/www.stvvalves.com\/ro\/products\/pneumatic-angle-seat-valve-cf8m-bspt-end\/","title":{"rendered":"Supap\u0103 pneumatic\u0103 cu scaun unghiular, CF8M, cap\u0103t Bspt"},"content":{"rendered":"<p>Supap\u0103 pneumatic\u0103 cu scaun cu unghi<\/p>\n<p>Date tehnice:<br \/>\nPresiunea fluidului: Max \u00d7 1,6 MPa (232 psi)<br \/>\nPresiune de control: 0,3-0,8 MPa (43,5-116 psi)<br \/>\nFluid de control: gaz neutru, aer<br \/>\nDimensiune actuator: 27mm, 32mm, 40mm, 50mm, 63mm, 80mm, 100mm, 125mm<br \/>\nFluid aplicabil: ap\u0103, alcool, ulei, colorant, abur, gaz neutru sau lichid, solvent organic, acid \u0219i le\u0219ie<br \/>\nTemperatura fluidului: -10\u2103-+180\u2103\uff0c25\u2103-+220\u2103<br \/>\nTemperatura ambiant\u0103: -10\u2103-+80\u2103<br \/>\nTip de control: normal \u00eenchis, normal deschis, dubl\u0103 ac\u021biune<br \/>\nConexiune: Filetat (BSP.BSPT,NPT), sudat, cu flan\u0219\u0103, cu trei cleme<\/p>\n<p>Materiale principale:<br \/>\nMaterialul corpului: CF8M (SS316), CF8 (SS304)<br \/>\nMaterial de etan\u0219are: PTFE<br \/>\nMaterial actuator: CF8 (SS304)<\/p>\n<p>Aplicatii:<br \/>\nMa\u0219ini de umplere a berii \u0219i a b\u0103uturilor<br \/>\nImprimare \u0219i vopsire textile<br \/>\nIndustria gazelor<br \/>\nFarmacie \u0219i echipamente medicale<br \/>\nIndustria chimica<br \/>\nDezinfectare<br \/>\nEchipament de spumare<br \/>\nEliminarea apei\/apelor uzate<\/p>\n<p>Avantaje:<br \/>\n1. Flux mare, rezisten\u021b\u0103 sc\u0103zut\u0103, f\u0103r\u0103 form\u0103 de ciocan de ariete de tip Y a m\u0103rit sec\u021biunea de curgere, care ar putea cre\u0219te fluxul cu 30% \u0219i ar putea face curgerea mai lin\u0103<br \/>\n2. Durat\u0103 super lung\u0103.<br \/>\n3. Care ajut\u0103 tulpina s\u0103 se ajusteze \u0219i s\u0103 se lubrifieze automat.<br \/>\n4. Materialul cilindrului este din o\u021bel inoxidabil. Lubrifiere automat\u0103, 360 de rulare liber\u0103. Supap\u0103 cu scaun pneumatic cu unghi filetat China, supap\u0103 cu scaun cu unghi pneumatic sudat\u0103, supap\u0103 cu scaun cu unghi pneumatic\u0103 din o\u021bel inoxidabil, supap\u0103 cu scaun cu unghi cu cap\u0103t cu flan\u0219\u0103, supap\u0103 cu scaun cu unghi pneumatic cu trei cleme<\/p>\n<table>\n<tbody>\n<tr>\n<td width=\"200\"><strong>numele produsului<\/strong><\/td>\n<td width=\"481\">Supap\u0103 pneumatic\u0103 cu scaun unghiular, CF8M, cap\u0103t Bspt<\/td>\n<\/tr>\n<tr>\n<td width=\"200\">1. Material<\/td>\n<td width=\"481\">CF8M<\/td>\n<\/tr>\n<tr>\n<td width=\"200\">2. Dimensiunea<\/td>\n<td width=\"481\">2\u201d<\/td>\n<\/tr>\n<tr>\n<td width=\"200\">4. Port<\/td>\n<td width=\"481\">Port complet<\/td>\n<\/tr>\n<tr>\n<td width=\"200\">5. Presiunea de lucru<\/td>\n<td width=\"481\">800 wog<\/td>\n<\/tr>\n<tr>\n<td width=\"200\">6. Conexiunea se termin\u0103<\/td>\n<td width=\"481\">NPT<\/td>\n<\/tr>\n<tr>\n<td width=\"200\">7. Temp. de lucru.<\/td>\n<td width=\"481\">-29~120\u00baC,<\/td>\n<\/tr>\n<tr>\n<td width=\"200\">8. Mediu potrivit<\/td>\n<td width=\"481\">Ap\u0103, gaze naturale, ulei \u0219i ceva lichid coroziv<\/td>\n<\/tr>\n<tr>\n<td width=\"200\">9. Operat<\/td>\n<td width=\"481\">\/<\/td>\n<\/tr>\n<tr>\n<td width=\"200\">10. Inspec\u021bie \u0219i testare<\/td>\n<td width=\"481\">Conform API598<\/td>\n<\/tr>\n<tr>\n<td width=\"200\"><strong>Expediere<\/strong><\/td>\n<td width=\"481\"><\/td>\n<\/tr>\n<tr>\n<td width=\"200\">Timpul de livrare<\/td>\n<td width=\"481\">30 de zile<\/td>\n<\/tr>\n<tr>\n<td width=\"200\">Pachet<\/td>\n<td width=\"481\">Carcas\u0103 standard de export de placaj<\/td>\n<\/tr>\n<tr>\n<td width=\"200\">Portul de expediere<\/td>\n<td width=\"481\">Ningbo\/Shanghai, China<\/td>\n<\/tr>\n<tr>\n<td width=\"200\">Termeni de livrare<\/td>\n<td width=\"481\">Exw, FOB, CFR, CIF etc.<\/td>\n<\/tr>\n<tr>\n<td width=\"200\">Termeni de plat\u0103<\/td>\n<td width=\"481\">T\/T, Western Union, PayPal etc.<\/td>\n<\/tr>\n<tr>\n<td width=\"200\"><\/td>\n<td width=\"481\">Plat\u0103 anticipat\u0103 30%, sold 70% pl\u0103tit \u00eenainte de expediere<\/td>\n<\/tr>\n<tr>\n<td width=\"200\">\u021aara de origine<\/td>\n<td width=\"481\">Ora\u0219ul Wenzhou, China<\/td>\n<\/tr>\n<tr>\n<td width=\"200\">Capacitatea de produc\u021bie<\/td>\n<td width=\"481\">6000 tone\/an<\/td>\n<\/tr>\n<tr>\n<td width=\"200\">MOQ<\/td>\n<td width=\"481\">1 buc\/dimensiune<\/td>\n<\/tr>\n<\/tbody>\n<\/table>","protected":false},"excerpt":{"rendered":"<p>Supapa cu scaun unghiular poate economisi spa\u021biu prin p\u0103strarea debitului. Ar trebui s\u0103 fie adesea deschis sau \u00eenchis atunci c\u00e2nd este utilizat.<br \/>\nSupapa cu scaun unghiular este utilizat\u0103 pe scar\u0103 larg\u0103 \u00een pornirea frecvent\u0103 de scurt\u0103 durat\u0103, care are caracteristicile reac\u021biei sensibile \u0219i ac\u021biunii precise.<br \/>\nCu ajutorul electrovalvei, debitul de gaz \u0219i lichid poate fi controlat cu precizie prin control pneumatic. Poate realiza cerin\u021ba de control precis al temperaturii, pic\u0103turi de lichid \u0219i a\u0219a mai departe.<\/p>\n<p>STV Valve Technology Group Co., Limited este un lider profesionist din China Supap\u0103 cu scaun cu unghi cu filet, Supap\u0103 cu scaun cu unghi pneumatic sudat\u0103, Supap\u0103 cu scaun cu unghi pneumatic din o\u021bel inoxidabil, Supap\u0103 cu scaun cu unghi cu cap\u0103t cu flan\u0219\u0103, Produc\u0103tor de supape cu scaun cu unghi cu trei cleme de \u00eenalt\u0103 calitate si pret competitiv.<\/p>\n<p>V\u0103 rug\u0103m s\u0103 contacta\u021bi sales@stvvalve.com pentru alte materiale \u0219i detalii.<\/p>\n<p>Fi\u0219\u0103 de date:<br \/>\nSupap\u0103 pneumatic\u0103 cu scaun unghiular, CF8M, cap\u0103t Bspt<\/p>","protected":false},"featured_media":5566,"template":"","meta":[],"product_brand":[],"product_cat":[45,189],"product_tag":[1359,1358,1356,1360,1357],"class_list":{"0":"post-5560","1":"product","2":"type-product","3":"status-publish","4":"has-post-thumbnail","6":"product_cat-globe-valve","7":"product_cat-stainless-steel-globe-valve","8":"product_tag-flanged-end-pneumatic-angle-seat-valve","9":"product_tag-stainless-steel-pneumatic-angle-seat-valve","10":"product_tag-threaded-pneumatic-angle-seat-valve","11":"product_tag-tri-clamp-pneumatic-angle-seat-valve","12":"product_tag-welded-pneumatic-angle-seat-valve","14":"first","15":"instock","16":"shipping-taxable","17":"product-type-simple"},"_links":{"self":[{"href":"https:\/\/www.stvvalves.com\/ro\/wp-json\/wp\/v2\/product\/5560","targetHints":{"allow":["GET"]}}],"collection":[{"href":"https:\/\/www.stvvalves.com\/ro\/wp-json\/wp\/v2\/product"}],"about":[{"href":"https:\/\/www.stvvalves.com\/ro\/wp-json\/wp\/v2\/types\/product"}],"wp:featuredmedia":[{"embeddable":true,"href":"https:\/\/www.stvvalves.com\/ro\/wp-json\/wp\/v2\/media\/5566"}],"wp:attachment":[{"href":"https:\/\/www.stvvalves.com\/ro\/wp-json\/wp\/v2\/media?parent=5560"}],"wp:term":[{"taxonomy":"product_brand","embeddable":true,"href":"https:\/\/www.stvvalves.com\/ro\/wp-json\/wp\/v2\/product_brand?post=5560"},{"taxonomy":"product_cat","embeddable":true,"href":"https:\/\/www.stvvalves.com\/ro\/wp-json\/wp\/v2\/product_cat?post=5560"},{"taxonomy":"product_tag","embeddable":true,"href":"https:\/\/www.stvvalves.com\/ro\/wp-json\/wp\/v2\/product_tag?post=5560"}],"curies":[{"name":"wp","href":"https:\/\/api.w.org\/{rel}","templated":true}]}}