{"id":5574,"date":"2020-03-09T02:16:41","date_gmt":"2020-03-09T02:16:41","guid":{"rendered":"https:\/\/www.stvvalves.com\/?post_type=product&#038;p=5574"},"modified":"2025-03-23T20:27:36","modified_gmt":"2025-03-23T12:27:36","slug":"stainless-steel-double-window-sight-glass-flanged-type","status":"publish","type":"product","link":"https:\/\/www.stvvalves.com\/ro\/products\/stainless-steel-double-window-sight-glass-flanged-type\/","title":{"rendered":"Vizor dublu din o\u021bel inoxidabil, tip cu flan\u0219\u0103"},"content":{"rendered":"<p>1\/2\u2033~4\u2033 (DN15~DN100)<br \/>\nMaterial: WCB\/304\/316<br \/>\nWP: PN16 CLASA 150 JIS 10K<br \/>\nWT: -20\u2103 ~200\u2103 (-4\u2109~392\u2109)<br \/>\nTurnare de investi\u021bii<br \/>\nFa\u021b\u0103 \u00een fa\u021b\u0103: DIN 3202 Part1-F1\/ANSI 150LB\/JIS10K<\/p>\n<p><img loading=\"lazy\" decoding=\"async\" class=\"alignleft size-full wp-image-5575\" src=\"https:\/\/www.stvvalves.com\/wp-content\/uploads\/2020\/03\/Stainless-Steel-Double-Window-Sight-Glass-Flanged-Type-drawing-rotated.jpg\" alt=\"\" width=\"2338\" height=\"1653\" srcset=\"https:\/\/www.stvvalves.com\/wp-content\/uploads\/2020\/03\/Stainless-Steel-Double-Window-Sight-Glass-Flanged-Type-drawing-rotated.jpg 2338w, https:\/\/www.stvvalves.com\/wp-content\/uploads\/2020\/03\/Stainless-Steel-Double-Window-Sight-Glass-Flanged-Type-drawing-600x424.jpg 600w, https:\/\/www.stvvalves.com\/wp-content\/uploads\/2020\/03\/Stainless-Steel-Double-Window-Sight-Glass-Flanged-Type-drawing-300x212.jpg 300w, https:\/\/www.stvvalves.com\/wp-content\/uploads\/2020\/03\/Stainless-Steel-Double-Window-Sight-Glass-Flanged-Type-drawing-1030x728.jpg 1030w, https:\/\/www.stvvalves.com\/wp-content\/uploads\/2020\/03\/Stainless-Steel-Double-Window-Sight-Glass-Flanged-Type-drawing-768x543.jpg 768w, https:\/\/www.stvvalves.com\/wp-content\/uploads\/2020\/03\/Stainless-Steel-Double-Window-Sight-Glass-Flanged-Type-drawing-1536x1086.jpg 1536w, https:\/\/www.stvvalves.com\/wp-content\/uploads\/2020\/03\/Stainless-Steel-Double-Window-Sight-Glass-Flanged-Type-drawing-2048x1448.jpg 2048w, https:\/\/www.stvvalves.com\/wp-content\/uploads\/2020\/03\/Stainless-Steel-Double-Window-Sight-Glass-Flanged-Type-drawing-1500x1061.jpg 1500w, https:\/\/www.stvvalves.com\/wp-content\/uploads\/2020\/03\/Stainless-Steel-Double-Window-Sight-Glass-Flanged-Type-drawing-260x185.jpg 260w, https:\/\/www.stvvalves.com\/wp-content\/uploads\/2020\/03\/Stainless-Steel-Double-Window-Sight-Glass-Flanged-Type-drawing-705x498.jpg 705w\" sizes=\"auto, (max-width: 2338px) 100vw, 2338px\" \/><\/p>","protected":false},"excerpt":{"rendered":"<p>Vizorul cu geam dublu din o\u021bel inoxidabil este unul dintre accesoriile principale ale dispozitivului industrial de conducte. \u00cen conducta dispozitivelor de produc\u021bie industrial\u0103, cum ar fi petrol, industria chimic\u0103, medicamente, alimente etc., vizorul poate observa oric\u00e2nd fluxul \u0219i reac\u021bia lichidului, gazului, aburului \u0219i altor medii \u00een conduct\u0103, astfel \u00eenc\u00e2t s\u0103 monitorizeze produc\u021bia \u0219i evitarea accidentelor \u00een procesul de produc\u021bie. \u00cen func\u021bie de diferite cerin\u021be, putem \u00eemp\u0103r\u021bi oglinda direct\u0103 \u00een tip de baz\u0103, tip rotor, tip bil\u0103 plutitoare \u0219i tip plac\u0103 pivotant\u0103.<\/p>\n<p>STV Valve Technology Group Co., Ltd este un lider profesionist din China, vizor de nivel din o\u021bel inoxidabil, vizor cu flan\u0219\u0103 din o\u021bel inoxidabil, vizor de ulei din o\u021bel inoxidabil, vizor 1\/2 din o\u021bel inoxidabil, vizor sanitar din o\u021bel inoxidabil, vizor filetat din o\u021bel inoxidabil produc\u0103tor cu \u00eenalt\u0103 calitate \u0219i pre\u021b competitiv.<\/p>\n<p>V\u0103 rug\u0103m s\u0103 contacta\u021bi sales@stvvalve.com pentru alte materiale \u0219i detalii.<br \/>\n<a href=\"https:\/\/www.stvvalves.com\/wp-content\/uploads\/2020\/03\/Stainless-Steel-Double-Window-Sight-Glass-Flanged-Type-drawing.pdf\">Vizor dublu din o\u021bel inoxidabil, tip cu flan\u0219\u0103<\/a><\/p>\n<p>&nbsp;<\/p>","protected":false},"featured_media":5576,"template":"","meta":[],"product_brand":[],"product_cat":[966,969],"product_tag":[1364,1362,1361,1363,1365,1366],"class_list":{"0":"post-5574","1":"product","2":"type-product","3":"status-publish","4":"has-post-thumbnail","6":"product_cat-pipe-fitting","7":"product_cat-sanitary-pipe-fitting-and-valves","8":"product_tag-1-2-stainless-steel-sight-glass","9":"product_tag-stainless-steel-flanged-sight-glass","10":"product_tag-stainless-steel-level-sight-glass","11":"product_tag-stainless-steel-oil-sight-glass","12":"product_tag-stainless-steel-sanitary-sight-glass","13":"product_tag-stainless-steel-threaded-sight-glass","15":"first","16":"instock","17":"shipping-taxable","18":"product-type-simple"},"_links":{"self":[{"href":"https:\/\/www.stvvalves.com\/ro\/wp-json\/wp\/v2\/product\/5574","targetHints":{"allow":["GET"]}}],"collection":[{"href":"https:\/\/www.stvvalves.com\/ro\/wp-json\/wp\/v2\/product"}],"about":[{"href":"https:\/\/www.stvvalves.com\/ro\/wp-json\/wp\/v2\/types\/product"}],"wp:featuredmedia":[{"embeddable":true,"href":"https:\/\/www.stvvalves.com\/ro\/wp-json\/wp\/v2\/media\/5576"}],"wp:attachment":[{"href":"https:\/\/www.stvvalves.com\/ro\/wp-json\/wp\/v2\/media?parent=5574"}],"wp:term":[{"taxonomy":"product_brand","embeddable":true,"href":"https:\/\/www.stvvalves.com\/ro\/wp-json\/wp\/v2\/product_brand?post=5574"},{"taxonomy":"product_cat","embeddable":true,"href":"https:\/\/www.stvvalves.com\/ro\/wp-json\/wp\/v2\/product_cat?post=5574"},{"taxonomy":"product_tag","embeddable":true,"href":"https:\/\/www.stvvalves.com\/ro\/wp-json\/wp\/v2\/product_tag?post=5574"}],"curies":[{"name":"wp","href":"https:\/\/api.w.org\/{rel}","templated":true}]}}