{"id":5630,"date":"2020-11-03T02:32:47","date_gmt":"2020-11-03T02:32:47","guid":{"rendered":"https:\/\/www.stvvalves.com\/?post_type=product&#038;p=5630"},"modified":"2024-12-24T22:48:25","modified_gmt":"2024-12-24T14:48:25","slug":"din-swing-check-valve-gs-c25-body-dn100-pn40","status":"publish","type":"product","link":"https:\/\/www.stvvalves.com\/ro\/products\/din-swing-check-valve-gs-c25-body-dn100-pn40\/","title":{"rendered":"Supap\u0103 de re\u021binere pivotant\u0103 DIN, corp GS-C25, DN100, PN40"},"content":{"rendered":"<p><!--StartFragment --><\/p>\n<div>Aplica\u021bie: industrie, centrale electrice, instala\u021bii de purificare a gazelor de ardere, tehnologie de procesare, alimentare cu gaz, instala\u021bii de vapori, instala\u021bii de reciclare, instala\u021bii de vid, ap\u0103 cald\u0103, aplica\u021bii pentru ulei termic, produc\u021bie general\u0103 de instala\u021bii, etc. Mediu: abur, gaze, ap\u0103 cald\u0103, ulei termic , amoniac etc.Materiale: GG25(EN-GJL-250),GGG40,1.0619+N(GS-C25),1.4308(CF8), 1.4408(CF8M)Interval de dimensiuni: DN15-DN400 Presiune: PN16-PN40 Temperatura: \u2264425 \u2103 Fig Nr.: STV-BD44H<br \/>\nSpecifica\u021bie tehnic\u0103<br \/>\n\u25cfStandard de proiectare: DIN 3356<br \/>\n\u25cfFa\u021b\u0103 \u00een fa\u021b\u0103: DIN3202<br \/>\n\u25cfCapetele flanselor: DIN2543-2545<br \/>\n\u25cfTest \u0219i inspec\u021bie: DIN 3230<\/div>\n<div>\n<table class=\"ke-zeroborder\" border=\"0\" cellspacing=\"0\" cellpadding=\"0\">\n<tbody>\n<tr>\n<td valign=\"top\">NU.<\/td>\n<td valign=\"top\">Numele piesei<\/td>\n<td valign=\"top\">Material<\/td>\n<\/tr>\n<tr>\n<td>\n<p align=\"center\">1<\/p>\n<\/td>\n<td>\n<p align=\"center\">Corp<\/p>\n<\/td>\n<td>\n<p align=\"center\">GS-C25\u30011.4301\u30011.4401<\/p>\n<\/td>\n<\/tr>\n<tr>\n<td>\n<p align=\"center\">2<\/p>\n<\/td>\n<td>\n<p align=\"center\">Scaun<\/p>\n<\/td>\n<td>\n<p align=\"center\">1.4301\u3001Stellit<\/p>\n<\/td>\n<\/tr>\n<tr>\n<td>\n<p align=\"center\">3<\/p>\n<\/td>\n<td>\n<p align=\"center\">Disc<\/p>\n<\/td>\n<td>\n<p align=\"center\">1.4021\u30011.4301+Stellit<\/p>\n<\/td>\n<\/tr>\n<tr>\n<td>\n<p align=\"center\">4<\/p>\n<\/td>\n<td>\n<p align=\"center\">Arc<\/p>\n<\/td>\n<td>\n<p align=\"center\">1.4301, 1.4401<\/p>\n<\/td>\n<\/tr>\n<tr>\n<td>\n<p align=\"center\">5<\/p>\n<\/td>\n<td>\n<p align=\"center\">Man\u0219on de ghidare din cupru<\/p>\n<\/td>\n<td>\n<p align=\"center\">Aliaj de cupru\u3001D2\u3001BL2<\/p>\n<\/td>\n<\/tr>\n<tr>\n<td>\n<p align=\"center\">6<\/p>\n<\/td>\n<td>\n<p align=\"center\">Garnitura metalica<\/p>\n<\/td>\n<td>\n<p align=\"center\">O\u0163el inoxidabil<\/p>\n<\/td>\n<\/tr>\n<tr>\n<td>\n<p align=\"center\">7<\/p>\n<\/td>\n<td>\n<p align=\"center\">Acoperi<\/p>\n<\/td>\n<td>\n<p align=\"center\">GS-25\u30011.4301\u30011.4401<\/p>\n<\/td>\n<\/tr>\n<tr>\n<td>\n<p align=\"center\">8<\/p>\n<\/td>\n<td>\n<p align=\"center\">Nuca<\/p>\n<\/td>\n<td>\n<p align=\"center\">ASTM 194-2H, A194-8<\/p>\n<\/td>\n<\/tr>\n<tr>\n<td>\n<p align=\"center\">9<\/p>\n<\/td>\n<td>\n<p align=\"center\">\u0218urub cu dou\u0103 capete<\/p>\n<\/td>\n<td>\n<p align=\"center\">ASTM 193-B7, A193-B8<\/p>\n<\/td>\n<\/tr>\n<\/tbody>\n<\/table>\n<\/div>","protected":false},"excerpt":{"rendered":"<p>Avantaj<br \/>\nPrincipalele caracteristici ale supapelor noastre de re\u021binere pot fi:<br \/>\n\u25cfCapot\u0103 cu \u0219uruburi<br \/>\n\u25cfCapota de etan\u0219are de presiune<br \/>\n\u25cfCapota cu filet sau sudata<br \/>\n\u25cf Turnat sau forjat<br \/>\n\u25cfVerificarea balansului, verificarea pistonului, verificarea bilei<br \/>\n\u25cf Scaune sudate sau \u00eenlocuibile<\/p>\n<p>STV Valve Technology Group Co., Ltd este un lider profesionist din China, supap\u0103 de re\u021binere pivotant\u0103 DIN, supap\u0103 de re\u021binere GS-C25, supap\u0103 de re\u021binere DN100, supap\u0103 de re\u021binere PN40, produc\u0103tor cu \u00eenalt\u0103 calitate \u0219i pre\u021b competitiv.<\/p>\n<p>V\u0103 rug\u0103m s\u0103 contacta\u021bi sales@stvvalve.com pentru alte materiale \u0219i detalii.<\/p>\n<p>&nbsp;<\/p>","protected":false},"featured_media":5631,"template":"","meta":[],"product_brand":[],"product_cat":[83,46],"product_tag":[1407,1409,1408,1410],"class_list":{"0":"post-5630","1":"product","2":"type-product","3":"status-publish","4":"has-post-thumbnail","6":"product_cat-cast-steel-check-valve","7":"product_cat-check-valves","8":"product_tag-din-swing-check-valve","9":"product_tag-dn100-swing-check-valve","10":"product_tag-gs-c25-swing-check-valve","11":"product_tag-pn40-swing-check-valve","13":"first","14":"instock","15":"shipping-taxable","16":"product-type-simple"},"_links":{"self":[{"href":"https:\/\/www.stvvalves.com\/ro\/wp-json\/wp\/v2\/product\/5630","targetHints":{"allow":["GET"]}}],"collection":[{"href":"https:\/\/www.stvvalves.com\/ro\/wp-json\/wp\/v2\/product"}],"about":[{"href":"https:\/\/www.stvvalves.com\/ro\/wp-json\/wp\/v2\/types\/product"}],"wp:featuredmedia":[{"embeddable":true,"href":"https:\/\/www.stvvalves.com\/ro\/wp-json\/wp\/v2\/media\/5631"}],"wp:attachment":[{"href":"https:\/\/www.stvvalves.com\/ro\/wp-json\/wp\/v2\/media?parent=5630"}],"wp:term":[{"taxonomy":"product_brand","embeddable":true,"href":"https:\/\/www.stvvalves.com\/ro\/wp-json\/wp\/v2\/product_brand?post=5630"},{"taxonomy":"product_cat","embeddable":true,"href":"https:\/\/www.stvvalves.com\/ro\/wp-json\/wp\/v2\/product_cat?post=5630"},{"taxonomy":"product_tag","embeddable":true,"href":"https:\/\/www.stvvalves.com\/ro\/wp-json\/wp\/v2\/product_tag?post=5630"}],"curies":[{"name":"wp","href":"https:\/\/api.w.org\/{rel}","templated":true}]}}