{"id":5638,"date":"2020-11-03T06:20:35","date_gmt":"2020-11-03T06:20:35","guid":{"rendered":"https:\/\/www.stvvalves.com\/?post_type=product&#038;p=5638"},"modified":"2025-02-17T18:34:13","modified_gmt":"2025-02-17T10:34:13","slug":"cf8c-swing-check-valve-12-inch-cl600-flange-end","status":"publish","type":"product","link":"https:\/\/www.stvvalves.com\/ro\/products\/cf8c-swing-check-valve-12-inch-cl600-flange-end\/","title":{"rendered":"Supap\u0103 de re\u021binere oscilant\u0103 CF8C, 12 inchi, CL600, cap\u0103t cu flan\u0219\u0103"},"content":{"rendered":"<p>Caracteristici de design:<br \/>\nStandard de proiectare conform: BS1868, ASME B16.34, API 600<\/p>\n<p>Structur\u0103 de produs compact\u0103 \u0219i rezonabil\u0103, etan\u0219eitate fiabil\u0103 \u0219i performan\u021b\u0103 bun\u0103;<\/p>\n<p>Pasaj fluid al fluidului \u0219i rezisten\u021b\u0103 mic\u0103 la fluid;<\/p>\n<p>Disc tip balansoar.<\/p>\n<p>Poate fi proiectat cu un cilindru de amortizare sau un disc echilibrat.<\/p>\n<p>Pasaj neted al fluidului \u0219i rezisten\u021b\u0103 mic\u0103 la fluid.<\/p>\n<p>Gam\u0103 de produse<br \/>\nMaterial caroserie: WCB, A105, LCB, LC3, CF8, CF8M, CF3, CF3M, CF8C, CF10M, CG8M, WC1, WC6, WC9, F11 \u0219i etc.<\/p>\n<p>Diametru nominal: 1\/2\u2033~60\u2033\uff08DN15~DN1500\uff09<\/p>\n<p>Interval de presiune: Clasa 150 ~ 2500 (PN10 ~ PN420)<\/p>\n<p>Conexiunea final\u0103: RF, RTJ, BW<\/p>\n<p>Temperatura de lucru: -196\u2103~+560\u2103<\/p>\n<div>\n<p>Test de presiune: API598<\/p>\n<table>\n<tbody>\n<tr>\n<td width=\"200\"><strong><b>numele produsului<\/b><\/strong><\/td>\n<td width=\"481\">Supap\u0103 de re\u021binere oscilant\u0103 CF8C, 12 inchi, CL600, cap\u0103t cu flan\u0219\u0103<\/td>\n<\/tr>\n<tr>\n<td width=\"200\">1. Material<\/td>\n<td width=\"481\">CF8C<\/td>\n<\/tr>\n<tr>\n<td width=\"200\">2. Dimensiunea<\/td>\n<td width=\"481\">12\u201d<\/td>\n<\/tr>\n<tr>\n<td width=\"200\">4. Port<\/td>\n<td width=\"481\">Port complet<\/td>\n<\/tr>\n<tr>\n<td width=\"200\">5. Presiunea de lucru<\/td>\n<td width=\"481\">600 lb<\/td>\n<\/tr>\n<tr>\n<td width=\"200\">6. Conexiunea se termin\u0103<\/td>\n<td width=\"481\">RF<\/td>\n<\/tr>\n<tr>\n<td width=\"200\">7. Temp. de lucru.<\/td>\n<td width=\"481\">-29~250\u00baC,<\/td>\n<\/tr>\n<tr>\n<td width=\"200\">8. Mediu potrivit<\/td>\n<td width=\"481\">Ap\u0103, gaze naturale, ulei \u0219i ceva lichid coroziv<\/td>\n<\/tr>\n<tr>\n<td width=\"200\">9. Operat<\/td>\n<td width=\"481\">\/<\/td>\n<\/tr>\n<tr>\n<td width=\"200\">10. Inspec\u021bie \u0219i testare<\/td>\n<td width=\"481\">Conform API 598<\/td>\n<\/tr>\n<tr>\n<td width=\"200\"><strong><b>Expediere<\/b><\/strong><\/td>\n<td width=\"481\"><\/td>\n<\/tr>\n<tr>\n<td width=\"200\">Timpul de livrare<\/td>\n<td width=\"481\">30 de zile<\/td>\n<\/tr>\n<tr>\n<td width=\"200\">Pachet<\/td>\n<td width=\"481\">Carcas\u0103 standard de export de placaj<\/td>\n<\/tr>\n<tr>\n<td width=\"200\">Portul de expediere<\/td>\n<td width=\"481\">Ningbo\/Shanghai, China<\/td>\n<\/tr>\n<tr>\n<td width=\"200\">Termeni de livrare<\/td>\n<td width=\"481\">Exw, FOB, CFR, CIF etc.<\/td>\n<\/tr>\n<tr>\n<td width=\"200\">Termeni de plat\u0103<\/td>\n<td width=\"481\">T\/T, Western Union, PayPal etc.<\/td>\n<\/tr>\n<tr>\n<td width=\"200\"><\/td>\n<td width=\"481\">Plat\u0103 anticipat\u0103 30%, sold 70% pl\u0103tit \u00eenainte de expediere<\/td>\n<\/tr>\n<tr>\n<td width=\"200\">\u021aara de origine<\/td>\n<td width=\"481\">Ora\u0219ul Wenzhou, China<\/td>\n<\/tr>\n<tr>\n<td width=\"200\">Capacitatea de produc\u021bie<\/td>\n<td width=\"481\">6000 tone\/an<\/td>\n<\/tr>\n<tr>\n<td width=\"200\">MOQ<\/td>\n<td width=\"481\">10 buc\/dimensiune<\/td>\n<\/tr>\n<\/tbody>\n<\/table>\n<\/div>","protected":false},"excerpt":{"rendered":"<p>Caracteristici<\/p>\n<p>1. \u00cen general<\/p>\n<p>Capot\u0103 cu \u0219uruburi<\/p>\n<p>Disc de balansare;<\/p>\n<p>Suprafe\u021be metalice de \u0219edere<\/p>\n<p>2. Conexiune caroserie \u0219i capot\u0103<\/p>\n<p>Supapele de re\u021binere din clasa 1500LB sunt at\u00e2t pentru capota cu \u0219uruburi, c\u00e2t \u0219i pentru capacul de etan\u0219are sub presiune.<\/p>\n<p>3. Stil garnitur\u0103 capac<\/p>\n<p>Garnitura inel metalic<\/p>\n<p>Capac de etan\u0219are de presiune \/ design capot\u0103.<\/p>\n<p>4. Scaun<\/p>\n<p>Pentru supapa de re\u021binere din o\u021bel carbon, scaunul este de obicei din o\u021bel forjat. Suprafa\u021ba de etan\u0219are a scaunului poate fi sudat\u0103 prin pulverizare cu aliaj dur, dac\u0103 este specificat de client. Pentru supapa de re\u021binere din o\u021bel inoxidabil, se adopt\u0103 de obicei scaunul integrat sau poate fi prelucrat integral dup\u0103 sudur\u0103 din aliaj dur. Scaunul de tip filetat sau sudat este, de asemenea, op\u021bional pentru supapa de re\u021binere din o\u021bel colorat, dac\u0103 este solicitat\u0103 de client.<\/p>\n<p>STV Valve Technology Group Co., Ltd este un lider profesionist din China CF8C Swing Check Valve, 12 Inch Swing Check Valve, CL600 Swing Check Valve, Producator de supape de re\u021binere oscilante pentru cap\u0103tul flan\u0219ei cu \u00eenalt\u0103 calitate \u0219i pre\u021b competitiv.<\/p>\n<p>V\u0103 rug\u0103m s\u0103 contacta\u021bi sales@stvvalve.com pentru alte materiale \u0219i detalii.<\/p>","protected":false},"featured_media":5639,"template":"","meta":[],"product_brand":[],"product_cat":[46,67],"product_tag":[1416,1415,1417,339],"class_list":{"0":"post-5638","1":"product","2":"type-product","3":"status-publish","4":"has-post-thumbnail","6":"product_cat-check-valves","7":"product_cat-stainless-steel-check-valve","8":"product_tag-12-inch-swing-check-valve","9":"product_tag-cf8c-swing-check-valve","10":"product_tag-cl600-swing-check-valve","11":"product_tag-flange-end-swing-check-valve","13":"first","14":"instock","15":"shipping-taxable","16":"product-type-simple"},"_links":{"self":[{"href":"https:\/\/www.stvvalves.com\/ro\/wp-json\/wp\/v2\/product\/5638","targetHints":{"allow":["GET"]}}],"collection":[{"href":"https:\/\/www.stvvalves.com\/ro\/wp-json\/wp\/v2\/product"}],"about":[{"href":"https:\/\/www.stvvalves.com\/ro\/wp-json\/wp\/v2\/types\/product"}],"wp:featuredmedia":[{"embeddable":true,"href":"https:\/\/www.stvvalves.com\/ro\/wp-json\/wp\/v2\/media\/5639"}],"wp:attachment":[{"href":"https:\/\/www.stvvalves.com\/ro\/wp-json\/wp\/v2\/media?parent=5638"}],"wp:term":[{"taxonomy":"product_brand","embeddable":true,"href":"https:\/\/www.stvvalves.com\/ro\/wp-json\/wp\/v2\/product_brand?post=5638"},{"taxonomy":"product_cat","embeddable":true,"href":"https:\/\/www.stvvalves.com\/ro\/wp-json\/wp\/v2\/product_cat?post=5638"},{"taxonomy":"product_tag","embeddable":true,"href":"https:\/\/www.stvvalves.com\/ro\/wp-json\/wp\/v2\/product_tag?post=5638"}],"curies":[{"name":"wp","href":"https:\/\/api.w.org\/{rel}","templated":true}]}}