{"id":5660,"date":"2020-12-29T02:52:53","date_gmt":"2020-12-29T02:52:53","guid":{"rendered":"https:\/\/www.stvvalves.com\/?post_type=product&#038;p=5660"},"modified":"2025-02-18T13:58:56","modified_gmt":"2025-02-18T05:58:56","slug":"2205-dual-plate-check-valve-150lb-4-inch-wafer-type","status":"publish","type":"product","link":"https:\/\/www.stvvalves.com\/ro\/products\/2205-dual-plate-check-valve-150lb-4-inch-wafer-type\/","title":{"rendered":"2205 Supap\u0103 de re\u021binere cu dou\u0103 pl\u0103ci, 150 LB, 4 inci, tip wafer"},"content":{"rendered":"<p>Dimensiune: de la 2\u2033 la 48\u2033<br \/>\nPresiune: 150 \u2013 1500LB<br \/>\nMaterial: putem oferi valve realizate \u00een Duplex S31803\u3001Super Duplex S32750\u3001Super Duplex S32760<br \/>\n1A\u3001\u30012A\u30013A\u30014A\u30015A\u30016A\u30011B\u30011C<br \/>\nCD4MCu\u3001CD4MCuN\u3001CD3MCuN\u3001CE8MN\u3001CD6MN\u3001CD3MN\u3001CE3MN,CD3MWCuN<br \/>\nF51\u3001F53\u3001F55\u3001F60<br \/>\nStandard de proiectare \u0219i produc\u021bie: API 594 sau DIN<br \/>\nDistan\u021ba dintre flan\u0219e: ASME B16.10, EN558, DIN3202<br \/>\nConectat \u00een conformitate cu standardul: ANSI, API, DIN<br \/>\nStandard de testare: API598, API 600, ISO5208<br \/>\nMediu: Supapa este potrivit\u0103 pentru mai multe medii, inclusiv ap\u0103, abur, ulei, gaz, produse petroliere, acid azotic, acid acetic etc.<br \/>\nTemperatura de lucru: de la -46\u00baC sau -50\u00baC (construc\u021bii din o\u021bel inoxidabil) \u0219i -29\u00baC sau -46\u00baC (construc\u021bii din o\u021bel carbon) p\u00e2n\u0103 la 600\u2103<\/p>\n<table>\n<tbody>\n<tr>\n<td width=\"200\"><strong>numele produsului<\/strong><\/td>\n<td width=\"481\">2205 Supap\u0103 de re\u021binere cu dou\u0103 pl\u0103ci, 150 LB, 4 inci, tip wafer<\/td>\n<\/tr>\n<tr>\n<td width=\"200\">1. Material<\/td>\n<td width=\"481\">2205<\/td>\n<\/tr>\n<tr>\n<td width=\"200\">2. Dimensiunea<\/td>\n<td width=\"481\">4\u201d<\/td>\n<\/tr>\n<tr>\n<td width=\"200\">4. Port<\/td>\n<td width=\"481\">Port complet<\/td>\n<\/tr>\n<tr>\n<td width=\"200\">5. Presiunea de lucru<\/td>\n<td width=\"481\">150 lb<\/td>\n<\/tr>\n<tr>\n<td width=\"200\">6. Conexiunea se termin\u0103<\/td>\n<td width=\"481\">RF<\/td>\n<\/tr>\n<tr>\n<td width=\"200\">7. Temp. de lucru.<\/td>\n<td width=\"481\">-29~300\u00baC,<\/td>\n<\/tr>\n<tr>\n<td width=\"200\">8. Mediu potrivit<\/td>\n<td width=\"481\">Ap\u0103, gaze naturale, ulei \u0219i ceva lichid coroziv<\/td>\n<\/tr>\n<tr>\n<td width=\"200\">9. Operat<\/td>\n<td width=\"481\">\/<\/td>\n<\/tr>\n<tr>\n<td width=\"200\">10. Inspec\u021bie \u0219i testare<\/td>\n<td width=\"481\">Conform API598<\/td>\n<\/tr>\n<tr>\n<td width=\"200\"><strong>Expediere<\/strong><\/td>\n<td width=\"481\"><\/td>\n<\/tr>\n<tr>\n<td width=\"200\">Timpul de livrare<\/td>\n<td width=\"481\">30 de zile<\/td>\n<\/tr>\n<tr>\n<td width=\"200\">Pachet<\/td>\n<td width=\"481\">Carcas\u0103 standard de export de placaj<\/td>\n<\/tr>\n<tr>\n<td width=\"200\">Portul de expediere<\/td>\n<td width=\"481\">Ningbo\/Shanghai, China<\/td>\n<\/tr>\n<tr>\n<td width=\"200\">Termeni de livrare<\/td>\n<td width=\"481\">Exw, FOB, CFR, CIF etc.<\/td>\n<\/tr>\n<tr>\n<td width=\"200\">Termeni de plat\u0103<\/td>\n<td width=\"481\">T\/T, Western Union, PayPal etc.<\/td>\n<\/tr>\n<tr>\n<td width=\"200\"><\/td>\n<td width=\"481\">Plat\u0103 anticipat\u0103 30%, sold 70% pl\u0103tit \u00eenainte de expediere<\/td>\n<\/tr>\n<tr>\n<td width=\"200\">\u021aara de origine<\/td>\n<td width=\"481\">Ora\u0219ul Wenzhou, China<\/td>\n<\/tr>\n<tr>\n<td width=\"200\">Capacitatea de produc\u021bie<\/td>\n<td width=\"481\">6000 tone\/an<\/td>\n<\/tr>\n<tr>\n<td width=\"200\">MOQ<\/td>\n<td width=\"481\">1 buc\/dimensiune<\/td>\n<\/tr>\n<\/tbody>\n<\/table>","protected":false},"excerpt":{"rendered":"<p>Supapa de re\u021binere cu dou\u0103 pl\u0103ci 2205 are caracteristici de lungime scurt\u0103, volum mic, greutate redus\u0103. Discul poate fi oprit \u00eentr-un timp foarte scurt, presiunea ciocanului de ari este mic\u0103. Supapa de re\u021binere de tip poate fi instalat\u0103 at\u00e2t pe vertical\u0103, c\u00e2t \u0219i pe orizontal\u0103.<\/p>\n<p>1. Design disc u\u0219or<br \/>\n2. Eficien\u021b\u0103 bun\u0103 a fluxului<br \/>\n3. \u00cenchidere metalic\u0103 a scaunului superior<br \/>\n4. Pentru conexiune Wafer, LUG sau BW<br \/>\n5. Arcuri din Inconel X750 sau alte materiale la cerere<\/p>\n<p>STV Valve Technology Group Co., Ltd este un lider profesionist, China Supap\u0103 de re\u021binere cu materiale speciale de \u00eenalt\u0103 calitate \u0219i cea mai fiabil\u0103, supap\u0103 de re\u021binere cu pl\u0103ci duble 2205, supap\u0103 de re\u021binere cu dou\u0103 pl\u0103ci duplex, supape de re\u021binere cu livrare rapid\u0103, produsele noastre eficiente din punct de vedere al costurilor pot reduce timpul de nefunc\u021bionare \u0219i cre\u0219terea duratei de via\u021b\u0103.<\/p>","protected":false},"featured_media":5661,"template":"","meta":[],"product_brand":[],"product_cat":[46,84],"product_tag":[1419,1418,1420,1421],"class_list":{"0":"post-5660","1":"product","2":"type-product","3":"status-publish","4":"has-post-thumbnail","6":"product_cat-check-valves","7":"product_cat-wafer-check-valve","8":"product_tag-150lb-dual-plate-check-valve","9":"product_tag-2205-dual-plate-check-valve","10":"product_tag-4-inch-dual-plate-check-valve","11":"product_tag-wafer-dual-plate-check-valve","13":"first","14":"instock","15":"shipping-taxable","16":"product-type-simple"},"_links":{"self":[{"href":"https:\/\/www.stvvalves.com\/ro\/wp-json\/wp\/v2\/product\/5660","targetHints":{"allow":["GET"]}}],"collection":[{"href":"https:\/\/www.stvvalves.com\/ro\/wp-json\/wp\/v2\/product"}],"about":[{"href":"https:\/\/www.stvvalves.com\/ro\/wp-json\/wp\/v2\/types\/product"}],"wp:featuredmedia":[{"embeddable":true,"href":"https:\/\/www.stvvalves.com\/ro\/wp-json\/wp\/v2\/media\/5661"}],"wp:attachment":[{"href":"https:\/\/www.stvvalves.com\/ro\/wp-json\/wp\/v2\/media?parent=5660"}],"wp:term":[{"taxonomy":"product_brand","embeddable":true,"href":"https:\/\/www.stvvalves.com\/ro\/wp-json\/wp\/v2\/product_brand?post=5660"},{"taxonomy":"product_cat","embeddable":true,"href":"https:\/\/www.stvvalves.com\/ro\/wp-json\/wp\/v2\/product_cat?post=5660"},{"taxonomy":"product_tag","embeddable":true,"href":"https:\/\/www.stvvalves.com\/ro\/wp-json\/wp\/v2\/product_tag?post=5660"}],"curies":[{"name":"wp","href":"https:\/\/api.w.org\/{rel}","templated":true}]}}