{"id":5667,"date":"2020-12-29T03:48:27","date_gmt":"2020-12-29T03:48:27","guid":{"rendered":"https:\/\/www.stvvalves.com\/?post_type=product&#038;p=5667"},"modified":"2025-02-17T18:33:13","modified_gmt":"2025-02-17T10:33:13","slug":"2205-din-flange-y-filter-dn200-pn16","status":"publish","type":"product","link":"https:\/\/www.stvvalves.com\/ro\/products\/2205-din-flange-y-filter-dn200-pn16\/","title":{"rendered":"2205 Filtru Y Flan\u0219\u0103 DIN,DN200,PN16"},"content":{"rendered":"<p>Dimensiune: de la \u00bd\u201d la 24\u201d<br \/>\nPresiune: PN10 \u2013 PN160<br \/>\nMaterial: Tianiu: TA1, TA2, TA10, TC4, GR2, GR3, GR5<br \/>\nAliaj de nichel: N6, N201, N200, CZ-100<br \/>\nAliaj Hastelloy: Hastello B(N-12MV, N-7M), Hastello C(CW-12MW)<br \/>\nHastelloy C276(CW-6MC), Hastelloy C4, Hastelloy G30<br \/>\nAliaj Monel: M-30C, M35-1, Monel 400, Monel 600, Monel K500<br \/>\nInconel: Inconel 600, Inconel 800, Inconel 690<br \/>\nO\u021bel duplex: S31803(SAF2205, F51), S32750(SAF2507, F53)<br \/>\nZirconiu: zirconiu 702, zirconiu 705<br \/>\nO\u021bel inoxidabil austenitic: 904L, 254SMO. 654SMO<br \/>\nAltele: NS143\/Alloy20, C4<\/p>\n<p>Specifica\u021bie tehnic\u0103<\/p>\n<p>Standard de proiectare: DIN 3356 \/ EN 13709<br \/>\nFa\u021b\u0103 \u00een fa\u021b\u0103: DIN3202 \/ EN 558-1<br \/>\nCapetele flan\u0219e: DIN2543-2545 \/ EN 1092-1<br \/>\nTest \u0219i inspec\u021bie: DIN 3230 \/ EN 12266<\/p>\n<p>Aplica\u021bii: Industrie, Centrale electrice, Sta\u021bie de epurare a gazelor de ardere, tehnologie de procesare, alimentare cu gaz, instala\u021bii de vapori, instala\u021bii de reciclare, instala\u021bii de vid, ap\u0103 cald\u0103, tehnologie de \u00eenc\u0103lzire, termoficare, aplica\u021bii de ulei termic, fabrica\u021bie general\u0103 de instala\u021bii etc. (alte aplica\u021bii la cerere )<\/p>\n<p>Mediu: abur, gaze, ap\u0103 cald\u0103, fluide termice, ulei fierbinte, ap\u0103 de proces, instala\u021bii de vid, amoniac etc. (alte medii de curgere la cerere)<\/p>\n<p>Temperatura de lucru: Temperatura de lucru: de la -46\u00baC sau -50\u00baC (construc\u021bii din o\u021bel inoxidabil) \u0219i -29\u00baC sau -46\u00baC (construc\u021bii din o\u021bel carbon) p\u00e2n\u0103 la 400\u2103<\/p>","protected":false},"excerpt":{"rendered":"<p class=\"price\">2205 DIN Flan\u0219\u0103 Y Tip de corp filtru pentru debite mici \u0219i diferite grade de filtrare. Capac cu \u0219uruburi \u0219i capac de scurgere, fabricate conform standardului DIN.<\/p>\n<div class=\"woocommerce-product-details__short-description\">\n<p>STV Valve Technology Group Co., Ltd este un lider profesionist China 2205 DIN Flan\u0219\u0103 Y Filtru, DN200 2205 Flan\u0219\u0103 Y Filtru, PN16 2205 Flan\u0219\u0103 Y Filtru cu \u00eenalt\u0103 calitate \u0219i pre\u021b competitiv.<\/p>\n<\/div>","protected":false},"featured_media":5668,"template":"","meta":[],"product_brand":[],"product_cat":[85,48],"product_tag":[1428,1429,1430],"class_list":{"0":"post-5667","1":"product","2":"type-product","3":"status-publish","4":"has-post-thumbnail","6":"product_cat-stainless-steel-y-type-strainer","7":"product_cat-y-strainer","8":"product_tag-china-2205-din-flange-y-filter","9":"product_tag-dn200-2205-flanged-y-strainer","10":"product_tag-pn16-2205-flanged-y-strainer-manufacturer","12":"first","13":"instock","14":"shipping-taxable","15":"product-type-simple"},"_links":{"self":[{"href":"https:\/\/www.stvvalves.com\/ro\/wp-json\/wp\/v2\/product\/5667","targetHints":{"allow":["GET"]}}],"collection":[{"href":"https:\/\/www.stvvalves.com\/ro\/wp-json\/wp\/v2\/product"}],"about":[{"href":"https:\/\/www.stvvalves.com\/ro\/wp-json\/wp\/v2\/types\/product"}],"wp:featuredmedia":[{"embeddable":true,"href":"https:\/\/www.stvvalves.com\/ro\/wp-json\/wp\/v2\/media\/5668"}],"wp:attachment":[{"href":"https:\/\/www.stvvalves.com\/ro\/wp-json\/wp\/v2\/media?parent=5667"}],"wp:term":[{"taxonomy":"product_brand","embeddable":true,"href":"https:\/\/www.stvvalves.com\/ro\/wp-json\/wp\/v2\/product_brand?post=5667"},{"taxonomy":"product_cat","embeddable":true,"href":"https:\/\/www.stvvalves.com\/ro\/wp-json\/wp\/v2\/product_cat?post=5667"},{"taxonomy":"product_tag","embeddable":true,"href":"https:\/\/www.stvvalves.com\/ro\/wp-json\/wp\/v2\/product_tag?post=5667"}],"curies":[{"name":"wp","href":"https:\/\/api.w.org\/{rel}","templated":true}]}}