{"id":5670,"date":"2020-12-30T06:08:09","date_gmt":"2020-12-30T06:08:09","guid":{"rendered":"https:\/\/www.stvvalves.com\/?post_type=product&#038;p=5670"},"modified":"2025-02-17T18:33:11","modified_gmt":"2025-02-17T10:33:11","slug":"ck20-gate-valve-ansi-300lb-4-inch-flange-end","status":"publish","type":"product","link":"https:\/\/www.stvvalves.com\/ro\/products\/ck20-gate-valve-ansi-300lb-4-inch-flange-end\/","title":{"rendered":"Supap\u0103 CK20, Ansi 300LB, 4 inch, cap\u0103t cu flan\u0219\u0103"},"content":{"rendered":"<p>Dimensiune: de la 2\u2033 la 48\u2033<br \/>\nPresiune: 150 \u2013 2500LB<br \/>\nMaterial: CF8\uff0cCF3\uff0cCF8M\uff0cCF3M\uff0cCG8M\uff0cCG3M\uff0cCF8C\uff0cCK20<br \/>\n304\uff0c304L\uff0c316\uff0c316L\uff0c316Ti\uff0c317\uff0c317L\uff0c310\uff0c310S\uff0c<br \/>\nF304\uff0cF304\uff0cF316\uff0cF316L\uff0cF316Ti\uff0cF317\uff0cF317L\uff0cF310\uff0cF310S<br \/>\nStandard de proiectare \u0219i produc\u021bie: API 600, API6D \u0219i ASME B16.34<br \/>\nDistan\u021ba standard \u00eentre flan\u0219e: API 6D, ASME B16.10<br \/>\nConectat \u00een conformitate cu standardul: ANSI B16.5, ASME B16.47, ANSI B16.25<br \/>\nStandard de testare: API598<br \/>\nAc\u021bionare: poate func\u021biona cu p\u00e2rghie, cutie de viteze, actuator pneumatic sau electric cu roat\u0103 de m\u00e2n\u0103 pentru situa\u021bii de urgen\u021b\u0103.<br \/>\nMediu: Supapa este potrivit\u0103 pentru mai multe medii, inclusiv ap\u0103, abur, ulei, gaz, produse petroliere, acid azotic, acid acetic etc.<br \/>\nTemperatura de lucru: de la -46\u00baC sau -50\u00baC (construc\u021bii din o\u021bel inoxidabil) \u0219i -29\u00baC (construc\u021bii din o\u021bel carbon) p\u00e2n\u0103 la 600\u2103<\/p>","protected":false},"excerpt":{"rendered":"<p>Robinetele CK20 sunt utilizate pe scar\u0103 larg\u0103 \u00een industriile uleiului, chimiei, produse medicamentoase, \u00eengr\u0103\u0219\u0103minte, energie electric\u0103 etc. ca supape de control pornit\/oprit pentru trecerea sau \u00eentreruperea mediului. Poarta este proiectat\u0103 ca o poart\u0103 flexibil\u0103 cu pan\u0103 de etan\u0219are u\u0219oar\u0103 \u0219i compensare a uzurii, suprafa\u021ba de etan\u0219are este acoperit\u0103 cu aliaj \u00eent\u0103rit rezistent la uzur\u0103; suprafa\u021ba de etan\u0219are a scaunului acoperit\u0103 cu un aliaj \u00eent\u0103rit rezistent la uzur\u0103 pentru a fi asortat cu suprafa\u021ba de etan\u0219are a por\u021bii; tija este tratat\u0103 special pentru a-i asigura rezisten\u021ba, rigiditatea, rezisten\u021ba la coroziune \u0219i rezisten\u021ba la abraziune. Supapa noastr\u0103 cu poart\u0103 este cu etan\u0219are fiabil\u0103, utilizare sigur\u0103 \u0219i operare u\u0219oar\u0103. Supapele sunt disponibile \u00eentr-o gam\u0103 complet\u0103 de materiale \u0219i ornamente pentru corp\/capot\u0103, care sunt utilizate pentru mediul de ap\u0103, abur, produse petroliere, acid azotic, acid acetic etc.<\/p>\n<p>Model: Z41H-150LB-3-G1\u2033<\/p>\n<p>Caracteristici de design<br \/>\nDesign complet portului<br \/>\nOS&amp;Y, exterior \u0219i \u0219urub<br \/>\nCapot\u0103 cu \u0219uruburi, structur\u0103 de etan\u0219are din spate<br \/>\nPan\u0103 flexibil\u0103, complet ghidat\u0103<br \/>\nAlegere pan\u0103 solid\u0103 sau despicat\u0103<br \/>\nScaun regenerabil sau sudat<br \/>\nDesign de tij\u0103 extins pentru temperatur\u0103 sc\u0103zut\u0103<br \/>\nCapetele cu flan\u0219e sau sudate cap la cap<\/p>\n<p>STV Valve Technology Group Co., Ltd este un lider profesionist din China CK20 Robinet, Ansi 300LB CK20 Supap\u0103, 4 inch CK20 Supap\u0103, Produc\u0103tor de robinet CK20 cu cap\u0103t de flan\u0219\u0103 cu \u00eenalt\u0103 calitate \u0219i pre\u021b competitiv.<\/p>","protected":false},"featured_media":5671,"template":"","meta":[],"product_brand":[],"product_cat":[44,60],"product_tag":[1432,1433,1431,1434],"class_list":{"0":"post-5670","1":"product","2":"type-product","3":"status-publish","4":"has-post-thumbnail","6":"product_cat-gate-valve","7":"product_cat-stainless-steel-gate-valve","8":"product_tag-300lb-ck20-gate-valve","9":"product_tag-4-inch-ck20-gate-valve","10":"product_tag-ck20-gate-valve","11":"product_tag-flange-end-ck20-gate-valve","13":"first","14":"instock","15":"shipping-taxable","16":"product-type-simple"},"_links":{"self":[{"href":"https:\/\/www.stvvalves.com\/ro\/wp-json\/wp\/v2\/product\/5670","targetHints":{"allow":["GET"]}}],"collection":[{"href":"https:\/\/www.stvvalves.com\/ro\/wp-json\/wp\/v2\/product"}],"about":[{"href":"https:\/\/www.stvvalves.com\/ro\/wp-json\/wp\/v2\/types\/product"}],"wp:featuredmedia":[{"embeddable":true,"href":"https:\/\/www.stvvalves.com\/ro\/wp-json\/wp\/v2\/media\/5671"}],"wp:attachment":[{"href":"https:\/\/www.stvvalves.com\/ro\/wp-json\/wp\/v2\/media?parent=5670"}],"wp:term":[{"taxonomy":"product_brand","embeddable":true,"href":"https:\/\/www.stvvalves.com\/ro\/wp-json\/wp\/v2\/product_brand?post=5670"},{"taxonomy":"product_cat","embeddable":true,"href":"https:\/\/www.stvvalves.com\/ro\/wp-json\/wp\/v2\/product_cat?post=5670"},{"taxonomy":"product_tag","embeddable":true,"href":"https:\/\/www.stvvalves.com\/ro\/wp-json\/wp\/v2\/product_tag?post=5670"}],"curies":[{"name":"wp","href":"https:\/\/api.w.org\/{rel}","templated":true}]}}