{"id":5672,"date":"2020-12-30T06:38:47","date_gmt":"2020-12-30T06:38:47","guid":{"rendered":"https:\/\/www.stvvalves.com\/?post_type=product&#038;p=5672"},"modified":"2025-02-17T18:33:21","modified_gmt":"2025-02-17T10:33:21","slug":"cy40-gate-valve-ansi-150lb-dn50","status":"publish","type":"product","link":"https:\/\/www.stvvalves.com\/ro\/products\/cy40-gate-valve-ansi-150lb-dn50\/","title":{"rendered":"Supap\u0103 CY40, Ansi 150LB, DN50"},"content":{"rendered":"<p>Dimensiune: de la 2\u2033 la 48\u2033<br \/>\nPresiune: 150 \u2013 2500LB<br \/>\nMaterial: Inconel 600, Inconel 625, Incoloy 800, Incoloy 825<br \/>\nCY40,CW6MC,CT15C,CU5MCuC,<br \/>\nNO6600,NO6625,NO8800,NO8825<br \/>\nStandard de proiectare \u0219i produc\u021bie: API 600, API6D \u0219i ASME B16.34<br \/>\nDistan\u021ba standard \u00eentre flan\u0219e: API 6D, ASME B16.10<br \/>\nConectat \u00een conformitate cu standardul: ANSI B16.5, ASME B16.47, ANSI B16.25<br \/>\nStandard de testare: API598<br \/>\nAc\u021bionare: poate func\u021biona cu p\u00e2rghie, cutie de viteze, actuator pneumatic sau electric cu roat\u0103 de m\u00e2n\u0103 pentru situa\u021bii de urgen\u021b\u0103.<br \/>\nMediu: Supapa este potrivit\u0103 pentru mai multe medii, inclusiv ap\u0103, abur, ulei, gaz, produse petroliere, acid azotic, acid acetic etc.<br \/>\nTemperatura de lucru: de la -46\u00baC sau -50\u00baC (construc\u021bii din o\u021bel inoxidabil) \u0219i -29\u00baC (construc\u021bii din o\u021bel carbon) p\u00e2n\u0103 la 600\u2103<\/p>","protected":false},"excerpt":{"rendered":"<p>Robinetele CK20 sunt utilizate pe scar\u0103 larg\u0103 \u00een industriile uleiului, chimiei, produse medicamentoase, \u00eengr\u0103\u0219\u0103minte, energie electric\u0103 etc. ca supape de control pornit\/oprit pentru trecerea sau \u00eentreruperea mediului. Poarta este proiectat\u0103 ca o poart\u0103 flexibil\u0103 cu pan\u0103 de etan\u0219are u\u0219oar\u0103 \u0219i compensare a uzurii, suprafa\u021ba de etan\u0219are este acoperit\u0103 cu aliaj \u00eent\u0103rit rezistent la uzur\u0103; suprafa\u021ba de etan\u0219are a scaunului acoperit\u0103 cu un aliaj \u00eent\u0103rit rezistent la uzur\u0103 pentru a fi asortat cu suprafa\u021ba de etan\u0219are a por\u021bii; tija este tratat\u0103 special pentru a-i asigura rezisten\u021ba, rigiditatea, rezisten\u021ba la coroziune \u0219i rezisten\u021ba la abraziune. Supapa noastr\u0103 cu poart\u0103 este cu etan\u0219are fiabil\u0103, utilizare sigur\u0103 \u0219i operare u\u0219oar\u0103. Supapele sunt disponibile \u00eentr-o gam\u0103 complet\u0103 de materiale \u0219i ornamente pentru corp\/capot\u0103, care sunt utilizate pentru mediul de ap\u0103, abur, produse petroliere, acid azotic, acid acetic etc.<\/p>\n<p>Model: Z41H-150LB-3-G1\u2033<\/p>\n<p>Caracteristici de design<br \/>\nDesign complet portului<br \/>\nOS&amp;Y, exterior \u0219i \u0219urub<br \/>\nCapot\u0103 cu \u0219uruburi, structur\u0103 de etan\u0219are din spate<br \/>\nPan\u0103 flexibil\u0103, complet ghidat\u0103<br \/>\nAlegere pan\u0103 solid\u0103 sau despicat\u0103<br \/>\nScaun regenerabil sau sudat<br \/>\nDesign de tij\u0103 extins pentru temperatur\u0103 sc\u0103zut\u0103<br \/>\nCapetele cu flan\u0219e sau sudate cap la cap<\/p>\n<p>STV Valve Technology Group Co., Ltd este un lider profesionist din China CY40 Robinet, Ansi 150LB CY40 Supap\u0103, 2 inch CY40, Produc\u0103tor de robinet CY40 cu cap\u0103t de flan\u0219\u0103, cu \u00eenalt\u0103 calitate \u0219i pre\u021b competitiv.<\/p>","protected":false},"featured_media":5673,"template":"","meta":[],"product_brand":[],"product_cat":[44,60],"product_tag":[1437,1436,1435,1438],"class_list":{"0":"post-5672","1":"product","2":"type-product","3":"status-publish","4":"has-post-thumbnail","6":"product_cat-gate-valve","7":"product_cat-stainless-steel-gate-valve","8":"product_tag-2-inch-cy40-gate-valve","9":"product_tag-ansi-150lb-cy40-gate-valve","10":"product_tag-china-cy40-gate-valve","11":"product_tag-flange-end-cy40-gate-valve-manufacturer","13":"first","14":"instock","15":"shipping-taxable","16":"product-type-simple"},"_links":{"self":[{"href":"https:\/\/www.stvvalves.com\/ro\/wp-json\/wp\/v2\/product\/5672","targetHints":{"allow":["GET"]}}],"collection":[{"href":"https:\/\/www.stvvalves.com\/ro\/wp-json\/wp\/v2\/product"}],"about":[{"href":"https:\/\/www.stvvalves.com\/ro\/wp-json\/wp\/v2\/types\/product"}],"wp:featuredmedia":[{"embeddable":true,"href":"https:\/\/www.stvvalves.com\/ro\/wp-json\/wp\/v2\/media\/5673"}],"wp:attachment":[{"href":"https:\/\/www.stvvalves.com\/ro\/wp-json\/wp\/v2\/media?parent=5672"}],"wp:term":[{"taxonomy":"product_brand","embeddable":true,"href":"https:\/\/www.stvvalves.com\/ro\/wp-json\/wp\/v2\/product_brand?post=5672"},{"taxonomy":"product_cat","embeddable":true,"href":"https:\/\/www.stvvalves.com\/ro\/wp-json\/wp\/v2\/product_cat?post=5672"},{"taxonomy":"product_tag","embeddable":true,"href":"https:\/\/www.stvvalves.com\/ro\/wp-json\/wp\/v2\/product_tag?post=5672"}],"curies":[{"name":"wp","href":"https:\/\/api.w.org\/{rel}","templated":true}]}}