{"id":5779,"date":"2021-03-22T06:14:23","date_gmt":"2021-03-22T06:14:23","guid":{"rendered":"https:\/\/www.stvvalves.com\/?post_type=product&#038;p=5779"},"modified":"2024-12-25T09:34:57","modified_gmt":"2024-12-25T01:34:57","slug":"screwed-ball-float-steam-traps","status":"publish","type":"product","link":"https:\/\/www.stvvalves.com\/ro\/products\/screwed-ball-float-steam-traps\/","title":{"rendered":"Capcane de abur cu plutire cu bile \u00een\u0219urubate"},"content":{"rendered":"<p>Caracteristici<br \/>\nDimensiune: DN15-DN50, 1\/2\u2033-2\u2033<br \/>\nPresiune normal\u0103: Class150-class300,PN10-PN64<br \/>\nMaterial corp: corp turnat sau forjat din font\u0103, o\u021bel carbon, o\u021bel inoxidabil sau duplex.<br \/>\nTrim: garnitur\u0103 din o\u021bel inoxidabil SS304 ca standard<br \/>\nCapete: cu flan\u0219\u0103: BSPT, NPT, BSPP<br \/>\nStandard: ASME B16.34, DIN3202, ASME b16.10, MSS SP-71\uff0cBS EN558\uff0cASME B16.5 CL150\uff0cEN1092\uff0cEN12226\uff0cISO5208\uff0cAPI598<\/p>\n<p><img loading=\"lazy\" decoding=\"async\" class=\"alignleft size-full wp-image-5780\" src=\"https:\/\/www.stvvalves.com\/wp-content\/uploads\/2021\/03\/Screwed-Ball-float-steam-traps.jpg\" alt=\"\" width=\"1197\" height=\"683\" srcset=\"https:\/\/www.stvvalves.com\/wp-content\/uploads\/2021\/03\/Screwed-Ball-float-steam-traps.jpg 1197w, https:\/\/www.stvvalves.com\/wp-content\/uploads\/2021\/03\/Screwed-Ball-float-steam-traps-600x342.jpg 600w, https:\/\/www.stvvalves.com\/wp-content\/uploads\/2021\/03\/Screwed-Ball-float-steam-traps-300x171.jpg 300w, https:\/\/www.stvvalves.com\/wp-content\/uploads\/2021\/03\/Screwed-Ball-float-steam-traps-1030x588.jpg 1030w, https:\/\/www.stvvalves.com\/wp-content\/uploads\/2021\/03\/Screwed-Ball-float-steam-traps-768x438.jpg 768w, https:\/\/www.stvvalves.com\/wp-content\/uploads\/2021\/03\/Screwed-Ball-float-steam-traps-705x402.jpg 705w\" sizes=\"auto, (max-width: 1197px) 100vw, 1197px\" \/><\/p>","protected":false},"excerpt":{"rendered":"<p>Screwed Ball Float Aburul sunt extrem de versatili \u0219i func\u021bioneaz\u0103 eficient at\u00e2t cu \u00eenc\u0103rc\u0103turi u\u0219oare, c\u00e2t \u0219i grele de condens, de\u0219i de dimensiuni compacte, capacitatea lor de evacuare este mare \u0219i continu\u0103, asigur\u00e2nd un transfer maxim de c\u0103ldur\u0103, aceste capcane sunt cea mai bun\u0103 alegere pentru drenarea instala\u021biei cu control automat al temperaturii.<br \/>\nSifonele cu plutitor cu bile cu \u0219uruburi au o ventila\u021bie de aer integrat\u0103 ca standard \u0219i op\u021biunile unei supape cu ac reglabile manual \u0219i robinet de scurgere, gama de plutitoare cu bile este adaptabil\u0103 la toate aplica\u021biile \u00een care sunt recomandate sifone cu plutitor cu bil\u0103 \u0219i este necesar\u0103 \u00eendep\u0103rtarea instantanee a condensului.<\/p>\n<p>&nbsp;<\/p>\n<p>Cum func\u021bioneaz\u0103 un sifon cu plutire cu bil\u0103?<\/p>\n<p>The\u00a0<b>plutitor cu minge<\/b>\u00a0tip\u00a0<b>capcan\u0103<\/b>\u00a0opereaz\u0103 prin sesizarea diferen\u021bei de densitate dintre\u00a0<b>aburi<\/b>\u00a0\u0219i condens. \u2026 Dup\u0103 eliberarea aerului ini\u021bial, acesta r\u0103m\u00e2ne \u00eenchis p\u00e2n\u0103 c\u00e2nd aerul sau alte gaze necondensabile se acumuleaz\u0103 \u00een timpul func\u021bion\u0103rii normale \u0219i determin\u0103 deschiderea acestuia prin reducerea temperaturii aerului\/<b>aburi<\/b>\u00a0amestec.<\/p>\n<p>Unde sunt cel mai probabil g\u0103site capcane flotante \u0219i termostatice?<\/p>\n<p>A\u00a0<b>pluti<\/b>-si-termostat abur\u00a0<b>capcan\u0103<\/b>, dac\u0103 este prezent, este mai mult\u00a0<b>probabil s\u0103 fie g\u0103site<\/b>\u00a0pe sistemele de \u00eenc\u0103lzire cu abur mai noi \u0219i moderne, \u00een care cazanul \u0219i conductele se \u00eenc\u0103lzesc rapid. The\u00a0<b>capcan\u0103<\/b>\u00a0este operat (deschis sau \u00eenchis) de c\u0103tre a\u00a0<b>pluti<\/b>\u00a0asamblare\u00a0<b>asta va<\/b>\u00a0scurgerea condensului prin\u00a0<b>capcan\u0103<\/b>\u00a0fara a depinde de temperatura sau timpul de incalzire<\/p>\n<p>Ce tip de sifon nu este de dorit?<\/p>\n<p>\u00cen cele mai multe cazuri, aceasta este\u00a0<b>nu este de dorit<\/b>\u00a0deoarece condensul trebuie \u00eendep\u0103rtat imediat ce se formeaz\u0103. Termodinamic (TD)\u00a0<b>capcane<\/b>\u00a0se lucreaz\u0103 la diferen\u021ba de r\u0103spuns dinamic la schimb\u0103rile de vitez\u0103 \u00een fluxul fluidelor compresibile \u0219i incompresibile.<\/p>","protected":false},"featured_media":5781,"template":"","meta":[],"product_brand":[],"product_cat":[83,46],"product_tag":[1471,1472,1473],"class_list":{"0":"post-5779","1":"product","2":"type-product","3":"status-publish","4":"has-post-thumbnail","6":"product_cat-cast-steel-check-valve","7":"product_cat-check-valves","8":"product_tag-ball-float-steam-traps","9":"product_tag-lever-ball-float-type-steam-traps","10":"product_tag-screwed-ball-float-steam-traps","12":"first","13":"instock","14":"shipping-taxable","15":"product-type-simple"},"_links":{"self":[{"href":"https:\/\/www.stvvalves.com\/ro\/wp-json\/wp\/v2\/product\/5779","targetHints":{"allow":["GET"]}}],"collection":[{"href":"https:\/\/www.stvvalves.com\/ro\/wp-json\/wp\/v2\/product"}],"about":[{"href":"https:\/\/www.stvvalves.com\/ro\/wp-json\/wp\/v2\/types\/product"}],"wp:featuredmedia":[{"embeddable":true,"href":"https:\/\/www.stvvalves.com\/ro\/wp-json\/wp\/v2\/media\/5781"}],"wp:attachment":[{"href":"https:\/\/www.stvvalves.com\/ro\/wp-json\/wp\/v2\/media?parent=5779"}],"wp:term":[{"taxonomy":"product_brand","embeddable":true,"href":"https:\/\/www.stvvalves.com\/ro\/wp-json\/wp\/v2\/product_brand?post=5779"},{"taxonomy":"product_cat","embeddable":true,"href":"https:\/\/www.stvvalves.com\/ro\/wp-json\/wp\/v2\/product_cat?post=5779"},{"taxonomy":"product_tag","embeddable":true,"href":"https:\/\/www.stvvalves.com\/ro\/wp-json\/wp\/v2\/product_tag?post=5779"}],"curies":[{"name":"wp","href":"https:\/\/api.w.org\/{rel}","templated":true}]}}