{"id":5784,"date":"2021-03-22T13:09:09","date_gmt":"2021-03-22T13:09:09","guid":{"rendered":"https:\/\/www.stvvalves.com\/?post_type=product&#038;p=5784"},"modified":"2024-12-25T09:30:21","modified_gmt":"2024-12-25T01:30:21","slug":"single-seat-ball-float-type-steam-trap","status":"publish","type":"product","link":"https:\/\/www.stvvalves.com\/ro\/products\/single-seat-ball-float-type-steam-trap\/","title":{"rendered":"Sifon cu un singur loc cu bil\u0103 cu plutitor"},"content":{"rendered":"<p>1. Sifon din o\u021bel carbon 1.0619 (WCB).<br \/>\n2. Piese interne din o\u021bel inoxidabil.<br \/>\n3. Aerisire automat\u0103 integral\u0103.<br \/>\n4. Durabilitate ridicat\u0103 \u0219i \u00eentre\u021binere u\u0219oar\u0103.<br \/>\n5. Aplicare: Drenaj conducte de abur.<br \/>\n6. Capetele cu flan\u0219e conform EN 1092-1 PN16.<br \/>\n7. DN25: Un singur loc<br \/>\nDN40-50: Scaun dublu<br \/>\nConditii de lucru:<br \/>\nInstalare orizontal\u0103 (vezi s\u0103geata indicatoare).<br \/>\nVezi s\u0103geata cu direc\u021bia fluxului.<br \/>\nCondi\u021bii de proiectare a caroseriei: PN16.<br \/>\nPresiune maxim\u0103 admis\u0103 (PMA): 16 bar la 120\u00baC.<br \/>\nTemperatura maxima admisa (TMA): 250\u00baC.<br \/>\nPresiune diferen\u021bial\u0103 maxim\u0103:<br \/>\nModel 045: \u0394P max 4,5 bar<br \/>\nModel 100: \u0394P max 10 bar<\/p>\n<p>Aplicat pe scar\u0103 larg\u0103 \u00een petrol, metalurgie, industria chimic\u0103, fabricarea h\u00e2rtiei, echipamente pentru alimente \u0219i abur, usc\u0103toare \u0219i schimb\u0103toare de c\u0103ldur\u0103 mari, \u00een special pentru lucru<br \/>\nlocuri cu cantitate mare de ap\u0103 condensat\u0103 care urmeaz\u0103 s\u0103 fie evacuate.<br \/>\nAvantaj<br \/>\n1. Dou\u0103 baze echilibrate ale supapelor m\u0103resc aria fluxului \u0219i dob\u00e2ndesc o cantitate mare de ap\u0103 evacuat\u0103.<br \/>\n2. Amestecul de desc\u0103rcare automat\u0103 a gazelor din interior poate desc\u0103rca gazul la timp \u00een timp ce deschide rapid echipamentul.<br \/>\n3. Structurile din o\u021bel inoxidabil asigur\u0103 performan\u021be perfecte de anticorup\u021bie.<\/p>\n<p><img loading=\"lazy\" decoding=\"async\" class=\"alignleft size-full wp-image-5785\" src=\"https:\/\/www.stvvalves.com\/wp-content\/uploads\/2021\/03\/single-seat-ball-float-stem-trap.jpg\" alt=\"\" width=\"1259\" height=\"794\" srcset=\"https:\/\/www.stvvalves.com\/wp-content\/uploads\/2021\/03\/single-seat-ball-float-stem-trap.jpg 1259w, https:\/\/www.stvvalves.com\/wp-content\/uploads\/2021\/03\/single-seat-ball-float-stem-trap-600x378.jpg 600w, https:\/\/www.stvvalves.com\/wp-content\/uploads\/2021\/03\/single-seat-ball-float-stem-trap-300x189.jpg 300w, https:\/\/www.stvvalves.com\/wp-content\/uploads\/2021\/03\/single-seat-ball-float-stem-trap-1030x650.jpg 1030w, https:\/\/www.stvvalves.com\/wp-content\/uploads\/2021\/03\/single-seat-ball-float-stem-trap-768x484.jpg 768w, https:\/\/www.stvvalves.com\/wp-content\/uploads\/2021\/03\/single-seat-ball-float-stem-trap-705x445.jpg 705w\" sizes=\"auto, (max-width: 1259px) 100vw, 1259px\" \/><\/p>","protected":false},"excerpt":{"rendered":"<p>Sifon cu un singur loc cu bil\u0103 cu plutitor<\/p>\n<p>1. Acest tip de sifon este aplicat cu un singur scaun echilibrat, cu \u00eenchidere fiabil\u0103 \u0219i durat\u0103 lung\u0103 de via\u021b\u0103.<br \/>\n2. A existat \u00eentotdeauna condens la temperatur\u0103 ridicat\u0103 cu apa \u00een amonte, care va forma o etan\u0219are sigur\u0103 de ap\u0103 f\u0103r\u0103 nicio scurgere de abur<br \/>\n3. Func\u021bionarea sa nu va produce niciun zgomot. Astfel, este de preferat mediului.<br \/>\n4. Supapa este complet deschis\u0103 atunci c\u00e2nd aburul vine mai \u00eent\u00e2i. Apa de condensare la temperatur\u0103 sc\u0103zut\u0103 \u0219i aerul pot fi evacuate rapid, ceea ce scurteaz\u0103 \u00een mare m\u0103sur\u0103 timpul de pornire a echipamentului.<br \/>\n5. Toate piesele interioare sunt realizate din o\u021bel inoxidabil, care este rezistent la coroziune \u0219i eroziune prin cavitate.<\/p>","protected":false},"featured_media":5786,"template":"","meta":[],"product_brand":[],"product_cat":[83,46],"product_tag":[1474],"class_list":{"0":"post-5784","1":"product","2":"type-product","3":"status-publish","4":"has-post-thumbnail","6":"product_cat-cast-steel-check-valve","7":"product_cat-check-valves","8":"product_tag-single-seat-ball-float-type-steam-trap","10":"first","11":"instock","12":"shipping-taxable","13":"product-type-simple"},"_links":{"self":[{"href":"https:\/\/www.stvvalves.com\/ro\/wp-json\/wp\/v2\/product\/5784","targetHints":{"allow":["GET"]}}],"collection":[{"href":"https:\/\/www.stvvalves.com\/ro\/wp-json\/wp\/v2\/product"}],"about":[{"href":"https:\/\/www.stvvalves.com\/ro\/wp-json\/wp\/v2\/types\/product"}],"wp:featuredmedia":[{"embeddable":true,"href":"https:\/\/www.stvvalves.com\/ro\/wp-json\/wp\/v2\/media\/5786"}],"wp:attachment":[{"href":"https:\/\/www.stvvalves.com\/ro\/wp-json\/wp\/v2\/media?parent=5784"}],"wp:term":[{"taxonomy":"product_brand","embeddable":true,"href":"https:\/\/www.stvvalves.com\/ro\/wp-json\/wp\/v2\/product_brand?post=5784"},{"taxonomy":"product_cat","embeddable":true,"href":"https:\/\/www.stvvalves.com\/ro\/wp-json\/wp\/v2\/product_cat?post=5784"},{"taxonomy":"product_tag","embeddable":true,"href":"https:\/\/www.stvvalves.com\/ro\/wp-json\/wp\/v2\/product_tag?post=5784"}],"curies":[{"name":"wp","href":"https:\/\/api.w.org\/{rel}","templated":true}]}}