{"id":6400,"date":"2022-05-20T10:31:47","date_gmt":"2022-05-20T02:31:47","guid":{"rendered":"https:\/\/www.stvvalves.com\/?post_type=product&#038;p=6400"},"modified":"2025-02-17T18:33:08","modified_gmt":"2025-02-17T10:33:08","slug":"forged-y-type-strainer-1-2-inch-800lb-sw","status":"publish","type":"product","link":"https:\/\/www.stvvalves.com\/ro\/products\/forged-y-type-strainer-1-2-inch-800lb-sw\/","title":{"rendered":"Sita forjat\u0103 tip Y 1\/2 inch 800LB SW"},"content":{"rendered":"<p>Sita de tip Y din o\u021bel forjat Clasa 800 este utilizat\u0103 pentru a proteja echipamentele scumpe instalate \u00eentr-o conduct\u0103 de murd\u0103rie, resturi \u0219i particule. Furnizat cu o sit\u0103 fin\u0103 standard pentru o filtrare eficient\u0103 p\u00e2n\u0103 la 20 mesh (920\u03bcm sau 0,037\u201d). dopul \u00een\u0219urubat permite \u00eendep\u0103rtarea \u0219i cur\u0103\u021barea u\u0219oar\u0103 a co\u0219ului. Disponibil \u00een o\u021bel forjat \u0219i conform cu API 602 \u0219i ASME B16.34. Oferit \u00een diverse conexiuni finale pentru utilizare cu o gam\u0103 larg\u0103 de aplica\u021bii, inclusiv: \u2013 Abur, ulei termic, aer, gaz \u0219i ap\u0103. Poate fi montat \u00een pozi\u021bii orizontale \u0219i verticale \u00een aval.<\/p>\n<h2>Descriere<\/h2>\n<p>Proiectare conform API602,BS5352<br \/>\nFace-to-Face\/End-to-End: Fabricare, ASME B16.10<br \/>\nDimensiuni flansa: ASME B16.5<br \/>\nCap\u0103t sudat: ASME B.16.25<br \/>\nSf\u00e2r\u0219it NPT: ANSI 1.20.1<br \/>\nTestare la API 598<\/p>\n<p>Dimensiune: 1\/4 &quot;~ 2&quot;<\/p>\n<p>Presiune nominal\u0103: clasa 150-2500LB<\/p>\n<p>Material caroserie: A105N, LF2, F304, F316, F11, F22, F5, F91, o\u021bel aliat etc. etc.<\/p>\n<p>Conexiunea final\u0103: NPT,BW,SW,RF,RTJ.<\/p>\n<p>Temperatura de lucru: -29\u2103~650\u2103<\/p>\n<table>\n<tbody>\n<tr>\n<td width=\"200\"><strong>numele produsului<\/strong><\/td>\n<td width=\"481\">Sita forjat\u0103 de tip Y<\/td>\n<\/tr>\n<tr>\n<td width=\"200\">1. Material<\/td>\n<td width=\"481\">F304<\/td>\n<\/tr>\n<tr>\n<td width=\"200\">2. Dimensiunea<\/td>\n<td width=\"481\">1\/2\u201d<\/td>\n<\/tr>\n<tr>\n<td width=\"200\">4. Port<\/td>\n<td width=\"481\">\u00a0Port reductor<\/td>\n<\/tr>\n<tr>\n<td width=\"200\">5. Presiunea de lucru<\/td>\n<td width=\"481\">800 lb<\/td>\n<\/tr>\n<tr>\n<td width=\"200\">6. Conexiunea se termin\u0103<\/td>\n<td width=\"481\">SW<\/td>\n<\/tr>\n<tr>\n<td width=\"200\">7. Temp. de lucru.<\/td>\n<td width=\"481\">-29~425\u00baC,<\/td>\n<\/tr>\n<tr>\n<td width=\"200\">8. Mediu potrivit<\/td>\n<td width=\"481\">Ap\u0103, gaze naturale, ulei \u0219i ceva lichid coroziv<\/td>\n<\/tr>\n<tr>\n<td width=\"200\">9. Operat<\/td>\n<td width=\"481\"><\/td>\n<\/tr>\n<tr>\n<td width=\"200\">10. Inspec\u021bie \u0219i testare<\/td>\n<td width=\"481\">Conform API598<\/td>\n<\/tr>\n<tr>\n<td width=\"200\"><strong>Expediere<\/strong><\/td>\n<td width=\"481\"><\/td>\n<\/tr>\n<tr>\n<td width=\"200\">Timpul de livrare<\/td>\n<td width=\"481\">30 de zile<\/td>\n<\/tr>\n<tr>\n<td width=\"200\">Pachet<\/td>\n<td width=\"481\">Carcas\u0103 standard de export de placaj<\/td>\n<\/tr>\n<tr>\n<td width=\"200\">Portul de expediere<\/td>\n<td width=\"481\">Ningbo\/Shanghai, China<\/td>\n<\/tr>\n<tr>\n<td width=\"200\">Termeni de livrare<\/td>\n<td width=\"481\">Exw, FOB, CFR, CIF etc.<\/td>\n<\/tr>\n<tr>\n<td width=\"200\">Termeni de plat\u0103<\/td>\n<td width=\"481\">T\/T, Western Union, PayPal etc.<\/td>\n<\/tr>\n<tr>\n<td width=\"200\"><\/td>\n<td width=\"481\">Plat\u0103 anticipat\u0103 30%, sold 70% pl\u0103tit \u00eenainte de expediere<\/td>\n<\/tr>\n<tr>\n<td width=\"200\">\u021aara de origine<\/td>\n<td width=\"481\">Ora\u0219ul Wenzhou, China<\/td>\n<\/tr>\n<tr>\n<td width=\"200\">Capacitatea de produc\u021bie<\/td>\n<td width=\"481\">6000 tone\/an<\/td>\n<\/tr>\n<tr>\n<td width=\"200\">MOQ<\/td>\n<td width=\"481\">1 buc\/dimensiune<\/td>\n<\/tr>\n<\/tbody>\n<\/table>","protected":false},"excerpt":{"rendered":"<p>Sita forjat\u0103 de tip Y din China. Sita Y ASTM A182 F304, fabrica de sit\u0103 Y ofer\u0103 sit\u0103 de tip Y de dimensiuni mici, ASTM A182 F304, 1\/2 inch, clasa 800, cap\u0103t SW X SW, inspec\u021bie de testare API 598.<\/p>","protected":false},"featured_media":6402,"template":"","meta":[],"product_brand":[],"product_cat":[964,48],"product_tag":[288,283,284,280,282,281,286,285,287,236],"class_list":{"0":"post-6400","1":"product","2":"type-product","3":"status-publish","4":"has-post-thumbnail","6":"product_cat-forged-steel-y-type-strainer","7":"product_cat-y-strainer","8":"product_tag-forged-stainless-steel-y-strainer","9":"product_tag-forged-steel-class-2500-y-type-welded-cover-strainer","10":"product_tag-forged-steel-y-type-strainer","11":"product_tag-forged-steel-y-type-strainer-class-800","12":"product_tag-forged-steel-y-type-strainers","13":"product_tag-forged-steel-y-pattern-strainer","14":"product_tag-npt-or-bw-end","15":"product_tag-sw","16":"product_tag-y-type-strainers-and-filters","17":"product_tag-y-type-strainer","19":"first","20":"instock","21":"shipping-taxable","22":"product-type-simple"},"_links":{"self":[{"href":"https:\/\/www.stvvalves.com\/ro\/wp-json\/wp\/v2\/product\/6400","targetHints":{"allow":["GET"]}}],"collection":[{"href":"https:\/\/www.stvvalves.com\/ro\/wp-json\/wp\/v2\/product"}],"about":[{"href":"https:\/\/www.stvvalves.com\/ro\/wp-json\/wp\/v2\/types\/product"}],"wp:featuredmedia":[{"embeddable":true,"href":"https:\/\/www.stvvalves.com\/ro\/wp-json\/wp\/v2\/media\/6402"}],"wp:attachment":[{"href":"https:\/\/www.stvvalves.com\/ro\/wp-json\/wp\/v2\/media?parent=6400"}],"wp:term":[{"taxonomy":"product_brand","embeddable":true,"href":"https:\/\/www.stvvalves.com\/ro\/wp-json\/wp\/v2\/product_brand?post=6400"},{"taxonomy":"product_cat","embeddable":true,"href":"https:\/\/www.stvvalves.com\/ro\/wp-json\/wp\/v2\/product_cat?post=6400"},{"taxonomy":"product_tag","embeddable":true,"href":"https:\/\/www.stvvalves.com\/ro\/wp-json\/wp\/v2\/product_tag?post=6400"}],"curies":[{"name":"wp","href":"https:\/\/api.w.org\/{rel}","templated":true}]}}