{"id":6404,"date":"2022-05-20T11:40:13","date_gmt":"2022-05-20T03:40:13","guid":{"rendered":"https:\/\/www.stvvalves.com\/?post_type=product&#038;p=6404"},"modified":"2025-02-18T13:58:06","modified_gmt":"2025-02-18T05:58:06","slug":"forged-800lb-y-strainer-a105n-body-socket-weld","status":"publish","type":"product","link":"https:\/\/www.stvvalves.com\/ro\/products\/forged-800lb-y-strainer-a105n-body-socket-weld\/","title":{"rendered":"Sita Y forjat\u0103 de 800 LB, corp A105N, sudur\u0103 cu muf\u0103"},"content":{"rendered":"<p>Forged 800LB Y Strainer este un tip de echipament care elimin\u0103 o cantitate mic\u0103 de impurit\u0103\u021bi din lichid \u0219i gaze. Poate proteja func\u021bionarea normal\u0103 a compresorului, pompei \u0219i a altor echipamente, precum \u0219i a instrumentelor, de asemenea, poate \u00eembun\u0103t\u0103\u021bi calitatea lichidelor \u0219i a gazelor. Deci poate fi utilizat pe scar\u0103 larg\u0103 \u00een petrol, industria chimic\u0103, fibre chimice, industria farmaceutic\u0103 \u0219i alimentar\u0103 etc.<\/p>\n<p>1. Capot\u0103 \u0219urub, capot\u0103 \u0219urub,<br \/>\nCapot\u0103 sudat\u0103 cap la cap<br \/>\n2. Port complet \u0219i Port de reducere<br \/>\n3. Un capac filetat \u0219i de etan\u0219are la presiune<br \/>\n4. Materialele sunt conforme cu ANSI\/ASTM<\/p>\n<p>Standard: 1. Standard de proiectare: API602,BS5352<br \/>\n2. Material Presiune-Temperatura Standard: ASME B16.34<br \/>\n3. Standard de dimensiuni fa\u021b\u0103 \u00een fa\u021b\u0103: ASME B16.10<br \/>\n4. Standard de dimensiune a flan\u0219ei: ASME B16.5<br \/>\n5. Capetele sudate cu muf\u0103 sunt conforme cu ANSI B16.11<br \/>\n6. Capetele \u0219uruburilor sunt conforme cu ANSI B1.20.1<br \/>\n7. Standard de inspec\u021bie \u0219i testare: API598<\/p>\n<p>&nbsp;<\/p>\n<p>Dimensiune: 1\/4 &quot;~ 2&quot;<\/p>\n<p>Presiune nominal\u0103: clasa 150-2500LB<\/p>\n<p>Material caroserie: ASTM A105, ASTM A182 LF2, ASTM A182 F11, ASTM A182 F22, ASTM A182 F51, ASTM A182 F91, ASTM A182 F304, ASTM A182 F316, ASTM A182 F304L, ASTM A182 F304L, etc.<\/p>\n<p>Conexiunea final\u0103: NPT,BW,SW,RF,RTJ.<\/p>\n<p>Temperatura de lucru: -29\u2103~650\u2103<\/p>\n<table>\n<tbody>\n<tr>\n<td width=\"200\"><strong>numele produsului<\/strong><\/td>\n<td width=\"481\">Sita forjat\u0103 de tip Y<\/td>\n<\/tr>\n<tr>\n<td width=\"200\">1. Material<\/td>\n<td width=\"481\">A105N<\/td>\n<\/tr>\n<tr>\n<td width=\"200\">2. Dimensiunea<\/td>\n<td width=\"481\">1\u201d<\/td>\n<\/tr>\n<tr>\n<td width=\"200\">4. Port<\/td>\n<td width=\"481\">\u00a0Port reductor<\/td>\n<\/tr>\n<tr>\n<td width=\"200\">5. Presiunea de lucru<\/td>\n<td width=\"481\">800 lb<\/td>\n<\/tr>\n<tr>\n<td width=\"200\">6. Conexiunea se termin\u0103<\/td>\n<td width=\"481\">SW<\/td>\n<\/tr>\n<tr>\n<td width=\"200\">7. Temp. de lucru.<\/td>\n<td width=\"481\">-29~425\u00baC,<\/td>\n<\/tr>\n<tr>\n<td width=\"200\">8. Mediu potrivit<\/td>\n<td width=\"481\">Ap\u0103, gaze naturale, ulei \u0219i ceva lichid coroziv<\/td>\n<\/tr>\n<tr>\n<td width=\"200\">9. Operat<\/td>\n<td width=\"481\"><\/td>\n<\/tr>\n<tr>\n<td width=\"200\">10. Inspec\u021bie \u0219i testare<\/td>\n<td width=\"481\">Conform API598<\/td>\n<\/tr>\n<tr>\n<td width=\"200\"><strong>Expediere<\/strong><\/td>\n<td width=\"481\"><\/td>\n<\/tr>\n<tr>\n<td width=\"200\">Timpul de livrare<\/td>\n<td width=\"481\">30 de zile<\/td>\n<\/tr>\n<tr>\n<td width=\"200\">Pachet<\/td>\n<td width=\"481\">Carcas\u0103 standard de export de placaj<\/td>\n<\/tr>\n<tr>\n<td width=\"200\">Portul de expediere<\/td>\n<td width=\"481\">Ningbo\/Shanghai, China<\/td>\n<\/tr>\n<tr>\n<td width=\"200\">Termeni de livrare<\/td>\n<td width=\"481\">Exw, FOB, CFR, CIF etc.<\/td>\n<\/tr>\n<tr>\n<td width=\"200\">Termeni de plat\u0103<\/td>\n<td width=\"481\">T\/T, Western Union, PayPal etc.<\/td>\n<\/tr>\n<tr>\n<td width=\"200\"><\/td>\n<td width=\"481\">Plat\u0103 anticipat\u0103 30%, sold 70% pl\u0103tit \u00eenainte de expediere<\/td>\n<\/tr>\n<tr>\n<td width=\"200\">\u021aara de origine<\/td>\n<td width=\"481\">Ora\u0219ul Wenzhou, China<\/td>\n<\/tr>\n<tr>\n<td width=\"200\">Capacitatea de produc\u021bie<\/td>\n<td width=\"481\">6000 tone\/an<\/td>\n<\/tr>\n<tr>\n<td width=\"200\">MOQ<\/td>\n<td width=\"481\">1 buc\/dimensiune<\/td>\n<\/tr>\n<\/tbody>\n<\/table>","protected":false},"excerpt":{"rendered":"<p>Furnizor de sit\u0103 de tip Y forjat\u0103 din China. Oferta STV Filtru ASTM A105 Y, fabrica din China ofer\u0103 sit\u0103 de tip Y de dimensiuni mici, ASTM A105, 1 inch, clasa 800, cap\u0103t SW X SW, inspec\u021bie de testare API 598<\/p>","protected":false},"featured_media":6405,"template":"","meta":[],"product_brand":[],"product_cat":[964,48],"product_tag":[1498,1500,1503,1499,1501,1502,1504,1497,236],"class_list":{"0":"post-6404","1":"product","2":"type-product","3":"status-publish","4":"has-post-thumbnail","6":"product_cat-forged-steel-y-type-strainer","7":"product_cat-y-strainer","8":"product_tag-1-inch-strainer","9":"product_tag-api-598-strainer","10":"product_tag-api-602-strainer","11":"product_tag-astm-a182-f316l-strainer","12":"product_tag-class-800-lb-strainer","13":"product_tag-npt-strainer","14":"product_tag-small-size-y-strainer","15":"product_tag-sw-strainer","16":"product_tag-y-type-strainer","18":"first","19":"instock","20":"shipping-taxable","21":"product-type-simple"},"_links":{"self":[{"href":"https:\/\/www.stvvalves.com\/ro\/wp-json\/wp\/v2\/product\/6404","targetHints":{"allow":["GET"]}}],"collection":[{"href":"https:\/\/www.stvvalves.com\/ro\/wp-json\/wp\/v2\/product"}],"about":[{"href":"https:\/\/www.stvvalves.com\/ro\/wp-json\/wp\/v2\/types\/product"}],"wp:featuredmedia":[{"embeddable":true,"href":"https:\/\/www.stvvalves.com\/ro\/wp-json\/wp\/v2\/media\/6405"}],"wp:attachment":[{"href":"https:\/\/www.stvvalves.com\/ro\/wp-json\/wp\/v2\/media?parent=6404"}],"wp:term":[{"taxonomy":"product_brand","embeddable":true,"href":"https:\/\/www.stvvalves.com\/ro\/wp-json\/wp\/v2\/product_brand?post=6404"},{"taxonomy":"product_cat","embeddable":true,"href":"https:\/\/www.stvvalves.com\/ro\/wp-json\/wp\/v2\/product_cat?post=6404"},{"taxonomy":"product_tag","embeddable":true,"href":"https:\/\/www.stvvalves.com\/ro\/wp-json\/wp\/v2\/product_tag?post=6404"}],"curies":[{"name":"wp","href":"https:\/\/api.w.org\/{rel}","templated":true}]}}