{"id":6422,"date":"2022-08-05T10:42:48","date_gmt":"2022-08-05T02:42:48","guid":{"rendered":"https:\/\/www.stvvalves.com\/?post_type=product&#038;p=6422"},"modified":"2025-08-16T21:54:20","modified_gmt":"2025-08-16T13:54:20","slug":"24-inch-c95800-wafer-check-valve-300lb-rf-flange","status":"publish","type":"product","link":"https:\/\/www.stvvalves.com\/ro\/products\/24-inch-c95800-wafer-check-valve-300lb-rf-flange\/","title":{"rendered":"Supap\u0103 de re\u021binere pentru napolitan\u0103 C95800 de 24 inch, 300 LB, flan\u0219\u0103 RF"},"content":{"rendered":"<p>Furnizorul de supap\u0103 de re\u021binere API 594 C95800 din China ofer\u0103 supap\u0103 de re\u021binere de 24 inch, scaun EPDM, 24 inch, 300 lb, cu flan\u0219\u0103 cu fa\u021b\u0103 ridicat\u0103. Dimensiune: de la 2 inch la 48 inch.<br \/>\nPresiune: 150 \u2013 1500LB<br \/>\nMaterial: putem oferi valve realizate \u00een C95800,C95400,C92200,C90500<br \/>\nStandard de proiectare \u0219i produc\u021bie: API 594 sau DIN<br \/>\nDistan\u021ba dintre flan\u0219e: ASME B16.10, EN558, DIN3202<br \/>\nConectat \u00een conformitate cu standardul: ANSI, API, DIN<br \/>\nStandard de testare: API598, API 600, ISO5208<br \/>\nMediu: Supapa este potrivit\u0103 pentru mai multe medii, inclusiv ap\u0103, abur, ulei, gaz, produse petroliere, acid azotic, acid acetic etc.<br \/>\nTemperatura de lucru: de la -46\u00baC sau -50\u00baC (construc\u021bii din o\u021bel inoxidabil) \u0219i -29\u00baC sau -46\u00baC (construc\u021bii din o\u021bel carbon) p\u00e2n\u0103 la 600\u2103<\/p>\n<table>\n<tbody>\n<tr>\n<td width=\"200\"><strong>numele produsului<\/strong><\/td>\n<td width=\"481\">\u00a0Supap\u0103 de re\u021binere pentru napolitan\u0103 C95800 de 24 inch, 300 LB, flan\u0219\u0103 RF<\/td>\n<\/tr>\n<tr>\n<td width=\"200\">1. Material<\/td>\n<td width=\"481\">C95800<\/td>\n<\/tr>\n<tr>\n<td width=\"200\">2. Dimensiunea<\/td>\n<td width=\"481\">24\u201d<\/td>\n<\/tr>\n<tr>\n<td width=\"200\">4. Port<\/td>\n<td width=\"481\">Port complet<\/td>\n<\/tr>\n<tr>\n<td width=\"200\">5. Presiunea de lucru<\/td>\n<td width=\"481\">300 lb<\/td>\n<\/tr>\n<tr>\n<td width=\"200\">6. Conexiunea se termin\u0103<\/td>\n<td width=\"481\">RF<\/td>\n<\/tr>\n<tr>\n<td width=\"200\">7. Temp. de lucru.<\/td>\n<td width=\"481\">-29~200\u00baC,<\/td>\n<\/tr>\n<tr>\n<td width=\"200\">8. Mediu potrivit<\/td>\n<td width=\"481\">Ap\u0103, gaze naturale, ulei \u0219i ceva lichid coroziv<\/td>\n<\/tr>\n<tr>\n<td width=\"200\">9. Operat<\/td>\n<td width=\"481\">\/<\/td>\n<\/tr>\n<tr>\n<td width=\"200\">10. Inspec\u021bie \u0219i testare<\/td>\n<td width=\"481\">Conform API598<\/td>\n<\/tr>\n<tr>\n<td width=\"200\"><strong>Expediere<\/strong><\/td>\n<td width=\"481\"><\/td>\n<\/tr>\n<tr>\n<td width=\"200\">Timpul de livrare<\/td>\n<td width=\"481\">30 de zile<\/td>\n<\/tr>\n<tr>\n<td width=\"200\">Pachet<\/td>\n<td width=\"481\">Carcas\u0103 standard de export de placaj<\/td>\n<\/tr>\n<tr>\n<td width=\"200\">Portul de expediere<\/td>\n<td width=\"481\">Ningbo\/Shanghai, China<\/td>\n<\/tr>\n<tr>\n<td width=\"200\">Termeni de livrare<\/td>\n<td width=\"481\">Exw, FOB, CFR, CIF etc.<\/td>\n<\/tr>\n<tr>\n<td width=\"200\">Termeni de plat\u0103<\/td>\n<td width=\"481\">T\/T, Western Union, PayPal etc.<\/td>\n<\/tr>\n<tr>\n<td width=\"200\"><\/td>\n<td width=\"481\">Plat\u0103 anticipat\u0103 30%, sold 70% pl\u0103tit \u00eenainte de expediere<\/td>\n<\/tr>\n<tr>\n<td width=\"200\">\u021aara de origine<\/td>\n<td width=\"481\">Ora\u0219ul Wenzhou, China<\/td>\n<\/tr>\n<tr>\n<td width=\"200\">Capacitatea de produc\u021bie<\/td>\n<td width=\"481\">6000 tone\/an<\/td>\n<\/tr>\n<tr>\n<td width=\"200\">MOQ<\/td>\n<td width=\"481\">1 buc\/dimensiune<\/td>\n<\/tr>\n<\/tbody>\n<\/table>\n<p>Perechea de etan\u0219are a supapelor din bronz este potrivit\u0103 \u00een mod rezonabil, iar discul supapei \u0219i suprafa\u021ba de etan\u0219are a scaunului supapei sunt realizate dintr-o suprafa\u021b\u0103 din aliaj pe baz\u0103 de fier, care are o bun\u0103 rezisten\u021b\u0103 la uzur\u0103, rezisten\u021b\u0103 la temperatur\u0103, rezisten\u021b\u0103 la coroziune, rezisten\u021b\u0103 la zg\u00e2rieturi \u0219i durat\u0103 lung\u0103 de via\u021b\u0103. Produsele cu supape de re\u021binere din bronz sunt proiectate \u0219i fabricate conform standardului API594. Diferite standarde de flan\u0219\u0103 de \u021bevi \u0219i tipuri de etan\u0219are a flan\u0219ei pot fi utilizate pentru a satisface diverse nevoi de inginerie \u0219i cerin\u021be ale utilizatorilor. Corpul supapei are diverse materiale, iar garnitura flan\u0219ei poate fi selectat\u0103 \u00een mod rezonabil \u00een func\u021bie de condi\u021biile reale de lucru sau de cerin\u021bele utilizatorului \u0219i poate fi potrivit\u0103 pentru diferite presiuni, temperatur\u0103 \u0219i condi\u021bii medii de lucru.<\/p>","protected":false},"excerpt":{"rendered":"<p>Supapa de re\u021binere pentru napolitan\u0103 C95800 de 24 inch este utilizat\u0103 pe scar\u0103 larg\u0103 datorit\u0103 propriet\u0103\u021bilor mecanice cuprinz\u0103toare \u0219i rezisten\u021bei la coroziune a bronzului, \u00een special \u00een inginerie marin\u0103, cum ar fi desalinizarea apei de mare.<\/p>","protected":false},"featured_media":6424,"template":"","meta":[],"product_brand":[],"product_cat":[46,84],"product_tag":[1508,1507,1506,1511,1510,1509],"class_list":{"0":"post-6422","1":"product","2":"type-product","3":"status-publish","4":"has-post-thumbnail","6":"product_cat-check-valves","7":"product_cat-wafer-check-valve","8":"product_tag-24-inch-check-valve","9":"product_tag-al-bronze-c95800-check-valve","10":"product_tag-api-594-c95800-check-valve","11":"product_tag-api-598-c95800-check-valve","12":"product_tag-class-300-lb-check-valve","13":"product_tag-wafer-check-valve-lug-check-valve","15":"first","16":"instock","17":"shipping-taxable","18":"product-type-simple"},"_links":{"self":[{"href":"https:\/\/www.stvvalves.com\/ro\/wp-json\/wp\/v2\/product\/6422","targetHints":{"allow":["GET"]}}],"collection":[{"href":"https:\/\/www.stvvalves.com\/ro\/wp-json\/wp\/v2\/product"}],"about":[{"href":"https:\/\/www.stvvalves.com\/ro\/wp-json\/wp\/v2\/types\/product"}],"wp:featuredmedia":[{"embeddable":true,"href":"https:\/\/www.stvvalves.com\/ro\/wp-json\/wp\/v2\/media\/6424"}],"wp:attachment":[{"href":"https:\/\/www.stvvalves.com\/ro\/wp-json\/wp\/v2\/media?parent=6422"}],"wp:term":[{"taxonomy":"product_brand","embeddable":true,"href":"https:\/\/www.stvvalves.com\/ro\/wp-json\/wp\/v2\/product_brand?post=6422"},{"taxonomy":"product_cat","embeddable":true,"href":"https:\/\/www.stvvalves.com\/ro\/wp-json\/wp\/v2\/product_cat?post=6422"},{"taxonomy":"product_tag","embeddable":true,"href":"https:\/\/www.stvvalves.com\/ro\/wp-json\/wp\/v2\/product_tag?post=6422"}],"curies":[{"name":"wp","href":"https:\/\/api.w.org\/{rel}","templated":true}]}}