{"id":6425,"date":"2022-08-05T12:37:50","date_gmt":"2022-08-05T04:37:50","guid":{"rendered":"https:\/\/www.stvvalves.com\/?post_type=product&#038;p=6425"},"modified":"2025-02-18T13:58:04","modified_gmt":"2025-02-18T05:58:04","slug":"150lb-c95800-y-strainer-dn40rf-flange-end","status":"publish","type":"product","link":"https:\/\/www.stvvalves.com\/ro\/products\/150lb-c95800-y-strainer-dn40rf-flange-end\/","title":{"rendered":"150LB C95800 Sita Y,DN40,Capat cu flansa RF"},"content":{"rendered":"<p>China ASTM B148 C95800 Y Filtru Furnizor: ASTM B148 C95800 Y Filtru pentru ap\u0103 de mare, 11\/2 inch, Clasa 150 LB, ASME B16.34, RF Flans Ends.<\/p>\n<p>Proiectare \u0219i fabrica\u021bie: API6D&amp;ANSI B16.34<br \/>\nDimensiune fa\u021b\u0103 \u00een fa\u021b\u0103: ASME B16.10<br \/>\nDimensiunea flan\u0219ei de cap\u0103t: ASME B16.5<br \/>\nDimensiune sudat\u0103 cap la cap: ASME B16.25<br \/>\nTest \u0219i inspec\u021bie: API598<\/p>\n<p>Specifica\u021bie: Dimensiune: 2\u2033-24\u2033<br \/>\nPresiune: 150-300 lb<br \/>\nMaterial: C95800, C95400, C92200, C90500<br \/>\nTemperatura;-196\u00b0C+545\u00b0C Serviciu: Apa de mare<\/p>\n<table>\n<tbody>\n<tr>\n<td width=\"200\"><strong>numele produsului<\/strong><\/td>\n<td width=\"481\">150LB C95800 Sita Y,DN40,Capat cu flansa RF<\/td>\n<\/tr>\n<tr>\n<td width=\"200\">1. Material<\/td>\n<td width=\"481\">C95800<\/td>\n<\/tr>\n<tr>\n<td width=\"200\">2. Dimensiunea<\/td>\n<td width=\"481\">11\/2\u201d<\/td>\n<\/tr>\n<tr>\n<td width=\"200\">4. Port<\/td>\n<td width=\"481\">Port complet<\/td>\n<\/tr>\n<tr>\n<td width=\"200\">5. Presiunea de lucru<\/td>\n<td width=\"481\">150 lb<\/td>\n<\/tr>\n<tr>\n<td width=\"200\">6. Conexiunea se termin\u0103<\/td>\n<td width=\"481\">RF<\/td>\n<\/tr>\n<tr>\n<td width=\"200\">7. Temp. de lucru.<\/td>\n<td width=\"481\">-29~200\u00baC,<\/td>\n<\/tr>\n<tr>\n<td width=\"200\">8. Mediu potrivit<\/td>\n<td width=\"481\">Ap\u0103, gaze naturale, ulei \u0219i ceva lichid coroziv<\/td>\n<\/tr>\n<tr>\n<td width=\"200\">9. Operat<\/td>\n<td width=\"481\">\/<\/td>\n<\/tr>\n<tr>\n<td width=\"200\">10. Inspec\u021bie \u0219i testare<\/td>\n<td width=\"481\">Conform API598<\/td>\n<\/tr>\n<tr>\n<td width=\"200\"><strong>Expediere<\/strong><\/td>\n<td width=\"481\"><\/td>\n<\/tr>\n<tr>\n<td width=\"200\">Timpul de livrare<\/td>\n<td width=\"481\">30 de zile<\/td>\n<\/tr>\n<tr>\n<td width=\"200\">Pachet<\/td>\n<td width=\"481\">Carcas\u0103 standard de export de placaj<\/td>\n<\/tr>\n<tr>\n<td width=\"200\">Portul de expediere<\/td>\n<td width=\"481\">Ningbo\/Shanghai, China<\/td>\n<\/tr>\n<tr>\n<td width=\"200\">Termeni de livrare<\/td>\n<td width=\"481\">Exw, FOB, CFR, CIF etc.<\/td>\n<\/tr>\n<tr>\n<td width=\"200\">Termeni de plat\u0103<\/td>\n<td width=\"481\">T\/T, Western Union, PayPal etc.<\/td>\n<\/tr>\n<tr>\n<td width=\"200\"><\/td>\n<td width=\"481\">Plat\u0103 anticipat\u0103 30%, sold 70% pl\u0103tit \u00eenainte de expediere<\/td>\n<\/tr>\n<tr>\n<td width=\"200\">\u021aara de origine<\/td>\n<td width=\"481\">Ora\u0219ul Wenzhou, China<\/td>\n<\/tr>\n<tr>\n<td width=\"200\">Capacitatea de produc\u021bie<\/td>\n<td width=\"481\">6000 tone\/an<\/td>\n<\/tr>\n<tr>\n<td width=\"200\">MOQ<\/td>\n<td width=\"481\">1 buc\/dimensiune<\/td>\n<\/tr>\n<\/tbody>\n<\/table>\n<p>&nbsp;<\/p>","protected":false},"excerpt":{"rendered":"<p>Filtrul de tip Y din bronz aluminiu C95800 are aceea\u0219i rezisten\u021b\u0103 la coroziune uniform\u0103 a apei de mare, coroziune prin cavita\u021bie \u0219i rezisten\u021b\u0103 la oboseal\u0103 la coroziune ca o\u021belul super inoxidabil \u0219i are o conductivitate termic\u0103 \u0219i conductivitate electric\u0103 excelent\u0103, rezisten\u021b\u0103 bun\u0103 la uzur\u0103, performan\u021b\u0103 de sudare \u0219i poluare biologic\u0103 anti-mare. capacitate, iar pre\u021bul este mic. Prin urmare, av\u00e2nd \u00een vedere pre\u021bul \u0219i performan\u021ba la coroziune, filtrul de tip Y nichel-aluminiu-bronz \u00eendepline\u0219te pe deplin nevoile de filtrare ale sistemului de conducte de ap\u0103 de mare, iar domeniul s\u0103u de aplicare se extinde treptat.<\/p>\n<p>Sita de tip Y din bronz aluminiu C95800 este utilizat\u0103 \u00een principal \u00een desalinizarea apei de mare \u0219i \u00een domeniile conexe. De obicei, este instalat la cap\u0103tul de admisie al echipamentelor, cum ar fi pompele \u0219i supapele, pentru a elimina impurit\u0103\u021bile din mediu \u0219i pentru a preveni intrarea impurit\u0103\u021bilor sub form\u0103 de particule \u00een canal \u0219i a provoca blocarea pentru a proteja echipamentul. Fitingurile de pe \u021bevi sunt protejate de uzur\u0103 \u0219i \u00eenfundare.<\/p>","protected":false},"featured_media":6426,"template":"","meta":[],"product_brand":[],"product_cat":[85,48],"product_tag":[1515,1513,1512,1514],"class_list":{"0":"post-6425","1":"product","2":"type-product","3":"status-publish","4":"has-post-thumbnail","6":"product_cat-stainless-steel-y-type-strainer","7":"product_cat-y-strainer","8":"product_tag-asme-b16-34-c95800-y-strainer","9":"product_tag-astm-b148-c95800-y-strainer","10":"product_tag-c95800-y-strainer-supplier","11":"product_tag-class-150-lb-c95800-y-strainer","13":"first","14":"instock","15":"shipping-taxable","16":"product-type-simple"},"_links":{"self":[{"href":"https:\/\/www.stvvalves.com\/ro\/wp-json\/wp\/v2\/product\/6425","targetHints":{"allow":["GET"]}}],"collection":[{"href":"https:\/\/www.stvvalves.com\/ro\/wp-json\/wp\/v2\/product"}],"about":[{"href":"https:\/\/www.stvvalves.com\/ro\/wp-json\/wp\/v2\/types\/product"}],"wp:featuredmedia":[{"embeddable":true,"href":"https:\/\/www.stvvalves.com\/ro\/wp-json\/wp\/v2\/media\/6426"}],"wp:attachment":[{"href":"https:\/\/www.stvvalves.com\/ro\/wp-json\/wp\/v2\/media?parent=6425"}],"wp:term":[{"taxonomy":"product_brand","embeddable":true,"href":"https:\/\/www.stvvalves.com\/ro\/wp-json\/wp\/v2\/product_brand?post=6425"},{"taxonomy":"product_cat","embeddable":true,"href":"https:\/\/www.stvvalves.com\/ro\/wp-json\/wp\/v2\/product_cat?post=6425"},{"taxonomy":"product_tag","embeddable":true,"href":"https:\/\/www.stvvalves.com\/ro\/wp-json\/wp\/v2\/product_tag?post=6425"}],"curies":[{"name":"wp","href":"https:\/\/api.w.org\/{rel}","templated":true}]}}