{"id":6427,"date":"2022-08-05T12:54:23","date_gmt":"2022-08-05T04:54:23","guid":{"rendered":"https:\/\/www.stvvalves.com\/?post_type=product&#038;p=6427"},"modified":"2025-02-18T13:58:03","modified_gmt":"2025-02-18T05:58:03","slug":"screwed-c95800-y-strainer-150lb-1-5-inch","status":"publish","type":"product","link":"https:\/\/www.stvvalves.com\/ro\/products\/screwed-c95800-y-strainer-150lb-1-5-inch\/","title":{"rendered":"Filtru C95800 Y cu \u0219uruburi, 150 LB, 1,5 inch"},"content":{"rendered":"<p>Filtru \u00een\u0219urubat C95800 Y: Ni, bronz aluniu, B61, C92200, B62, C83600, B148, C95800, flan\u0219\u0103, glob, supap\u0103 GAMA DE PRODUSE: Dimensiuni: NPS 1,5 p\u00e2n\u0103 la NPS 48 Interval de presiune: Clasa 150 RF la Flan\u0219, Clasa 600 RF MATERIALE FF, RTJ: Turnare: Bronz aluminiu, Ni-Al-Bronz, robinet cu glob ASTM B61(C92200), robinet cu glob ASTM B62 (C83600), ASTM B148 (C95800), Monel, Inconel, Hastelloy STANDARD Proiectare \u0219i fabricare BS 11873 ANSI B16.34 Fa\u021b\u0103 \u00een fa\u021b\u0103 ASME B16.10 Conexiune final\u0103 ASME B16.5,<\/p>\n<p>Proiectare \u0219i fabrica\u021bie: API6D&amp;ANSI B16.34<br \/>\nDimensiune fa\u021b\u0103 \u00een fa\u021b\u0103: ASME B16.10<br \/>\nDimensiunea flan\u0219ei de cap\u0103t: ASME B16.5<br \/>\nDimensiune sudat\u0103 cap la cap: ASME B16.25<br \/>\nTest \u0219i inspec\u021bie: API598<\/p>\n<p>Specifica\u021bie: Dimensiune: 2\u2033-24\u2033<br \/>\nPresiune: 150-300 lb<br \/>\nMaterial: C95800, C95400, C92200, C90500<br \/>\nTemperatura;-196\u00b0C+545\u00b0C Serviciu: Apa de mare<\/p>\n<table>\n<tbody>\n<tr>\n<td width=\"200\"><strong>numele produsului<\/strong><\/td>\n<td width=\"481\">Filtru C95800 Y cu \u0219uruburi, 150 LB, 1,5 inch<\/td>\n<\/tr>\n<tr>\n<td width=\"200\">1. Material<\/td>\n<td width=\"481\">C95800<\/td>\n<\/tr>\n<tr>\n<td width=\"200\">2. Dimensiunea<\/td>\n<td width=\"481\">11\/2\u201d<\/td>\n<\/tr>\n<tr>\n<td width=\"200\">4. Port<\/td>\n<td width=\"481\">Port complet<\/td>\n<\/tr>\n<tr>\n<td width=\"200\">5. Presiunea de lucru<\/td>\n<td width=\"481\">150 lb<\/td>\n<\/tr>\n<tr>\n<td width=\"200\">6. Conexiunea se termin\u0103<\/td>\n<td width=\"481\">NPT<\/td>\n<\/tr>\n<tr>\n<td width=\"200\">7. Temp. de lucru.<\/td>\n<td width=\"481\">-29~200\u00baC,<\/td>\n<\/tr>\n<tr>\n<td width=\"200\">8. Mediu potrivit<\/td>\n<td width=\"481\">Ap\u0103, gaze naturale, ulei \u0219i ceva lichid coroziv<\/td>\n<\/tr>\n<tr>\n<td width=\"200\">9. Operat<\/td>\n<td width=\"481\">\/<\/td>\n<\/tr>\n<tr>\n<td width=\"200\">10. Inspec\u021bie \u0219i testare<\/td>\n<td width=\"481\">Conform API598<\/td>\n<\/tr>\n<tr>\n<td width=\"200\"><strong>Expediere<\/strong><\/td>\n<td width=\"481\"><\/td>\n<\/tr>\n<tr>\n<td width=\"200\">Timpul de livrare<\/td>\n<td width=\"481\">30 de zile<\/td>\n<\/tr>\n<tr>\n<td width=\"200\">Pachet<\/td>\n<td width=\"481\">Carcas\u0103 standard de export de placaj<\/td>\n<\/tr>\n<tr>\n<td width=\"200\">Portul de expediere<\/td>\n<td width=\"481\">Ningbo\/Shanghai, China<\/td>\n<\/tr>\n<tr>\n<td width=\"200\">Termeni de livrare<\/td>\n<td width=\"481\">Exw, FOB, CFR, CIF etc.<\/td>\n<\/tr>\n<tr>\n<td width=\"200\">Termeni de plat\u0103<\/td>\n<td width=\"481\">T\/T, Western Union, PayPal etc.<\/td>\n<\/tr>\n<tr>\n<td width=\"200\"><\/td>\n<td width=\"481\">Plat\u0103 anticipat\u0103 30%, sold 70% pl\u0103tit \u00eenainte de expediere<\/td>\n<\/tr>\n<tr>\n<td width=\"200\">\u021aara de origine<\/td>\n<td width=\"481\">Ora\u0219ul Wenzhou, China<\/td>\n<\/tr>\n<tr>\n<td width=\"200\">Capacitatea de produc\u021bie<\/td>\n<td width=\"481\">6000 tone\/an<\/td>\n<\/tr>\n<tr>\n<td width=\"200\">MOQ<\/td>\n<td width=\"481\">1 buc\/dimensiune<\/td>\n<\/tr>\n<\/tbody>\n<\/table>","protected":false},"excerpt":{"rendered":"<p>1. Proprietate anti-fouling puternic\u0103, convenabil\u0103 pentru evacuarea apelor uzate; zon\u0103 mare de curgere, pierderi mici de presiune; structur\u0103 simpl\u0103 \u0219i volum mic. U\u0219oare.<br \/>\n2. Materialul elementului filtrant. Toate realizate din o\u021bel inoxidabil. Rezisten\u021b\u0103 puternic\u0103 la coroziune. de lung\u0103 durat\u0103.<br \/>\n3. Densitatea filtrului: l0-120 mesh, mediu: abur, aer, ap\u0103, ulei sau personalizat \u00een func\u021bie de cerin\u021bele utilizatorului.<br \/>\n4. Caracteristici telescopice: lungime intinsa. Pozi\u021bia maxim\u0103 poate fi mutat\u0103 \u0219i extins\u0103 cu 100 mm. Favorabil pentru o instalare u\u0219oar\u0103. \u00cembun\u0103t\u0103\u021bi\u021bi eficien\u021ba muncii.<\/p>","protected":false},"featured_media":6428,"template":"","meta":[],"product_brand":[],"product_cat":[85,48],"product_tag":[1517,1519,1518,1516],"class_list":{"0":"post-6427","1":"product","2":"type-product","3":"status-publish","4":"has-post-thumbnail","6":"product_cat-stainless-steel-y-type-strainer","7":"product_cat-y-strainer","8":"product_tag-150lb-c95800-y-strainer","9":"product_tag-b148-screwed-y-strainer","10":"product_tag-c95800-y-strainer","11":"product_tag-screwed-c95800-y-strainer","13":"first","14":"instock","15":"shipping-taxable","16":"product-type-simple"},"_links":{"self":[{"href":"https:\/\/www.stvvalves.com\/ro\/wp-json\/wp\/v2\/product\/6427","targetHints":{"allow":["GET"]}}],"collection":[{"href":"https:\/\/www.stvvalves.com\/ro\/wp-json\/wp\/v2\/product"}],"about":[{"href":"https:\/\/www.stvvalves.com\/ro\/wp-json\/wp\/v2\/types\/product"}],"wp:featuredmedia":[{"embeddable":true,"href":"https:\/\/www.stvvalves.com\/ro\/wp-json\/wp\/v2\/media\/6428"}],"wp:attachment":[{"href":"https:\/\/www.stvvalves.com\/ro\/wp-json\/wp\/v2\/media?parent=6427"}],"wp:term":[{"taxonomy":"product_brand","embeddable":true,"href":"https:\/\/www.stvvalves.com\/ro\/wp-json\/wp\/v2\/product_brand?post=6427"},{"taxonomy":"product_cat","embeddable":true,"href":"https:\/\/www.stvvalves.com\/ro\/wp-json\/wp\/v2\/product_cat?post=6427"},{"taxonomy":"product_tag","embeddable":true,"href":"https:\/\/www.stvvalves.com\/ro\/wp-json\/wp\/v2\/product_tag?post=6427"}],"curies":[{"name":"wp","href":"https:\/\/api.w.org\/{rel}","templated":true}]}}