{"id":6463,"date":"2022-08-07T09:18:52","date_gmt":"2022-08-07T01:18:52","guid":{"rendered":"https:\/\/www.stvvalves.com\/?post_type=product&#038;p=6463"},"modified":"2025-02-18T13:58:02","modified_gmt":"2025-02-18T05:58:02","slug":"600lb-y-type-strainer-astm-a351-cf8m-2-inch-asme-b16-34-rf","status":"publish","type":"product","link":"https:\/\/www.stvvalves.com\/ro\/products\/600lb-y-type-strainer-astm-a351-cf8m-2-inch-asme-b16-34-rf\/","title":{"rendered":"Sit\u0103 tip Y de 600 LB, ASTM A351 CF8M, 2 inchi, ASME B16.34, RF"},"content":{"rendered":"<p>Nume produs: sita de tip Y de 600 lb, ASTM A351 CF8M, 2 inchi, ASME B16.34, RF.<br \/>\nDesign: ASME B16.34.<br \/>\nMaterial: ASTM A351 CF8M.<br \/>\nDimensiune nominal\u0103: 2 inch.<br \/>\nPresiune nominal\u0103: Clasa 600 LB.<br \/>\nTermina\u021bi conexiunea: RF.<br \/>\nFa\u021b\u0103 \u00een fa\u021b\u0103: ASME B16.10.<br \/>\nTestare \u0219i inspec\u021bie: API 598.<\/p>\n<p>Gam\u0103 de produse:<br \/>\nMaterial corp: o\u021bel carbon, o\u021bel inoxidabil, o\u021bel aliat.<br \/>\nDiametru normal: 1\/2 \u2013 48 inch (DN15 \u2013 DN1200).<br \/>\nConexiune final\u0103: BW, cu flan\u0219\u0103.<br \/>\nInterval de presiune: 150 \u2013 2500 LB (PN16 \u2013 PN420).<br \/>\nTemperatura de lucru: -196\u2103 \u2013 +573\u2103.<\/p>\n<table>\n<tbody>\n<tr>\n<td width=\"200\"><strong>numele produsului<\/strong><\/td>\n<td width=\"481\">Sit\u0103 tip Y de 600 LB, ASTM A351 CF8M, 2 inchi, ASME B16.34, RF<\/td>\n<\/tr>\n<tr>\n<td width=\"200\">1. Material<\/td>\n<td width=\"481\">CF8M<\/td>\n<\/tr>\n<tr>\n<td width=\"200\">2. Dimensiunea<\/td>\n<td width=\"481\">2\u201d<\/td>\n<\/tr>\n<tr>\n<td width=\"200\">4. Port<\/td>\n<td width=\"481\">Port complet<\/td>\n<\/tr>\n<tr>\n<td width=\"200\">5. Presiunea de lucru<\/td>\n<td width=\"481\">600 lb<\/td>\n<\/tr>\n<tr>\n<td width=\"200\">6. Conexiunea se termin\u0103<\/td>\n<td width=\"481\">RF<\/td>\n<\/tr>\n<tr>\n<td width=\"200\">7. Temp. de lucru.<\/td>\n<td width=\"481\">-29~425\u00baC,<\/td>\n<\/tr>\n<tr>\n<td width=\"200\">8. Mediu potrivit<\/td>\n<td width=\"481\">Ap\u0103, gaze naturale, ulei \u0219i ceva lichid coroziv<\/td>\n<\/tr>\n<tr>\n<td width=\"200\">9. Operat<\/td>\n<td width=\"481\">\/<\/td>\n<\/tr>\n<tr>\n<td width=\"200\">10. Inspec\u021bie \u0219i testare<\/td>\n<td width=\"481\">API 598<\/td>\n<\/tr>\n<tr>\n<td width=\"200\"><strong>Expediere<\/strong><\/td>\n<td width=\"481\"><\/td>\n<\/tr>\n<tr>\n<td width=\"200\">Timpul de livrare<\/td>\n<td width=\"481\">30 de zile<\/td>\n<\/tr>\n<tr>\n<td width=\"200\">Pachet<\/td>\n<td width=\"481\">Carcas\u0103 standard de export de placaj<\/td>\n<\/tr>\n<tr>\n<td width=\"200\">Portul de expediere<\/td>\n<td width=\"481\">Ningbo\/Shanghai, China<\/td>\n<\/tr>\n<tr>\n<td width=\"200\">Termeni de livrare<\/td>\n<td width=\"481\">Exw, FOB, CFR, CIF etc.<\/td>\n<\/tr>\n<tr>\n<td width=\"200\">Termeni de plat\u0103<\/td>\n<td width=\"481\">T\/T, Western Union, PayPal etc.<\/td>\n<\/tr>\n<tr>\n<td width=\"200\"><\/td>\n<td width=\"481\">Plat\u0103 anticipat\u0103 30%, sold 70% pl\u0103tit \u00eenainte de expediere<\/td>\n<\/tr>\n<tr>\n<td width=\"200\">\u021aara de origine<\/td>\n<td width=\"481\">Ora\u0219ul Wenzhou, China<\/td>\n<\/tr>\n<tr>\n<td width=\"200\">Capacitatea de produc\u021bie<\/td>\n<td width=\"481\">6000 tone\/an<\/td>\n<\/tr>\n<tr>\n<td width=\"200\">MOQ<\/td>\n<td width=\"481\">1 buc\/dimensiune<\/td>\n<\/tr>\n<\/tbody>\n<\/table>","protected":false},"excerpt":{"rendered":"<p>STV Valve Technology Group Co., Ltd este un lider profesionist China 600LB Filtru tip Y, Filtru tip Y cu flan\u0219\u0103, Filtru Y cu flan\u0219\u0103 ASTM A351 cf8m, supap\u0103 de filtrare Y de 2 inch, Filtru tip Y 40 MESH, Filtru tip Y cu ecran SS316, rf Produc\u0103tor de strecur\u0103toare tip Y cu \u00eenalt\u0103 calitate \u0219i pre\u021b competitiv.<\/p>","protected":false},"featured_media":6468,"template":"","meta":[],"product_brand":[],"product_cat":[85,48],"product_tag":[1536,1534,1532,1533,1535,236],"class_list":{"0":"post-6463","1":"product","2":"type-product","3":"status-publish","4":"has-post-thumbnail","6":"product_cat-stainless-steel-y-type-strainer","7":"product_cat-y-strainer","8":"product_tag-2-inch-strainer","9":"product_tag-asme-b16-34-strainer","10":"product_tag-astm-a351-cf8m-strainer","11":"product_tag-class-600-lb-strainer","12":"product_tag-rf-flange-end-strainer","13":"product_tag-y-type-strainer","15":"first","16":"instock","17":"shipping-taxable","18":"product-type-simple"},"_links":{"self":[{"href":"https:\/\/www.stvvalves.com\/ro\/wp-json\/wp\/v2\/product\/6463","targetHints":{"allow":["GET"]}}],"collection":[{"href":"https:\/\/www.stvvalves.com\/ro\/wp-json\/wp\/v2\/product"}],"about":[{"href":"https:\/\/www.stvvalves.com\/ro\/wp-json\/wp\/v2\/types\/product"}],"wp:featuredmedia":[{"embeddable":true,"href":"https:\/\/www.stvvalves.com\/ro\/wp-json\/wp\/v2\/media\/6468"}],"wp:attachment":[{"href":"https:\/\/www.stvvalves.com\/ro\/wp-json\/wp\/v2\/media?parent=6463"}],"wp:term":[{"taxonomy":"product_brand","embeddable":true,"href":"https:\/\/www.stvvalves.com\/ro\/wp-json\/wp\/v2\/product_brand?post=6463"},{"taxonomy":"product_cat","embeddable":true,"href":"https:\/\/www.stvvalves.com\/ro\/wp-json\/wp\/v2\/product_cat?post=6463"},{"taxonomy":"product_tag","embeddable":true,"href":"https:\/\/www.stvvalves.com\/ro\/wp-json\/wp\/v2\/product_tag?post=6463"}],"curies":[{"name":"wp","href":"https:\/\/api.w.org\/{rel}","templated":true}]}}